{"id":13472,"date":"2020-04-06T22:51:46","date_gmt":"2020-04-06T22:51:46","guid":{"rendered":"https:\/\/thekalimba.com\/?post_type=product&#038;p=13472"},"modified":"2026-03-22T18:42:55","modified_gmt":"2026-03-22T18:42:55","slug":"kit-complet-kalimba-gecko-17-notes-en-acajou","status":"publish","type":"product","link":"https:\/\/thekalimba.com\/en\/product\/kit-complet-kalimba-gecko-17-notes-en-acajou\/","title":{"rendered":"[Kit Complet] Kalimba Gecko avec Housse rigide &#8211; 17 Notes en Acajou"},"content":{"rendered":"<h2>[Kit Complet] Kalimba Gecko avec Housse rigide &#8211; 17 Notes en Acajou : un instrument de qualit\u00e9 pour tous les niveaux<\/h2>\n<p>Le kalimba Gecko est un instrument de haute qualit\u00e9, fabriqu\u00e9 \u00e0 la main avec des barres en acajou et en acier de premi\u00e8re qualit\u00e9 pour offrir une exp\u00e9rience de jeu exceptionnelle. Avec ses 17 notes et sa grande portabilit\u00e9, il convient \u00e0 tous les niveaux, des d\u00e9butants aux musiciens confirm\u00e9s.<\/p>\n<div>\n<h3>Inclus dans votre kit complet<\/h3>\n<ul>\n<li>\ud83c\udfb6 Kalimba Gecko 17 notes en acajou : pour des sons merveilleux et expressifs<\/li>\n<li>\ud83d\udcd6 Manuel d\u2019instructions et livret d\u2019apprentissage : pour vous aider \u00e0 apprendre rapidement et facilement \u00e0 jouer du kalimba<\/li>\n<li>\ud83c\udfb9 Marteau d\u2019accordement : pour accorder facilement votre kalimba<\/li>\n<li>\ud83c\udfb5 Autocollants pour vous rep\u00e9rer : pour faciliter l&rsquo;apprentissage<\/li>\n<li>\ud83c\udf92 \u00c9tui \u00e0 Kalimba de haute qualit\u00e9 : pour prot\u00e9ger votre instrument pendant le transport<\/li>\n<li>\ud83e\uddfc Chiffon de nettoyage : pour garder votre kalimba en parfait \u00e9tat<\/li>\n<li>\ud83c\udf92 Sac en tissu : pour transporter facilement votre kalimba<\/li>\n<\/ul>\n<\/div>\n<div>\n<h3>Caract\u00e9ristiques<\/h3>\n<ul>\n<li>\u2705 Mat\u00e9riaux de haute qualit\u00e9 : fabriqu\u00e9s \u00e0 la main avec des barres en acajou et en acier de premi\u00e8re qualit\u00e9.<\/li>\n<li>\u2705 Sons merveilleux : sans aucune base musicale, vous n\u2019aurez qu\u2019\u00e0 d\u00e9placer votre pouce pour obtenir une musique merveilleuse qui devrait ensoleiller votre journ\u00e9e.<\/li>\n<li>\u2705 Facilit\u00e9 d&rsquo;apprentissage : avec les autocollants pour vous rep\u00e9rer et le livret d&rsquo;apprentissage inclus, vous pourrez rapidement apprendre \u00e0 jouer du kalimba.<\/li>\n<li>\u2705 Compact et portable : facile \u00e0 transporter avec son \u00e9tui et son sac en tissu inclus.<\/li>\n<li>\u2705 Adapt\u00e9 \u00e0 tous les niveaux : convient aux d\u00e9butants comme aux musiciens confirm\u00e9s.<\/li>\n<\/ul>\n<\/div>\n<div>\n<h3>Pourquoi choisir Kalimba Gecko ?<\/h3>\n<p>Kalimba Gecko est un fabricant professionnel sp\u00e9cialis\u00e9 dans la production de Kalimba, Cajon drum, Cajon box et ukul\u00e9l\u00e9. Les kalimbas Gecko sont fabriqu\u00e9s avec un artisanat habile et des mat\u00e9riaux de haute qualit\u00e9 pour offrir une exp\u00e9rience de jeu exceptionnelle. Ils sont largement utilis\u00e9s par des musiciens professionnels et des amateurs dans le monde entier. Nous sommes convaincus que le kalimba Gecko sera votre meilleur choix pour jouer de la musique de qualit\u00e9.<\/p>\n<\/div>\n<div>\n<h3>Prot\u00e9gez votre Kalimba Gecko<\/h3>\n<p>L&rsquo;\u00e9tui \u00e0 Kalimba de haute qualit\u00e9 inclus dans votre kit complet est con\u00e7u pour prot\u00e9ger votre Kalimba Gecko des rayures, des chocs et des dommages pendant le transport. De plus, le chiffon de nettoyage inclus vous permettra de garder votre instrument en parfait \u00e9tat. Il est \u00e9galement recommand\u00e9 de stocker votre kalimba dans une pi\u00e8ce proche du centre du b\u00e2timent pour maintenir une temp\u00e9rature constante, et de le ranger dans son \u00e9tui, debout ou sur le bord pour \u00e9viter qu&rsquo;il ne soit pi\u00e9tin\u00e9.<\/p>\n<\/div>\n<div>\n<h3>Guide d&rsquo;\u00e9tude inclus<\/h3>\n<p>Le livret d&rsquo;apprentissage Kalimba inclus dans votre kit complet a \u00e9t\u00e9 \u00e9crit par des professionnels pour vous aider \u00e0 ma\u00eetriser rapidement l&rsquo;instrument. Vous y trouverez des explications d\u00e9taill\u00e9es sur l&rsquo;utilisation et la m\u00e9thode de performance du kalimba, ainsi qu&rsquo;un QR Code pour acc\u00e9der \u00e0 notre vid\u00e9o d&rsquo;apprentissage en ligne.<\/p>\n<\/div>\n<div>\n<h3>Service apr\u00e8s-vente<\/h3>\n<p>Nous sommes fiers de la qualit\u00e9 de nos produits et offrons une garantie de 365 jours ainsi qu&rsquo;une garantie de retour inconditionnel de 14 jours. Si vous avez des questions ou des conseils exigeants sur les instruments de musique, n&rsquo;h\u00e9sitez pas \u00e0 nous contacter. Nous serons ravis de vous aider.<\/p>\n<\/div>\n<div>\n<h3>Cadeau parfait<\/h3>\n<p>Avec son emballage de bo\u00eete kraft de couleur d\u00e9licate, le Kalimba Gecko est un cadeau merveilleux pour vos amis, votre famille ou pour vous-m\u00eame. C&rsquo;est un excellent moyen d&rsquo;exprimer votre amour et votre sinc\u00e9rit\u00e9 tout en offrant un instrument de qualit\u00e9 pour jouer de la musique de qualit\u00e9.<\/p>\n<\/div>\n<div class=\"detailmodule_text-image\">\n<p class=\"detail-desc-decorate-content\" data-spm-anchor-id=\"a2g0o.detail.1000023.i0.10f03f49eyag1O\"><span style=\"color: #000000;\">Gecko est un fabricant professionnel sp\u00e9cialis\u00e9 dans la production de Kalimba, Cajon drum, Cajon box et ukul\u00e9l\u00e9. Les kalimba Gecko sont fabriqu\u00e9s avec un artisanat habile. Le bois \u00e9l\u00e9gant et pur offre au joueur et \u00e0 l&rsquo;artiste une qualit\u00e9 de jeu \u00e9lev\u00e9e. Ce n&rsquo;est qu&rsquo;avec des produits de qualit\u00e9 que nous gagnerons la faveur des amateurs mondiaux de kalimba. Il y a beaucoup d&rsquo;utilisateurs de Kalimba Gecko dans Facebook, YouTube, Twitter, Vine, Tumblr, Instagram, Linkedin, etc. Alors, veuillez croire au Kalimba Gecko qui sera votre meilleur choix.<\/span><\/p>\n<p data-spm-anchor-id=\"a2g0o.detail.1000023.i0.10f03f49eyag1O\"><img loading=\"lazy\" decoding=\"async\" class=\"alignnone\" src=\"https:\/\/thekalimba.com\/wp-content\/uploads\/2020\/04\/produit-officiel-kalimba-gecko.jpg\" alt=\"kalimba gecko\" width=\"1000\" height=\"1000\" \/><\/p>\n<p data-spm-anchor-id=\"a2g0o.detail.1000023.i0.10f03f49eyag1O\"><img loading=\"lazy\" decoding=\"async\" class=\"alignnone\" src=\"https:\/\/thekalimba.com\/wp-content\/uploads\/2020\/04\/kalimba-gecko-acajou.jpg\" alt=\"kalimba gecko\" width=\"1000\" height=\"1000\" \/><\/p>\n<p>&nbsp;<\/p>\n<\/div>\n<div class=\"detailmodule_text-image\">\n<p class=\"detail-desc-decorate-title\"><span style=\"color: #000000;\">La Phon\u00e9tique Autocollants<\/span><\/p>\n<p class=\"detail-desc-decorate-content\"><span style=\"color: #000000;\">D\u00e9butant : vous pouvez coller la marque phon\u00e9tique sur la cl\u00e9, ou d&rsquo;autres mani\u00e8res uniques que vous souhaitez. \u00c7a sera plus pratique pour vous d&rsquo;y jouer. Professionnels : il suffit de retirer la marque d&rsquo;autocollants phon\u00e9tiques lorsque vous ma\u00eetrisez bien votre Kalimba Gecko. Peut-\u00eatre converti en cl\u00e9 B : vous pouvez convertir la cl\u00e9 C(do) en cl\u00e9 B avec le marteau de r\u00e9glage si vous avez besoin de la cl\u00e9 B (si).<\/span><\/p>\n<p><span style=\"color: #000000;\"><\/span><\/p>\n<\/div>\n<div class=\"detailmodule_text-image\">\n<p class=\"detail-desc-decorate-title\"><span style=\"color: #000000;\">Comment accorder votre kalimba Gecko<\/span><\/p>\n<p class=\"detail-desc-decorate-content\"><span style=\"color: #000000;\">Vous pouvez utiliser un v\u00e9ritable tuner ou t\u00e9l\u00e9charger une application ;<\/span><\/p>\n<ul>\n<li class=\"detail-desc-decorate-content\"><span style=\"color: #000000;\">Android : gStrings, application syst\u00e8me<\/span><\/li>\n<li class=\"detail-desc-decorate-content\"><span style=\"color: #000000;\">Apple : Instuner<\/span><\/li>\n<\/ul>\n<p><img loading=\"lazy\" decoding=\"async\" class=\"alignnone\" src=\"https:\/\/thekalimba.com\/wp-content\/uploads\/2020\/04\/marteau-kalimba-gecko.jpg\" alt=\"kalimba gecko\" width=\"1000\" height=\"1000\" \/><\/p>\n<p>&nbsp;<\/p>\n<\/div>\n<div class=\"detailmodule_text-image\">\n<p class=\"detail-desc-decorate-title\"><span style=\"color: #000000;\">Super \u00e9tui pour prot\u00e9ger kalimba Gecko<\/span><\/p>\n<p class=\"detail-desc-decorate-content\"><span style=\"color: #000000;\">Le nouveau sac de conception peut emp\u00eacher le piano \u00e0 pouce d&rsquo;\u00eatre endommag\u00e9, humidifi\u00e9, oxyd\u00e9, ray\u00e9 et ainsi de suite. Avec l&rsquo;\u00e9tui, voyager avec l&rsquo;instrument sera tr\u00e8s pratique, et vous pouvez le jouer \u00e0 tout moment n&rsquo;importe o\u00f9. En tant que nouvelle bo\u00eete, lorsque vous la recevrez et l&rsquo;ouvrez, vous sentirez peut-\u00eatre l&rsquo;odeur du mat\u00e9riau. Ne vous inqui\u00e9tez pas, veuillez le garder ouvert et le mettre dans un environnement ventil\u00e9 quelques minutes, l&rsquo;odeur dispara\u00eetra.<\/span><\/p>\n<p>&nbsp;<\/p>\n<\/div>\n<div class=\"detailmodule_text-image\">\n<p class=\"detail-desc-decorate-title\"><span style=\"color: #000000;\">Des cadeaux parfaits pour vos amis, amoureux et vous-m\u00eame.<\/span><\/p>\n<p><img loading=\"lazy\" decoding=\"async\" class=\"alignnone\" src=\"https:\/\/thekalimba.com\/wp-content\/uploads\/2020\/04\/sticker-kalimba-gecko.jpg\" alt=\"kalimba gecko\" width=\"1500\" height=\"1500\" \/><\/p>\n<p class=\"detail-desc-decorate-content\"><span style=\"color: #000000;\">Emballage de bo\u00eete kraft de couleur d\u00e9licate pour Kalimba Gecko : un cadeau merveilleux pour vos amis, amoureux, m\u00e8re, enseignants, patron, fr\u00e8res et soeurs. Cela vous aidera \u00e0 exprimer pleinement votre amour et votre sinc\u00e9rit\u00e9!<\/span><\/p>\n<p>&nbsp;<\/p>\n<\/div>\n<div class=\"detailmodule_text-image\">\n<p class=\"detail-desc-decorate-title\"><span style=\"color: #000000;\">Inclus dans votre kit complet GECKO Kalimba :<\/span><\/p>\n<p>&nbsp;<\/p>\n<\/div>\n<div class=\"detailmodule_text-image\">\n<p class=\"detail-desc-decorate-content\"><span style=\"color: #000000;\">Ce qui vous facilitera la ma\u00eetrise du Kalimba Gecko ;<\/span><\/p>\n<p><img loading=\"lazy\" decoding=\"async\" class=\"alignnone\" src=\"https:\/\/thekalimba.com\/wp-content\/uploads\/2020\/04\/kalimba-gecko.jpg\" alt=\"kalimba gecko\" width=\"1000\" height=\"1000\" \/><\/p>\n<p>&nbsp;<\/p>\n<\/div>\n<div class=\"detailmodule_text-image\">\n<h3 class=\"detail-desc-decorate-title\"><strong><span style=\"color: #000000;\">Caract\u00e9ristiques et d\u00e9tails du kalimba Gecko<\/span><\/strong><\/h3>\n<p class=\"detail-desc-decorate-content\" data-spm-anchor-id=\"a2g0o.detail.1000023.i2.10f03f49eyag1O\"><span style=\"color: #000000;\">Mat\u00e9riaux de haute qualit\u00e9 : fabriqu\u00e9s \u00e0 la main avec des barres en acajou et en acier de haute qualit\u00e9. <\/span><\/p>\n<p class=\"detail-desc-decorate-content\" data-spm-anchor-id=\"a2g0o.detail.1000023.i2.10f03f49eyag1O\"><span style=\"color: #000000;\">Sons merveilleux : sans aucune base musicale, vous n&rsquo;aurez qu&rsquo;\u00e0 d\u00e9placer votre pouce pour obtenir une musique merveilleuse qui devrait ensoleiller votre journ\u00e9e.<\/span><\/p>\n<p class=\"detail-desc-decorate-content\" data-spm-anchor-id=\"a2g0o.detail.1000023.i2.10f03f49eyag1O\"><span style=\"color: #000000;\">Les plus : le Kalimba Gecko est le meilleur instrument pour la performance, l&rsquo;enregistrement, la famille, l&rsquo;ext\u00e9rieur, l&rsquo;\u00e9cole, la f\u00eate et la d\u00e9tente.<\/span><\/p>\n<p class=\"detail-desc-decorate-content\" data-spm-anchor-id=\"a2g0o.detail.1000023.i2.10f03f49eyag1O\"><span style=\"color: #000000;\">Guide d&rsquo;\u00e9tude : notre livret d&rsquo;apprentissage kalimba, \u00e9crit par des professionnels, pr\u00e9sente l&rsquo;utilisation et la m\u00e9thode de performance du Kalimba en d\u00e9tail. (QR Code pour regarder notre vid\u00e9o pour apprendre que nous vous guidons et communiquons avec vous).<\/span><\/p>\n<p class=\"detail-desc-decorate-content\" data-spm-anchor-id=\"a2g0o.detail.1000023.i2.10f03f49eyag1O\"><span style=\"color: #000000;\">Prot\u00e9gez votre Kalimba Gecko : les bo\u00eetes EVA kalimba peuvent prot\u00e9ger efficacement Kalimba Gecko quelles que soient les performances ou la collection, emp\u00eachant l&rsquo;humidit\u00e9, l&rsquo;oxydation, les rayures, les chutes, l&rsquo;\u00e9tanch\u00e9it\u00e9 et tr\u00e8s facile \u00e0 transporter.<\/span><\/p>\n<p class=\"detail-desc-decorate-content\" data-spm-anchor-id=\"a2g0o.detail.1000023.i2.10f03f49eyag1O\"><span style=\"color: #000000;\">Service apr\u00e8s-vente : 365 jours de garantie, 14 jours de garantie de retour inconditionnel. Si vous avez des questions ou des conseils exigeants sur les instruments de musique, n&rsquo;h\u00e9sitez pas \u00e0 nous contacter.<\/span><\/p>\n<\/div>\n<p><span style=\"color: #000000;\">https:\/\/thekalimba.com\/product\/acheter-kalimba-instrument\/<\/span><\/p>\n<p><span style=\"font-weight: 400; color: #000000;\">Le kalimba n&rsquo;est plus l&rsquo;apanage de la culture africaine. Cet instrument est maintenant en production et accessible dans le monde entier. Il en existe diverses versions plus sophistiqu\u00e9es les unes que les autres. <\/span><\/p>\n<p><span style=\"font-weight: 400; color: #000000;\">Pas besoin de solf\u00e8ge : l\u2019accordage est rapide et simple \u00e0 r\u00e9aliser. Vous n\u2019aurez ni besoin d&rsquo;\u00e9lectricit\u00e9, ni d&rsquo;avoir beaucoup d\u2019argent pour acqu\u00e9rir un Kalimba Gecko.\u00a0<\/span><\/p>\n<p><span style=\"font-weight: 400; color: #000000;\">Il est important d\u2019avoir en t\u00eate que le kalimba est un instrument de musique que l\u2019on appelle \u00e9galement Mbira, vous pourrez donc entendre ces diff\u00e9rentes appellations. Le Kalimba appartient \u00e0 la famille des lamellophones et des percussions, m\u00eame s\u2019il n\u2019est pas tr\u00e8s connu en France.<\/span><\/p>\n<p><span style=\"font-weight: 400; color: #000000;\">La Kalimba Gecko est un instrument qui ne n\u00e9cessite aucun entretien. Sa taille et sa portabilit\u00e9 en font un instrument id\u00e9al pour voyager. Cependant, les dents du Kalimba Gecko doivent \u00eatre prot\u00e9g\u00e9es lorsque vous voyagez, sinon elles auront tendance \u00e0 \u00eatre tir\u00e9es et \u00e0 se d\u00e9saccorder.<\/span><\/p>\n<h3><span style=\"color: #000000;\"><b>Pourquoi le prot\u00e9ger?<\/b><\/span><\/h3>\n<p><span style=\"font-weight: 400; color: #000000;\">En ce qui concerne la protection de votre instrument dans les a\u00e9roports et les avions : La r\u00e8gle n\u00b0 1 est de ne jamais enregistrer les instruments avec vos bagages, sauf s&rsquo;il est impossible de les transporter en tant que bagage \u00e0 main. Surveillez votre instrument dans le terminal de l&rsquo;a\u00e9roport. Envisagez d&rsquo;utiliser une bande velcro pour l&rsquo;attacher \u00e0 votre chariot afin d&rsquo;\u00e9viter un vol \u00e0 l&rsquo;arrach\u00e9. La dissimulation d&rsquo;un Tile ou d&rsquo;un traceur similaire dans vos valises permet d&rsquo;obtenir un bon taux de r\u00e9cup\u00e9ration du mat\u00e9riel vol\u00e9. Ces produits sont particuli\u00e8rement pr\u00e9cieux pour le mat\u00e9riel ancien.<\/span><\/p>\n<p><span style=\"font-weight: 400; color: #000000;\">Gardez vos lames propres pour les prot\u00e9ger. Vous pouvez prolonger la dur\u00e9e de vie de vos cordes en les essuyant avec un chiffon ou une serviette apr\u00e8s avoir jou\u00e9.<\/span><\/p>\n<p><span style=\"font-weight: 400; color: #000000;\">Stockez votre kalimba dans une pi\u00e8ce proche du centre du b\u00e2timent plut\u00f4t que pr\u00e8s d&rsquo;un mur ext\u00e9rieur. Cela permet de maintenir une temp\u00e9rature constante. Rangez votre kalimba dans son \u00e9tui, debout ou sur le bord &#8211; jamais couch\u00e9 &#8211; pour \u00e9viter qu&rsquo;il ne soit pi\u00e9tin\u00e9.\u00a0<\/span><\/p>\n<div class=\"detailmodule_text\"><span style=\"color: #000000;\">Si vous souhaitez apprendre \u00e0 jouer \u00ab\u00a0Bad Guy\u00a0\u00bb de Billie Eilish, regardez ce <a style=\"color: #000000;\" href=\"https:\/\/thekalimba.com\/\u3010easy-kalimba-tutorial\u3011bad-guy-by-billie-eilish\/\">tutoriel<\/a> !<\/span><\/div>\n<p>&nbsp;<\/p>\n<p>&nbsp;<\/p>\n<p><img loading=\"lazy\" decoding=\"async\" class=\"alignnone\" src=\"https:\/\/thekalimba.com\/wp-content\/uploads\/2020\/06\/etui.jpg\" alt=\"kalimba gecko\" width=\"400\" height=\"399\" \/><\/p>\n<p>&nbsp;<\/p>\n<p>&nbsp;<\/p>\n<p>&nbsp;<\/p>\n<p>&nbsp;<\/p>\n<p>&nbsp;<\/p>\n","protected":false},"excerpt":{"rendered":"<ul>\n<li>\ud83c\udfb6 Gecko 17-note mahogany kalimba<\/li>\n<li>\ud83d\udcd6 Instruction manual and training booklet<\/li>\n<li>\ud83c\udfb9 Tuning hammer<\/li>\n<li>\ud83c\udfb5 Location stickers<\/li>\n<li>\ud83c\udf92 High quality Kalimba case<\/li>\n<li>\ud83e\uddfc Cleaning cloth<\/li>\n<li>\ud83c\udf92 Cloth bag<\/li>\n<\/ul>","protected":false},"featured_media":21102,"comment_status":"open","ping_status":"closed","template":"","meta":[],"product_brand":[],"product_cat":[83,85],"product_tag":[],"class_list":{"0":"post-13472","1":"product","2":"type-product","3":"status-publish","4":"has-post-thumbnail","6":"product_cat-kalimba-17-notes-kalimba","7":"product_cat-kalimba-haut-de-gamme-kalimba","9":"first","10":"instock","11":"taxable","12":"shipping-taxable","13":"purchasable","14":"product-type-simple"},"_links":{"self":[{"href":"https:\/\/thekalimba.com\/en\/wp-json\/wp\/v2\/product\/13472","targetHints":{"allow":["GET"]}}],"collection":[{"href":"https:\/\/thekalimba.com\/en\/wp-json\/wp\/v2\/product"}],"about":[{"href":"https:\/\/thekalimba.com\/en\/wp-json\/wp\/v2\/types\/product"}],"replies":[{"embeddable":true,"href":"https:\/\/thekalimba.com\/en\/wp-json\/wp\/v2\/comments?post=13472"}],"wp:featuredmedia":[{"embeddable":true,"href":"https:\/\/thekalimba.com\/en\/wp-json\/wp\/v2\/media\/21102"}],"wp:attachment":[{"href":"https:\/\/thekalimba.com\/en\/wp-json\/wp\/v2\/media?parent=13472"}],"wp:term":[{"taxonomy":"product_brand","embeddable":true,"href":"https:\/\/thekalimba.com\/en\/wp-json\/wp\/v2\/product_brand?post=13472"},{"taxonomy":"product_cat","embeddable":true,"href":"https:\/\/thekalimba.com\/en\/wp-json\/wp\/v2\/product_cat?post=13472"},{"taxonomy":"product_tag","embeddable":true,"href":"https:\/\/thekalimba.com\/en\/wp-json\/wp\/v2\/product_tag?post=13472"}],"curies":[{"name":"wp","href":"https:\/\/api.w.org\/{rel}","templated":true}]}}