{"id":12532,"date":"2019-06-29T11:20:05","date_gmt":"2019-06-29T11:20:05","guid":{"rendered":"https:\/\/old.kalimba.top\/?page_id=1202"},"modified":"2023-07-15T09:02:51","modified_gmt":"2023-07-15T09:02:51","slug":"nota-maxima","status":"publish","type":"page","link":"https:\/\/thekalimba.com\/es\/nota-maxima\/","title":{"rendered":"Informaci\u00f3n jur\u00eddica"},"content":{"rendered":"<h2>Identificaci\u00f3n<\/h2>\n<p>Nombre de la empresa: TheKalimba<\/p>\n<p>Direcci\u00f3n: 33 Rue Prince de Galles, Rose Hill, Mauricio<\/p>\n<p>Contacto: +33757848166<\/p>\n<p>N\u00famero de registro: 1190094560<\/p>\n<h2>Alojamiento<\/h2>\n<p>Organizado por : Planethoster<\/p>\n<h2>CMS<\/h2>\n<p>Este sitio funciona con WordPress<\/p>\n<h2>Uso de cookies<\/h2>\n<p>Este sitio web utiliza cookies de Google Analytics para ayudarnos a elaborar estad\u00edsticas. Sus datos de navegaci\u00f3n se env\u00edan de forma an\u00f3nima a Google Inc.<\/p>\n<h2>Datos personales<\/h2>\n<p>No se recoge ninguna informaci\u00f3n personal sin su conocimiento y no se transmitir\u00e1 a terceros. Los datos personales recogidos en el sitio resultan de la comunicaci\u00f3n voluntaria de informaci\u00f3n a trav\u00e9s de los formularios de contacto. Estos datos se recogen exclusivamente para uso interno.<\/p>\n<p>De conformidad con las disposiciones de la Ley francesa n\u00ba 78-17 de 16 de enero de 1978 relativa a la protecci\u00f3n de datos, el usuario dispone de un derecho de acceso, rectificaci\u00f3n y supresi\u00f3n de los datos que le conciernen, que puede ejercer enviando un correo electr\u00f3nico a admin@thekalimba.com.<\/p>\n<h2>Copyright<\/h2>\n<p>Todo el contenido de este sitio (texto, im\u00e1genes, v\u00eddeos, etc.) est\u00e1 protegido por derechos de autor y no puede utilizarse sin autorizaci\u00f3n previa de TheKalimba.<\/p>\n<h2>Enlaces externos<\/h2>\n<p>Este sitio puede contener enlaces a sitios externos. TheKalimba declina toda responsabilidad por el contenido de estos sitios de terceros. Se invita al usuario a consultar las condiciones de uso y las pol\u00edticas de confidencialidad espec\u00edficas de cada sitio visitado a trav\u00e9s de estos enlaces externos.<\/p>\n<h2>Responsabilidad<\/h2>\n<p>TheKalimba no puede garantizar la exactitud, integridad o pertinencia de la informaci\u00f3n contenida en este sitio. El uso de la informaci\u00f3n proporcionada queda a discreci\u00f3n del usuario. En ning\u00fan caso TheKalimba ser\u00e1 responsable de los da\u00f1os directos o indirectos derivados del uso de este sitio.<\/p>\n<h2>Cambios<\/h2>\n<p>TheKalimba se reserva el derecho a modificar en cualquier momento la informaci\u00f3n contenida en este sitio, incluidos los avisos legales. Se invita a los usuarios a consultar esta informaci\u00f3n con regularidad para conocer cualquier actualizaci\u00f3n.<\/p>\n<h2>Exenci\u00f3n de responsabilidad<\/h2>\n<p>El uso de este sitio corre por cuenta y riesgo del usuario. TheKalimba declina toda responsabilidad por cualquier da\u00f1o resultante del uso de este sitio.<\/p>","protected":false},"excerpt":{"rendered":"","protected":false},"author":3,"featured_media":0,"parent":0,"menu_order":0,"comment_status":"closed","ping_status":"closed","template":"","meta":{"footnotes":""},"class_list":["post-12532","page","type-page","status-publish","hentry"],"_links":{"self":[{"href":"https:\/\/thekalimba.com\/es\/wp-json\/wp\/v2\/pages\/12532","targetHints":{"allow":["GET"]}}],"collection":[{"href":"https:\/\/thekalimba.com\/es\/wp-json\/wp\/v2\/pages"}],"about":[{"href":"https:\/\/thekalimba.com\/es\/wp-json\/wp\/v2\/types\/page"}],"author":[{"embeddable":true,"href":"https:\/\/thekalimba.com\/es\/wp-json\/wp\/v2\/users\/3"}],"replies":[{"embeddable":true,"href":"https:\/\/thekalimba.com\/es\/wp-json\/wp\/v2\/comments?post=12532"}],"version-history":[{"count":0,"href":"https:\/\/thekalimba.com\/es\/wp-json\/wp\/v2\/pages\/12532\/revisions"}],"wp:attachment":[{"href":"https:\/\/thekalimba.com\/es\/wp-json\/wp\/v2\/media?parent=12532"}],"curies":[{"name":"wp","href":"https:\/\/api.w.org\/{rel}","templated":true}]}}