{"id":148,"date":"2022-02-01T17:24:04","date_gmt":"2022-02-01T17:24:04","guid":{"rendered":"https:\/\/thekalimba.com\/?page_id=148"},"modified":"2026-03-20T16:07:10","modified_gmt":"2026-03-20T16:07:10","slug":"tutoriales","status":"publish","type":"page","link":"https:\/\/thekalimba.com\/es\/tutoriales\/","title":{"rendered":"Tutoriales gratuitos sobre Kalimba"},"content":{"rendered":"<div class=\"video video-fit mb\" style=\"padding-top:56.25%;\"><iframe loading=\"lazy\" title=\"Tuto: \u00bfC\u00f3mo afinar tu kalimba f\u00e1cilmente?\" width=\"1020\" height=\"574\" src=\"https:\/\/www.youtube.com\/embed\/JrwMGgOL3Ms?feature=oembed\" frameborder=\"0\" allow=\"accelerometer; autoplay; clipboard-write; encrypted-media; gyroscope; picture-in-picture\" allowfullscreen><\/iframe><\/div>\n\n<div>\n<h2><span style=\"font-size: 130%;\">C\u00f3mo afinar tu kalimba f\u00e1cilmente<\/span><\/h2>\n<\/div>\n<div>\u00a0<\/div>\n<div># C\u00f3mo afinar tu kalimba en pocos minutos \ud83c\udfb5<\/div>\n<div>\u00a0<\/div>\n<div>Afinar tu kalimba es un juego de ni\u00f1os gracias a las aplicaciones para smartphone. Descubre en este tutorial c\u00f3mo conseguir que tu instrumento est\u00e9 perfectamente afinado. \ud83d\udc4c<\/div>\n<div>\u00a0<\/div>\n<div>## Descarga una aplicaci\u00f3n dedicada \ud83d\udcf2<\/div>\n<div>\u00a0<\/div>\n<div>Hay varias aplicaciones de tuning gratuitas para Android y iPhone. Las m\u00e1s populares son *Panotuner*, *Tuner Lite* y *Cleartune*.\u00a0<\/div>\n<div>\u00a0<\/div>\n<div>Estas aplicaciones utilizan el micr\u00f3fono del tel\u00e9fono para **detectar las notas** que se tocan en la kalimba. \u00a1Pr\u00e1cticas! \ud83d\ude0e<\/div>\n<div>\u00a0<\/div>\n<div>## Ajuste cada cuchilla paso a paso \ud83e\ude97<\/div>\n<div>\u00a0<\/div>\n<div>Para afinar tu kalimba en *C mayor* (est\u00e1ndar) :<\/div>\n<div>\u00a0<\/div>\n<div>- Coloque el instrumento delante del micr\u00f3fono\u00a0<\/div>\n<div>- Toca las cuchillas una a una\u00a0<\/div>\n<div>- A\u00f1ade* cada hoja seg\u00fan la reacci\u00f3n de la app :<\/div>\n<div>\u00a0 - \u2b05\ufe0f La nota es demasiado baja, empuje la cuchilla **hacia arriba** empujando **hacia abajo**.<\/div>\n<div>\u00a0 - \u27a1\ufe0f La nota es demasiado alta, empuje la cuchilla hacia abajo** empujando desde arriba**.<\/div>\n<div>- Centrar cada hoja en la nota correcta\u00a0<\/div>\n<div>\u00a0<\/div>\n<div>Ten paciencia entre cada ajuste para obtener un resultado armonioso. \u23f3<\/div>\n<div>\u00a0<\/div>\n<div>## Cambiar el tono \ud83c\udfbc<\/div>\n<div>\u00a0<\/div>\n<div>Puedes afinar tu kalimba en una tonalidad diferente, como *pentat\u00f3nica* o *arm\u00f3nica menor*.\u00a0<\/div>\n<div>\u00a0<\/div>\n<div>\ud83d\udd11 El secreto es **respetar siempre los huecos** entre cada pala para mantener un bonito sonido.\u00a0<\/div>\n<div>\u00a0<\/div>\n<div>## Comprobar regularmente \ud83e\ude97<\/div>\n<div>\u00a0<\/div>\n<div>La afinaci\u00f3n de una kalimba cambia con el tiempo. **Acu\u00e9rdate de comprobarla** y reajustarla si es necesario. As\u00ed, \u00a1siempre obtendr\u00e1s el mejor sonido posible! \ud83c\udfb6<\/div>\n<div>\u00a0<\/div>\n<div>Con estos pocos pasos, afinar su kalimba ser\u00e1 un juego de ni\u00f1os. Divi\u00e9rtete explorando las infinitas posibilidades de este fascinante instrumento. \ud83d\ude0d<\/div>\n<div>\u00a0<\/div>\n<h2>Elija otra afinaci\u00f3n<\/h2>\n<p class=\"whitespace-pre-wrap\">Puedes afinar tu kalimba para <strong>un tono diferente<\/strong> para cambiar tu estilo de juego. Pero es importante respetar el espaciado entre cada pala para mantener la armon\u00eda.<\/p>\n<p class=\"whitespace-pre-wrap\">Los acuerdos m\u00e1s habituales son <strong>pentat\u00f3nica<\/strong> (5 notas) y el <strong>menor arm\u00f3nico<\/strong> (A-Si-Do-R\u00e9-Mi-Fa-Sol-La). \u00a1No dudes en probar algunos acordes originales!<\/p>\n<p>\u00a0<\/p>\n<h2><span style=\"font-size: 130%;\">C\u00f3mo tocar correctamente la kalimba\u00a0<\/span><\/h2>\n<p class=\"whitespace-pre-wrap\">La kalimba, o \"piano de pulgares\", es un instrumento musical accesible y f\u00e1cil de aprender. Pero para sacarle el m\u00e1ximo partido, hay que adoptar una t\u00e9cnica de interpretaci\u00f3n eficaz. Sigue esta gu\u00eda para tocar la kalimba como un profesional.<\/p>\n<h2>Posici\u00f3n de la mano<\/h2>\n<p class=\"whitespace-pre-wrap\">Todo comienza con un <strong>buena posici\u00f3n<\/strong> para sujetar el instrumento. La mano izquierda sujeta la kalimba por un lado o por debajo. La mano derecha est\u00e1 encima.<\/p>\n<p class=\"whitespace-pre-wrap\">Aseg\u00farate de tener las manos relajadas y no demasiado apretadas para no amortiguar las vibraciones. Los pulgares deben poder moverse libremente sobre las cuchillas.<\/p>\n<h2>El movimiento de los pulgares<\/h2>\n<p class=\"whitespace-pre-wrap\">Es con el <strong>pulgadas<\/strong> que va a pellizcar las palas para producir las notas. El movimiento debe provenir de la articulaci\u00f3n de la primera falange.<\/p>\n<p class=\"whitespace-pre-wrap\">Primero toque la hoja con la punta del pulgar, luego d\u00f3blela ligeramente para pellizcarla y hacerla vibrar. Un movimiento seco y limpio producir\u00e1 un sonido \u00f3ptimo.<\/p>\n<p class=\"whitespace-pre-wrap\">Practica despacio al principio, luego aumenta gradualmente la velocidad a medida que domines el gesto.<\/p>\n<h2>Aprender lo b\u00e1sico<\/h2>\n<p class=\"whitespace-pre-wrap\">Antes de tocar melod\u00edas complejas, t\u00f3mate tu tiempo para aprender lo b\u00e1sico. <strong>bases<\/strong> :<\/p>\n<ul class=\"list-disc pl-8 space-y-2\">\n<li class=\"whitespace-normal\">Primero practica tocando las notas una a una, haciendo hincapi\u00e9 en las pulsaciones.<\/li>\n<li class=\"whitespace-normal\">A continuaci\u00f3n, toca escalas ascendentes y descendentes sobre 2 o 3 octavas.<\/li>\n<li class=\"whitespace-normal\">Practica los arpegios (acordes divididos en varias octavas).<\/li>\n<li class=\"whitespace-normal\">Trabaje en su\u00a0<strong>sincronizaci\u00f3n<\/strong>\u00a0con un metr\u00f3nomo.<\/li>\n<\/ul>\n<p class=\"whitespace-pre-wrap\">Estos ejercicios te ayudar\u00e1n a desarrollar tu agilidad y fluidez con el instrumento.<\/p>\n<h2>Explora tu creatividad<\/h2>\n<p class=\"whitespace-pre-wrap\">Una vez que domines las posturas y movimientos b\u00e1sicos, podr\u00e1s dar rienda suelta a tu imaginaci\u00f3n. <strong>creatividad<\/strong> !<\/p>\n<p class=\"whitespace-pre-wrap\">Improvise melod\u00edas y experimente con nuevos ritmos. La kalimba abre un abanico infinito de posibilidades musicales.<\/p>\n<p class=\"whitespace-pre-wrap\">Divi\u00e9rtete componiendo tus propias piezas y no dudes en compartir tus creaciones. Tu estilo personal se desarrollar\u00e1 con el tiempo y la pr\u00e1ctica.<\/p>\n<p class=\"whitespace-pre-wrap\">Siguiendo estos consejos, podr\u00e1s progresar r\u00e1pidamente con la kalimba y explorar todo su potencial mel\u00f3dico. \u00a1Deja que tus pulgares bailen sobre las l\u00e1minas para crear tu propia m\u00fasica hechizante!<\/p>\n<p>\u00a0<\/p>\n<h2><span style=\"font-size: 130%;\"><strong>Aprende a improvisar con la kalimba \ud83c\udfb6<\/strong><\/span><\/h2>\n<p class=\"whitespace-pre-wrap\">La kalimba es un instrumento encantador que se presta perfectamente a la improvisaci\u00f3n. En este art\u00edculo, te daremos algunos consejos para empezar a improvisar con la kalimba. \ud83d\ude0e<\/p>\n<h2>Dominar los conceptos b\u00e1sicos \ud83d\udcda<\/h2>\n<p class=\"whitespace-pre-wrap\">Antes de empezar a improvisar, aseg\u00farate de que dominas bien tu instrumento. Practica escalas, arpegios y acordes. Trabaja el ritmo con un metr\u00f3nomo. Cuanto m\u00e1s c\u00f3modo te sientas t\u00e9cnicamente, m\u00e1s f\u00e1cil te resultar\u00e1 improvisar. \ud83d\udcaa<\/p>\n<h2>Lanzamiento sin red \ud83d\udd77\ufe0f<\/h2>\n<p class=\"whitespace-pre-wrap\">La mejor manera de empezar a improvisar es lanzarse. Elige una tonalidad sencilla (Do mayor, La menor) y deja que tus pulgares exploren libremente las notas de tu kalimba. No tengas miedo de hacer notas falsas, lo importante es expresarte. \ud83d\ude04<\/p>\n<h2>Mejora en una estructura fija \ud83c\udfbc<\/h2>\n<p class=\"whitespace-pre-wrap\">A modo de gu\u00eda, puedes improvisar sobre una estructura de acordes sencilla. Por ejemplo, un blues en Do mayor con 3 acordes (Do7 - Fa7 - Sol7). Improvisar sobre un patr\u00f3n conocido te ayudar\u00e1 a desarrollar tus ideas.<\/p>\n<h2>Toca con ritmo \ud83e\udd41<\/h2>\n<p class=\"whitespace-pre-wrap\">El ritmo dar\u00e1 vitalidad a su improvisaci\u00f3n. Puedes improvisar siguiendo un patr\u00f3n r\u00edtmico repetitivo, o acompa\u00f1arte de un ritmo de percusi\u00f3n. \u00a1Deja que tus pulgares bailen sobre las cuchillas! \ud83d\udc83<\/p>\n<h2>Atr\u00e9vete a explorar \ud83c\udfa2<\/h2>\n<p class=\"whitespace-pre-wrap\">No tengas miedo de probar nuevos sonidos, de pensar fuera de la caja. Cambia las escalas, experimenta con la atonalidad, var\u00eda los efectos... Lo importante es estimular tu creatividad para encontrar tu estilo. \ud83c\udfa8<\/p>\n<p class=\"whitespace-pre-wrap\">Divi\u00e9rtete improvisando con la kalimba y no lo olvides: \u00a1improvisar es libertad! \ud83d\ude1c<\/p>\n<h2><strong><span style=\"font-size: 130%;\">C\u00f3mo limpiar tu kalimba \ud83e\uddf9<\/span><\/strong><\/h2>\n<p class=\"whitespace-pre-wrap\">La kalimba es un instrumento fr\u00e1gil que necesita una limpieza regular para conservar su hermoso sonido. Descubre en este art\u00edculo algunos consejos para cuidar tu kalimba. \ud83d\ude0a<\/p>\n<h2>Las herramientas adecuadas \ud83d\udee0\ufe0f<\/h2>\n<p class=\"whitespace-pre-wrap\">Para limpiar tu kalimba, necesitas :<\/p>\n<ul class=\"list-disc pl-8 space-y-2\">\n<li class=\"whitespace-normal\"><em>Un pa\u00f1o suave<\/em>\u00a0(algod\u00f3n o microfibra) para limpiar el cuerpo<\/li>\n<li class=\"whitespace-normal\"><em>Un cepillo con cerdas suaves<\/em>\u00a0para quitar el polvo de entre las cuchillas<\/li>\n<li class=\"whitespace-normal\"><em>Producto para cuerdas de guitarra<\/em>\u00a0(tipo F-One Oil) para lubricar las cuchillas<\/li>\n<\/ul>\n<p class=\"whitespace-pre-wrap\">Evite los materiales abrasivos que puedan rayar la madera o el acero.<\/p>\n<h2>Limpiar las cuchillas \ud83c\udfb9<\/h2>\n<p class=\"whitespace-pre-wrap\">Las cuchillas de acero son muy sensibles a la humedad y a las huellas dactilares.<\/p>\n<ul class=\"list-disc pl-8 space-y-2\">\n<li class=\"whitespace-normal\">Utilice un\u00a0<em>cepillo suave<\/em>\u00a0para aflojar el polvo entre cada cuchilla.<\/li>\n<li class=\"whitespace-normal\"><em>Roc\u00eda un poco de limpiador de cuerdas<\/em>\u00a0y extenderlo sobre las cuchillas con un pa\u00f1o.<\/li>\n<li class=\"whitespace-normal\"><em>Limpiar suavemente<\/em>\u00a0con un pa\u00f1o limpio para abrillantar las cuchillas.<\/li>\n<\/ul>\n<p class=\"whitespace-pre-wrap\">Esto lubricar\u00e1 las cuchillas y mejorar\u00e1 el sonido. \ud83d\udc4d<\/p>\n<h2>Pulir el cuerpo de madera \ud83e\udeb5<\/h2>\n<ul class=\"list-disc pl-8 space-y-2\">\n<li class=\"whitespace-normal\"><em>Elimine suavemente el polvo<\/em>\u00a0en el cuerpo con un pa\u00f1o suave.<\/li>\n<li class=\"whitespace-normal\">Si las manchas se incrustan, utilice un\u00a0<em>bastoncillo de algod\u00f3n humedecido con un producto de limpieza suave<\/em>.<\/li>\n<li class=\"whitespace-normal\"><em>Luego pulir la madera<\/em>\u00a0con un pa\u00f1o empapado en aceite de linaza para nutrir y proteger la madera.<\/li>\n<\/ul>\n<p class=\"whitespace-pre-wrap\">Aseg\u00farate de que la madera no permanezca h\u00fameda para evitar da\u00f1arla.<\/p>\n<h2>Gu\u00e1rdalo con cuidado \ud83d\udce6<\/h2>\n<p class=\"whitespace-pre-wrap\">Cuando no est\u00e9s usando tu kalimba :<\/p>\n<ul class=\"list-disc pl-8 space-y-2\">\n<li class=\"whitespace-normal\"><em>Col\u00f3quelo en un estuche<\/em>\u00a0o una caja para protegerlo del polvo.<\/li>\n<li class=\"whitespace-normal\"><em>Gu\u00e1rdelo en un lugar seco<\/em>protegido de la humedad.<\/li>\n<\/ul>\n<p class=\"whitespace-pre-wrap\">\u00a1Una kalimba bien cuidada te proporcionar\u00e1 placer y comodidad durante muchos a\u00f1os! \ud83e\udd70<\/p>\n<p class=\"whitespace-pre-wrap\">T\u00f3mate el tiempo de mimar tu instrumento para preservar su hermoso sonido el mayor tiempo posible. \ud83c\udfb6<\/p>\n\t<section class=\"section\" id=\"section_1416031969\">\n\t\t<div class=\"bg section-bg fill bg-fill  bg-loaded\" >\n\n\t\t\t\n\t\t\t\n\t\t\t\n\n\t\t<\/div>\n\n\t\t\n\n\t\t<div class=\"section-content relative\">\n\t\t\t\n\n<div class=\"row row-small align-equal\"  id=\"row-1433126666\">\n\n\n\t<div id=\"col-112279665\" class=\"col small-12 large-12\"  >\n\t\t\t\t<div class=\"col-inner\"  >\n\t\t\t\n\t\t\t\n\n<div class=\"container section-title-container\" ><h3 class=\"section-title section-title-center\"><b><\/b><span class=\"section-title-main\" >\u00bfPor qu\u00e9 elegirnos?<\/span><b><\/b><\/h3><\/div>\n\n\n\t\t<\/div>\n\t\t\t\t\t<\/div>\n\n\t\n\n\t<div id=\"col-2066968373\" class=\"col medium-4 small-12 large-4\"  >\n\t\t\t\t<div class=\"col-inner\"  >\n\t\t\t\n\t\t\t\n\n\n\t\t<div class=\"icon-box featured-box icon-box-center text-center\"  >\n\t\t\t\t\t<div class=\"icon-box-img\" style=\"width: 60px\">\n\t\t\t\t<div class=\"icon\">\n\t\t\t\t\t<div class=\"icon-inner\" >\n\t\t\t\t\t\t<img loading=\"lazy\" decoding=\"async\" width=\"240\" height=\"240\" src=\"https:\/\/thekalimba.com\/wp-content\/uploads\/2022\/02\/truck-line.png\" class=\"attachment-medium size-medium\" alt=\"l\u00ednea de camiones\" srcset=\"https:\/\/thekalimba.com\/wp-content\/uploads\/2022\/02\/truck-line.png 240w, https:\/\/thekalimba.com\/wp-content\/uploads\/2022\/02\/truck-line-100x100.png 100w, https:\/\/thekalimba.com\/wp-content\/uploads\/2022\/02\/truck-line-150x150.png 150w\" sizes=\"auto, (max-width: 240px) 100vw, 240px\" \/>\t\t\t\t\t<\/div>\n\t\t\t\t<\/div>\n\t\t\t<\/div>\n\t\t\t\t<div class=\"icon-box-text last-reset\">\n\t\t\t\t\t\t\t\t\t\n\n<h4>Entrega garantizada<\/h4>\n<p>Garantizamos la entrega<\/p>\n\n\t\t<\/div>\n\t<\/div>\n\t\n\t\n\n\t\t<\/div>\n\t\t\t\t\t<\/div>\n\n\t\n\n\t<div id=\"col-1780432593\" class=\"col medium-4 small-12 large-4\"  >\n\t\t\t\t<div class=\"col-inner\"  >\n\t\t\t\n\t\t\t\n\n\n\t\t<div class=\"icon-box featured-box icon-box-center text-center\"  >\n\t\t\t\t\t<div class=\"icon-box-img\" style=\"width: 60px\">\n\t\t\t\t<div class=\"icon\">\n\t\t\t\t\t<div class=\"icon-inner\" >\n\t\t\t\t\t\t<img loading=\"lazy\" decoding=\"async\" width=\"120\" height=\"120\" src=\"https:\/\/thekalimba.com\/wp-content\/uploads\/2022\/02\/user-heart-line.png\" class=\"attachment-medium size-medium\" alt=\"usuario-coraz\u00f3n-l\u00ednea\" srcset=\"https:\/\/thekalimba.com\/wp-content\/uploads\/2022\/02\/user-heart-line.png 120w, https:\/\/thekalimba.com\/wp-content\/uploads\/2022\/02\/user-heart-line-100x100.png 100w\" sizes=\"auto, (max-width: 120px) 100vw, 120px\" \/>\t\t\t\t\t<\/div>\n\t\t\t\t<\/div>\n\t\t\t<\/div>\n\t\t\t\t<div class=\"icon-box-text last-reset\">\n\t\t\t\t\t\t\t\t\t\n\n<h4>Atenci\u00f3n al cliente<\/h4>\n<p>Personal de servicio posventa a su servicio<\/p>\n\n\t\t<\/div>\n\t<\/div>\n\t\n\t\n\n\t\t<\/div>\n\t\t\t\t\t<\/div>\n\n\t\n\n\t<div id=\"col-1130194628\" class=\"col medium-4 small-12 large-4\"  >\n\t\t\t\t<div class=\"col-inner\"  >\n\t\t\t\n\t\t\t\n\n\n\t\t<div class=\"icon-box featured-box icon-box-center text-center\"  >\n\t\t\t\t\t<div class=\"icon-box-img\" style=\"width: 60px\">\n\t\t\t\t<div class=\"icon\">\n\t\t\t\t\t<div class=\"icon-inner\" >\n\t\t\t\t\t\t<img loading=\"lazy\" decoding=\"async\" width=\"120\" height=\"120\" src=\"https:\/\/thekalimba.com\/wp-content\/uploads\/2022\/02\/arrow-go-back-line.png\" class=\"attachment-medium size-medium\" alt=\"arrow-go-back-line\" srcset=\"https:\/\/thekalimba.com\/wp-content\/uploads\/2022\/02\/arrow-go-back-line.png 120w, https:\/\/thekalimba.com\/wp-content\/uploads\/2022\/02\/arrow-go-back-line-100x100.png 100w\" sizes=\"auto, (max-width: 120px) 100vw, 120px\" \/>\t\t\t\t\t<\/div>\n\t\t\t\t<\/div>\n\t\t\t<\/div>\n\t\t\t\t<div class=\"icon-box-text last-reset\">\n\t\t\t\t\t\t\t\t\t\n\n<h4>Garant\u00eda de satisfacci\u00f3n<\/h4>\n<p>Hacemos todo lo posible para satisfacerle<\/p>\n\n\t\t<\/div>\n\t<\/div>\n\t\n\t\n\n\t\t<\/div>\n\t\t\t\t\t<\/div>\n\n\t\n\n<\/div>\n\n\t\t<\/div>\n\n\t\t\n<style>\n#section_1416031969 {\n  padding-top: 60px;\n  padding-bottom: 60px;\n  background-color: rgb(255, 255, 255);\n}\n<\/style>\n\t<\/section>","protected":false},"excerpt":{"rendered":"","protected":false},"author":1,"featured_media":0,"parent":0,"menu_order":0,"comment_status":"closed","ping_status":"closed","template":"","meta":{"footnotes":""},"class_list":["post-148","page","type-page","status-publish","hentry"],"_links":{"self":[{"href":"https:\/\/thekalimba.com\/es\/wp-json\/wp\/v2\/pages\/148","targetHints":{"allow":["GET"]}}],"collection":[{"href":"https:\/\/thekalimba.com\/es\/wp-json\/wp\/v2\/pages"}],"about":[{"href":"https:\/\/thekalimba.com\/es\/wp-json\/wp\/v2\/types\/page"}],"author":[{"embeddable":true,"href":"https:\/\/thekalimba.com\/es\/wp-json\/wp\/v2\/users\/1"}],"replies":[{"embeddable":true,"href":"https:\/\/thekalimba.com\/es\/wp-json\/wp\/v2\/comments?post=148"}],"version-history":[{"count":2,"href":"https:\/\/thekalimba.com\/es\/wp-json\/wp\/v2\/pages\/148\/revisions"}],"predecessor-version":[{"id":25439,"href":"https:\/\/thekalimba.com\/es\/wp-json\/wp\/v2\/pages\/148\/revisions\/25439"}],"wp:attachment":[{"href":"https:\/\/thekalimba.com\/es\/wp-json\/wp\/v2\/media?parent=148"}],"curies":[{"name":"wp","href":"https:\/\/api.w.org\/{rel}","templated":true}]}}