{"id":20761,"date":"2021-06-22T20:07:27","date_gmt":"2021-06-22T20:07:27","guid":{"rendered":"https:\/\/old.kalimba.top\/?page_id=20761"},"modified":"2023-10-25T08:06:18","modified_gmt":"2023-10-25T08:06:18","slug":"pongase-en-contacto-con","status":"publish","type":"page","link":"https:\/\/thekalimba.com\/es\/pongase-en-contacto-con\/","title":{"rendered":"Contactos"},"content":{"rendered":"<section class=\"section has-parallax\" id=\"section_234457066\">\n\t\t<div class=\"bg section-bg fill bg-fill\" data-parallax-container=\".section\" data-parallax-background data-parallax=\"-4\">\n\n\t\t\t\n\t\t\t<div class=\"section-bg-overlay absolute fill\"><\/div>\n\t\t\t\n\n\t\t<\/div>\n\n\t\t\n\n\t\t<div class=\"section-content relative\">\n\t\t\t\n\n<div class=\"row row-collapse align-center\"  id=\"row-64533710\">\n\n\n\t<div id=\"col-1582130967\" class=\"col medium-4 small-12 large-4\"  >\n\t\t\t\t<div class=\"col-inner text-left\"  >\n\t\t\t\n\t\t\t\n\n\n  <div class=\"banner has-hover\" id=\"banner-232853298\">\n          <div class=\"banner-inner fill\">\n        <div class=\"banner-bg fill\" >\n            <div class=\"bg fill bg-fill\"><\/div>\n                        <div class=\"overlay\"><\/div>            \n                    <\/div>\n\t\t\n        <div class=\"banner-layers container\">\n            <div class=\"fill banner-link\"><\/div>            \n\n   <div id=\"text-box-1683451841\" class=\"text-box banner-layer x50 md-x50 lg-x50 y50 md-y50 lg-y50 res-text\">\n                                <div class=\"text-box-content text dark\">\n              \n              <div class=\"text-inner text-center\">\n                  \n\n<h2 class=\"uppercase\">por cierto<\/h2>\n<p data-padding=\"15px\"><span style=\"font-size: 140%;\">Todo el equipo de Thekalimba se esfuerza por seleccionar los mejores instrumentos para ofrecerle la mejor experiencia posible.<\/span><\/p>\n\n              <\/div>\n           <\/div>\n                            \n<style>\n#text-box-1683451841 {\n  width: 60%;\n}\n#text-box-1683451841 .text-box-content {\n  font-size: 100%;\n}\n<\/style>\n    <\/div>\n \n\n        <\/div>\n      <\/div>\n\n            \n<style>\n#banner-232853298 {\n  padding-top: 500px;\n}\n#banner-232853298 .bg.bg-loaded {\n  background-image: 20763;\n}\n#banner-232853298 .overlay {\n  background-color: rgba(236, 178, 76, 0.86);\n}\n<\/style>\n  <\/div>\n\n\n\n\t\t<\/div>\n\t\t\t\t\t<\/div>\n\n\t\n\n\t<div id=\"col-1560043414\" class=\"col medium-8 small-12 large-8\"  >\n\t\t\t\t<div class=\"col-inner\"  >\n\t\t\t\n\t\t\t\n\n\n  <div class=\"banner has-hover\" id=\"banner-1432216554\">\n          <div class=\"banner-inner fill\">\n        <div class=\"banner-bg fill\" >\n            <div class=\"bg fill bg-fill\"><\/div>\n                                    \n                    <\/div>\n\t\t\n        <div class=\"banner-layers container\">\n            <div class=\"fill banner-link\"><\/div>            \n\n   <div id=\"text-box-643085717\" class=\"text-box banner-layer x50 md-x50 lg-x50 y50 md-y50 lg-y50 res-text\">\n                                <div class=\"text-box-content text\">\n              \n              <div class=\"text-inner text-center\">\n                  \n\n\t<div id=\"gap-1825013278\" class=\"gap-element clearfix\" style=\"display:block; height:auto;\">\n\t\t\n<style>\n#gap-1825013278 {\n  padding-top: 15px;\n}\n<\/style>\n\t<\/div>\n\t\n\n<h2 class=\"uppercase\"><span style=\"font-size: 80%;\">\u00bfalguna pregunta?<\/span><\/h2>\n<p><span style=\"font-size: 90%;\">Nuestro equipo est\u00e1 a su disposici\u00f3n para responderle lo antes posible. Por lo general, contestamos en un plazo de 2 a 3 d\u00edas.<\/span><\/p>\n<p>Si tiene alguna pregunta, env\u00ede un correo electr\u00f3nico a\u00a0<\/p>\n<h3><a href=\"mailto:admin@thekalimba.com\"> <strong>admin@thekalimba.com<\/strong><\/a><\/p>\n<\/h3>\n<p> o +33618639763<\/p>\n\n\t<div id=\"gap-1530694743\" class=\"gap-element clearfix\" style=\"display:block; height:auto;\">\n\t\t\n<style>\n#gap-1530694743 {\n  padding-top: 5px;\n}\n<\/style>\n\t<\/div>\n\t\n\n<div class=\"social-icons share-icons share-row relative\" ><a href=\"whatsapp:\/\/send?text=Contacts - https:\/\/thekalimba.com\/es\/pongase-en-contacto-con\/\" data-action=\"share\/whatsapp\/share\" class=\"icon button circle is-outline tooltip whatsapp show-for-medium\" title=\"Comparar en WhatsApp\" aria-label=\"Comparar en WhatsApp\" ><i class=\"icon-whatsapp\" ><\/i><\/a><a href=\"https:\/\/www.facebook.com\/sharer.php?u=https:\/\/thekalimba.com\/es\/pongase-en-contacto-con\/\" data-label=\"Facebook\" onclick=\"window.open(this.href,this.title,'width=500,height=500,top=300px,left=300px'); return false;\" target=\"_blank\" class=\"icon button circle is-outline tooltip facebook\" title=\"Comparar en Facebook\" aria-label=\"Comparar en Facebook\" rel=\"noopener nofollow\" ><i class=\"icon-facebook\" ><\/i><\/a><a href=\"https:\/\/twitter.com\/share?url=https:\/\/thekalimba.com\/es\/pongase-en-contacto-con\/\" onclick=\"window.open(this.href,this.title,'width=500,height=500,top=300px,left=300px'); return false;\" target=\"_blank\" class=\"icon button circle is-outline tooltip twitter\" title=\"Comparar en Twitter\" aria-label=\"Comparar en Twitter\" rel=\"noopener nofollow\" ><i class=\"icon-twitter\" ><\/i><\/a><a href=\"mailto:?subject=Contacts&body=Check%20this%20out%3A%20https%3A%2F%2Fthekalimba.com%2Fes%2Fpongase-en-contacto-con%2F\" class=\"icon button circle is-outline tooltip email\" title=\"Enviar por correo electr\u00f3nico\" aria-label=\"Enviar por correo electr\u00f3nico\" rel=\"nofollow\" ><i class=\"icon-envelop\" ><\/i><\/a><a href=\"https:\/\/pinterest.com\/pin\/create\/button?url=https:\/\/thekalimba.com\/es\/pongase-en-contacto-con\/&media&description=Contacts\" onclick=\"window.open(this.href,this.title,'width=500,height=500,top=300px,left=300px'); return false;\" target=\"_blank\" class=\"icon button circle is-outline tooltip pinterest\" title=\"Pinear en Pinterest\" aria-label=\"Pinear en Pinterest\" rel=\"noopener nofollow\" ><i class=\"icon-pinterest\" ><\/i><\/a><a href=\"https:\/\/www.linkedin.com\/shareArticle?mini=true&url=https:\/\/thekalimba.com\/es\/pongase-en-contacto-con\/&title=Contacts\" onclick=\"window.open(this.href,this.title,'width=500,height=500,top=300px,left=300px'); return false;\" target=\"_blank\" class=\"icon button circle is-outline tooltip linkedin\" title=\"Comparar en LinkedIn\" aria-label=\"Comparar en LinkedIn\" rel=\"noopener nofollow\" ><i class=\"icon-linkedin\" ><\/i><\/a><\/div>\n\n<\/p>\n\n              <\/div>\n           <\/div>\n                            \n<style>\n#text-box-643085717 {\n  width: 64%;\n}\n#text-box-643085717 .text-box-content {\n  font-size: 100%;\n}\n<\/style>\n    <\/div>\n \n\n        <\/div>\n      <\/div>\n\n            \n<style>\n#banner-1432216554 {\n  padding-top: 500px;\n  background-color: rgb(255,255,255);\n}\n<\/style>\n  <\/div>\n\n\n\n\t\t<\/div>\n\t\t\t\t\t<\/div>\n\n\t\n\n<\/div>\n\n\t\t<\/div>\n\n\t\t\n<style>\n#section_234457066 {\n  padding-top: 0px;\n  padding-bottom: 0px;\n}\n#section_234457066 .section-bg-overlay {\n  background-color: rgba(0, 0, 0, 0.26);\n}\n#section_234457066 .section-bg.bg-loaded {\n  background-image: url(https:\/\/thekalimba.com\/wp-content\/uploads\/2022\/05\/Kalimba-17-notes-Gecko-Camphrier-5.jpg);\n}\n#section_234457066 .section-bg {\n  background-position: 69% 64%;\n}\n@media (min-width:550px) {\n  #section_234457066 {\n    padding-top: 50px;\n    padding-bottom: 50px;\n  }\n}\n<\/style>\n\t<\/section>","protected":false},"excerpt":{"rendered":"","protected":false},"author":3,"featured_media":0,"parent":0,"menu_order":0,"comment_status":"closed","ping_status":"closed","template":"page-blank.php","meta":{"footnotes":""},"class_list":["post-20761","page","type-page","status-publish","hentry"],"_links":{"self":[{"href":"https:\/\/thekalimba.com\/es\/wp-json\/wp\/v2\/pages\/20761","targetHints":{"allow":["GET"]}}],"collection":[{"href":"https:\/\/thekalimba.com\/es\/wp-json\/wp\/v2\/pages"}],"about":[{"href":"https:\/\/thekalimba.com\/es\/wp-json\/wp\/v2\/types\/page"}],"author":[{"embeddable":true,"href":"https:\/\/thekalimba.com\/es\/wp-json\/wp\/v2\/users\/3"}],"replies":[{"embeddable":true,"href":"https:\/\/thekalimba.com\/es\/wp-json\/wp\/v2\/comments?post=20761"}],"version-history":[{"count":0,"href":"https:\/\/thekalimba.com\/es\/wp-json\/wp\/v2\/pages\/20761\/revisions"}],"wp:attachment":[{"href":"https:\/\/thekalimba.com\/es\/wp-json\/wp\/v2\/media?parent=20761"}],"curies":[{"name":"wp","href":"https:\/\/api.w.org\/{rel}","templated":true}]}}