{"id":20998,"date":"2019-12-26T00:37:01","date_gmt":"2019-12-26T00:37:01","guid":{"rendered":"https:\/\/old.kalimba.top\/my-account\/"},"modified":"2026-03-21T08:13:21","modified_gmt":"2026-03-21T08:13:21","slug":"mi-cuenta","status":"publish","type":"page","link":"https:\/\/thekalimba.com\/es\/mi-cuenta\/","title":{"rendered":"Mi cuenta"},"content":{"rendered":"<div class=\"woocommerce\"><\/div>\n\n\n\n<div class=\"message-box relative dark\" style=\"padding-top:17px;padding-bottom:17px;\"><div class=\"message-box-bg-image bg-fill fill\" ><\/div><div class=\"message-box-bg-overlay bg-fill fill\" style=\"background-color:rgb(222, 114, 0);\"><\/div><div class=\"container relative\"><div class=\"inner last-reset\">\n\n<div class=\"row align-middle align-center\"  id=\"row-1592138240\">\n\n\n\t<div id=\"col-302768625\" class=\"col medium-11 small-12 large-11\"  >\n\t\t\t\t<div class=\"col-inner\"  >\n\t\t\t\n\t\t\t\n\n<h2 class=\"uppercase\" style=\"text-align: center;\"><span style=\"text-decoration: underline;\"><strong>\u00a1Recomi\u00e9ndanos F\u00c1CILMENTE y gana 5 \u00a3!<\/strong><\/span><\/h2>\n<h2 style=\"text-align: center;\"><a href=\"https:\/\/emojipedia.org\/couple-with-heart\/\" rel=\"noopener\"><span class=\"emoji\">?<\/span><\/a><\/h2>\n<h3 class=\"uppercase\" style=\"text-align: center;\"><strong>con cada pedido <\/strong><strong>\u00a1de tus ahijados! <\/strong><\/h3>\n<p style=\"text-align: center;\">Publique su enlace de afiliaci\u00f3n (disponible m\u00e1s abajo) en foros, en comentarios de blogs que puedan estar enlazados, haciendo v\u00eddeos en YouTube, en grupos de Facebook y en cualquier otro lugar de la Web.<\/p>\n<p style=\"text-align: center;\"><strong>Consejo: Ofr\u00e9zcales el descuento de -7\u20ac con el c\u00f3digo <span style=\"text-decoration: underline;\">KALIMBA7<\/span><\/strong><\/p>\n\n\t\t<\/div>\n\t\t\t\t\t<\/div>\n\n\t\n\n\t<div id=\"col-1027299209\" class=\"col medium-6 small-12 large-6\"  >\n\t\t\t\t<div class=\"col-inner\"  >\n\t\t\t\n\t\t\t\n\n<h4><strong>Haga clic aqu\u00ed para ver un breve tutorial en v\u00eddeo:<\/strong><\/h4>\n\n\t\t<\/div>\n\t\t\t\t\t<\/div>\n\n\t\n\n\t<div id=\"col-1806734023\" class=\"col medium-2 small-12 large-2\"  data-animate=\"bounceIn\">\n\t\t\t\t<div class=\"col-inner\"  >\n\t\t\t\n\t\t\t\n\n<div class=\"video-button-wrapper\" style=\"font-size:115%\"><a href=\"https:\/\/thekalimba.com\/wp-content\/uploads\/2020\/04\/Tuto-Syst\u00e8me-daffiliation-TheKalimba.mp4\" class=\"button open-video icon circle is-outline is-xlarge\"><i class=\"icon-play\" style=\"font-size:1.5em;\" ><\/i><\/a><\/div>\n\n\n\t\t<\/div>\n\t\t\t\t\n<style>\n#col-1806734023 > .col-inner {\n  padding: 0px 0px 0px 0px;\n}\n<\/style>\n\t<\/div>\n\n\t\n\n<\/div>\n\n<\/div><\/div><\/div>\n\t<div id=\"gap-895544048\" class=\"gap-element clearfix\" style=\"display:block; height:auto;\">\n\t\t\n<style>\n#gap-895544048 {\n  padding-top: 30px;\n}\n<\/style>\n\t<\/div>\n\t\n\n\n\n\t<p class=\"no-access\">El \u00e1rea de afiliados esta disponible para afiliados registrados unicamente.<\/p>\n\n<form id=\"affwp-login-form-9014\" class=\"affwp-form affwp-login-form\" action=\"\" method=\"post\" data-trp-original-action=\"\">\n\t\n\t<fieldset>\n\t\t<legend>Accede a tu cuenta<\/legend>\n\n\t\t\n\t\t<p>\n\t\t\t<label for=\"affwp-login-user-login\">Nombre de usuario<\/label>\n\t\t\t<input id=\"affwp-login-user-login\" class=\"required\" type=\"text\" name=\"affwp_user_login\" title=\"Nombre de usuario\" \/>\n\t\t<\/p>\n\n\t\t<p>\n\t\t\t<label for=\"affwp-login-user-pass\">Contrase\u00f1a<\/label>\n\t\t\t<input id=\"affwp-login-user-pass\" class=\"password required\" type=\"password\" name=\"affwp_user_pass\" \/>\n\t\t<\/p>\n\n\t\t<p>\n\t\t\t<label class=\"affwp-user-remember\" for=\"affwp-user-remember\">\n\t\t\t\t<input id=\"affwp-user-remember\" type=\"checkbox\" name=\"affwp_user_remember\" value=\"1\" \/> Recordarme\t\t\t<\/label>\n\t\t<\/p>\n\n\n\t\t<p>\n\t\t\t<input type=\"hidden\" name=\"affwp_redirect\" value=\"https:\/\/thekalimba.com\/es\/wp-json\/wp\/v2\/pages\/20998\"\/>\n\t\t\t<input type=\"hidden\" name=\"affwp_login_nonce\" value=\"01f76ee226\" \/>\n\t\t\t<input type=\"hidden\" name=\"affwp_action\" value=\"user_login\" \/>\n\n\t\t\t<input type=\"submit\" class=\"button\" value=\"Acceda a\" \/>\t\t<\/p>\n\n\t\t<p class=\"affwp-lost-password\">\n\t\t\t<a href=\"https:\/\/thekalimba.com\/es\/mi-cuenta\/contrasena-perdida\/\">\u00bfOlvidaste tu contrase\u00f1a?<\/a>\n\t\t<\/p>\n\n\t\t\t<\/fieldset>\n\n\t<input type=\"hidden\" name=\"trp-form-language\" value=\"es\"\/><\/form>\n\n<p><\/p>","protected":false},"excerpt":{"rendered":"","protected":false},"author":3,"featured_media":0,"parent":0,"menu_order":0,"comment_status":"closed","ping_status":"closed","template":"","meta":{"footnotes":""},"class_list":["post-20998","page","type-page","status-publish","hentry"],"_links":{"self":[{"href":"https:\/\/thekalimba.com\/es\/wp-json\/wp\/v2\/pages\/20998","targetHints":{"allow":["GET"]}}],"collection":[{"href":"https:\/\/thekalimba.com\/es\/wp-json\/wp\/v2\/pages"}],"about":[{"href":"https:\/\/thekalimba.com\/es\/wp-json\/wp\/v2\/types\/page"}],"author":[{"embeddable":true,"href":"https:\/\/thekalimba.com\/es\/wp-json\/wp\/v2\/users\/3"}],"replies":[{"embeddable":true,"href":"https:\/\/thekalimba.com\/es\/wp-json\/wp\/v2\/comments?post=20998"}],"version-history":[{"count":1,"href":"https:\/\/thekalimba.com\/es\/wp-json\/wp\/v2\/pages\/20998\/revisions"}],"predecessor-version":[{"id":25445,"href":"https:\/\/thekalimba.com\/es\/wp-json\/wp\/v2\/pages\/20998\/revisions\/25445"}],"wp:attachment":[{"href":"https:\/\/thekalimba.com\/es\/wp-json\/wp\/v2\/media?parent=20998"}],"curies":[{"name":"wp","href":"https:\/\/api.w.org\/{rel}","templated":true}]}}