{"id":14244,"date":"2020-06-07T21:21:34","date_gmt":"2020-06-07T21:21:34","guid":{"rendered":"https:\/\/thekalimba.com\/?post_type=product&#038;p=14244"},"modified":"2026-03-20T09:18:23","modified_gmt":"2026-03-20T09:18:23","slug":"c-16-ocarina-leyenda-de-zelda-ocarina-flauta-a-bois","status":"publish","type":"product","link":"https:\/\/thekalimba.com\/es\/producto\/c-16-ocarina-leyenda-de-zelda-ocarina-flauta-a-bois\/","title":{"rendered":"Ocarina del tiempo en Do(do) 16 agujeros"},"content":{"rendered":"<div>\n<p><span style=\"color: #000000;\">Se trata de un instrumento de gran calidad. Fabricado en un horno, puede utilizarse como instrumento musical. No es s\u00f3lo un accesorio barato.<\/span><\/p>\n<p><span style=\"color: #000000;\">Se trata de una Ocarina del Tiempo crom\u00e1tica de 16 agujeros de alta calidad.<\/span><\/p>\n<\/div>\n<div><span style=\"color: #000000; font-size: 14.4px;\">Ocarina of Time totalmente crom\u00e1tica<\/span><\/div>\n<div>\n<p><span style=\"color: #000000;\">Especificaciones: 16 agujeros<\/span><\/p>\n<p><span style=\"color: #000000;\">Acabado: vidrio decorado<\/span><\/p>\n<p><span style=\"color: #000000;\">Material: cer\u00e1mica cocida<\/span><\/p>\n<p><span style=\"color: #000000;\">Tono: A4-F6 incluyendo objetos agudos y planos<\/span><\/p>\n<p><span style=\"color: #000000;\">Color: azul<\/span><\/p>\n<p><span style=\"color: #000000;\">Material: dolomita<\/span><\/p>\n<p><span style=\"color: #000000;\">Tama\u00f1o: 13*8 cm<\/span><\/p>\n<p><span style=\"color: #000000;\">Contenido del envase:<\/span><\/p>\n<p><span style=\"color: #000000;\">1 Ocarina of Time de 16 agujeros<\/span><\/p>\n<p><span style=\"color: #000000;\">1 correa<\/span><\/p>\n<p><span style=\"color: #000000;\">1 Funda protectora<\/span><\/p>\n<p><span style=\"color: #000000;\">S\u00f3lo se incluye el contenido del embalaje anterior, no se incluyen otros productos.<\/span><\/p>\n<p><span style=\"color: #000000;\">Nota: debido a la luz de disparo y las diferentes pantallas, el color del art\u00edculo en la imagen puede ser ligeramente diferente de la realidad. El error de medici\u00f3n permitido es de \/-1-3 cm.<\/span><\/p>\n<\/div>\n<h2><span style=\"color: #000000;\"><b>Caracter\u00edsticas<\/b><\/span><\/h2>\n<p><span style=\"font-weight: 400; color: #000000;\">Es una ocarina del tiempo de cer\u00e1mica horneada de alta calidad, dise\u00f1ada para ser un instrumento musical que no es s\u00f3lo un accesorio barato. Es un instrumento musical f\u00e1cil de aprender que puedes dominar en muy poco tiempo.<\/span><\/p>\n<p><span style=\"font-weight: 400; color: #000000;\">Produce un sonido bello y natural.<\/span><\/p>\n<p><span style=\"font-weight: 400; color: #000000;\">Tiene un esmalte azul oscuro. Tambi\u00e9n hay un esmalte de platino alrededor del cuello y esta ocarina del tiempo tiene un dise\u00f1o muy fresco y moderno, perfecto para decorar.\u00a0<\/span><\/p>\n<h2><span style=\"color: #000000;\"><b>Un instrumento f\u00e1cil<\/b><\/span><\/h2>\n<p><span style=\"font-weight: 400; color: #000000;\">La ocarina del tiempo es uno de los instrumentos de viento m\u00e1s f\u00e1ciles de aprender a tocar. De hecho, conseguir un sonido es tan sencillo como soplar un silbato. ... La ventaja de la ocarina del tiempo es que es f\u00e1cil de tocar al principio, pero adem\u00e1s te ofrece una forma relajante de conseguir toda una vida de disfrute musical.<\/span><\/p>\n<h2><span style=\"color: #000000;\"><b>Existen varios tipos de Ocarina<\/b><\/span><\/h2>\n<h2><span style=\"color: #000000;\"><b>Ocarinas peruanas<\/b><\/span><\/h2>\n<p><span style=\"font-weight: 400; color: #000000;\">Las ocarinas peruanas son reproducciones de instrumentos tradicionales sudamericanos, generalmente de forma plana, con complejos motivos pintados y de 8 a 10 orificios de id\u00e9ntico tama\u00f1o.<\/span><\/p>\n<p><span style=\"font-weight: 400; color: #000000;\">En general, se sabe muy poco sobre la historia de estos instrumentos, pero los que se pueden encontrar hoy en d\u00eda son de mala calidad, producidos como souvenirs para turistas. No est\u00e1n afinados y no son buenos instrumentos musicales.<\/span><\/p>\n<h2><span style=\"color: #000000;\"><b>Las ocarinas de la armon\u00eda<\/b><\/span><\/h2>\n<p><span style=\"font-weight: 400; color: #000000;\">Las ocarinas de armon\u00eda son ocarinas multic\u00e1mara afinadas para tocar en armon\u00eda entre s\u00ed. Se diferencian de las ocarinas multic\u00e1mara en que estas \u00faltimas est\u00e1n dise\u00f1adas para ampliar su alcance y no para tocar en armon\u00eda en la mayor\u00eda de los casos.<\/span><\/p>\n<p><span style=\"font-weight: 400; color: #000000;\">Las ocarinas de armon\u00eda no est\u00e1n estandarizadas en absoluto, ya que la forma y la digitaci\u00f3n var\u00edan de un fabricante a otro. Generalmente constan de dos c\u00e1maras separadas, una que se toca con la mano izquierda y otra con la derecha.<\/span><\/p>\n<p><span style=\"font-weight: 400; color: #000000;\">Hay muchos estilos de ocarinas, que var\u00edan en forma y n\u00famero de agujeros:<\/span><\/p>\n<p><span style=\"font-weight: 400; color: #000000;\">La ocarina transversal es el estilo m\u00e1s conocido de ocarina del tiempo, tiene forma redondeada y se sujeta horizontalmente con ambas manos. Dependiendo del n\u00famero de agujeros, el int\u00e9rprete abre un agujero m\u00e1s que la nota anterior para elevar el tono. <\/span><\/p>\n<p><span style=\"font-weight: 400; color: #000000;\">Las dos ocarinas de tiempo transversal m\u00e1s comunes son las de 10 agujeros, inventadas por Giuseppe Donati en Italia, y las de 12 agujeros. Su rango var\u00eda entre una octava m\u00e1s una cuarta y una octava m\u00e1s una sexta menor.<\/span><\/p>\n<h2><span style=\"color: #000000;\"><b>Colgantes ingleses\u00a0<\/b><\/span><\/h2>\n<p><span style=\"font-weight: 400; color: #000000;\">Suelen ser muy peque\u00f1as y port\u00e1tiles, y utilizan el sistema de digitaci\u00f3n ingl\u00e9s de 4-6 agujeros ideado por John Taylor. Este sistema de digitaci\u00f3n les permite alcanzar un rango entre una octava y una octava m\u00e1s una segunda mayor.<\/span><\/p>\n<h2><span style=\"color: #000000;\"><b>Colgante peruano\u00a0<\/b><\/span><\/h2>\n<p><span style=\"font-weight: 400; color: #000000;\">Se remonta a la \u00e9poca de los incas y se utiliza como instrumento en fiestas, rituales y ceremonias. Suelen estar decorados con motivos animales. Suelen tener 8 \u00f3 9 agujeros.<\/span><\/p>\n<p><span style=\"font-weight: 400; color: #000000;\">Ocarinas de tiempo en l\u00ednea: estas ocarinas de tiempo suelen tener forma rectangular u ovalada y est\u00e1n construidas de manera que el instrumento mira hacia el m\u00fasico cuando se toca. La mayor\u00eda de las ocarinas en l\u00ednea tienen un sistema de digitaci\u00f3n similar o id\u00e9ntico al de las ocarinas de tiempo transversal.<\/span><\/p>\n<p>&nbsp;<\/p>\n<p><span style=\"font-weight: 400; color: #000000;\">Ocarinas du temps multic\u00e1mara (m\u00e1s conocidas como ocarinas \"dobles\" y \"triples\"): estas ocarinas du temps son esencialmente dos ocarinas moldeadas en un solo cuerpo, con dos boquillas separadas y dos juegos separados de agujeros para los dedos. <\/span><\/p>\n<p><span style=\"font-weight: 400; color: #000000;\">Esta construcci\u00f3n suele ampliar el rango del instrumento o permite tocar varias notas a la vez. <\/span><\/p>\n<p><span style=\"font-weight: 400; color: #000000;\">Aunque las ocarinas de tiempo multic\u00e1mara pueden fabricarse en estilo transversal, en l\u00ednea o en suspensi\u00f3n, el estilo transversal es el m\u00e1s com\u00fan. <\/span><\/p>\n<p><span style=\"font-weight: 400; color: #000000;\">Una t\u00edpica ocarina transversal de tiempo doble toca dos octavas m\u00e1s una tercera menor, y una ocarina transversal de tiempo triple suele tocar en un rango de unas dos octavas m\u00e1s una s\u00e9ptima menor.<\/span><\/p>\n<p>&nbsp;<\/p>\n<p><span style=\"font-weight: 400; color: #000000;\">Llaves y correderas: A partir de finales del siglo XIX, varios fabricantes tambi\u00e9n produjeron ocarinas de tiempo con llaves y correderas. <\/span><\/p>\n<p><span style=\"font-weight: 400; color: #000000;\">Estos mecanismos pueden utilizarse para ampliar el alcance del instrumento, ayudar a los dedos a alcanzar agujeros muy espaciados o facilitar la ejecuci\u00f3n de notas que no est\u00e1n en la tonalidad original del instrumento.<\/span><\/p>\n<p>&nbsp;<\/p>\n<div id=\"details\">\n<div>\n<table style=\"width: 100.0%;\" border=\"0\" cellspacing=\"0\" cellpadding=\"0\">\n<tbody>\n<tr>\n<td style=\"margin: 0 auto; text-align: center;\"><img decoding=\"async\" title=\"C 16 agujeros Ocarina leyenda de Zelda Ocarina flauta de madera\" src=\"\/\/ae01.alicdn.com\/kf\/H29f54d3eb4b44c629799d772ccf57d717.jpg\" alt=\"C 16 agujeros Ocarina leyenda de Zelda Ocarina flauta de madera\" border=\"0\" \/><\/p>\n<p><img decoding=\"async\" title=\"C 16 agujeros Ocarina leyenda de Zelda Ocarina flauta de madera\" src=\"\/\/ae01.alicdn.com\/kf\/H116f96ea68b34bccb98c8f964dbed8f7Q.jpg\" alt=\"C 16 agujeros Ocarina leyenda de Zelda Ocarina flauta de madera\" border=\"0\" \/><\/p>\n<p><img decoding=\"async\" title=\"C 16 agujeros Ocarina leyenda de Zelda Ocarina flauta de madera\" src=\"\/\/ae01.alicdn.com\/kf\/H2a5dfb5f1e484fe6883a9a1af991ba38O.jpg\" alt=\"C 16 agujeros Ocarina leyenda de Zelda Ocarina flauta de madera\" border=\"0\" \/><\/p>\n<p><img decoding=\"async\" title=\"C 16 agujeros Ocarina leyenda de Zelda Ocarina flauta de madera\" src=\"\/\/ae01.alicdn.com\/kf\/Hfacbedab104447e8b8b337ddd7d31b94h.jpg\" alt=\"C 16 agujeros Ocarina leyenda de Zelda Ocarina flauta de madera\" border=\"0\" \/><\/p>\n<p><img decoding=\"async\" title=\"C 16 agujeros Ocarina leyenda de Zelda Ocarina flauta de madera\" src=\"\/\/ae01.alicdn.com\/kf\/Hc443679c9f3b4616b9e4076d6835d574z.jpg\" alt=\"C 16 agujeros Ocarina leyenda de Zelda Ocarina flauta de madera\" border=\"0\" \/><\/p>\n<p><img decoding=\"async\" title=\"C 16 agujeros Ocarina leyenda de Zelda Ocarina flauta de madera\" src=\"\/\/ae01.alicdn.com\/kf\/H5aebf5d2732a4d3a99320ee2f381ded7W.jpg\" alt=\"C 16 agujeros Ocarina leyenda de Zelda Ocarina flauta de madera\" border=\"0\" \/><\/p>\n<p><img loading=\"lazy\" decoding=\"async\" class=\"alignnone\" title=\"C 16 agujeros Ocarina leyenda de Zelda Ocarina flauta de madera\" src=\"\/\/ae01.alicdn.com\/kf\/Hbd6549eb20c84b7486e4d16cda7148e2J.jpg\" alt=\"Ocarina del tiempo\" width=\"600\" height=\"600\" border=\"0\" \/><\/p>\n<p><img decoding=\"async\" title=\"C 16 agujeros Ocarina leyenda de Zelda Ocarina flauta de madera\" src=\"\/\/ae01.alicdn.com\/kf\/H2723232009cf4cd197c1737a5194bdd97.jpg\" alt=\"C 16 agujeros Ocarina leyenda de Zelda Ocarina flauta de madera\" border=\"0\" \/><\/td>\n<\/tr>\n<\/tbody>\n<\/table>\n<p>&nbsp;<\/p>\n<\/div>\n<\/div>\n<p>&nbsp;<\/p>","protected":false},"excerpt":{"rendered":"<p>Este instrumento de alta calidad \ud83c\udfb5 est\u00e1 hecho en el horno \ud83d\udd25. No es un simple accesorio barato \ud83d\udcb0, es una Ocarina del Tiempo crom\u00e1tica de 16 agujeros \ud83c\udfb6\ud83c\udfb6. Especificaciones: 16 agujeros, acabado esmaltado decorado, material: cer\u00e1mica cocida, color: azul, tama\u00f1o: 13*8 cm. Contenido del embalaje: 1 Ocarina del Tiempo 16 agujeros, 1 Cord\u00f3n, 1 Funda protectora. \ud83c\udfb6\ud83c\udfb6<\/p>","protected":false},"featured_media":21145,"comment_status":"open","ping_status":"closed","template":"","meta":[],"product_brand":[],"product_cat":[65],"product_tag":[],"class_list":{"0":"post-14244","1":"product","2":"type-product","3":"status-publish","4":"has-post-thumbnail","6":"product_cat-ocarina","8":"first","9":"instock","10":"taxable","11":"shipping-taxable","12":"purchasable","13":"product-type-simple"},"_links":{"self":[{"href":"https:\/\/thekalimba.com\/es\/wp-json\/wp\/v2\/product\/14244","targetHints":{"allow":["GET"]}}],"collection":[{"href":"https:\/\/thekalimba.com\/es\/wp-json\/wp\/v2\/product"}],"about":[{"href":"https:\/\/thekalimba.com\/es\/wp-json\/wp\/v2\/types\/product"}],"replies":[{"embeddable":true,"href":"https:\/\/thekalimba.com\/es\/wp-json\/wp\/v2\/comments?post=14244"}],"wp:featuredmedia":[{"embeddable":true,"href":"https:\/\/thekalimba.com\/es\/wp-json\/wp\/v2\/media\/21145"}],"wp:attachment":[{"href":"https:\/\/thekalimba.com\/es\/wp-json\/wp\/v2\/media?parent=14244"}],"wp:term":[{"taxonomy":"product_brand","embeddable":true,"href":"https:\/\/thekalimba.com\/es\/wp-json\/wp\/v2\/product_brand?post=14244"},{"taxonomy":"product_cat","embeddable":true,"href":"https:\/\/thekalimba.com\/es\/wp-json\/wp\/v2\/product_cat?post=14244"},{"taxonomy":"product_tag","embeddable":true,"href":"https:\/\/thekalimba.com\/es\/wp-json\/wp\/v2\/product_tag?post=14244"}],"curies":[{"name":"wp","href":"https:\/\/api.w.org\/{rel}","templated":true}]}}