{"id":167,"date":"2019-12-26T13:26:58","date_gmt":"2019-12-26T13:26:58","guid":{"rendered":"https:\/\/thekalimba.com\/?post_type=product&#038;p=167"},"modified":"2026-03-20T09:23:26","modified_gmt":"2026-03-20T09:23:26","slug":"kalimba-african-piano-a-penny-sanza-mbira","status":"publish","type":"product","link":"https:\/\/thekalimba.com\/es\/producto\/kalimba-african-piano-a-penny-sanza-mbira\/","title":{"rendered":"[Kit Complet] Kalimba Africain 17 Notes"},"content":{"rendered":"<p><span style=\"color: #000000;\">Kalimba africana de 17 notas de alta calidad: no le decepcionar\u00e1 este modelo de kalimba africana que, con su original dise\u00f1o, difunde el sonido de la mejor manera posible y ofrece una sonoridad \u00fanica propia de esta ins\u00f3lita kalimba africana. Tambi\u00e9n conocido como piano de pulgares, sanza o mbira, este instrumento procedente de \u00c1frica es perfecto para todos aquellos que quieran convertirse en expertos musicales o simplemente descubrir la m\u00fasica.<\/span><\/p>\n<h2><span style=\"color: #000000;\"><b>La Kalimba africana 17 Notas<\/b><\/span><\/h2>\n<p><span style=\"font-weight: 400; color: #000000;\">\u00bfQuiere un sonido africano? La disposici\u00f3n y la afinaci\u00f3n hacen de esta kalimba africana una versi\u00f3n moderna de un instrumento milenario. T\u00f3cala si quieres conectar con el genio de la antigua \u00c1frica.<\/span><\/p>\n<p><span style=\"font-weight: 400; color: #000000;\">Esta kalimba africana es similar a la mbira de Zimbabue. Tiene 17 dientes dispuestos en dos filas, pero a primera vista esta disposici\u00f3n no es l\u00f3gica. Sin embargo, cuando empieces a aprender a tocar este instrumento, descubrir\u00e1s su l\u00f3gica inherente, que se presta especialmente bien a un sonido tradicional africano.<\/span><\/p>\n<p><span style=\"font-weight: 400; color: #000000;\">Andrew Tracey afirma que este instrumento est\u00e1 estrechamente relacionado con la kalimba original de punta met\u00e1lica, que data de hace 1.300 a\u00f1os.<\/span><\/p>\n<p><span style=\"font-weight: 400; color: #000000;\">Las dos filas de dientes de la karimba est\u00e1n dispuestas seg\u00fan un sistema tradicional africano de siglos de antig\u00fcedad que facilita la ejecuci\u00f3n de bellas melod\u00edas africanas. Est\u00e1 estrechamente relacionada con la mbira.<\/span><\/p>\n<h2><span style=\"color: #000000;\"><b>Aprovecha un peque\u00f1o martillo de afinar<\/b><\/span><\/h2>\n<p><span style=\"font-weight: 400; color: #000000;\">Le proporciona una afinaci\u00f3n m\u00e1s precisa y elimina el dolor de manos al afinar su kalimba africana 'a mano'.<\/span><\/p>\n<p><span style=\"font-weight: 400; color: #000000;\">Afinar la kalimba es un ejercicio mixto. A diferencia de la guitarra, no tienes que afinar tu kalimba cada vez que la cojas. De hecho, la mayor\u00eda de las kalimbas permanecen afinadas durante semanas o meses.<\/span><\/p>\n<p><span style=\"font-weight: 400; color: #000000;\">Por otro lado, una vez que su kalimba africana necesita afinaci\u00f3n, es posible que no sepa qu\u00e9 hacer. Existe una t\u00e9cnica: puedes mover los dientes de tu kalimba africana con la mano.<\/span><\/p>\n<p><span style=\"font-weight: 400; color: #000000;\">Resulta que puedes utilizar este peque\u00f1o martillo para golpear los dientes de tu kalimba africana para afinarla, y este enfoque tiene una serie de ventajas.<\/span><\/p>\n<p><span style=\"font-weight: 400; color: #000000;\">El m\u00e9todo t\u00edpico para afinar los dientes de la kalimba africana consiste en agarrar un diente con el pulgar y el \u00edndice y, mientras se mueve de izquierda a derecha, tirar o empujar del diente para alargar la longitud vibratoria (para tocar una nota m\u00e1s grave) o acortarla (para tocar una nota m\u00e1s aguda). <\/span><\/p>\n<p><span style=\"font-weight: 400; color: #000000;\">Esta t\u00e9cnica funciona muy bien... sobre todo si repites el gesto varias veces y si tienes manos fuertes y dedos sensibles... <\/span><\/p>\n<p><span style=\"font-weight: 400; color: #000000;\">Aunque la t\u00e9cnica de afinaci\u00f3n \"a mano\" es econ\u00f3mica y eficaz, puede causarte dolor si no tienes callos... y si utilizas la t\u00e9cnica \"a mano\" y no tienes experiencia, probablemente no tendr\u00e1s del todo el \"tacto\" y no podr\u00e1s afinar tu kalimba con la precisi\u00f3n que te gustar\u00eda.<\/span><\/p>\n<p><span style=\"font-weight: 400; color: #000000;\">Sin embargo, existe otra forma de afinar: golpeando suavemente los dientes con un peque\u00f1o martillo.\u00a0<\/span><\/p>\n<p><span style=\"font-weight: 400; color: #000000;\">A medida que adquiera experiencia en la afinaci\u00f3n con el martillo, probablemente desarrollar\u00e1 una \"fuerza de golpe est\u00e1ndar\".<\/span><\/p>\n<p><span style=\"font-weight: 400; color: #000000;\">Tenga en cuenta que este martillo es demasiado peque\u00f1o para ajustar la afinaci\u00f3n de los dientes m\u00e1s macizos. Sin embargo, funcionan perfectamente en la kalimba africana de 17 notas, Sansula, Hugh Tracey y todas las kalimbas recientes.<\/span><\/p>\n<h2><span style=\"color: #000000;\"><b>Accesorios\u00a0<\/b><\/span><\/h2>\n<p><span style=\"font-weight: 400; color: #000000;\">Esta kalimba africana viene con una funda impermeable Kalimba para un transporte y almacenamiento f\u00e1cil y seguro. Adem\u00e1s, la kalimba africana de 17 notas viene con pegatinas rojas y verdes. El kit incluye un pa\u00f1o limpio para limpiar su kalimba africana y mantenerla en buen estado.\u00a0<\/span><\/p>\n<h2><span style=\"color: #000000;\"><b>Algunos datos sobre la Kalimba<\/b><\/span><\/h2>\n<p><span style=\"font-weight: 400; color: #000000;\">Algunos tipos de kalimba tienen agujeros en la parte posterior para el vibrato.<\/span><\/p>\n<p><span style=\"font-weight: 400; color: #000000;\">Del mismo modo, el agujero frontal es la causa de ciertos efectos sonoros. Algunas kalimbas modernas incluyen este efecto sin el agujero.<\/span><\/p>\n<p><span style=\"font-weight: 400; color: #000000;\">Las teclas est\u00e1n sujetas a un puente y su longitud depende de su vibraci\u00f3n, dando notas diferentes. Por este motivo, la kalimba puede afinarse ajust\u00e1ndolas, alargando o reduciendo su tama\u00f1o.<\/span><\/p>\n<h2><span style=\"color: #000000;\"><b>\u00bfC\u00f3mo se toca la Kalimba?<\/b><\/span><\/h2>\n<p><span style=\"font-weight: 400; color: #000000;\">El m\u00e9todo habitual consiste en sujetarlo con ambas manos, con los pulgares hacia arriba, listos para apretar las cuchillas.<\/span><\/p>\n<p><span style=\"font-weight: 400; color: #000000;\">Las notas musicales est\u00e1n colocadas de forma diferente que en instrumentos como el piano. En la Kalimba, empiezan en el centro (las notas m\u00e1s graves) y se desplazan hacia los extremos (las notas musicales m\u00e1s agudas).<\/span><\/p>\n<p><span style=\"font-weight: 400; color: #000000;\">Adem\u00e1s, la escala musical alterna en cada tonalidad, lo que tambi\u00e9n es t\u00edpico de otros instrumentos africanos como la kora y la valiha.<\/span><\/p>\n<h2><span style=\"color: #000000;\"><b>Un instrumento especial<\/b><\/span><\/h2>\n<p><span style=\"font-weight: 400; color: #000000;\">El piano africano de pulgares, o kalimba, es un inusual instrumento de percusi\u00f3n compuesto por una serie de finas barras met\u00e1licas montadas sobre una caja de resonancia o caja de resonancia. Las teclas est\u00e1n montadas a diferentes longitudes para producir distintas notas, y suelen ser golpeadas en el extremo por los pulgares de los int\u00e9rpretes mientras la caja de resonancia es sostenida por los dedos.<\/span><\/p>\n<p><span style=\"color: #000000;\">Aprende a tocar \"Hey Jude\" de los Beatles en la kalimba con nuestro <a style=\"color: #000000;\" href=\"https:\/\/thekalimba.com\/es\/\u3010easy-kalimba-tutorial\u3011hey-jude-by-the-beatles\/\">tutorial<\/a> !<\/span><\/p>\n<p><img loading=\"lazy\" decoding=\"async\" class=\"aligncenter\" src=\"https:\/\/ae01.alicdn.com\/kf\/Haa9802b6b6464a0f8b1d4c42f383b0c6S.jpg\" alt=\"Kalimba africana\" width=\"800\" height=\"800\" \/><img loading=\"lazy\" decoding=\"async\" class=\"aligncenter\" src=\"https:\/\/ae01.alicdn.com\/kf\/Hcd3fcae4a54a4decae69ae95c6e9b3a2o.jpg\" alt=\"Kalimba africana\" width=\"800\" height=\"800\" \/><img loading=\"lazy\" decoding=\"async\" class=\"aligncenter\" src=\"https:\/\/ae01.alicdn.com\/kf\/H2297ede46d5d4b3d8c22dbbb5e9be917s.jpg\" alt=\"Kalimba africana\" width=\"800\" height=\"800\" \/><img loading=\"lazy\" decoding=\"async\" class=\"aligncenter\" src=\"https:\/\/ae01.alicdn.com\/kf\/H9a043867ecf8418dbf8f4f9fb50b39e7a.jpg\" alt=\"Kalimba africana\" width=\"800\" height=\"800\" \/><img loading=\"lazy\" decoding=\"async\" class=\"aligncenter\" src=\"https:\/\/ae01.alicdn.com\/kf\/H9fe2b8d5f2f7426e9ac33b56bb27d5e3O.jpg\" alt=\"Kalimba africana\" width=\"800\" height=\"800\" \/><img loading=\"lazy\" decoding=\"async\" class=\"aligncenter\" src=\"https:\/\/ae01.alicdn.com\/kf\/H148b6eef8188446f9e178928899d1970E.jpg\" alt=\"Kalimba africana\" width=\"800\" height=\"800\" \/><img loading=\"lazy\" decoding=\"async\" class=\"aligncenter\" src=\"https:\/\/ae01.alicdn.com\/kf\/H3b1ff46e6b8a44ffa9a6db366f84233cZ.jpg\" alt=\"Kalimba africana\" width=\"800\" height=\"800\" \/><\/p>","protected":false},"excerpt":{"rendered":"<ul>\n<li>\ud83c\udfb5 Kalimba africana 17 Notas<\/li>\n<li>\ud83c\udf0d M\u00fasica tradicional africana<\/li>\n<li>Kit completo<\/li>\n<\/ul>","protected":false},"featured_media":21003,"comment_status":"open","ping_status":"closed","template":"","meta":[],"product_brand":[],"product_cat":[83,85],"product_tag":[],"class_list":{"0":"post-167","1":"product","2":"type-product","3":"status-publish","4":"has-post-thumbnail","6":"product_cat-kalimba-17-notes-kalimba","7":"product_cat-kalimba-haut-de-gamme-kalimba","9":"first","10":"outofstock","11":"taxable","12":"shipping-taxable","13":"purchasable","14":"product-type-simple"},"_links":{"self":[{"href":"https:\/\/thekalimba.com\/es\/wp-json\/wp\/v2\/product\/167","targetHints":{"allow":["GET"]}}],"collection":[{"href":"https:\/\/thekalimba.com\/es\/wp-json\/wp\/v2\/product"}],"about":[{"href":"https:\/\/thekalimba.com\/es\/wp-json\/wp\/v2\/types\/product"}],"replies":[{"embeddable":true,"href":"https:\/\/thekalimba.com\/es\/wp-json\/wp\/v2\/comments?post=167"}],"wp:featuredmedia":[{"embeddable":true,"href":"https:\/\/thekalimba.com\/es\/wp-json\/wp\/v2\/media\/21003"}],"wp:attachment":[{"href":"https:\/\/thekalimba.com\/es\/wp-json\/wp\/v2\/media?parent=167"}],"wp:term":[{"taxonomy":"product_brand","embeddable":true,"href":"https:\/\/thekalimba.com\/es\/wp-json\/wp\/v2\/product_brand?post=167"},{"taxonomy":"product_cat","embeddable":true,"href":"https:\/\/thekalimba.com\/es\/wp-json\/wp\/v2\/product_cat?post=167"},{"taxonomy":"product_tag","embeddable":true,"href":"https:\/\/thekalimba.com\/es\/wp-json\/wp\/v2\/product_tag?post=167"}],"curies":[{"name":"wp","href":"https:\/\/api.w.org\/{rel}","templated":true}]}}