{"id":2161,"date":"2019-07-24T12:11:33","date_gmt":"2019-07-24T12:11:33","guid":{"rendered":"https:\/\/thekalimba.com\/?post_type=product&#038;p=2161"},"modified":"2025-05-20T12:44:37","modified_gmt":"2025-05-20T12:44:37","slug":"comprar-kalimba-instrumento","status":"publish","type":"product","link":"https:\/\/thekalimba.com\/es\/producto\/comprar-kalimba-instrumento\/","title":{"rendered":"[Kit Complet] Kalimba en Acajou 17 notes"},"content":{"rendered":"<h1 style=\"text-align: center;\"><span style=\"color: #000000;\">\u00a0Kit Complet de Kalimba en Acajou Massif 17 Notes<\/span><\/h1>\n<h1 style=\"text-align: center;\"><span style=\"color: #000000;\">(Top vente !)<\/span><\/h1>\n<p>&nbsp;<\/p>\n<div style=\"width: 1020px;\" class=\"wp-video\"><video class=\"wp-video-shortcode\" id=\"video-2161-1\" width=\"1020\" height=\"574\" poster=\"https:\/\/thekalimba.com\/wp-content\/uploads\/2019\/12\/UTB8zKREQ5DEXKJk43Oqq6Az3XXaN.jpg\" preload=\"metadata\" controls=\"controls\"><source type=\"video\/mp4\" src=\"https:\/\/thekalimba.com\/wp-content\/uploads\/2019\/07\/Kalimba-chez-thekalimba.com_.mp4?_=1\" \/><a href=\"https:\/\/thekalimba.com\/wp-content\/uploads\/2019\/07\/Kalimba-chez-thekalimba.com_.mp4\">https:\/\/thekalimba.com\/wp-content\/uploads\/2019\/07\/Kalimba-chez-thekalimba.com_.mp4<\/a><\/video><\/div>\n<p>&nbsp;<\/p>\n<h2 style=\"text-align: center;\"><span style=\"color: #000000;\"><strong>Le Kalimba en acajou 17 notes est recommand\u00e9 par la communaut\u00e9 !<\/strong><\/span><\/h2>\n<p style=\"text-align: center;\"><span style=\"color: #000000;\">Ce Kalimba en acajou 17 notes est un instrument de haute qualit\u00e9 en bois. Il est fourni avec son marteau d&rsquo;accordement ainsi que son sac de rangement.<\/span><\/p>\n<h3><span style=\"color: #000000;\"><strong>Description du kalimba en acajou 17 notes :<\/strong><\/span><\/h3>\n<p><span style=\"color: #000000;\">Le kalimba est un instrument de musique africain compos\u00e9 d&rsquo;une partie en bois (souvent assembl\u00e9e avec un r\u00e9sonateur) avec des dents en m\u00e9tal d\u00e9cal\u00e9es, dont on joue en tenant l&rsquo;instrument en main et en pin\u00e7ant les lames avec le pouce. Il suffit d&rsquo;utiliser deux pouces pour obtenir un son. Le kalimba fait partie de la famille des lamellophones et de la famille des instruments de musique idiophones.<\/span><\/p>\n<h3><span style=\"color: #000000;\"><strong>Caract\u00e9ristiques :<\/strong><\/span><\/h3>\n<ul>\n<li><span style=\"color: #000000;\">Parfait pour les d\u00e9butants et les enfants<\/span><\/li>\n<li><span style=\"color: #000000;\">Facile \u00e0 utiliser, il suffit de pincer les dents du kalimba en acajou 17 notes pour jouer, et de pratiquer la flexibilit\u00e9 et la coordination de vos doigts.<\/span><\/li>\n<li><span style=\"color: #000000;\">Facile \u00e0 apprendre, simple \u00e0 utiliser il d\u00e9veloppera votre talent musical.<\/span><\/li>\n<li><span style=\"color: #000000;\">Fabriqu\u00e9 en bois de haute qualit\u00e9 : un beau corps en bois massif et solide cr\u00e9e un son chaud et r\u00e9confortant comme seuls les produits naturels peuvent le faire.<\/span><\/li>\n<li><span style=\"color: #000000;\">Un savoir-faire artisanal exceptionnel : nos touches de piano \u00e0 pouce sont accord\u00e9es avec pr\u00e9cision sur une tige d&rsquo;acier de qualit\u00e9 sup\u00e9rieur qui fournit un son et des tonalit\u00e9s clairs et nets. Un travail bien fait qui vous apportera une belle musique.<\/span><\/li>\n<li><span style=\"color: #000000;\">Protection de s\u00e9curit\u00e9<strong style=\"font-size: 14.4px;\"> :<\/strong><span style=\"font-size: 14.4px;\"> le sac de rangement prot\u00e9gera efficacement le kalimba en acajou 17 notes, en emp\u00eachant l&rsquo;humidit\u00e9, l&rsquo;oxydation, les \u00e9gratignures, les chutes etc&#8230;<\/span><\/span><\/li>\n<li><span style=\"color: #000000;\">Instrument de musique portatif <strong>: <\/strong>son format compact et sa l\u00e9g\u00e8ret\u00e9 en font un produit de choix. Notre kalimba en acajou 17 notes est l\u00e9ger et portable pour que vous puissiez faire de la musique n&rsquo;importe o\u00f9 et n&rsquo;importe quand.<\/span><\/li>\n<li><span style=\"color: #000000;\">17 lames en acier et 2 Trous pour Vibrato : les touches m\u00e9talliques sont fix\u00e9es sur un bo\u00eetier en bois qui sert de chambre de r\u00e9sonance. Au fur et \u00e0 mesure que vous jouez, vous pouvez couvrir et d\u00e9couvrir les trous du vibrato comme vous le souhaitez pour cr\u00e9er des sons personnalis\u00e9s.<\/span><\/li>\n<\/ul>\n<p>&nbsp;<\/p>\n<p><span style=\"color: #000000;\">Mat\u00e9riau du Kalimba en acajou 17 notes : Bois massif en Acajou \/ Koa Polyphonie<\/span><\/p>\n<p><span style=\"color: #000000;\">Nombre de touches : 17 tonalit\u00e9s<\/span><\/p>\n<p><span style=\"color: #000000;\">Mat\u00e9riau de la caisse de r\u00e9sonance : Acajou<\/span><\/p>\n<p><span style=\"color: #000000;\">Mat\u00e9riau de la table d&rsquo;harmonie : Bois massif<\/span><\/p>\n<p><span style=\"color: #000000;\">Poids (kg) : 0,263\u00a0<\/span><\/p>\n<p><span style=\"color: #000000;\">Poids du colis : 0,5480 kg<\/span><\/p>\n<p><span style=\"color: #000000;\">Dimensions de l&#8217;emballage (L x l x H) : 23,00 x 19,00 x 8,00 cm \/ 9,06 x 7,48 x 3,15 pouces<\/span><\/p>\n<p><span style=\"color: #000000;\">Contenu de l&#8217;emballage : 1 x Kalimba en acajou 17 notes, 1 x livre d&rsquo;apprentissage (anglais), 1 x marteau \u00e0 accorder, 1 x sac en tissu, 2 x prot\u00e8ge-pouce, 2 x autocollants.<\/span><\/p>\n<h3><span style=\"color: #000000;\"><b>De quel type de Kalimba avez-vous besoin ?<\/b><\/span><\/h3>\n<p><span style=\"font-weight: 400; color: #000000;\">Il y a tellement de facteurs qui peuvent \u00eatre importants pour vous si vous cherchez \u00e0 obtenir une kalimba. Parmi les questions que vous devez vous poser, il y a celle de savoir quel type de musicien vous \u00eates.<\/span><\/p>\n<p><span style=\"font-weight: 400; color: #000000;\">\u00a0Si vous \u00eates un d\u00e9butant qui n&rsquo;a jamais eu l&rsquo;occasion de jouer d&rsquo;un instrument de musique, un kalimba plus simple pourrait \u00eatre un choix parfait pour vous. Vous pouvez en trouver avec cinq, six, sept ou huit touches.\u00a0<\/span><\/p>\n<p><span style=\"font-weight: 400; color: #000000;\">Ainsi, vous en apprendrez davantage sur la musique et le fonctionnement des instruments, et vous n&rsquo;aurez pas de mal \u00e0 naviguer et \u00e0 vous am\u00e9liorer. <\/span><\/p>\n<p><span style=\"font-weight: 400; color: #000000;\">Naturellement, ce n&rsquo;est pas la r\u00e8gle, et m\u00eame les d\u00e9butants peuvent acheter un kalimba en acajou 17 notes s&rsquo;ils veulent \u00e9viter d&rsquo;acheter un nouvel instrument lorsqu&rsquo;ils se lasseront de l&rsquo;ancien.<\/span><\/p>\n<p><span style=\"font-weight: 400; color: #000000;\">Cela nous am\u00e8ne au deuxi\u00e8me type de joueurs &#8211; les personnes qui ont une exp\u00e9rience de la musique mais qui sont nouvelles dans le monde du kalimba. Si vous \u00eates l&rsquo;un d&rsquo;entre eux, vous pouvez sauter les instruments pour d\u00e9butants, et acheter quelque chose comme le kalimba Alto.\u00a0<\/span><\/p>\n<p><span style=\"font-weight: 400; color: #000000;\">Ce piano \u00e0 pouces poss\u00e8de deux octaves et quinze touches, et il peut constituer un bon point de d\u00e9part pour vous.\u00a0<\/span><\/p>\n<p><span style=\"font-weight: 400; color: #000000;\">En outre, si vous \u00eates un musicien chevronn\u00e9, qui a d\u00e9j\u00e0 une grande exp\u00e9rience du kalimba, vous devriez sans doute acheter un instrument \u00e0 17 touches. Bien que le nombre de touches ne d\u00e9passe pas souvent 17, vous pouvez tout de m\u00eame vous procurer un instrument de qualit\u00e9 sup\u00e9rieure.\u00a0<\/span><\/p>\n<p><span style=\"font-weight: 400; color: #000000;\">Enfin, en fonction de vos pr\u00e9f\u00e9rences musicales, vous devez rechercher un kalimba qui correspond \u00e0 votre style et \u00e0 votre personnalit\u00e9. Que vous aimiez les hymnes, la musique classique, les chansons modernes ou autre chose, vous pouvez trouver un kalimba qui correspond parfaitement \u00e0 vos go\u00fbts.\u00a0<\/span><\/p>\n<h3><span style=\"color: #000000;\"><b>Recherchez les paires d&rsquo;octaves<\/b><\/span><\/h3>\n<p><span style=\"font-weight: 400; color: #000000;\">Des joueurs s\u00e9culaires de mbira dzavadzimu aux compositeurs occidentaux s\u00e9culaires tels que Beethoven, en passant par les groupes de rock classiques comme Van Halen, le doublement des octaves traduit la force de la musique.<\/span><\/p>\n<p><span style=\"font-weight: 400; color: #000000;\">Comment trouver les octaves sur votre kalimba en acajou 17 notes ? Regardez le tableau d&rsquo;accordage et passez en revue chaque nom de note (une lettre g\u00e9n\u00e9ralement). <\/span><\/p>\n<p><span style=\"font-weight: 400; color: #000000;\">Y a-t-il des doublons ? Si le nom de la note en double est sur une dent de la m\u00eame longueur, il s&rsquo;agit de notes redondantes. Si une dent est plus longue et l&rsquo;autre plus courte, il s&rsquo;agit d&rsquo;octaves. <\/span><\/p>\n<p><span style=\"font-weight: 400; color: #000000;\">Elles seront toutes deux des notes \u00ab\u00a0A\u00a0\u00bb ou \u00ab\u00a0B\u00a0\u00bb (ou autre), mais l&rsquo;une est une version sup\u00e9rieure et l&rsquo;autre une version inf\u00e9rieure.<\/span><\/p>\n<p><span style=\"font-weight: 400; color: #000000;\">Vous pouvez toujours jouer deux ou trois notes s\u00e9par\u00e9es par des octaves, et elles sonneront toujours bien. Une partie de l&rsquo;apprentissage de la disposition de votre kalimba en acajou 17 notes consiste \u00e0 comprendre o\u00f9 se trouvent les paires d&rsquo;octaves.<\/span><\/p>\n<h3><span style=\"color: #000000;\"><b>Recherchez les segments de gamme<\/b><\/span><\/h3>\n<p><span style=\"font-weight: 400; color: #000000;\">La plupart des accords de kalimba ont des segments de gamme. Cette gamme peut \u00eatre majeure ou d&rsquo;un autre type. Il existe plusieurs gammes mineures diff\u00e9rentes, et cela ne fait qu&rsquo;effleurer la richesse que l&rsquo;on peut trouver dans diff\u00e9rentes gammes. Certains kalimbas ont une octave compl\u00e8te ou plus de la gamme. <\/span><\/p>\n<p><span style=\"font-weight: 400; color: #000000;\">D&rsquo;autres kalimbas n&rsquo;ont que des morceaux de la gamme. Apprenez o\u00f9 ils se trouvent et comment les utiliser.<\/span><\/p>\n<p><span style=\"font-weight: 400; color: #000000;\">\u00c0 quoi servent les segments de gamme ? La plupart des m\u00e9lodies passent beaucoup de temps \u00e0 monter et descendre des parties de la gamme, les segments de gamme sont donc tr\u00e8s utiles pour les m\u00e9lodies.<\/span><\/p>\n<h3><span style=\"color: #000000;\"><b>Recherchez les accords<\/b><\/span><\/h3>\n<p><span style=\"font-weight: 400; color: #000000;\">Dans l&rsquo;accord de mi du Moyen-Orient, les trois dents sup\u00e9rieures droites forment un triolet de mi majeur, tandis que les trois dents sup\u00e9rieures gauches forment un triolet de r\u00e9 mineur. Certains kalimbas \u00ab\u00a0cachent\u00a0\u00bb leurs accords, et vous devrez travailler un peu plus fort pour les trouver ou vous souvenir des dents des accords. <\/span><\/p>\n<p><span style=\"font-weight: 400; color: #000000;\">Cependant, si les accords sont pr\u00e9sent\u00e9s simplement, comme dans cet accordage moyen-oriental, cela contribue \u00e0 rendre le kaliimba simple et intuitif \u00e0 jouer, ce qui augmente toujours le facteur plaisir.<\/span><\/p>\n<p><span style=\"font-weight: 400; color: #000000;\">A quoi servent les accords ? Souligner les notes d&rsquo;un accord une par une est une strat\u00e9gie utile pour cr\u00e9er des m\u00e9lodies. Mais les accords peuvent aussi \u00eatre \u00ab\u00a0gratt\u00e9s\u00a0\u00bb ou arp\u00e9g\u00e9s pour accompagner une m\u00e9lodie jou\u00e9e en m\u00eame temps.<\/span><\/p>\n<h3><span style=\"color: #000000;\"><b>Recherchez des poulies pratiques<\/b><\/span><\/h3>\n<p><span style=\"font-weight: 400; color: #000000;\">Un kalimba en acajou 17 notes \u00e0 deux niveaux comme la B11 vous permettra de faire glisser votre pouce sur une dent sup\u00e9rieure, puis de pincer la dent voisine de la rang\u00e9e inf\u00e9rieure. Vous pouvez jouer les deux dents simultan\u00e9ment, ou vous pouvez mettre un peu d&rsquo;espace entre les deux notes. Dans certains accords, vous n&rsquo;obtiendrez pas beaucoup d&rsquo;intervalles coh\u00e9rents avec ce mode de jeu naturel.\u00a0<\/span><\/p>\n<p style=\"text-align: center;\"><span style=\"color: #000000;\"><strong>Vous aussi envoyez-nous vos photos\u00a0 !<\/strong><\/span><\/p>\n<p style=\"text-align: center;\"><img loading=\"lazy\" decoding=\"async\" class=\"aligncenter wp-image-2175\" title=\"[Kit Complet] Kalimba en Acajou\" src=\"https:\/\/thekalimba.com\/wp-content\/uploads\/2019\/07\/Acheter-Kalimba-chez-TheKalimba.com-photo-avis-client--300x296.jpg\" alt=\"Kalimba en acajou 17 notes\" width=\"538\" height=\"530\" \/><\/p>\n<p>https:\/\/thekalimba.com\/histoire-du-kalimba\/<\/p>\n<p>&nbsp;<\/p>\n<p><span style=\"color: #000000;\">Apprenez \u00e0 jouer \u00ab\u00a0A Whole New World\u00a0\u00bb du film Disney \u00ab\u00a0Aladin\u00a0\u00bb au kalimba en acajou 17 notes gr\u00e2ce \u00e0 notre <a href=\"https:\/\/thekalimba.com\/a-whole-new-world-kalimba-tutorial-easy\/\">tutoriel<\/a>!<\/span><\/p>\n<p><a href=\"https:\/\/thekalimba.com\/wp-content\/uploads\/2019\/07\/Kalimba-17-notes.jpg\"><img loading=\"lazy\" decoding=\"async\" class=\"alignnone wp-image-20617 size-full\" src=\"https:\/\/thekalimba.com\/wp-content\/uploads\/2019\/07\/Kalimba-17-notes.jpg\" alt=\"\" width=\"1000\" height=\"1205\" \/><\/a><\/p>\n<p>&nbsp;<\/p>\n<p><img decoding=\"async\" src=\"https:\/\/thekalimba.com\/wp-content\/uploads\/2019\/07\/Acheter-Kalimba-chez-TheKalimba.com-2-min.jpg\" \/><\/p>\n<p><img decoding=\"async\" src=\"https:\/\/thekalimba.com\/wp-content\/uploads\/2019\/07\/Acheter-Kalimba-chez-TheKalimba.com-3-min.jpg\" \/><\/p>\n<p>&nbsp;<\/p>\n<p><img decoding=\"async\" src=\"https:\/\/thekalimba.com\/wp-content\/uploads\/2019\/07\/Acheter-Kalimba-chez-TheKalimba.com-4-min.jpg\" \/><\/p>\n<p><img decoding=\"async\" src=\"https:\/\/thekalimba.com\/wp-content\/uploads\/2019\/07\/Acheter-Kalimba-chez-TheKalimba.com-5-min.jpg\" \/><\/p>\n<p><img decoding=\"async\" src=\"https:\/\/thekalimba.com\/wp-content\/uploads\/2019\/07\/Acheter-Kalimba-chez-TheKalimba.com-6-min.jpg\" \/><\/p>\n","protected":false},"excerpt":{"rendered":"<ul>\n<li>\ud83c\udfb6 Kalimba de caoba 17 notas<\/li>\n<li>\ud83d\udee0\ufe0f Kit completo<\/li>\n<li>\ud83d\ude9a Env\u00edo gratuito<\/li>\n<\/ul>","protected":false},"featured_media":21050,"comment_status":"open","ping_status":"closed","template":"","meta":[],"product_brand":[],"product_cat":[29,83,84],"product_tag":[],"class_list":{"0":"post-2161","1":"product","2":"type-product","3":"status-publish","4":"has-post-thumbnail","6":"product_cat-acheter-kalimba-mbira","7":"product_cat-kalimba-17-notes-kalimba","8":"product_cat-kalimba-entree-de-gamme-kalimba","10":"first","11":"instock","12":"taxable","13":"shipping-taxable","14":"purchasable","15":"product-type-simple"},"_links":{"self":[{"href":"https:\/\/thekalimba.com\/es\/wp-json\/wp\/v2\/product\/2161","targetHints":{"allow":["GET"]}}],"collection":[{"href":"https:\/\/thekalimba.com\/es\/wp-json\/wp\/v2\/product"}],"about":[{"href":"https:\/\/thekalimba.com\/es\/wp-json\/wp\/v2\/types\/product"}],"replies":[{"embeddable":true,"href":"https:\/\/thekalimba.com\/es\/wp-json\/wp\/v2\/comments?post=2161"}],"wp:featuredmedia":[{"embeddable":true,"href":"https:\/\/thekalimba.com\/es\/wp-json\/wp\/v2\/media\/21050"}],"wp:attachment":[{"href":"https:\/\/thekalimba.com\/es\/wp-json\/wp\/v2\/media?parent=2161"}],"wp:term":[{"taxonomy":"product_brand","embeddable":true,"href":"https:\/\/thekalimba.com\/es\/wp-json\/wp\/v2\/product_brand?post=2161"},{"taxonomy":"product_cat","embeddable":true,"href":"https:\/\/thekalimba.com\/es\/wp-json\/wp\/v2\/product_cat?post=2161"},{"taxonomy":"product_tag","embeddable":true,"href":"https:\/\/thekalimba.com\/es\/wp-json\/wp\/v2\/product_tag?post=2161"}],"curies":[{"name":"wp","href":"https:\/\/api.w.org\/{rel}","templated":true}]}}