{"id":23726,"date":"2023-04-04T20:36:15","date_gmt":"2023-04-04T20:36:15","guid":{"rendered":"https:\/\/thekalimba.com\/kalimba-17-notes-gecko\/"},"modified":"2025-05-19T13:20:42","modified_gmt":"2025-05-19T13:20:42","slug":"kalimba-17-notas-gecko","status":"publish","type":"product","link":"https:\/\/thekalimba.com\/es\/producto\/kalimba-17-notas-gecko\/","title":{"rendered":"Kalimba 17 notas gecko"},"content":{"rendered":"<p style=\"text-align: center;\"><video style=\"max-width: 100%;\" src=\"\/\/video.aliexpress-media.com\/play\/u\/ae_sg_item\/3955958583\/p\/1\/e\/6\/t\/10301\/274506863725.mp4\" poster=\"https:\/\/ae01.alicdn.com\/kf\/Hcdb9e634b3764475b0aa20a78f56b6faP\/GECKO-Kalimba-17-pr-dire-corps-NestMahBody-solide-avec-instructions-et-marteau-d-accord-piano-pouce.jpg,https:\/\/ae01.alicdn.com\/kf\/H0bd48b971e554e7ab81a8cef5566c31fE\/GECKO-Kalimba-17-pr-dire-corps-NestMahBody-solide-avec-instructions-et-marteau-d-accord-piano-pouce.jpg,https:\/\/ae01.alicdn.com\/kf\/H35c0a20c61bf40cda5a057d97aaba517H\/GECKO-Kalimba-17-pr-dire-corps-NestMahBody-solide-avec-instructions-et-marteau-d-accord-piano-pouce.jpg,https:\/\/ae01.alicdn.com\/kf\/H7ebeaa6a3e7448a6b2e21e2315051d510\/GECKO-Kalimba-17-pr-dire-corps-NestMahBody-solide-avec-instructions-et-marteau-d-accord-piano-pouce.jpg,https:\/\/ae01.alicdn.com\/kf\/Hccfba4492f034ac3afde668c071c6126n\/GECKO-Kalimba-17-pr-dire-corps-NestMahBody-solide-avec-instructions-et-marteau-d-accord-piano-pouce.jpg,https:\/\/ae01.alicdn.com\/kf\/H9772de7c5e444de4bbc6bc01036b00e66\/GECKO-Kalimba-17-pr-dire-corps-NestMahBody-solide-avec-instructions-et-marteau-d-accord-piano-pouce.jpg\" preload=\"auto\" controls=\"controls\" width=\"100%\" height=\"100%\"><\/video><\/p>\n<div>\n<div>\n<div><img decoding=\"async\" title=\"Kalimba 17 notas gecko\" src=\"https:\/\/thekalimba.com\/wp-content\/uploads\/2023\/04\/23726-eeyari.jpg\" alt=\"Kalimba 17 notas gecko\" \/><img decoding=\"async\" title=\"Kalimba 17 notas gecko\" src=\"https:\/\/thekalimba.com\/wp-content\/uploads\/2023\/04\/23726-bbssps.jpg\" alt=\"Kalimba 17 notas gecko\" \/><img decoding=\"async\" title=\"Kalimba 17 notas gecko\" src=\"https:\/\/thekalimba.com\/wp-content\/uploads\/2023\/04\/23726-tu7ydj.jpg\" alt=\"Kalimba 17 notas gecko\" \/><img decoding=\"async\" title=\"Kalimba 17 notas gecko\" src=\"https:\/\/thekalimba.com\/wp-content\/uploads\/2023\/04\/23726-e6s1gz.jpg\" alt=\"Kalimba 17 notas gecko\" \/><\/div>\n<div><img decoding=\"async\" title=\"Kalimba 17 notas gecko\" src=\"https:\/\/thekalimba.com\/wp-content\/uploads\/2023\/04\/23726-hckdfb.jpg\" alt=\"Kalimba 17 notas gecko\" \/><img decoding=\"async\" title=\"Kalimba 17 notas gecko\" src=\"https:\/\/thekalimba.com\/wp-content\/uploads\/2023\/04\/23726-rzlgo4.jpg\" alt=\"Kalimba 17 notas gecko\" \/><img decoding=\"async\" title=\"Kalimba 17 notas gecko\" src=\"https:\/\/thekalimba.com\/wp-content\/uploads\/2023\/04\/23726-2mq3nm.jpg\" alt=\"Kalimba 17 notas gecko\" \/><img decoding=\"async\" title=\"Kalimba 17 notas gecko\" src=\"https:\/\/thekalimba.com\/wp-content\/uploads\/2023\/04\/23726-zlxm9j.jpg\" alt=\"Kalimba 17 notas gecko\" \/><img decoding=\"async\" title=\"Kalimba 17 notas gecko\" src=\"https:\/\/thekalimba.com\/wp-content\/uploads\/2023\/04\/23726-l5yv69.jpg\" alt=\"Kalimba 17 notas gecko\" \/><img decoding=\"async\" title=\"Kalimba 17 notas gecko\" src=\"https:\/\/thekalimba.com\/wp-content\/uploads\/2023\/04\/23726-cftrop.jpg\" alt=\"Kalimba 17 notas gecko\" \/><\/div>\n<p>\u00a0<\/p>\n<p class=\"whitespace-pre-wrap\">Esta kalimba Gecko K17MAP de 17 notas con su sonido cristalino har\u00e1 las delicias de todos los aficionados a la kalimba. Sus 17 palas de acero inoxidable producen notas puras y armoniosas para relajarte. El resonador de madera natural amplifica cada nota de esta kalimba Gecko.<\/p>\n<p class=\"whitespace-pre-wrap\">Gracias a su afinaci\u00f3n diat\u00f3nica, esta kalimba Gecko es muy f\u00e1cil de manejar. Toca melod\u00edas magn\u00edficas y relajantes desde el principio. El tacto sedoso de las palas de acero inoxidable hace que tocar sea un aut\u00e9ntico placer.<\/p>\n<p class=\"whitespace-pre-wrap\">Entregada en un kit completo, esta kalimba Gecko K17MAP incluye una funda protectora, un martillo de afinaci\u00f3n y un manual de aprendizaje con tablaturas. \u00a1Ideal para iniciarse en la kalimba Gecko!<\/p>\n<p class=\"whitespace-pre-wrap\">Disfrute de un sonido cristalino y aut\u00e9ntico con esta kalimba Gecko hecha a mano. Es la compa\u00f1era perfecta para la relajaci\u00f3n y el bienestar. Reg\u00e1late esta kalimba fabricada en Indonesia o reg\u00e1lala a un compa\u00f1ero m\u00fasico.<\/p>\n<p class=\"whitespace-pre-wrap\">La kalimba Gecko K17MAP har\u00e1 las delicias de todos los aficionados a los pianos de pulgar y a los instrumentos mel\u00f3dicos. Su afinaci\u00f3n diat\u00f3nica facilita la ejecuci\u00f3n de sus piezas favoritas. \u00a1Prueba ya esta kalimba Gecko!<\/p>\n<\/div>\n<\/div>","protected":false},"excerpt":{"rendered":"<ul>\n<li>\ud83c\udfb5 Kalimba 17 Notas Gecko<\/li>\n<li>\ud83c\udfb6 Instrumento musical<\/li>\n<li>\ud83e\udd41 Percusi\u00f3n africana<\/li>\n<\/ul>","protected":false},"featured_media":23737,"comment_status":"open","ping_status":"closed","template":"","meta":[],"product_brand":[],"product_cat":[85],"product_tag":[],"class_list":{"0":"post-23726","1":"product","2":"type-product","3":"status-publish","4":"has-post-thumbnail","6":"product_cat-kalimba-haut-de-gamme-kalimba","8":"first","9":"instock","10":"taxable","11":"shipping-taxable","12":"purchasable","13":"product-type-variable","14":"has-default-attributes"},"_links":{"self":[{"href":"https:\/\/thekalimba.com\/es\/wp-json\/wp\/v2\/product\/23726","targetHints":{"allow":["GET"]}}],"collection":[{"href":"https:\/\/thekalimba.com\/es\/wp-json\/wp\/v2\/product"}],"about":[{"href":"https:\/\/thekalimba.com\/es\/wp-json\/wp\/v2\/types\/product"}],"replies":[{"embeddable":true,"href":"https:\/\/thekalimba.com\/es\/wp-json\/wp\/v2\/comments?post=23726"}],"wp:featuredmedia":[{"embeddable":true,"href":"https:\/\/thekalimba.com\/es\/wp-json\/wp\/v2\/media\/23737"}],"wp:attachment":[{"href":"https:\/\/thekalimba.com\/es\/wp-json\/wp\/v2\/media?parent=23726"}],"wp:term":[{"taxonomy":"product_brand","embeddable":true,"href":"https:\/\/thekalimba.com\/es\/wp-json\/wp\/v2\/product_brand?post=23726"},{"taxonomy":"product_cat","embeddable":true,"href":"https:\/\/thekalimba.com\/es\/wp-json\/wp\/v2\/product_cat?post=23726"},{"taxonomy":"product_tag","embeddable":true,"href":"https:\/\/thekalimba.com\/es\/wp-json\/wp\/v2\/product_tag?post=23726"}],"curies":[{"name":"wp","href":"https:\/\/api.w.org\/{rel}","templated":true}]}}