{"id":24932,"date":"2024-02-09T23:11:04","date_gmt":"2024-02-09T23:11:04","guid":{"rendered":"https:\/\/thekalimba.com\/kit-debutant-kalimba-en-bois-dacajou-17-notes\/"},"modified":"2026-03-20T11:49:23","modified_gmt":"2026-03-20T11:49:23","slug":"kit-debutant-kalimba-en-bois-dacajou-17-notas-2","status":"publish","type":"product","link":"https:\/\/thekalimba.com\/es\/producto\/kit-debutant-kalimba-en-bois-dacajou-17-notas-2\/","title":{"rendered":"Kit de iniciaci\u00f3n - Kalimba de caoba de 17 notas"},"content":{"rendered":"<div>\n<div>\n<p>\ud83c\udfb5 <strong>Descubra el Kit Kalimba 17 Notas<\/strong>\u00a0\ud83c\udfb5<\/p>\n<p>Sum\u00e9rgete en el mundo de la m\u00fasica con el Kit Kalimba de 17 notas, el instrumento ideal para cautivar corazones, ya sean de novatos o de avezados amantes de la m\u00fasica. \ud83c\udf08<\/p>\n<p><strong>Este kit incluye :<\/strong><\/p>\n<ul>\n<li>\ud83c\udf1f Una funda protectora para mantener tu kalimba como nueva.<\/li>\n<li>\ud83c\udfb6 Un martillo afinador para una armon\u00eda perfecta.<\/li>\n<li>\ud83c\udfb5 Pegatinas y una gu\u00eda de aprendizaje (en ingl\u00e9s) para ayudarte a empezar.<\/li>\n<li>\ud83c\udfb9 Una kalimba de 17 notas fabricada con madera de caoba, que promete un sonido c\u00e1lido y profundo.<\/li>\n<\/ul>\n<p><strong>La experiencia Kalimba:<\/strong><\/p>\n<ul>\n<li>\ud83c\udfbc Un instrumento de enga\u00f1osa sencillez, que ofrece sofisticaci\u00f3n y riqueza de sonido con sus 17 notas.<\/li>\n<li>\ud83c\udf0d Originaria de \u00c1frica, la kalimba est\u00e1 conquistando el mundo por su facilidad de ejecuci\u00f3n y su versatilidad musical.<\/li>\n<li>\ud83c\udfb5 Toca todos los g\u00e9neros, desde el cl\u00e1sico hasta el contempor\u00e1neo, y d\u00e9jate llevar por la diversidad de las melod\u00edas que creas.<\/li>\n<li>\ud83c\udf33 Su refinada est\u00e9tica, subrayada por la madera de caoba, lo convierte en un elegante objeto decorativo tanto como en un instrumento musical.<\/li>\n<\/ul>\n<p><strong>\u00bfPor qu\u00e9 la Kalimba?<\/strong><\/p>\n<ul>\n<li>\ud83c\udfb6 Una invitaci\u00f3n a explorar la m\u00fasica, accesible a todos gracias a su manejo intuitivo.<\/li>\n<li>\ud83c\udf1f Una elecci\u00f3n de calidad para quienes buscan enriquecer su paleta musical con un instrumento original.<\/li>\n<li>\ud83c\udf3f Incorpora un toque de naturaleza y autenticidad a tu d\u00eda a d\u00eda con su dise\u00f1o y tono \u00fanicos.<\/li>\n<\/ul>\n<p><strong>Su viaje musical comienza aqu\u00ed :<\/strong><\/p>\n<p>La kalimba de caoba de 17 notas de Thekalimba.com le est\u00e1 esperando. Emb\u00e1rcate en una aventura musical inolvidable, donde la sencillez rima con belleza. \ud83c\udfb5\ud83c\udf1f<\/p>\n<p>No esperes m\u00e1s para descubrir la magia de la kalimba y dejar fluir tu creatividad a trav\u00e9s de sus hechizantes melod\u00edas. \ud83c\udfb6<\/p>\n<p><img decoding=\"async\" title=\"Kit para principiantes - Kalimba de caoba de 17 notas\" src=\"https:\/\/thekalimba.com\/wp-content\/uploads\/2024\/02\/24932-65a8a6.jpeg\" alt=\"Kit para principiantes - Kalimba de caoba de 17 notas\" \/><img decoding=\"async\" title=\"Kit para principiantes - Kalimba de caoba de 17 notas\" src=\"https:\/\/thekalimba.com\/wp-content\/uploads\/2024\/02\/24932-axzpwj.jpg\" alt=\"Kit para principiantes - Kalimba de caoba de 17 notas\" \/><img decoding=\"async\" title=\"Kit para principiantes - Kalimba de caoba de 17 notas\" src=\"https:\/\/thekalimba.com\/wp-content\/uploads\/2024\/02\/24932-337d93.jpeg\" alt=\"Kit para principiantes - Kalimba de caoba de 17 notas\" \/><img decoding=\"async\" title=\"Kit para principiantes - Kalimba de caoba de 17 notas\" src=\"https:\/\/thekalimba.com\/wp-content\/uploads\/2024\/02\/24932-abee53.jpeg\" alt=\"Kit para principiantes - Kalimba de caoba de 17 notas\" \/><img decoding=\"async\" title=\"Kit para principiantes - Kalimba de caoba de 17 notas\" src=\"https:\/\/thekalimba.com\/wp-content\/uploads\/2024\/02\/24932-b8fdac.jpeg\" alt=\"Kit para principiantes - Kalimba de caoba de 17 notas\" \/><img decoding=\"async\" title=\"Kit para principiantes - Kalimba de caoba de 17 notas\" src=\"https:\/\/thekalimba.com\/wp-content\/uploads\/2024\/02\/24932-ywjehf.jpg\" alt=\"Kit para principiantes - Kalimba de caoba de 17 notas\" \/><img decoding=\"async\" title=\"Kit para principiantes - Kalimba de caoba de 17 notas\" src=\"https:\/\/thekalimba.com\/wp-content\/uploads\/2024\/02\/24932-4a3612.jpeg\" alt=\"Kit para principiantes - Kalimba de caoba de 17 notas\" \/><img decoding=\"async\" title=\"Kit para principiantes - Kalimba de caoba de 17 notas\" src=\"https:\/\/thekalimba.com\/wp-content\/uploads\/2024\/02\/24932-98c4fe.jpeg\" alt=\"Kit para principiantes - Kalimba de caoba de 17 notas\" \/><img decoding=\"async\" title=\"Kit para principiantes - Kalimba de caoba de 17 notas\" src=\"https:\/\/thekalimba.com\/wp-content\/uploads\/2024\/02\/24932-bw6k0j.jpg\" alt=\"Kit para principiantes - Kalimba de caoba de 17 notas\" \/><img decoding=\"async\" title=\"Kit para principiantes - Kalimba de caoba de 17 notas\" src=\"https:\/\/thekalimba.com\/wp-content\/uploads\/2024\/02\/24932-5miqkq.jpg\" alt=\"Kit para principiantes - Kalimba de caoba de 17 notas\" \/><img decoding=\"async\" title=\"Kit para principiantes - Kalimba de caoba de 17 notas\" src=\"https:\/\/thekalimba.com\/wp-content\/uploads\/2024\/02\/24932-874acf.jpeg\" alt=\"Kit para principiantes - Kalimba de caoba de 17 notas\" \/><\/p>\n<\/div>\n<\/div>","protected":false},"excerpt":{"rendered":"<p>\ud83c\udfb5 Descubre el Kit Kalimba de 17 notas de Thekalimba.com, un instrumento musical \u00fanico y melodioso. Perfecto tanto para mel\u00f3manos como para principiantes. \ud83c\udfb6<br \/>\nIncluido en el kit :<br \/>\n\ud83c\udf1f Cubierta protectora<br \/>\n\ud83c\udfb6 Martillo de afinar<br \/>\n\ud83c\udfb5 Pegatinas y gu\u00eda de aprendizaje (en ingl\u00e9s)<br \/>\n\ud83c\udfb9 Kalimba de caoba de 17 notas<\/p>","protected":false},"featured_media":24942,"comment_status":"open","ping_status":"closed","template":"","meta":[],"product_brand":[],"product_cat":[83,84],"product_tag":[],"class_list":{"0":"post-24932","1":"product","2":"type-product","3":"status-publish","4":"has-post-thumbnail","6":"product_cat-kalimba-17-notes-kalimba","7":"product_cat-kalimba-entree-de-gamme-kalimba","9":"first","10":"instock","11":"sale","12":"taxable","13":"shipping-taxable","14":"purchasable","15":"product-type-variable","16":"has-default-attributes"},"_links":{"self":[{"href":"https:\/\/thekalimba.com\/es\/wp-json\/wp\/v2\/product\/24932","targetHints":{"allow":["GET"]}}],"collection":[{"href":"https:\/\/thekalimba.com\/es\/wp-json\/wp\/v2\/product"}],"about":[{"href":"https:\/\/thekalimba.com\/es\/wp-json\/wp\/v2\/types\/product"}],"replies":[{"embeddable":true,"href":"https:\/\/thekalimba.com\/es\/wp-json\/wp\/v2\/comments?post=24932"}],"wp:featuredmedia":[{"embeddable":true,"href":"https:\/\/thekalimba.com\/es\/wp-json\/wp\/v2\/media\/24942"}],"wp:attachment":[{"href":"https:\/\/thekalimba.com\/es\/wp-json\/wp\/v2\/media?parent=24932"}],"wp:term":[{"taxonomy":"product_brand","embeddable":true,"href":"https:\/\/thekalimba.com\/es\/wp-json\/wp\/v2\/product_brand?post=24932"},{"taxonomy":"product_cat","embeddable":true,"href":"https:\/\/thekalimba.com\/es\/wp-json\/wp\/v2\/product_cat?post=24932"},{"taxonomy":"product_tag","embeddable":true,"href":"https:\/\/thekalimba.com\/es\/wp-json\/wp\/v2\/product_tag?post=24932"}],"curies":[{"name":"wp","href":"https:\/\/api.w.org\/{rel}","templated":true}]}}