{"id":85,"date":"2022-02-01T00:42:24","date_gmt":"2022-02-01T00:42:24","guid":{"rendered":"https:\/\/thekalimba.com\/?post_type=product&#038;p=85"},"modified":"2024-03-24T01:46:05","modified_gmt":"2024-03-24T01:46:05","slug":"kit-reparacion-y-fabricacion-kalimba","status":"publish","type":"product","link":"https:\/\/thekalimba.com\/es\/producto\/kit-reparacion-y-fabricacion-kalimba\/","title":{"rendered":"Kit de reparaci\u00f3n y fabricaci\u00f3n de kalimbas"},"content":{"rendered":"<h1>Kit de reparaci\u00f3n y fabricaci\u00f3n de 17 teclas Kalimba con piezas de repuesto y herramientas<\/h1>\n<h2>\ud83c\udfb5 Crea o repara tu propia Kalimba \ud83c\udfb5<\/h2>\n<p>\u00bfSiempre ha querido aprender a tocar la Kalimba? Este kit de reparaci\u00f3n y construcci\u00f3n contiene todo lo que necesita para crear su propio instrumento o repararlo usted mismo. Con este kit, podr\u00e1 disfrutar de la satisfacci\u00f3n de tocar su propia creaci\u00f3n.<\/p>\n<h3>Caracter\u00edsticas :<\/h3>\n<ul>\n<li>\ud83c\udfb9 <strong>Llaves de alta calidad :<\/strong> Las teclas est\u00e1n fabricadas en acero al manganeso de alta calidad para ofrecer un sonido cristalino, una buena flexibilidad y una agradable sensaci\u00f3n al tocar. El proceso repetido de galvanizado, rectificado y biselado garantiza una superficie brillante y de alta calidad. Las llaves tienen un grosor de 1,0 + un tratamiento antioxidante para mejorar la calidad del sonido.<\/li>\n<li>\ud83d\udee0\ufe0f <strong>Herramientas de ajuste :<\/strong> El kit incluye un martillo de afinar y un puente de madera de alta calidad para una afinaci\u00f3n precisa y f\u00e1cil.<\/li>\n<li>\ud83d\udd0d <strong>Llaves grabadas :<\/strong> Las llaves est\u00e1n grabadas para que pueda encontrar r\u00e1pidamente la llave correspondiente cuando las utilice.<\/li>\n<li>\ud83d\udcd0 <strong>Especificaciones:<\/strong> Las llaves son de acero, el puente de madera y el martillo de acero y madera. El tama\u00f1o del puente es 112x10x8mm\/4.41\u00d70.39\u00d70.31in. El peso neto del juego es de 135 g.<\/li>\n<\/ul>\n<p>\ud83d\udcdd Nota: debido a la diferencia en la pantalla y el efecto de la luz, el color real del art\u00edculo puede ser ligeramente diferente del color mostrado en las fotos. Por favor, tambi\u00e9n permita 1-3mm desviaci\u00f3n de medici\u00f3n debido a la medici\u00f3n manual.<\/p>\n<h3>\u00a1Haz tu pedido ahora y disfruta de la satisfacci\u00f3n de tocar tu propia Kalimba! \ud83c\udfb6<\/h3>","protected":false},"excerpt":{"rendered":"<p>Construya su propia Kalimba o rep\u00e1rela f\u00e1cilmente con nuestro kit de reparaci\u00f3n y fabricaci\u00f3n de alta calidad.<\/p>","protected":false},"featured_media":86,"comment_status":"open","ping_status":"closed","template":"","meta":[],"product_brand":[],"product_cat":[21,53],"product_tag":[],"class_list":{"0":"post-85","1":"product","2":"type-product","3":"status-publish","4":"has-post-thumbnail","6":"product_cat-accessoires","7":"product_cat-kit-fabrication-kalimba","9":"first","10":"instock","11":"taxable","12":"shipping-taxable","13":"purchasable","14":"product-type-simple"},"_links":{"self":[{"href":"https:\/\/thekalimba.com\/es\/wp-json\/wp\/v2\/product\/85","targetHints":{"allow":["GET"]}}],"collection":[{"href":"https:\/\/thekalimba.com\/es\/wp-json\/wp\/v2\/product"}],"about":[{"href":"https:\/\/thekalimba.com\/es\/wp-json\/wp\/v2\/types\/product"}],"replies":[{"embeddable":true,"href":"https:\/\/thekalimba.com\/es\/wp-json\/wp\/v2\/comments?post=85"}],"wp:featuredmedia":[{"embeddable":true,"href":"https:\/\/thekalimba.com\/es\/wp-json\/wp\/v2\/media\/86"}],"wp:attachment":[{"href":"https:\/\/thekalimba.com\/es\/wp-json\/wp\/v2\/media?parent=85"}],"wp:term":[{"taxonomy":"product_brand","embeddable":true,"href":"https:\/\/thekalimba.com\/es\/wp-json\/wp\/v2\/product_brand?post=85"},{"taxonomy":"product_cat","embeddable":true,"href":"https:\/\/thekalimba.com\/es\/wp-json\/wp\/v2\/product_cat?post=85"},{"taxonomy":"product_tag","embeddable":true,"href":"https:\/\/thekalimba.com\/es\/wp-json\/wp\/v2\/product_tag?post=85"}],"curies":[{"name":"wp","href":"https:\/\/api.w.org\/{rel}","templated":true}]}}