{"id":8800,"date":"2019-11-03T12:46:56","date_gmt":"2019-11-03T12:46:56","guid":{"rendered":"https:\/\/thekalimba.com\/?post_type=product&#038;p=8800"},"modified":"2026-03-20T09:21:44","modified_gmt":"2026-03-20T09:21:44","slug":"etui-de-rangement-ultra-resistant-kalimba-17-notas","status":"publish","type":"product","link":"https:\/\/thekalimba.com\/es\/producto\/etui-de-rangement-ultra-resistant-kalimba-17-notas\/","title":{"rendered":"Kalimba 17 notas estuche resistente"},"content":{"rendered":"<p><strong><span style=\"color: #000000;\">Caracter\u00edsticas de este malet\u00edn de almacenamiento:<\/span><\/strong><\/p>\n<p><span style=\"color: #000000;\">100% nuevo y de alta calidad.<\/span><\/p>\n<p><span style=\"color: #000000;\">Malet\u00edn de transporte especialmente dise\u00f1ado para pianos de pulgares de 10\/15\/17 teclas.<\/span><\/p>\n<p><span style=\"color: #000000;\">Material resistente al agua, con acolchado interior de espuma para proteger el piano de pulgares de los golpes.<\/span><\/p>\n<p><span style=\"color: #000000;\">Incluye una ranura para colocar el martillo de ajuste y<\/span><span style=\"color: #000000;\">\u00a0Asas superiores para un c\u00f3modo transporte.<\/span><\/p>\n<p><span style=\"color: #000000;\">Peque\u00f1a, resistente y f\u00e1cil de transportar, con esta funda podr\u00e1 cuidar de su kalimba.<\/span><\/p>\n<p><strong><span style=\"color: #000000;\">Especificaciones:<\/span><\/strong><\/p>\n<p><span style=\"color: #000000;\">Color: negro<\/span><\/p>\n<p><span style=\"color: #000000;\">Material: EVA<\/span><\/p>\n<p><span style=\"color: #000000;\">Tama\u00f1o: 21 cm\/8,27 \" \u00d7 14 cm\/5,51\u2033 \u00d7 9 cm\/3,54 \".<\/span><\/p>\n<p><span style=\"color: #000000;\">La Kalimba que aparece en la imagen no est\u00e1 incluida.<\/span><\/p>\n<h2><span style=\"color: #000000;\"><b>Presentamos el estuche ultra resistente\u00a0<\/b><\/span><\/h2>\n<p><span style=\"font-weight: 400; color: #000000;\">Descubra el estuche de almacenamiento ultra resistente para kalimba de 17 notas. Estos estuches est\u00e1n dise\u00f1ados para mantener su kalimba y sus accesorios limpios, organizados y seguros. Este estuche protege su instrumento de la humedad, el polvo y los elementos.<\/span><\/p>\n<p><span style=\"font-weight: 400; color: #000000;\">Puede utilizarla para proteger y transportar su kalimba. Ultra resistente, le garantizar\u00e1 una buena protecci\u00f3n de su instrumento. Gracias a este estuche, podr\u00e1 llevar su kalimba a todas partes, de vacaciones, de viaje, etc.<\/span><\/p>\n<p><span style=\"font-weight: 400; color: #000000;\">Las kalimbas son instrumentos fr\u00e1giles que requieren un alto nivel de protecci\u00f3n. Hay que protegerlas de los golpes y de las temperaturas demasiado bajas o demasiado altas para mantenerlas afinadas.<\/span><\/p>\n<p><span style=\"font-weight: 400; color: #000000;\">Este estuche esencial se adapta al tama\u00f1o de su Kalimba de 17 notas.<\/span><\/p>\n<p><span style=\"font-weight: 400; color: #000000;\">Estos estuches de almacenamiento se han fabricado especialmente para kalimbas de 17 notas, ya sea la kalimba aguda Hugh Tracey o una de las muchas marcas de kalimbas de 17 notas en Do, incluidas las kalimbas Heart de 17 notas. Est\u00e1 hecha de material negro s\u00f3lido, acolchada e incluye un asa y una cremallera. Es una forma atractiva y econ\u00f3mica de proteger su kalimba cuando viaja.\u00a0<\/span><\/p>\n<h2><span style=\"color: #000000;\"><b>Estuches adecuados<\/b><\/span><\/h2>\n<p><span style=\"font-weight: 400; color: #000000;\">Actualmente existen muchas opciones de bolsas y fundas para guardar kalimbas. Si busca algo realmente especial, eche un vistazo a nuestro sitio. Usted est\u00e1 obligado a encontrar el caso de almacenamiento adecuado o cubierta para su kalimba.<\/span><\/p>\n<p><span style=\"color: #000000;\"><span style=\"font-weight: 400;\">En The Kalimba, tenemos hermosas bolsas para kalimba hechas a mano, acolchadas y acolchadas en una variedad de colores y tama\u00f1os. Encontrar\u00e1s muy atractivas muchas de estas bolsas de s\u00f3lida construcci\u00f3n (y seguro que tendr\u00e1s suficientes kalimbas para usar todas las nuevas).<\/span><\/span><\/p>\n<p><span style=\"font-weight: 400; color: #000000;\">Eche un vistazo a este exclusivo estuche negro para guardar kalimbas de 17 notas. Es posible que encuentre uno o dos modelos que le atraigan, tanto visual como pr\u00e1cticamente.<\/span><\/p>\n<p style=\"text-align: center;\">\n<h2 style=\"text-align: left;\"><span style=\"color: #000000;\"><b>La kalimba<\/b><\/span><\/h2>\n<p><span style=\"font-weight: 400; color: #000000;\">El piano de pulgares o mbira (nombre derivado de la lengua shona de Zimbabue) es un instrumento de percusi\u00f3n africano. En un pasado remoto, se fabricaba totalmente de madera o bamb\u00fa y es posible que se haya utilizado durante varios miles de a\u00f1os. El piano de pulgares con teclas de metal apareci\u00f3 por primera vez hace unos 1.300 a\u00f1os a orillas del r\u00edo Zambeze, en lo que hoy son Zimbabue y Malawi. Este instrumento se ha extendido ampliamente por toda \u00c1frica, y en 2020 la UNESCO aprob\u00f3 la inclusi\u00f3n de la m\u00fasica mbira en la Lista Representativa del Patrimonio Cultural Inmaterial de la Humanidad.<\/span><\/p>\n<p><span style=\"font-weight: 400; color: #000000;\">La mbira consiste en una hilera de tiras de metal, utilizadas como llaves, unidas a una calabaza de madera abierta o resonador hueco. Las teclas var\u00edan en longitud, la m\u00e1s larga se coloca en el centro, y cada longitud determina el tono de la tecla. Cuanto m\u00e1s corta, m\u00e1s agudo, y cuanto m\u00e1s larga, m\u00e1s grave. Las llaves se fabrican con distintos metales, como alambre de muelle y, en las versiones artesanales m\u00e1s contempor\u00e1neas, mangos de cuchara, radios de bicicleta y otros objetos met\u00e1licos reciclados.<\/span><\/p>\n<p><span style=\"font-weight: 400; color: #000000;\">Para tocar el instrumento, el int\u00e9rprete sujeta el resonador con los dedos por debajo y utiliza los pulgares para pellizcar las teclas. Esto produce sonidos deliciosamente agradables y tranquilos. Se pueden obtener sonidos arm\u00f3nicos o r\u00edtmicos pellizcando las teclas simult\u00e1neamente o alternando los pellizcos. Los tonos pueden superponerse para dar un efecto similar al de una orquesta: pleno y rico en calidad y sonido.<\/span><\/p>\n<p><span style=\"font-weight: 400; color: #000000;\">La mbira se utilizaba en ceremonias como bodas, funerales y en honor de personas importantes, as\u00ed como con fines religiosos, para invocar a los esp\u00edritus y pedirles consejo. <\/span><\/p>\n<p><span style=\"font-weight: 400; color: #000000;\">Para invocar a los antepasados espirituales, la tribu organizaba una ceremonia religiosa consistente en cantar, bailar y tocar m\u00fasica hasta que aparec\u00edan los esp\u00edritus. El ritual se deten\u00eda temporalmente en presencia del esp\u00edritu y se reanudaba cuando \u00e9ste se marchaba. Por eso era necesario que la mbira produjera un sonido capaz de \"proyectarse hacia el cielo\" y atraer a los esp\u00edritus a la tierra.<\/span><\/p>\n<p><span style=\"font-weight: 400; color: #000000;\">A lo largo de cientos de a\u00f1os, diferentes pueblos del continente han creado variaciones de la mbira, cambiando el estilo y el nombre, pero el dise\u00f1o general sigue siendo el mismo. <\/span><\/p>\n<p><span style=\"font-weight: 400; color: #000000;\">El Museo Australiano posee una peque\u00f1a colecci\u00f3n de pianos de pulgar procedentes de varios grupos culturales, que muestran diversidad de tama\u00f1os, materiales y dise\u00f1os. Entre ellos se encuentran pianos de pulgar como el likembe y el sanza del Congo, el kadongo y el akogo de Uganda y la kalimba de Kenia.<\/span><\/p>\n<p><span style=\"font-weight: 400; color: #000000;\">En la segunda mitad del siglo XX, el piano de pulgar africano fue adoptado por los m\u00fasicos contempor\u00e1neos, sobre todo en Europa y Am\u00e9rica. No s\u00f3lo tiene una larga historia, sino tambi\u00e9n un futuro prometedor.<\/span><\/p>\n<p><span style=\"color: #000000;\">Aprende a tocar \"Lovely\" de Billie Eilish ft. Khalid en la kalimba con nuestro <a style=\"color: #000000;\" href=\"https:\/\/thekalimba.com\/es\/\u3010easy-kalimba-tutorial\u3011lovely-by-billie-eilish-ft-khalid\/\">tutorial<\/a> !<\/span><\/p>\n<p>Este estuche protege su kalimba del agua, el polvo y los golpes.<\/p>\n<p><img loading=\"lazy\" decoding=\"async\" class=\"alignnone\" src=\"https:\/\/thekalimba.com\/wp-content\/uploads\/2019\/11\/etui-kalimba-1.jpg\" alt=\"Estuche\" width=\"400\" height=\"399\" \/><\/p>\n<p><img decoding=\"async\" src=\"https:\/\/thekalimba.com\/wp-content\/uploads\/2019\/11\/Housse-\u00e9tui-Kalimba-4.jpg\" \/><\/p>\n<p><img loading=\"lazy\" decoding=\"async\" class=\"alignnone\" src=\"https:\/\/thekalimba.com\/wp-content\/uploads\/2019\/11\/Housse-\u00e9tui-Kalimba-2.jpg\" alt=\"Estuche\" width=\"800\" height=\"800\" \/><\/p>","protected":false},"excerpt":{"rendered":"<p>17\/15\/10 teclas Kalimba caso pulgar Piano bolsa de almacenamiento de EVA Sanza Kalimba bolso con una ranura para colocar el ajuste del martillo<\/p>\n<p>Caracter\u00edsticas:<\/p>\n<p>100% nuevo y de alta calidad.<\/p>\n<p>Malet\u00edn de transporte especialmente dise\u00f1ado para pianos de pulgares de 10\/15\/17 teclas.<\/p>\n<p>Material resistente al agua, con acolchado interior de espuma para proteger el piano de pulgares de los golpes.<\/p>\n<p>Con una ranura para el martillo de ajuste.<\/p>\n<p>Dise\u00f1o con cremallera y asas superiores para un c\u00f3modo transporte.<\/p>\n<p>Peque\u00f1o, resistente y f\u00e1cil de transportar.<\/p>\n<p>Especificaci\u00f3n:<\/p>\n<p>Color: negro<\/p>\n<p>Material: EVA<\/p>\n<p>Tama\u00f1o: 21 cm\/8,27 \" \u00d7 14 cm\/5,51\u2033 \u00d7 9 cm\/3,54 \".<\/p>\n<p>La Kalimba que aparece en la imagen no est\u00e1 incluida.<\/p>","protected":false},"featured_media":21086,"comment_status":"open","ping_status":"closed","template":"","meta":[],"product_brand":[],"product_cat":[86],"product_tag":[],"class_list":{"0":"post-8800","1":"product","2":"type-product","3":"status-publish","4":"has-post-thumbnail","6":"product_cat-accessoires-sacs-kalimba","8":"first","9":"instock","10":"taxable","11":"shipping-taxable","12":"purchasable","13":"product-type-simple"},"_links":{"self":[{"href":"https:\/\/thekalimba.com\/es\/wp-json\/wp\/v2\/product\/8800","targetHints":{"allow":["GET"]}}],"collection":[{"href":"https:\/\/thekalimba.com\/es\/wp-json\/wp\/v2\/product"}],"about":[{"href":"https:\/\/thekalimba.com\/es\/wp-json\/wp\/v2\/types\/product"}],"replies":[{"embeddable":true,"href":"https:\/\/thekalimba.com\/es\/wp-json\/wp\/v2\/comments?post=8800"}],"wp:featuredmedia":[{"embeddable":true,"href":"https:\/\/thekalimba.com\/es\/wp-json\/wp\/v2\/media\/21086"}],"wp:attachment":[{"href":"https:\/\/thekalimba.com\/es\/wp-json\/wp\/v2\/media?parent=8800"}],"wp:term":[{"taxonomy":"product_brand","embeddable":true,"href":"https:\/\/thekalimba.com\/es\/wp-json\/wp\/v2\/product_brand?post=8800"},{"taxonomy":"product_cat","embeddable":true,"href":"https:\/\/thekalimba.com\/es\/wp-json\/wp\/v2\/product_cat?post=8800"},{"taxonomy":"product_tag","embeddable":true,"href":"https:\/\/thekalimba.com\/es\/wp-json\/wp\/v2\/product_tag?post=8800"}],"curies":[{"name":"wp","href":"https:\/\/api.w.org\/{rel}","templated":true}]}}