{"id":12532,"date":"2019-06-29T11:20:05","date_gmt":"2019-06-29T11:20:05","guid":{"rendered":"https:\/\/old.kalimba.top\/?page_id=1202"},"modified":"2023-07-15T09:02:51","modified_gmt":"2023-07-15T09:02:51","slug":"punteggio-pieno","status":"publish","type":"page","link":"https:\/\/thekalimba.com\/it\/punteggio-pieno\/","title":{"rendered":"Informazioni legali"},"content":{"rendered":"<h2>Identificazione<\/h2>\n<p>Nome della societ\u00e0: TheKalimba<\/p>\n<p>Indirizzo: 33 Rue Prince de Galles, Rose Hill, Mauritius<\/p>\n<p>Contatto: +33757848166<\/p>\n<p>Numero di registrazione: 1190094560<\/p>\n<h2>Hosting<\/h2>\n<p>Ospitato da : Planethoster<\/p>\n<h2>CMS<\/h2>\n<p>Questo sito \u00e8 alimentato da WordPress<\/p>\n<h2>Utilizzo dei cookie<\/h2>\n<p>Questo sito web utilizza i cookie di Google Analytics per aiutarci a compilare le statistiche. I vostri dati di navigazione vengono inviati in forma anonima a Google Inc.<\/p>\n<h2>Dati personali<\/h2>\n<p>Nessuna informazione personale viene raccolta senza che l'utente ne sia a conoscenza e non verr\u00e0 trasmessa a terzi. I dati personali raccolti sul sito derivano dalla comunicazione volontaria di informazioni tramite i moduli di contatto. Questi dati vengono raccolti esclusivamente per uso interno.<\/p>\n<p>Conformemente alle disposizioni della legge francese sulla protezione dei dati personali n. 78-17 del 16 gennaio 1978, l'utente dispone di un diritto di accesso, rettifica e cancellazione dei dati che lo riguardano, che pu\u00f2 esercitare inviando un'e-mail a admin@thekalimba.com.<\/p>\n<h2>Copyright<\/h2>\n<p>Tutti i contenuti di questo sito (testi, immagini, video, ecc.) sono protetti da copyright e non possono essere utilizzati senza la preventiva autorizzazione di TheKalimba.<\/p>\n<h2>Collegamenti esterni<\/h2>\n<p>Questo sito pu\u00f2 contenere link a siti esterni. TheKalimba declina ogni responsabilit\u00e0 per il contenuto di questi siti terzi. L'utente \u00e8 invitato a consultare le condizioni d'uso e le politiche di riservatezza specifiche di ciascun sito visitato tramite questi collegamenti esterni.<\/p>\n<h2>Responsabilit\u00e0<\/h2>\n<p>TheKalimba non pu\u00f2 garantire l'accuratezza, la completezza o la pertinenza delle informazioni contenute in questo sito. L'uso delle informazioni fornite \u00e8 a discrezione dell'utente. In nessun caso TheKalimba sar\u00e0 responsabile di eventuali danni diretti o indiretti derivanti dall'uso di questo sito.<\/p>\n<h2>Cambiamenti<\/h2>\n<p>TheKalimba si riserva il diritto di modificare in qualsiasi momento le informazioni contenute in questo sito, comprese le note legali. Gli utenti sono invitati a consultare regolarmente queste informazioni per eventuali aggiornamenti.<\/p>\n<h2>Esclusione di responsabilit\u00e0<\/h2>\n<p>L'uso di questo sito \u00e8 a rischio e pericolo dell'utente. TheKalimba declina ogni responsabilit\u00e0 per eventuali danni derivanti dall'uso di questo sito.<\/p>","protected":false},"excerpt":{"rendered":"","protected":false},"author":3,"featured_media":0,"parent":0,"menu_order":0,"comment_status":"closed","ping_status":"closed","template":"","meta":{"footnotes":""},"class_list":["post-12532","page","type-page","status-publish","hentry"],"_links":{"self":[{"href":"https:\/\/thekalimba.com\/it\/wp-json\/wp\/v2\/pages\/12532","targetHints":{"allow":["GET"]}}],"collection":[{"href":"https:\/\/thekalimba.com\/it\/wp-json\/wp\/v2\/pages"}],"about":[{"href":"https:\/\/thekalimba.com\/it\/wp-json\/wp\/v2\/types\/page"}],"author":[{"embeddable":true,"href":"https:\/\/thekalimba.com\/it\/wp-json\/wp\/v2\/users\/3"}],"replies":[{"embeddable":true,"href":"https:\/\/thekalimba.com\/it\/wp-json\/wp\/v2\/comments?post=12532"}],"version-history":[{"count":0,"href":"https:\/\/thekalimba.com\/it\/wp-json\/wp\/v2\/pages\/12532\/revisions"}],"wp:attachment":[{"href":"https:\/\/thekalimba.com\/it\/wp-json\/wp\/v2\/media?parent=12532"}],"curies":[{"name":"wp","href":"https:\/\/api.w.org\/{rel}","templated":true}]}}