{"id":148,"date":"2022-02-01T17:24:04","date_gmt":"2022-02-01T17:24:04","guid":{"rendered":"https:\/\/thekalimba.com\/?page_id=148"},"modified":"2026-03-20T16:07:10","modified_gmt":"2026-03-20T16:07:10","slug":"tutorial","status":"publish","type":"page","link":"https:\/\/thekalimba.com\/it\/tutorial\/","title":{"rendered":"Tutorial gratuiti sulla kalimba"},"content":{"rendered":"<div class=\"video video-fit mb\" style=\"padding-top:56.25%;\"><iframe loading=\"lazy\" title=\"Tuto: Come accordare facilmente la kalimba?\" width=\"1020\" height=\"574\" src=\"https:\/\/www.youtube.com\/embed\/JrwMGgOL3Ms?feature=oembed\" frameborder=\"0\" allow=\"accelerometer; autoplay; clipboard-write; encrypted-media; gyroscope; picture-in-picture\" allowfullscreen><\/iframe><\/div>\n\n<div>\n<h2><span style=\"font-size: 130%;\">Come accordare facilmente la kalimba<\/span><\/h2>\n<\/div>\n<div>\u00a0<\/div>\n<div># Come accordare la kalimba in pochi minuti \ud83c\udfb5<\/div>\n<div>\u00a0<\/div>\n<div>Accordare la kalimba \u00e8 un gioco da ragazzi grazie alle applicazioni per smartphone. Scoprite in questo tutorial come accordare perfettamente il vostro strumento. \ud83d\udc4c<\/div>\n<div>\u00a0<\/div>\n<div>## Scaricare un'applicazione dedicata \ud83d\udcf2<\/div>\n<div>\u00a0<\/div>\n<div>Esistono numerose applicazioni gratuite per la messa a punto su Android e iPhone. Le pi\u00f9 popolari sono *Panotuner*, *Tuner Lite* e *Cleartune*.\u00a0<\/div>\n<div>\u00a0<\/div>\n<div>Queste applicazioni utilizzano il microfono del telefono per **rilevare le note** suonate sulla kalimba. Pratiche! \ud83d\ude0e<\/div>\n<div>\u00a0<\/div>\n<div>## Regolare ogni lama passo per passo \ud83e\ude97<\/div>\n<div>\u00a0<\/div>\n<div>Per accordare la kalimba a *C maggiore* (standard) :<\/div>\n<div>\u00a0<\/div>\n<div>- Posizionare lo strumento davanti al microfono\u00a0<\/div>\n<div>- Riprodurre le lame una per una\u00a0<\/div>\n<div>- Aggiungere* ogni lama in base alla reazione dell'applicazione:<\/div>\n<div>\u00a0 - \u2b05\ufe0f La nota \u00e8 troppo bassa, spingere la lama **in alto** spingendo **in basso**.<\/div>\n<div>\u00a0 - \u27a1\ufe0f La nota \u00e8 troppo alta, abbassare la lama** spingendo dall'alto**.<\/div>\n<div>- Centrare ogni lama sulla nota giusta\u00a0<\/div>\n<div>\u00a0<\/div>\n<div>Siate pazienti tra una regolazione e l'altra per ottenere un risultato armonioso. \u23f3<\/div>\n<div>\u00a0<\/div>\n<div>## Cambiare tono \ud83c\udfbc<\/div>\n<div>\u00a0<\/div>\n<div>\u00c8 possibile accordare la kalimba in una tonalit\u00e0 diversa, come *pentatonica* o *minor armonica*.\u00a0<\/div>\n<div>\u00a0<\/div>\n<div>\ud83d\udd11 Il segreto \u00e8 quello di rispettare sempre gli spazi** tra una lama e l'altra per mantenere un bel suono.\u00a0<\/div>\n<div>\u00a0<\/div>\n<div>## Controllare regolarmente \ud83e\ude97<\/div>\n<div>\u00a0<\/div>\n<div>L'accordatura di una kalimba cambia nel tempo. **Ricordatevi di controllarla** e di regolarla se necessario. In questo modo, otterrete sempre il miglior suono possibile! \ud83c\udfb6<\/div>\n<div>\u00a0<\/div>\n<div>Questi pochi passaggi renderanno l'accordatura della kalimba un gioco da ragazzi. Divertitevi a esplorare le infinite possibilit\u00e0 di questo affascinante strumento. \ud83d\ude0d<\/div>\n<div>\u00a0<\/div>\n<h2>Scegliere un'altra accordatura<\/h2>\n<p class=\"whitespace-pre-wrap\">\u00c8 possibile accordare la kalimba su <strong>un tono diverso<\/strong> per cambiare il proprio stile di gioco. Ma \u00e8 importante rispettare la spaziatura tra le lame per mantenere l'armonia.<\/p>\n<p class=\"whitespace-pre-wrap\">Gli accordi pi\u00f9 comuni sono <strong>pentatonica<\/strong> (5 note) e il <strong>minore armonico<\/strong> (A-Si-Do-R\u00e9-Mi-Fa-Sol-La). Non esitate a provare alcuni accordi originali!<\/p>\n<p>\u00a0<\/p>\n<h2><span style=\"font-size: 130%;\">Come suonare correttamente la kalimba\u00a0<\/span><\/h2>\n<p class=\"whitespace-pre-wrap\">La kalimba, o \"thumb piano\", \u00e8 uno strumento musicale accessibile e facile da prendere in mano. Ma per ottenere il meglio, \u00e8 necessario adottare una tecnica di esecuzione efficace. Seguite questa guida per suonare la kalimba come un professionista!<\/p>\n<h2>Posizione della mano<\/h2>\n<p class=\"whitespace-pre-wrap\">Tutto inizia con un <strong>buona posizione<\/strong> per tenere lo strumento. La mano sinistra tiene la kalimba di lato o sotto. La mano destra \u00e8 sopra.<\/p>\n<p class=\"whitespace-pre-wrap\">Assicuratevi che le mani siano rilassate e non troppo strette per non smorzare le vibrazioni. I pollici devono potersi muovere liberamente sulle lame.<\/p>\n<h2>Il movimento dei pollici<\/h2>\n<p class=\"whitespace-pre-wrap\">E' con il <strong>pollici<\/strong> che si stanno per pizzicare le lame per produrre le note. Il movimento deve provenire dall'articolazione della prima falange.<\/p>\n<p class=\"whitespace-pre-wrap\">Prima toccare la lama con la punta del pollice, poi piegarla leggermente per pizzicarla e farla vibrare. Un movimento asciutto e pulito produrr\u00e0 un suono ottimale.<\/p>\n<p class=\"whitespace-pre-wrap\">All'inizio esercitarsi lentamente, poi aumentare gradualmente la velocit\u00e0 man mano che si padroneggia il gesto.<\/p>\n<h2>Imparare le basi<\/h2>\n<p class=\"whitespace-pre-wrap\">Prima di suonare melodie complesse, prendetevi il tempo di imparare le basi. <strong>basi<\/strong> :<\/p>\n<ul class=\"list-disc pl-8 space-y-2\">\n<li class=\"whitespace-normal\">Per prima cosa esercitatevi a suonare le note una per una, enfatizzando le battute.<\/li>\n<li class=\"whitespace-normal\">Poi suonate scale ascendenti e discendenti su 2 o 3 ottave.<\/li>\n<li class=\"whitespace-normal\">Esercitarsi con gli arpeggi (accordi suddivisi su pi\u00f9 ottave).<\/li>\n<li class=\"whitespace-normal\">Lavorate sul vostro\u00a0<strong>sincronizzazione<\/strong>\u00a0con un metronomo.<\/li>\n<\/ul>\n<p class=\"whitespace-pre-wrap\">Questi esercizi vi aiuteranno a sviluppare l'agilit\u00e0 e la fluidit\u00e0 sullo strumento.<\/p>\n<h2>Esplorare la propria creativit\u00e0<\/h2>\n<p class=\"whitespace-pre-wrap\">Una volta acquisite le posizioni e i movimenti di base, si pu\u00f2 dare libero sfogo alla fantasia. <strong>creativit\u00e0<\/strong> !<\/p>\n<p class=\"whitespace-pre-wrap\">Improvvisate melodie e sperimentate nuovi ritmi. La kalimba apre una gamma infinita di possibilit\u00e0 musicali.<\/p>\n<p class=\"whitespace-pre-wrap\">Divertitevi a comporre i vostri pezzi e non esitate a condividere le vostre creazioni. Il vostro stile personale si svilupper\u00e0 con il tempo e la pratica.<\/p>\n<p class=\"whitespace-pre-wrap\">Seguendo questi consigli, potrete fare rapidi progressi con la kalimba ed esplorare tutto il suo potenziale melodico. Lasciate che i vostri pollici danzino sulle lame per creare la vostra musica incantata!<\/p>\n<p>\u00a0<\/p>\n<h2><span style=\"font-size: 130%;\"><strong>Imparare a improvvisare sulla kalimba \ud83c\udfb6<\/strong><\/span><\/h2>\n<p class=\"whitespace-pre-wrap\">La kalimba \u00e8 uno strumento incantevole che si presta perfettamente all'improvvisazione. In questo articolo vi daremo alcuni consigli su come iniziare a improvvisare sulla kalimba. \ud83d\ude0e<\/p>\n<h2>Padroneggiare le basi \ud83d\udcda<\/h2>\n<p class=\"whitespace-pre-wrap\">Prima di iniziare a improvvisare, assicuratevi di avere una buona padronanza del vostro strumento. Esercitatevi con scale, arpeggi e accordi. Lavorate sul ritmo con un metronomo. Pi\u00f9 siete tecnicamente a vostro agio, pi\u00f9 facile sar\u00e0 l'improvvisazione! \ud83d\udcaa<\/p>\n<h2>Lancio senza rete \ud83d\udd77\ufe0f<\/h2>\n<p class=\"whitespace-pre-wrap\">Il modo migliore per iniziare a improvvisare \u00e8 quello di buttarsi a capofitto! Scegliete una tonalit\u00e0 semplice (Do maggiore, La minore) e lasciate che i vostri pollici esplorino liberamente le note sulla vostra kalimba. Non abbiate paura di fare note false, l'importante \u00e8 esprimersi. \ud83d\ude04<\/p>\n<h2>Miglioramento su una struttura fissa \ud83c\udfbc<\/h2>\n<p class=\"whitespace-pre-wrap\">Come guida, si pu\u00f2 improvvisare su una semplice struttura di accordi. Ad esempio, un blues in Do maggiore con 3 accordi (C7 - F7 - G7). Improvvisare su uno schema familiare vi aiuter\u00e0 a sviluppare le vostre idee.<\/p>\n<h2>Giocare a ritmo \ud83e\udd41<\/h2>\n<p class=\"whitespace-pre-wrap\">Il ritmo dar\u00e0 vitalit\u00e0 alla vostra improvvisazione. Potete improvvisare su un modello ritmico ripetitivo o accompagnarvi con un ritmo di percussioni. Lasciate che i vostri pollici danzino sulle lame! \ud83d\udc83<\/p>\n<h2>Osate esplorare \ud83c\udfa2<\/h2>\n<p class=\"whitespace-pre-wrap\">Non abbiate paura di provare nuovi suoni, di pensare fuori dagli schemi. Cambiate scale, sperimentate l'atonalit\u00e0, variate gli effetti... L'importante \u00e8 stimolare la vostra creativit\u00e0 per trovare il vostro stile. \ud83c\udfa8<\/p>\n<p class=\"whitespace-pre-wrap\">Divertitevi a improvvisare sulla kalimba e non dimenticate: l'improvvisazione \u00e8 libert\u00e0! \ud83d\ude1c<\/p>\n<h2><strong><span style=\"font-size: 130%;\">Come pulire la kalimba \ud83e\uddf9<\/span><\/strong><\/h2>\n<p class=\"whitespace-pre-wrap\">La kalimba \u00e8 uno strumento fragile che necessita di una pulizia regolare per preservare il suo bel suono. Scoprite in questo articolo alcuni consigli su come prendersi cura della vostra kalimba. \ud83d\ude0a<\/p>\n<h2>Gli strumenti giusti \ud83d\udee0\ufe0f<\/h2>\n<p class=\"whitespace-pre-wrap\">Per pulire la kalimba, \u00e8 necessario :<\/p>\n<ul class=\"list-disc pl-8 space-y-2\">\n<li class=\"whitespace-normal\"><em>Un panno morbido<\/em>\u00a0(cotone o microfibra) per pulire il corpo.<\/li>\n<li class=\"whitespace-normal\"><em>Un pennello con setole morbide<\/em>\u00a0per rimuovere la polvere tra le lame<\/li>\n<li class=\"whitespace-normal\"><em>Prodotto per corde di chitarra<\/em>\u00a0(tipo F-One Oil) per lubrificare le lame.<\/li>\n<\/ul>\n<p class=\"whitespace-pre-wrap\">Evitare materiali abrasivi che potrebbero graffiare il legno o l'acciaio.<\/p>\n<h2>Pulire le lame \ud83c\udfb9<\/h2>\n<p class=\"whitespace-pre-wrap\">Le lame in acciaio sono molto sensibili all'umidit\u00e0 e alle impronte digitali.<\/p>\n<ul class=\"list-disc pl-8 space-y-2\">\n<li class=\"whitespace-normal\">Utilizzare un\u00a0<em>spazzola morbida<\/em>\u00a0per allentare la polvere tra una lama e l'altra.<\/li>\n<li class=\"whitespace-normal\"><em>Spruzzare un po' di detergente per corde<\/em>\u00a0e spalmarlo sulle lame con un panno.<\/li>\n<li class=\"whitespace-normal\"><em>Asciugare delicatamente<\/em>\u00a0con un panno pulito per lucidare le lame.<\/li>\n<\/ul>\n<p class=\"whitespace-pre-wrap\">In questo modo si lubrificano le lame e si migliora il suono. \ud83d\udc4d<\/p>\n<h2>Lucidare il corpo in legno \ud83e\udeb5<\/h2>\n<ul class=\"list-disc pl-8 space-y-2\">\n<li class=\"whitespace-normal\"><em>Rimuovere delicatamente la polvere<\/em>\u00a0sul corpo con un panno morbido.<\/li>\n<li class=\"whitespace-normal\">Se le macchie si formano, utilizzare un prodotto molto specifico.\u00a0<em>cotton fioc inumidito con un prodotto detergente delicato<\/em>.<\/li>\n<li class=\"whitespace-normal\"><em>Quindi lucidare il legno<\/em>\u00a0con un panno imbevuto di olio di lino per nutrire e proteggere il legno.<\/li>\n<\/ul>\n<p class=\"whitespace-pre-wrap\">Assicurarsi che il legno non rimanga umido per evitare di danneggiarlo.<\/p>\n<h2>Conservatelo con cura \ud83d\udce6<\/h2>\n<p class=\"whitespace-pre-wrap\">Quando non si usa la kalimba :<\/p>\n<ul class=\"list-disc pl-8 space-y-2\">\n<li class=\"whitespace-normal\"><em>Posizionarlo in una custodia<\/em>\u00a0o una scatola per proteggerlo dalla polvere.<\/li>\n<li class=\"whitespace-normal\"><em>Conservare in un luogo asciutto<\/em>protetto dall'umidit\u00e0.<\/li>\n<\/ul>\n<p class=\"whitespace-pre-wrap\">Una kalimba ben tenuta vi porter\u00e0 piacere e comfort per molti anni a venire! \ud83e\udd70<\/p>\n<p class=\"whitespace-pre-wrap\">Prendetevi il tempo di coccolare il vostro strumento per preservare il suo splendido suono il pi\u00f9 a lungo possibile. \ud83c\udfb6<\/p>\n\t<section class=\"section\" id=\"section_569528470\">\n\t\t<div class=\"bg section-bg fill bg-fill  bg-loaded\" >\n\n\t\t\t\n\t\t\t\n\t\t\t\n\n\t\t<\/div>\n\n\t\t\n\n\t\t<div class=\"section-content relative\">\n\t\t\t\n\n<div class=\"row row-small align-equal\"  id=\"row-1645318208\">\n\n\n\t<div id=\"col-1948987637\" class=\"col small-12 large-12\"  >\n\t\t\t\t<div class=\"col-inner\"  >\n\t\t\t\n\t\t\t\n\n<div class=\"container section-title-container\" ><h3 class=\"section-title section-title-center\"><b><\/b><span class=\"section-title-main\" >Perch\u00e9 scegliere noi?<\/span><b><\/b><\/h3><\/div>\n\n\n\t\t<\/div>\n\t\t\t\t\t<\/div>\n\n\t\n\n\t<div id=\"col-1278301291\" class=\"col medium-4 small-12 large-4\"  >\n\t\t\t\t<div class=\"col-inner\"  >\n\t\t\t\n\t\t\t\n\n\n\t\t<div class=\"icon-box featured-box icon-box-center text-center\"  >\n\t\t\t\t\t<div class=\"icon-box-img\" style=\"width: 60px\">\n\t\t\t\t<div class=\"icon\">\n\t\t\t\t\t<div class=\"icon-inner\" >\n\t\t\t\t\t\t<img loading=\"lazy\" decoding=\"async\" width=\"240\" height=\"240\" src=\"https:\/\/thekalimba.com\/wp-content\/uploads\/2022\/02\/truck-line.png\" class=\"attachment-medium size-medium\" alt=\"linea di camion\" srcset=\"https:\/\/thekalimba.com\/wp-content\/uploads\/2022\/02\/truck-line.png 240w, https:\/\/thekalimba.com\/wp-content\/uploads\/2022\/02\/truck-line-100x100.png 100w, https:\/\/thekalimba.com\/wp-content\/uploads\/2022\/02\/truck-line-150x150.png 150w\" sizes=\"auto, (max-width: 240px) 100vw, 240px\" \/>\t\t\t\t\t<\/div>\n\t\t\t\t<\/div>\n\t\t\t<\/div>\n\t\t\t\t<div class=\"icon-box-text last-reset\">\n\t\t\t\t\t\t\t\t\t\n\n<h4>Consegna garantita<\/h4>\n<p>Garantiamo la consegna<\/p>\n\n\t\t<\/div>\n\t<\/div>\n\t\n\t\n\n\t\t<\/div>\n\t\t\t\t\t<\/div>\n\n\t\n\n\t<div id=\"col-222020347\" class=\"col medium-4 small-12 large-4\"  >\n\t\t\t\t<div class=\"col-inner\"  >\n\t\t\t\n\t\t\t\n\n\n\t\t<div class=\"icon-box featured-box icon-box-center text-center\"  >\n\t\t\t\t\t<div class=\"icon-box-img\" style=\"width: 60px\">\n\t\t\t\t<div class=\"icon\">\n\t\t\t\t\t<div class=\"icon-inner\" >\n\t\t\t\t\t\t<img loading=\"lazy\" decoding=\"async\" width=\"120\" height=\"120\" src=\"https:\/\/thekalimba.com\/wp-content\/uploads\/2022\/02\/user-heart-line.png\" class=\"attachment-medium size-medium\" alt=\"linea del cuore dell&#039;utente\" srcset=\"https:\/\/thekalimba.com\/wp-content\/uploads\/2022\/02\/user-heart-line.png 120w, https:\/\/thekalimba.com\/wp-content\/uploads\/2022\/02\/user-heart-line-100x100.png 100w\" sizes=\"auto, (max-width: 120px) 100vw, 120px\" \/>\t\t\t\t\t<\/div>\n\t\t\t\t<\/div>\n\t\t\t<\/div>\n\t\t\t\t<div class=\"icon-box-text last-reset\">\n\t\t\t\t\t\t\t\t\t\n\n<h4>Servizio clienti<\/h4>\n<p>Personale di assistenza post-vendita al vostro servizio<\/p>\n\n\t\t<\/div>\n\t<\/div>\n\t\n\t\n\n\t\t<\/div>\n\t\t\t\t\t<\/div>\n\n\t\n\n\t<div id=\"col-967768788\" class=\"col medium-4 small-12 large-4\"  >\n\t\t\t\t<div class=\"col-inner\"  >\n\t\t\t\n\t\t\t\n\n\n\t\t<div class=\"icon-box featured-box icon-box-center text-center\"  >\n\t\t\t\t\t<div class=\"icon-box-img\" style=\"width: 60px\">\n\t\t\t\t<div class=\"icon\">\n\t\t\t\t\t<div class=\"icon-inner\" >\n\t\t\t\t\t\t<img loading=\"lazy\" decoding=\"async\" width=\"120\" height=\"120\" src=\"https:\/\/thekalimba.com\/wp-content\/uploads\/2022\/02\/arrow-go-back-line.png\" class=\"attachment-medium size-medium\" alt=\"freccia-indietro-linea\" srcset=\"https:\/\/thekalimba.com\/wp-content\/uploads\/2022\/02\/arrow-go-back-line.png 120w, https:\/\/thekalimba.com\/wp-content\/uploads\/2022\/02\/arrow-go-back-line-100x100.png 100w\" sizes=\"auto, (max-width: 120px) 100vw, 120px\" \/>\t\t\t\t\t<\/div>\n\t\t\t\t<\/div>\n\t\t\t<\/div>\n\t\t\t\t<div class=\"icon-box-text last-reset\">\n\t\t\t\t\t\t\t\t\t\n\n<h4>Garanzia di soddisfazione<\/h4>\n<p>Facciamo di tutto per soddisfarvi<\/p>\n\n\t\t<\/div>\n\t<\/div>\n\t\n\t\n\n\t\t<\/div>\n\t\t\t\t\t<\/div>\n\n\t\n\n<\/div>\n\n\t\t<\/div>\n\n\t\t\n<style>\n#section_569528470 {\n  padding-top: 60px;\n  padding-bottom: 60px;\n  background-color: rgb(255, 255, 255);\n}\n<\/style>\n\t<\/section>","protected":false},"excerpt":{"rendered":"","protected":false},"author":1,"featured_media":0,"parent":0,"menu_order":0,"comment_status":"closed","ping_status":"closed","template":"","meta":{"footnotes":""},"class_list":["post-148","page","type-page","status-publish","hentry"],"_links":{"self":[{"href":"https:\/\/thekalimba.com\/it\/wp-json\/wp\/v2\/pages\/148","targetHints":{"allow":["GET"]}}],"collection":[{"href":"https:\/\/thekalimba.com\/it\/wp-json\/wp\/v2\/pages"}],"about":[{"href":"https:\/\/thekalimba.com\/it\/wp-json\/wp\/v2\/types\/page"}],"author":[{"embeddable":true,"href":"https:\/\/thekalimba.com\/it\/wp-json\/wp\/v2\/users\/1"}],"replies":[{"embeddable":true,"href":"https:\/\/thekalimba.com\/it\/wp-json\/wp\/v2\/comments?post=148"}],"version-history":[{"count":2,"href":"https:\/\/thekalimba.com\/it\/wp-json\/wp\/v2\/pages\/148\/revisions"}],"predecessor-version":[{"id":25439,"href":"https:\/\/thekalimba.com\/it\/wp-json\/wp\/v2\/pages\/148\/revisions\/25439"}],"wp:attachment":[{"href":"https:\/\/thekalimba.com\/it\/wp-json\/wp\/v2\/media?parent=148"}],"curies":[{"name":"wp","href":"https:\/\/api.w.org\/{rel}","templated":true}]}}