{"id":12552,"date":"2019-05-16T00:16:29","date_gmt":"2019-05-16T00:16:29","guid":{"rendered":"https:\/\/thekalimba.com\/?post_type=product&#038;p=12552"},"modified":"2026-03-20T09:23:26","modified_gmt":"2026-03-20T09:23:26","slug":"african-kalimba-in-walnut-massive-17-notes","status":"publish","type":"product","link":"https:\/\/thekalimba.com\/it\/prodotto\/african-kalimba-in-walnut-massive-17-notes\/","title":{"rendered":"[Kit Complet] Kalimba Africain en Noyer massif &#8211; 17 Notes"},"content":{"rendered":"<h2><strong><span style=\"color: #000000;\">Kit completo di Kalimba in noce massiccio<\/span><\/strong><\/h2>\n<h2>Acquista questa kalimba in noce massiccio!<\/h2>\n<p><span style=\"font-weight: 400; color: #000000;\">Questo kit completo di kalimba in noce massiccio \u00e8 adatto a musicisti principianti e amatoriali. Questo prodotto \u00e8 disponibile in magazzino e pronto per essere spedito da The Kalimba. Scegliete questo kit per beneficiare degli accessori che accompagnano questa kalimba a 17 note in noce massiccio. Il noce massiccio \u00e8 molto popolare per la costruzione di kalimba e altri strumenti a percussione, in quanto \u00e8 un legno robusto. Inoltre, produce un suono piacevole. Provate questa kalimba in noce massiccio!\u00a0<\/span><\/p>\n<h2><span style=\"color: #000000;\"><b>Per saperne di pi\u00f9 sugli strumenti della famiglia Kalimba<\/b><\/span><\/h2>\n<p><span style=\"font-weight: 400; color: #000000;\">Scoprite diversi strumenti musicali che sono stati usati per fare musica in Africa per secoli.<\/span><\/p>\n<p><span style=\"font-weight: 400; color: #000000;\">Gli strumenti musicali africani sono utilizzati in tutto il mondo per produrre suoni unici del continente. Dalle cinture verdi del Serengeti al deserto del Sahara, esistono strumenti in uso da secoli prima della colonizzazione (transatlantica e transahariana). Ecco alcuni strumenti ancora in uso (nelle loro forme originali e modernizzate) che forse non sapete provenire dall'Africa.<\/span><\/p>\n<h2><span style=\"color: #000000;\"><b>Akoting<\/b><\/span><\/h2>\n<p><span style=\"font-weight: 400; color: #000000;\">Diffuso in Senegal, Gambia e Guinea-Bissau (tutte regioni dell'Africa occidentale), l'akoting \u00e8 considerato l'antenato del moderno banjo. Secondo la storia orale, il luogo di nascita dello strumento \u00e8 il villaggio di Kanjanka in Senegal. Ha un corpo in calabash con una testa di pelle, con due lunghe corde per la melodia e una corda per il bordone.<\/span><\/p>\n<h2><span style=\"color: #000000;\"><b>Mbira<\/b><\/span><\/h2>\n<p><span style=\"font-weight: 400; color: #000000;\">Pur essendo utilizzati in tutto il mondo, molti di questi strumenti sono originari dell'Africa e sono conosciuti con nomi diversi, come agidigbo, kisanji, sanza e la marimbula caraibica. Nella storia scritta si trovano testimonianze gi\u00e0 nel XVI secolo e varianti di questi strumenti si trovano anche in Siberia. La variante marimbulla \u00e8 talvolta utilizzata anche nella musica hip-hop.<\/span><\/p>\n<h2><span style=\"color: #000000;\"><b>Kora<\/b><\/span><\/h2>\n<p><span style=\"font-weight: 400; color: #000000;\">Questo strumento a corde, ricavato da un calabash e ricoperto di pelle, \u00e8 cos\u00ec versatile che \u00e8 stato descritto come un \"liuto ad arpa a doppio ponte\". Viene generalmente strimpellato per accompagnare la narrazione di storie, la recitazione di poesie o il canto ed \u00e8 utilizzato da oltre 5.000 anni. \u00c8 molto diffuso in Africa occidentale e orientale. In tutta l'Africa ne esistono diverse versioni, tra cui il liuto, il ngoni, il gonje e altre.<\/span><\/p>\n<h2><span style=\"color: #000000;\"><b>Balafon<\/b><\/span><\/h2>\n<p><span style=\"font-weight: 400; color: #000000;\">Suonato come lo xilofono, il balafon \u00e8 uno strumento a percussione diffuso in Ghana, Costa d'Avorio, Mali e Burkina Faso. \u00c8 stato registrato fin dal XIV secolo e, secondo la storia orale (raccontata dai griot), lo strumento \u00e8 originario del Mali.<\/span><\/p>\n<h2><span style=\"color: #000000;\"><b>Ekwe<\/b><\/span><\/h2>\n<p><span style=\"font-weight: 400; color: #000000;\">Conosciuti anche come idiofoni, varianti di questi tamburi si trovano in Zaire (alimba), Igbo (ekwe), Congo (mukoku o lokole) e Guinea (krin o kolokos). Il tamburo \u00e8 ricavato da tronchi d'albero scavati, con fessure rettangolari tagliate nella parte superiore, ed \u00e8 disponibile in diverse dimensioni, a seconda dell'uso cui \u00e8 destinato.<\/span><\/p>\n<h2><span style=\"color: #000000;\"><b>Udu<\/b><\/span><\/h2>\n<p><span style=\"font-weight: 400; color: #000000;\">Essenzialmente una brocca d'argilla con un foro in pi\u00f9, l'udu \u00e8 uno strumento antichissimo suonato dalle donne Igbo del sud-est della Nigeria. Quando la suonatrice lo colpisce con il palmo della mano o con le dita, produce un suono liquido, un suono di gocce d'acqua.<\/span><\/p>\n<h2><span style=\"color: #000000;\"><b>Algaita<\/b><\/span><\/h2>\n<p><span style=\"font-weight: 400; color: #000000;\">Talvolta utilizzato nelle registrazioni jazz, l'algaita \u00e8 uno strumento a fiato ad ancia doppia utilizzato in Africa occidentale, soprattutto dalle popolazioni Hausa\/Kanuri della Nigeria settentrionale. Il corpo \u00e8 rivestito di pelle e, a differenza della sorna iraniana (uno strumento a fiato ad ancia doppia fatto di erba), l'algaita ha quattro fori per le dita invece di sette.<\/span><\/p>\n<h2><span style=\"color: #000000;\"><b>Competenza reale\u00a0<\/b><\/span><\/h2>\n<p><span style=\"font-weight: 400; color: #000000;\">Prima della spedizione, rivediamo l'accordatura e rimuoviamo eventuali ronzii, a volte miglioriamo il legno, dipingiamo i denti in modo appropriato e cos\u00ec via. Ogni kalimba viene controllata pi\u00f9 volte prima della spedizione per garantire che sia perfetta. Nella maggior parte dei casi, le kalimbe che spediamo sono strumenti che saremmo felici di possedere e suonare. <\/span><\/p>\n<p><span style=\"font-weight: 400; color: #000000;\">E gli strumenti che non sono all'altezza? Non li spediamo. Quindi non esitate, ordinate subito questo kit per garantire la migliore qualit\u00e0 possibile alla vostra kalimba e ai suoi accessori.<\/span><\/p>\n<h2><span style=\"color: #000000;\"><b>Un po' di storia<\/b><\/span><\/h2>\n<p><span style=\"font-weight: 400; color: #000000;\">Esistono oltre 100 tipi diversi di piano tradizionale africano, tra cui la mbira, la kalimba, la sansa e la karimba. Nel 1954, Hugh Tracey scelse uno di questi nomi, kalimba, per la versione dello strumento che avrebbe presto spedito in tutto il mondo. <\/span><\/p>\n<p><span style=\"font-weight: 400; color: #000000;\">Nel 1961 scrisse anche un articolo intitolato \"The Case for the Name Mbira\" (Il caso del nome Mbira), suggerendo di usare mbira come nome generico per qualsiasi pianoforte tradizionale africano a pollice. Oggi, al di fuori dell'Africa, kalimba \u00e8 usato genericamente anche per qualsiasi pianoforte a pollice non tradizionale.<\/span><\/p>\n<p><span style=\"font-weight: 400; color: #000000;\">Il primo europeo a vedere la mbira fu padre Dos Santos, un esploratore e missionario portoghese che si trovava nell'attuale Mozambico nel 1586. Egli document\u00f2 il suono dello strumento a 9 note con denti di ferro che chiam\u00f2 \"ambira\". <\/span><\/p>\n<p><span style=\"font-weight: 400; color: #000000;\">Per suonare, i suonatori spingevano insieme le unghie dei pollici e lo strumento produceva una \"morbida e delicata armonia di suoni accordati\". Poich\u00e9 questi strumenti non erano molto rumorosi, venivano generalmente suonati nel palazzo del re.<\/span><\/p>\n<p><span style=\"color: #000000;\">Imparate a suonare \"Everything I Wanted\" di Billie Eilish con la kalimba con il nostro <a style=\"color: #000000;\" href=\"https:\/\/thekalimba.com\/it\/\u3010easy-kalimba-tutorial\u3011-everything-i-wanted-by-billie-eilish\/\">tutorial<\/a> !<\/span><\/p>\n<p>&nbsp;<\/p>\n<h2 style=\"text-align: center;\">Per questo kit di kalimba in noce massiccio selezioniamo con cura i materiali pi\u00f9 pregiati.<\/h2>\n<h2 style=\"text-align: center;\">Non aspettate oltre e mettete le mani su una kalimba in noce massiccio!<\/h2>\n<h2 style=\"text-align: center;\">La kalimba in noce massiccio \u00e8 uno dei nostri prodotti pi\u00f9 popolari.<\/h2>\n<h2 style=\"text-align: center;\">I nostri clienti sono generalmente soddisfatti di questa kalimba in noce massiccio.<\/h2>\n<h2 style=\"text-align: center;\">Il legno di noce massiccio della kalimba la rende pi\u00f9 robusta.<\/h2>","protected":false},"excerpt":{"rendered":"<p>Questo kit completo di Kalimba in noce massiccio \u00e8 adatto a musicisti principianti e dilettanti. \ud83c\udfb6 Viene fornito con un manuale di istruzioni, un martello per l'accordatura, adesivi per orientarsi, una custodia di alta qualit\u00e0, un panno per la pulizia e una borsa di tela. \ud83c\udfb9 Acquistate subito questa kalimba in noce massiccio! \ud83c\udfb5<\/p>","protected":false},"featured_media":21101,"comment_status":"open","ping_status":"closed","template":"","meta":[],"product_brand":[],"product_cat":[29,83,84],"product_tag":[],"class_list":{"0":"post-12552","1":"product","2":"type-product","3":"status-publish","4":"has-post-thumbnail","6":"product_cat-acheter-kalimba-mbira","7":"product_cat-kalimba-17-notes-kalimba","8":"product_cat-kalimba-entree-de-gamme-kalimba","10":"first","11":"instock","12":"taxable","13":"shipping-taxable","14":"purchasable","15":"product-type-simple"},"_links":{"self":[{"href":"https:\/\/thekalimba.com\/it\/wp-json\/wp\/v2\/product\/12552","targetHints":{"allow":["GET"]}}],"collection":[{"href":"https:\/\/thekalimba.com\/it\/wp-json\/wp\/v2\/product"}],"about":[{"href":"https:\/\/thekalimba.com\/it\/wp-json\/wp\/v2\/types\/product"}],"replies":[{"embeddable":true,"href":"https:\/\/thekalimba.com\/it\/wp-json\/wp\/v2\/comments?post=12552"}],"wp:featuredmedia":[{"embeddable":true,"href":"https:\/\/thekalimba.com\/it\/wp-json\/wp\/v2\/media\/21101"}],"wp:attachment":[{"href":"https:\/\/thekalimba.com\/it\/wp-json\/wp\/v2\/media?parent=12552"}],"wp:term":[{"taxonomy":"product_brand","embeddable":true,"href":"https:\/\/thekalimba.com\/it\/wp-json\/wp\/v2\/product_brand?post=12552"},{"taxonomy":"product_cat","embeddable":true,"href":"https:\/\/thekalimba.com\/it\/wp-json\/wp\/v2\/product_cat?post=12552"},{"taxonomy":"product_tag","embeddable":true,"href":"https:\/\/thekalimba.com\/it\/wp-json\/wp\/v2\/product_tag?post=12552"}],"curies":[{"name":"wp","href":"https:\/\/api.w.org\/{rel}","templated":true}]}}