{"id":13599,"date":"2020-04-07T15:22:07","date_gmt":"2020-04-07T15:22:07","guid":{"rendered":"https:\/\/thekalimba.com\/?post_type=product&#038;p=13599"},"modified":"2026-03-21T09:32:36","modified_gmt":"2026-03-21T09:32:36","slug":"kit-completo-kalimba-17-note-in-camphor-wood-marque-gecko","status":"publish","type":"product","link":"https:\/\/thekalimba.com\/it\/prodotto\/kit-completo-kalimba-17-note-in-camphor-wood-marque-gecko\/","title":{"rendered":"[Kit Complet] Kalimba marque Gecko en bois Camphrier 17 notes"},"content":{"rendered":"<h2><span style=\"color: #000000;\"><strong data-spm-anchor-id=\"a2g0o.detail.1000023.i3.30381e417FfX1s\">Description du Kalimba marque Gecko :<\/strong><\/span><\/h2>\n<ul>\n<li><span style=\"color: #000000;\">Type d\u2019article : Kalimba marque gecko en camphrier<\/span><\/li>\n<li><span style=\"color: #000000;\">Couleur : couleur bois<\/span><\/li>\n<li><span style=\"color: #000000;\">Marque : GECKO<\/span><\/li>\n<li><span style=\"color: #000000;\">Sp\u00e9cification : 30*148*185mm<\/span><\/li>\n<li><span style=\"color: #000000;\">Tonalit\u00e9 : tonalit\u00e9 B (si)<\/span><\/li>\n<li><span style=\"color: #000000;\">Mati\u00e8re : bois de camphre parfum\u00e9<\/span><\/li>\n<\/ul>\n<h2><span style=\"color: #000000;\"><strong>Remarque :<\/strong><\/span><\/h2>\n<p><span style=\"color: #000000;\">Les couleurs de ce kalimba Gecko peuvent diff\u00e9rer en raison des rainures du bois utilis\u00e9.<\/span><\/p>\n<h2><span style=\"color: #000000;\"><strong>Le Kalimba qu&rsquo;est-ce c&rsquo;est ?\u00a0<\/strong><\/span><\/h2>\n<p><span style=\"color: #000000;\">Le Kalimba marque gecko est un instrument formidable pour m\u00e9diter et trouver la paix int\u00e9rieure. Il est facile \u00e0 transporter et se glissera tr\u00e8s facilement dans vos poches ou sacs. Avec lui, impossible de faire des fausses notes et vous jouerez tr\u00e8s facilement comme un pro. En effet, vous pouvez apprendre \u00e0 en jouer en seulement cinq minutes. <\/span><\/p>\n<p><span style=\"color: #000000;\">Le kalimba<\/span><span style=\"color: #000000;\"> \u00e9tait utilis\u00e9 par les sages africains lors de sa cr\u00e9ation pour pouvoir conter des histoires au coin du feu entour\u00e9s de leurs proches et de leur tribu.<\/span><\/p>\n<p><span style=\"color: #000000;\">La marque Gecko est devenu une r\u00e9f\u00e9rence dans le domaine du Kalimba de par sa qualit\u00e9 et son bois utilis\u00e9 pour pouvoir cr\u00e9er des instruments aux sonorit\u00e9s d\u00e9licates de carillons ou de bo\u00eetes \u00e0 musique. <\/span><\/p>\n<p><span style=\"color: #000000;\">Le kalimba marque gecko \u00e0 \u00e9t\u00e9 d\u00e9mocratis\u00e9 sur YouTube par l&rsquo;artiste April yang qui a repris beaucoup de musiques tr\u00e8s connues notamment le g\u00e9n\u00e9rique de Game Of Throne, le th\u00e8me principal de Harry Potter et plein d&rsquo;autres musiques cultes que vous adorerez jouer \u00e0 votre tour avec votre Kalimba marque gecko. <\/span><\/p>\n<p><span style=\"color: #000000;\">L&rsquo;artiste a depuis fait plusieurs millions de vues sur sa cha\u00eene YouTube et a particip\u00e9 au lancement du Kalimba marque gecko pour assurer des instruments de meilleures qualit\u00e9s et ainsi faire d\u00e9couvrir le piano \u00e0 pouce (l&rsquo;autre nom du Kalimba) \u00e0 toute sa communaut\u00e9 ainsi qu&rsquo;\u00e0 tous ceux qui veulent juste d\u00e9couvrir la musique et la magie de cet instrument.<\/span><\/p>\n<p><span style=\"color: #000000;\">\u00a0Vous pouvez participer \u00e0 votre tour \u00e0 la d\u00e9mocratisation de cet instrument ancestral qui devrait se retrouver entre toutes les mains. Ces kalimbas marque gecko sont faits avec amour pour pouvoir \u00eatre partag\u00e9s. Faites partie de la communaut\u00e9 #madewithlovetospreadit.<\/span><\/p>\n<p><span style=\"color: #000000;\">Cet instrument a \u00e9t\u00e9 repris depuis peu par les musicoth\u00e9rapeutes afin de pouvoir apaiser les m\u0153urs et d&rsquo;augmenter la confiance en soi. Souvent employ\u00e9 en musicoth\u00e9rapie, cet instrument a une sonorit\u00e9 douce et des effets apaisants.<\/span><\/p>\n<p><span style=\"color: #000000;\"> Il conviendra \u00e0 toute la famille petits et grands qu&rsquo;ils sachent jouer de la musique ou non. Le kalimba marque gecko est parfait pour d\u00e9velopper le sens du rythme et de la musicalit\u00e9.<\/span><\/p>\n<p><span style=\"color: #000000;\">Une variante de ce Kalimba marque gecko est : <strong> <a style=\"color: #000000;\" href=\"https:\/\/thekalimba.com\/product\/acheter-kalimba-instrument\/\">[Kit Complet] Kalimba en Acajou<\/a><\/strong><\/span><\/p>\n<h2><span style=\"color: #000000;\"><b>Obtenir des notes plus grave dans votre mixage<\/b><\/span><\/h2>\n<p><span style=\"font-weight: 400; color: #000000;\">Le Kalimba marque gecko \u00e0 17 notes en bois de camphrier, est l\u00e9ger sans le poids des notes Alto ou Baryton.\u00a0<\/span><\/p>\n<p><span style=\"font-weight: 400; color: #000000;\">Mais&#8230; Comment accorder le kalimba Alto d&rsquo;une 5\u00e8me enti\u00e8re, de Sol jusqu&rsquo;au C de la gamme baryton, une octave en dessous du Do central ? La r\u00e9ponse : gr\u00e2ce \u00e0 diverses astuces. Oui, nous pouvons accorder le kalimba Alto jusqu&rsquo;au do grave. (OK, ce n&rsquo;est pas le \u00ab\u00a0do grave\u00a0\u00bb d&rsquo;un chanteur de basse &#8211; c&rsquo;est un \u00ab\u00a0do grave de baryton\u00a0\u00bb &#8211; appelons-le le \u00ab\u00a0do grave du kalimba\u00a0\u00bb. <\/span><\/p>\n<p><span style=\"font-weight: 400; color: #000000;\">C&rsquo;est une octave enti\u00e8re en dessous de la note la plus grave du kalimba standard).<\/span><\/p>\n<h2><span style=\"color: #000000;\"><b>Gamme diatonique, Kalimba diatonique<\/b><\/span><\/h2>\n<p><span style=\"font-weight: 400; color: #000000;\">Si vous ne connaissez pas le mot \u00ab\u00a0diatonique\u00a0\u00bb, apprenez-le ! Il d\u00e9crit un kalimba qui n&rsquo;a que des notes d&rsquo;une certaine gamme majeure : \u00ab\u00a0Do R\u00e9 Mi Fa Sol La Si Do&#8230;\u00a0\u00bb Il peut avoir 8 notes, 10 ou 17 notes&#8230; mais les notes sont toutes dans une tonalit\u00e9 particuli\u00e8re, comme C ou G. <\/span><\/p>\n<p><span style=\"font-weight: 400; color: #000000;\">Et il aura toutes ces notes dans cette tonalit\u00e9, sur une gamme particuli\u00e8re. <\/span><\/p>\n<p><span style=\"font-weight: 400; color: #000000;\">Lorsque vous passez aux octaves sup\u00e9rieures, vous restez dans la tonalit\u00e9 que l&rsquo;octave inf\u00e9rieure a d\u00e9finie. La note grave d&rsquo;un kalimba diatonique n&rsquo;a pas besoin d&rsquo;\u00eatre le \u00ab\u00a0do\u00a0\u00bb. Et il n&rsquo;y a pas de notes suppl\u00e9mentaires, comme une tierce mineure ou un 7 b\u00e9mol.<\/span><\/p>\n<p><span style=\"font-weight: 400; color: #000000;\">Si votre kalimba diatonique est dans la tonalit\u00e9 de C, il a toutes les notes blanches sur une certaine gamme du piano, et aucune note noire. Mais le kalimba Alto est un kalimba diatonique en sol. <\/span><\/p>\n<p><span style=\"font-weight: 400; color: #000000;\">Il a des dents en fa#, mais saute la note blanche fa naturel.<\/span><\/p>\n<p><span style=\"font-weight: 400; color: #000000;\">Une grande partie de la musique est enti\u00e8rement diatonique. Vous pouvez jouer toute la m\u00e9lodie avec seulement les notes diatoniques de votre kalimba marque gecko. <\/span><\/p>\n<p><span style=\"font-weight: 400; color: #000000;\">Et souvent, vous pouvez jouer l&rsquo;harmonie enti\u00e8re avec ce m\u00eame kalimba diatonique. Un kalimba diatonique ne vous permet pas d&rsquo;atteindre 50% de la musique possible avec toutes les notes, mais un kalimba diatonique vous permettra probablement de jouer bien plus que 50% des chansons que vous connaissez.<\/span><\/p>\n<p><span style=\"font-weight: 400; color: #000000;\">Lorsque les chansons et les harmonies deviennent plus compliqu\u00e9es, comme le jazz ou la musique classique, vous avez besoin d&rsquo;autres notes. Et voici une petite astuce pour obtenir ces autres notes.<\/span><\/p>\n<h2><span style=\"color: #000000;\"><b>Le Kalimba en si b\u00e9mol aigu<\/b><\/span><\/h2>\n<p><span style=\"font-weight: 400; color: #000000;\">La m\u00e9lodie a l&rsquo;accident de Sib sur le refrain, \u00ab\u00a0It&rsquo;s gonna be a BRIGHT, bright sun-shiney day\u00a0\u00bb, et vous pouvez r\u00e9ellement jouer cela sur le Bb Treble Kalimba. Vous devriez \u00eatre capable d&rsquo;entendre que la note de BRIGHT est un peu \u00e9trange ou inattendue. <\/span><\/p>\n<p><span style=\"font-weight: 400; color: #000000;\">L&rsquo;attente pour un si naturel a d\u00e9j\u00e0 \u00e9t\u00e9 \u00e9tablie sur \u00ab\u00a0IN my way\u00a0\u00bb.<\/span><\/p>\n<p><span style=\"font-weight: 400; color: #000000;\">A propos de l&rsquo;accordage et du r\u00e9glage du Kalimba Sib Treble : Les dents sont peintes de la m\u00eame mani\u00e8re que le Kalimba \u00e0 17 notes (avec le syst\u00e8me de peinture \u00e0 6 dents). <\/span><\/p>\n<p><span style=\"font-weight: 400; color: #000000;\">L&rsquo;ensemble du kalimba est accord\u00e9 un pas entier plus bas que le kalimba en Do. Vous pouvez me voir jouer le C, la dent peinte au milieu du c\u00f4t\u00e9 droit, \u00e0 la fin du couplet, sur le deuxi\u00e8me \u00ab\u00a0sun-shiney DAY\u00a0\u00bb.<\/span><\/p>\n<p><span style=\"font-weight: 400; color: #000000;\">Et ensuite, nous modulons dans le pont. Vous pouvez entendre le kalimba en Sib remonter de C, \u00e0 D, \u00e0 Eb sur le c\u00f4t\u00e9 droit. <\/span><\/p>\n<p><span style=\"font-weight: 400; color: #000000;\">C&rsquo;est un peu \u00e9tonnant, parce que la gamme a d\u00e9j\u00e0 \u00e9t\u00e9 fermement \u00e9tablie pour avoir un Mi naturel, la 3\u00e8me majeure de C.\u00a0<\/span><\/p>\n<p><span style=\"font-weight: 400; color: #000000;\">La partie vocale du pont peut \u00eatre jou\u00e9e compl\u00e8tement sur ce kalimba sib, ce qui vient ensuite n\u00e9cessite encore plus de notes !<\/span><\/p>\n<h2><span style=\"color: #000000;\"><b>Le kalimba en Sol aigu<\/b><\/span><\/h2>\n<p><span style=\"font-weight: 400; color: #000000;\">L&rsquo;aspect le plus magique de cette merveilleuse chanson est probablement ce qui suit le tourbillon ondulant d&rsquo;accords chromatiques ; une section instrumentale qui nous ram\u00e8ne finalement au couplet. <\/span><\/p>\n<p><span style=\"font-weight: 400; color: #000000;\">Alors que ce segment semble \u00eatre enti\u00e8rement chromatique, il fait en fait des allers-retours entre des accords diatoniques.<\/span><\/p>\n<p><span style=\"font-weight: 400; color: #000000;\">Voici un petit secret : le kalimba en sol aigu n&rsquo;est utilis\u00e9 que sur un seul accord, qui est jou\u00e9 deux fois. <\/span><\/p>\n<p><span style=\"font-weight: 400; color: #000000;\">L&rsquo;accord est B mineur, compos\u00e9 de B, D, et F#. Alors que la premi\u00e8re kalimba en Do a la note Si, aucun des deux autres kalimbas n&rsquo;a le Fa#. On peut donc l\u00e9g\u00e8rement d\u00e9placer quelques dents pour s&rsquo;aider \u00e0 jouer juste les notes dont on a besoin pour l&rsquo;accord de si mineur.<\/span><\/p>\n<p><span style=\"font-weight: 400; color: #000000;\">Si vous avez besoin d&rsquo;un autre kalimba marque gecko dans une tonalit\u00e9 diff\u00e9rente, vous pouvez tout simplement commander sur notre site. <\/span><\/p>\n<p><span style=\"font-weight: 400; color: #000000;\">Mais vous pouvez aussi imaginer les possibilit\u00e9s qui s&rsquo;offrent \u00e0 vous avec plusieurs cl\u00e9s de kalimba marque gecko.<\/span><\/p>\n<p><span style=\"font-weight: 400; color: #000000;\">Lorsque vous avez une id\u00e9e pour jouer une chanson qui n\u00e9cessite un autre kalimba, vous savez que The Kalimba est l&rsquo;endroit o\u00f9 aller pour vous aider \u00e0 r\u00e9pondre \u00e0 tous vos besoins.<\/span><\/p>\n<p><span style=\"color: #000000;\">Si vous souhaitez apprendre \u00e0 jouer \u00ab\u00a0Imagine\u00a0\u00bb de John Lennon, suivez ce <a style=\"color: #000000;\" href=\"https:\/\/thekalimba.com\/imagine-kalimba-tutorial-easy\/\">lien<\/a> !<\/span><\/p>\n<p><a href=\"https:\/\/thekalimba.com\/wp-content\/uploads\/2020\/04\/kalimba-marque-Gecko.jpg\"><\/a><\/p>\n<p><img decoding=\"async\" src=\"https:\/\/ae01.alicdn.com\/kf\/HTB1Lfi7ajvuK1Rjy0Faq6x2aVXao.jpg\" data-spm-anchor-id=\"a2g0o.detail.1000023.i5.30381e417FfX1s\" \/><\/p>\n<p><img loading=\"lazy\" decoding=\"async\" class=\"alignnone\" src=\"https:\/\/ae01.alicdn.com\/kf\/HTB1Rpi5aiDxK1RjSsphq6zHrpXa8.jpg\" alt=\"kalimba marque gecko\" width=\"1001\" height=\"1001\" \/><\/p>\n<p><img decoding=\"async\" src=\"https:\/\/ae01.alicdn.com\/kf\/HTB1Mz59acnrK1RjSspkq6yuvXXap.jpg\" \/><\/p>\n<p><img decoding=\"async\" src=\"https:\/\/ae01.alicdn.com\/kf\/HTB1FbK2ao_rK1Rjy0Fcq6zEvVXaj.jpg\" \/><\/p>\n<p><img decoding=\"async\" src=\"https:\/\/ae01.alicdn.com\/kf\/HTB1yL57aiLrK1Rjy1zdq6ynnpXa7.jpg\" \/><\/p>\n<p><a href=\"https:\/\/thekalimba.com\/wp-content\/uploads\/2020\/04\/kalimba-marque-gecko-1.jpg\"><\/a><\/p>\n<p><img decoding=\"async\" src=\"https:\/\/ae01.alicdn.com\/kf\/HTB1WIq5aovrK1RjSszfq6xJNVXa1.jpg\" \/><\/p>\n<p><a href=\"https:\/\/thekalimba.com\/wp-content\/uploads\/2020\/04\/kalimba-marque-gecko-5.jpg\"><img loading=\"lazy\" decoding=\"async\" class=\"alignnone wp-image-20630 size-full\" src=\"https:\/\/thekalimba.com\/wp-content\/uploads\/2020\/04\/kalimba-marque-gecko-5.jpg\" alt=\"kalimba marque gecko\" width=\"1001\" height=\"1001\" \/><\/a><\/p>\n<p><a href=\"https:\/\/thekalimba.com\/wp-content\/uploads\/2020\/04\/kalimba-marque-gecko-3.jpg\"><\/a><\/p>\n","protected":false},"excerpt":{"rendered":"<p><strong>Incluso nel kit :<\/strong><\/p>\n<ul>\n<li>1 Kalimba<\/li>\n<li>1 borsa per pianoforte<\/li>\n<li>1 Manuale di istruzioni<\/li>\n<li>Adesivi<\/li>\n<li>1 Martello di regolazione<\/li>\n<li><span data-spm-anchor-id=\"a2g0o.detail.1000023.i1.30381e417FfX1s\">1 panno per la pulizia<\/span><\/li>\n<\/ul>","protected":false},"featured_media":21110,"comment_status":"open","ping_status":"closed","template":"","meta":[],"product_brand":[],"product_cat":[29,83],"product_tag":[],"class_list":{"0":"post-13599","1":"product","2":"type-product","3":"status-publish","4":"has-post-thumbnail","6":"product_cat-acheter-kalimba-mbira","7":"product_cat-kalimba-17-notes-kalimba","9":"first","10":"instock","11":"taxable","12":"shipping-taxable","13":"purchasable","14":"product-type-simple"},"_links":{"self":[{"href":"https:\/\/thekalimba.com\/it\/wp-json\/wp\/v2\/product\/13599","targetHints":{"allow":["GET"]}}],"collection":[{"href":"https:\/\/thekalimba.com\/it\/wp-json\/wp\/v2\/product"}],"about":[{"href":"https:\/\/thekalimba.com\/it\/wp-json\/wp\/v2\/types\/product"}],"replies":[{"embeddable":true,"href":"https:\/\/thekalimba.com\/it\/wp-json\/wp\/v2\/comments?post=13599"}],"wp:featuredmedia":[{"embeddable":true,"href":"https:\/\/thekalimba.com\/it\/wp-json\/wp\/v2\/media\/21110"}],"wp:attachment":[{"href":"https:\/\/thekalimba.com\/it\/wp-json\/wp\/v2\/media?parent=13599"}],"wp:term":[{"taxonomy":"product_brand","embeddable":true,"href":"https:\/\/thekalimba.com\/it\/wp-json\/wp\/v2\/product_brand?post=13599"},{"taxonomy":"product_cat","embeddable":true,"href":"https:\/\/thekalimba.com\/it\/wp-json\/wp\/v2\/product_cat?post=13599"},{"taxonomy":"product_tag","embeddable":true,"href":"https:\/\/thekalimba.com\/it\/wp-json\/wp\/v2\/product_tag?post=13599"}],"curies":[{"name":"wp","href":"https:\/\/api.w.org\/{rel}","templated":true}]}}