{"id":14,"date":"2021-11-20T01:35:38","date_gmt":"2021-11-20T01:35:38","guid":{"rendered":"https:\/\/thekalimba.com\/product\/hoodie-with-logo\/"},"modified":"2026-03-20T16:51:44","modified_gmt":"2026-03-20T16:51:44","slug":"lakalimba-strumento-kalimba-17-note","status":"publish","type":"product","link":"https:\/\/thekalimba.com\/it\/prodotto\/lakalimba-strumento-kalimba-17-note\/","title":{"rendered":"Lo strumento Kalimba\u00ae a 17 note"},"content":{"rendered":"<p><center><\/p>\n<div style=\"width: 1020px;\" class=\"wp-video\"><video class=\"wp-video-shortcode\" id=\"video-14-1\" width=\"1020\" height=\"574\" preload=\"metadata\" controls=\"controls\"><source type=\"video\/mp4\" src=\"https:\/\/thekalimba.com\/wp-content\/uploads\/2021\/11\/Test-avis-thekalimba.mp4?_=1\" \/><a href=\"https:\/\/thekalimba.com\/wp-content\/uploads\/2021\/11\/Test-avis-thekalimba.mp4\">https:\/\/thekalimba.com\/wp-content\/uploads\/2021\/11\/Test-avis-thekalimba.mp4<\/a><\/video><\/div>\n<div>\n<h2>Kalimba a 17 note in pino bianco: uno strumento di qualit\u00e0 a un prezzo accessibile<\/h2>\n<p>La nostra kalimba a 17 note \u00e8 uno strumento musicale di alta qualit\u00e0, realizzato con materiali di prima scelta per offrire un'esperienza di gioco piacevole e duratura. Con dimensioni di 200x140x63 mm e realizzato in pino bianco, ha un aspetto bellissimo e un suono caldo e armonioso.<\/p>\n<\/div>\n<div>\n<h3 style=\"text-align: left;\">Caratteristiche<\/h3>\n<ul style=\"text-align: left;\">\n<li>\ud83c\udfb6 17 note: perfetto sia per i principianti che per i musicisti esperti.<\/li>\n<li>\ud83d\udcda Libretto di istruzioni incluso per imparare a suonare.<\/li>\n<li>\ud83c\udfb9 Martello e panno per la pulizia inclusi per mantenere la kalimba in buone condizioni.<\/li>\n<li>\ud83c\udf92 Borsa di custodia inclusa per facilitare il trasporto della kalimba.<\/li>\n<li>\ud83c\udfb5 Curva di apprendimento facile e capacit\u00e0 di suonare molti stili musicali diversi.<\/li>\n<\/ul>\n<\/div>\n<div style=\"text-align: left;\">\n<h3>Vantaggi<\/h3>\n<ul>\n<li>\u2705 Facile da imparare e adatto sia ai principianti che ai musicisti esperti.<\/li>\n<li>\u2705 Pu\u00f2 produrre un'ampia gamma di suoni interessanti ed espressivi.<\/li>\n<li>\u2705 Compatto e leggero, facile da trasportare e da utilizzare in diverse situazioni.<\/li>\n<li>\u2705 Economico e accessibile a tutte le tasche.<\/li>\n<li>\u2705 Adatto a diversi stili di musica, dalla classica al jazz e alla world music.<\/li>\n<\/ul>\n<\/div>\n<div style=\"text-align: left;\">\n<h3>La nostra missione<\/h3>\n<p>La nostra missione \u00e8 produrre strumenti musicali di qualit\u00e0 a un prezzo accessibile per musicisti e non musicisti di tutte le et\u00e0. Abbiamo scelto di iniziare con la kalimba perch\u00e9 \u00e8 uno strumento affascinante e accessibile, capace di produrre un'ampia gamma di suoni interessanti, anche per chi non ha una formazione musicale.<\/p>\n<\/div>\n<div style=\"text-align: left;\">\n<h3>Esperienza di gioco unica<\/h3>\n<p>La kalimba produce un suono unico, simile a quello di un carillon o di un carillon a fiato, puro e cristallino. Viene spesso utilizzata nelle chiese o nei festival per deliziare gli ascoltatori o creare un'atmosfera piacevole. Realizzata con tecniche moderne, la kalimba offre un potenziale creativo illimitato e una curva di apprendimento facile. \u00c8 uno strumento portatile che pu\u00f2 essere portato in escursione o in campeggio per fare una serenata al tramonto o accanto al fuoco.<\/p>\n<\/div>\n<div style=\"text-align: left;\">\n<h3>Accessori inclusi<\/h3>\n<ul>\n<li>\ud83c\udfb9 Martello da accordatura<\/li>\n<li>\ud83e\uddfc Panno per la pulizia<\/li>\n<li>\ud83d\udcda Libretto di istruzioni<\/li>\n<li>\ud83c\udf92 Borsa per la conservazione<\/li>\n<\/ul>\n<\/div>\n<div style=\"text-align: left;\">\n<h3>Prezzo conveniente<\/h3>\n<p>Acquistando la nostra kalimba a 17 note, si ottiene uno strumento di qualit\u00e0 a un prezzo accessibile. Abbiamo scelto di vendere direttamente i nostri strumenti, eliminando gli intermediari, per offrirvi il miglior rapporto qualit\u00e0-prezzo possibile. Contattateci se avete domande sulla nostra kalimba a 17 note o se desiderate maggiori informazioni sui nostri prodotti. Saremo lieti di aiutarvi a trovare la kalimba ideale per le vostre esigenze e per il vostro livello di esecuzione.<\/p>\n<\/div>\n<div>\n<h3 style=\"text-align: left;\">Il regalo perfetto<\/h3>\n<p style=\"text-align: left;\">La kalimba a 17 note \u00e8 anche un regalo ideale per gli amanti della musica o per i musicoterapeuti. Grazie alla facilit\u00e0 di apprendimento e al potenziale creativo, pu\u00f2 essere regalata in qualsiasi occasione.<\/p>\n<\/div>\n<p style=\"text-align: left;\">La nostra kalimba a 17 note \u00e8 uno strumento musicale di alta qualit\u00e0, realizzato con materiali di prima scelta per offrire un'esperienza di gioco piacevole e duratura. La kalimba misura 200x<em>140x<\/em>63 mm ed \u00e8 realizzato in pino bianco, che gli conferisce un bell'aspetto e un suono caldo e armonioso.<\/p>\n<p style=\"text-align: left;\">La kalimba viene fornita con un manuale di istruzioni per imparare a suonare lo strumento, oltre a un martello e a un panno per la pulizia per mantenere la kalimba in buone condizioni. \u00c8 inclusa anche una borsa per riporre la kalimba, in modo da poterla portare con s\u00e9 ovunque.<\/p>\n<p style=\"text-align: left;\">La kalimba a 17 note \u00e8 uno strumento ideale sia per i principianti che per i musicisti esperti. Ha una curva di apprendimento facile e permette di suonare molti stili musicali diversi. Lasciatevi sedurre dal fascino unico di questo strumento e godetevi un'esperienza musicale piacevole e gratificante.<\/p>\n<p style=\"text-align: left;\">La kalimba a 17 note \u00e8 uno strumento compatto e portatile, perfetto per i musicisti in movimento. Potete portarla con voi in viaggio, in campeggio o durante le escursioni e godervi i suoi suoni ammalianti ovunque. La kalimba \u00e8 anche una scelta eccellente per chi \u00e8 interessato alla musica terapeutica, in quanto pu\u00f2 aiutare a rilassarsi e a sciogliere le tensioni.<\/p>\n<p style=\"text-align: left;\">Acquistando la nostra kalimba a 17 note, si ottiene uno strumento di qualit\u00e0 a un prezzo accessibile. Abbiamo scelto di vendere direttamente i nostri strumenti, eliminando gli intermediari, per offrirvi il miglior rapporto qualit\u00e0-prezzo possibile. Contattateci se avete domande sulla nostra kalimba a 17 note o se desiderate maggiori informazioni sui nostri prodotti. Saremo lieti di aiutarvi a trovare la kalimba ideale per le vostre esigenze e per il vostro livello di esecuzione.<\/p>\n<p>.<\/p>\n<p>La kalimba a 17 note presenta diversi vantaggi rispetto ad altri strumenti musicali:<\/p>\n<ul>\n<li>Sono facili da imparare e adatti sia ai principianti che ai musicisti esperti.<\/li>\n<li>Possono produrre un'ampia gamma di suoni interessanti ed espressivi.<\/li>\n<li>Sono compatti e leggeri, quindi facili da trasportare e da utilizzare in diverse situazioni.<\/li>\n<li>Sono economici e accessibili a tutte le tasche.<\/li>\n<li>Si adattano a diversi stili musicali, dalla musica classica al jazz e alla world music.<\/li>\n<\/ul>\n<p>La kalimba a 17 note \u00e8 uno strumento versatile e originale che pu\u00f2 essere adattato a un'ampia gamma di contesti, offrendo un'esperienza esecutiva unica e divertente.<\/p>\n<p>La nostra missione \u00e8 produrre strumenti musicali di qualit\u00e0 a un prezzo accessibile per musicisti e non musicisti di tutte le et\u00e0. Abbiamo scelto di iniziare con la kalimba perch\u00e9 \u00e8 uno strumento affascinante e accessibile, capace di produrre un'ampia gamma di suoni interessanti, anche per chi non ha una formazione musicale.<\/p>\n<p>La kalimba \u00e8 uno strumento a percussione africano che pu\u00f2 essere suonato da chiunque. Il suo suono ammaliante \u00e8 accattivante e la maggior parte delle persone \u00e8 in grado di suonarlo senza aver mai fatto pratica. \u00c8 un ottimo primo strumento musicale, che facilita l'apprendimento e incoraggia la creativit\u00e0.<\/p>\n<p>Il prezzo della kalimba \u00e8 molto conveniente, ma il suo suono \u00e8 superiore a quello dei giocattoli per bambini. \u00c8 un vero strumento musicale.<\/p>\n<p>La kalimba \u00e8 facile da trasportare e pu\u00f2 accompagnarvi nei vostri viaggi o ovunque andiate. Potete suonarla mentre lavorate o studiate per rilassarvi e sfuggire allo stress della giornata.<\/p>\n<p>La kalimba produce un suono unico, simile a quello di un carillon o di una campana, puro e cristallino. Viene spesso utilizzata nelle chiese o nei festival per deliziare gli ascoltatori o creare un'atmosfera piacevole.<\/p>\n<p>Realizzata con tecniche moderne, la kalimba offre un potenziale creativo illimitato e una curva di apprendimento facile. \u00c8 uno strumento portatile che pu\u00f2 essere portato in escursione o in campeggio per fare una serenata al tramonto o accanto al fuoco.<\/p>\n<p>La kalimba \u00e8 anche un regalo ideale per gli amanti della musica e per i musicoterapeuti.<\/p>\n<p>Ci sono molte risorse online per aiutarvi a imparare a suonare la kalimba, come video di ispirazione e tutorial su YouTube. Potete anche vedere video di persone che suonano la vostra canzone preferita con la kalimba cercando \"kalimba\" e il nome della canzone su YouTube.<\/p>\n<p>Offriamo kalimbe di alta qualit\u00e0 a prezzi accessibili vendendo i nostri strumenti direttamente, senza intermediari. Forniamo inoltre numerose risorse online e un forum di domande e risposte per aiutarvi a progredire e a trovare il vostro stile di esecuzione.<\/p>\n<p>La kalimba \u00e8 uno strumento facile da imparare, perfetto per iniziare a fare musica. Produce un suono unico con accenti africani e pu\u00f2 essere suonata con motivi musicali senza tempo. Il suono della kalimba \u00e8 immediatamente riconoscibile.<\/p>\n<p>\u00a0<\/p>\n<div>\n<div style=\"width: 1020px;\" class=\"wp-video\"><video class=\"wp-video-shortcode\" id=\"video-14-2\" width=\"1020\" height=\"574\" preload=\"metadata\" controls=\"controls\"><source type=\"video\/mp4\" src=\"https:\/\/thekalimba.com\/wp-content\/uploads\/2020\/06\/the-kalimba-of-thekalimba-1.mp4?_=2\" \/><a href=\"https:\/\/thekalimba.com\/wp-content\/uploads\/2020\/06\/the-kalimba-of-thekalimba-1.mp4\">https:\/\/thekalimba.com\/wp-content\/uploads\/2020\/06\/the-kalimba-of-thekalimba-1.mp4<\/a><\/video><\/div>\n<\/div>\n<div>\n<p>La nostra kalimba a 17 note \u00e8 uno strumento musicale di alta qualit\u00e0 progettato per offrire un suono eccezionale. Realizzata in legno di pino di alta qualit\u00e0, \u00e8 bilanciata in modo che sia i principianti che i musicisti esperti possano godere di una qualit\u00e0 sonora pari a quella dei pianoforti a pollice di alta gamma.<\/p>\n<p>La kalimba \u00e8 facile da imparare e permette di suonare la maggior parte della musica popolare. Le note possono essere facilmente modificate utilizzando un accordatore elettronico o un'app, consentendo di suonare nuove scale e un'ampia gamma di strumenti di accompagnamento.<\/p>\n<p>A differenza della maggior parte degli strumenti acquistati in negozio, la nostra kalimba a 17 note \u00e8 versatile e consente di cambiare facilmente le note, in modo da non dover acquistare diverse kalimbe per suonare qualche brano.<\/p>\n<p>Il corpo leggero della nostra kalimba la rende facile da suonare, mentre le fibre di legno accuratamente selezionate le conferiscono un suono intenso. Le note dello strumento sono realizzate in acciaio al carbonio, che conferisce loro un'eccezionale resistenza e flessibilit\u00e0 per una perfetta trasmissione anche delle note pi\u00f9 alte.<\/p>\n<p>Questa kalimba a 17 note in legno di pino \u00e8 un regalo ideale per amici e familiari. Il suo suono pacifico e ammaliante vi dar\u00e0 un rilassante senso di benessere. Inoltre, \u00e8 compatta e viene fornita con una borsa portatile per facilitarne il trasporto e la conservazione. Molto facile da imparare, chiunque pu\u00f2 produrre un bel suono suonando questo strumento.<\/p>\n<\/div>\n<div>\n<div><span style=\"color: #000000;\">Dimensioni: 200*140*63 mm<\/span><\/div>\n<div><span style=\"color: #000000;\">Materiale: pino bianco<\/span><\/div>\n<div><span style=\"color: #000000;\">Contenuto della confezione :<\/span><\/div>\n<div><span style=\"color: #000000;\">1 kalimba in legno di pino a 17 note<\/span><\/div>\n<div><span style=\"color: #000000;\">1 manuale di istruzioni<\/span><\/div>\n<div><span style=\"color: #000000;\">1 martello<\/span><\/div>\n<div><span style=\"color: #000000;\">1 panno per la pulizia<\/span><\/div>\n<div><span style=\"color: #000000;\">1 borsa per la conservazione<\/span><\/div>\n<\/div>\n<div>\n<p>Per continuare a curare la vostra kalimba a 17 note in legno di pino, \u00e8 importante sottoporla a regolare manutenzione affinch\u00e9 mantenga il suo suono puro e cristallino. Il panno per la pulizia incluso nella confezione vi permetter\u00e0 di pulire la cassa di risonanza e i denti in acciaio per evitare la formazione di ruggine.<\/p>\n<p>Infine, la borsa inclusa protegge la kalimba a 17 note in legno di pino quando non \u00e8 in uso, consentendo di trasportarla in modo sicuro. La borsa \u00e8 utile anche per riporre il martello e il panno per la pulizia.<\/p>\n<p>In breve, la nostra kalimba a 17 note in legno di pino \u00e8 uno strumento musicale di alta qualit\u00e0, facile da imparare e da suonare. \u00c8 compatta e portatile, cos\u00ec potrete portarla con voi ovunque andiate. Il suono unico e ammaliante della kalimba vi regaler\u00e0 ore di piacere musicale. Non esitate a ordinare la vostra ora!<\/p>\n<\/div>\n<div style=\"text-align: center;\"><a href=\"https:\/\/thekalimba.com\/wp-content\/uploads\/2020\/06\/Kalimba.jpg\"><img loading=\"lazy\" decoding=\"async\" class=\"aligncenter wp-image-20516 size-medium\" src=\"https:\/\/thekalimba.com\/wp-content\/uploads\/2020\/06\/Kalimba-300x189.jpg\" alt=\"Kalimba a 17 note in legno di pino\" width=\"300\" height=\"189\" \/><span style=\"color: #000000;\">Attenzione: la luce della fotografia e i diversi display possono far s\u00ec che il colore dell'articolo nell'immagine sia leggermente diverso dalla realt\u00e0. L'errore di misura consentito \u00e8 di \/- 1-3 cm.<\/span><\/a><\/div>\n<div>\n<h3><span style=\"color: #000000;\"><b>Storia della Kalimba\u00a0<\/b><\/span><\/h3>\n<\/div>\n<p>La kalimba \u00e8 uno strumento a percussione africano che risale a secoli fa. Da allora \u00e8 stato adottato dalle culture occidentali e viene spesso suonato nelle chiese o durante i festival.<\/p>\n<p>La nostra kalimba a 17 note in legno di pino \u00e8 realizzata con tecniche moderne per offrire un potenziale creativo illimitato e una curva di apprendimento facile. Le sue dimensioni compatte e il suo peso ridotto la rendono facile da portare con s\u00e9 in viaggio o ovunque si vada.<\/p>\n<p>Il suono di questa kalimba \u00e8 immediatamente riconoscibile, con note realizzate in acciaio al carbonio per garantire resistenza e flessibilit\u00e0 che consentono di trasmettere con chiarezza le note pi\u00f9 alte. La cassa di risonanza in legno di pino \u00e8 progettata per produrre un suono ipnotico, che ricorda quello dei carillon o delle campane a vento.<\/p>\n<p>Ad un prezzo accessibile, la nostra kalimba a 17 note in legno di pino \u00e8 una scelta eccellente sia per i principianti che per gli amanti della musica. \u00c8 uno strumento ideale per rilassarsi e liberare la propria creativit\u00e0. Il contenuto della confezione comprende anche un manuale<\/p>\n<h3><span style=\"color: #000000;\"><b>Cosa devo fare una volta che ho una Kalimba a 17 note in legno di pino?<\/b><\/span><\/h3>\n<p>Avete trovato la kalimba perfetta per voi? Allora \u00e8 arrivato il momento di lavorare per farla suonare al meglio! A tal fine, \u00e8 necessario imparare ad accordarla, a curarne la manutenzione e a tenerla al sicuro. Potete anche stilare un elenco dei brani che volete imparare, in modo da porvi degli obiettivi.<\/p>\n<p>Ci sono tantissime risorse online per imparare l'intavolatura della kalimba, nota anche come \"tab\". Questi fogli di musica indicano esattamente i rebbi da utilizzare per ogni nota, a seconda del tipo di kalimba. Accordare la kalimba \u00e8 facile, quindi non esitate a farlo da soli per non perdere la qualit\u00e0 del suono.<\/p>\n<p>Potete anche prendere lezioni online per imparare a suonare questo magnifico strumento. Potete scegliere il vostro ritmo e concentrarvi sui generi musicali che vi interessano.<\/p>\n<p>E soprattutto, prendetevi il tempo necessario! Imparare a suonare la kalimba \u00e8 un processo gratificante, quindi approfittatene!<\/p>\n<p><img decoding=\"async\" src=\"https:\/\/thekalimba.com\/wp-content\/uploads\/2020\/06\/the-kalimba-of-thekalimba-3.jpg\" \/><\/p>\n<p>\u00a0<\/p>\n<p><img decoding=\"async\" src=\"https:\/\/thekalimba.com\/wp-content\/uploads\/2020\/06\/the-kalimba-of-thekalimba-4.jpg\" \/><\/p>","protected":false},"excerpt":{"rendered":"<p>Accessori inclusi<\/p>\n<p>\ud83c\udfb9 Martello da accordatura<\/p>\n<p>\ud83e\uddfc Panno per la pulizia<\/p>\n<p>\ud83d\udcda Libretto di istruzioni<\/p>\n<p>\ud83c\udf92 Borsa per la conservazione<\/p>","protected":false},"featured_media":23668,"comment_status":"open","ping_status":"closed","template":"","meta":[],"product_brand":[],"product_cat":[83,84],"product_tag":[],"class_list":{"0":"post-14","1":"product","2":"type-product","3":"status-publish","4":"has-post-thumbnail","6":"product_cat-kalimba-17-notes-kalimba","7":"product_cat-kalimba-entree-de-gamme-kalimba","9":"first","10":"instock","11":"featured","12":"taxable","13":"shipping-taxable","14":"purchasable","15":"product-type-simple"},"_links":{"self":[{"href":"https:\/\/thekalimba.com\/it\/wp-json\/wp\/v2\/product\/14","targetHints":{"allow":["GET"]}}],"collection":[{"href":"https:\/\/thekalimba.com\/it\/wp-json\/wp\/v2\/product"}],"about":[{"href":"https:\/\/thekalimba.com\/it\/wp-json\/wp\/v2\/types\/product"}],"replies":[{"embeddable":true,"href":"https:\/\/thekalimba.com\/it\/wp-json\/wp\/v2\/comments?post=14"}],"wp:featuredmedia":[{"embeddable":true,"href":"https:\/\/thekalimba.com\/it\/wp-json\/wp\/v2\/media\/23668"}],"wp:attachment":[{"href":"https:\/\/thekalimba.com\/it\/wp-json\/wp\/v2\/media?parent=14"}],"wp:term":[{"taxonomy":"product_brand","embeddable":true,"href":"https:\/\/thekalimba.com\/it\/wp-json\/wp\/v2\/product_brand?post=14"},{"taxonomy":"product_cat","embeddable":true,"href":"https:\/\/thekalimba.com\/it\/wp-json\/wp\/v2\/product_cat?post=14"},{"taxonomy":"product_tag","embeddable":true,"href":"https:\/\/thekalimba.com\/it\/wp-json\/wp\/v2\/product_tag?post=14"}],"curies":[{"name":"wp","href":"https:\/\/api.w.org\/{rel}","templated":true}]}}