{"id":14192,"date":"2020-06-07T14:15:12","date_gmt":"2020-06-07T14:15:12","guid":{"rendered":"https:\/\/thekalimba.com\/?post_type=product&#038;p=14192"},"modified":"2026-03-20T09:19:43","modified_gmt":"2026-03-20T09:19:43","slug":"kalimba-ling-ting-expert-17-notes","status":"publish","type":"product","link":"https:\/\/thekalimba.com\/it\/prodotto\/kalimba-ling-ting-expert-17-notes\/","title":{"rendered":"Kalimba Ling Ting - 17 note (Mbira, thumb piano)"},"content":{"rendered":"<p style=\"text-align: center;\">Creare un sequel che si adatti perfettamente a questo:<\/p>\n<h2 style=\"text-align: center;\"><span style=\"color: #000000;\"><b>\ud83c\udfb6 Test:<\/b><\/span><\/h2>\n<p><center><div style=\"width: 640px;\" class=\"wp-video\"><video class=\"wp-video-shortcode\" id=\"video-14192-1\" width=\"640\" height=\"360\" preload=\"metadata\" controls=\"controls\"><source type=\"video\/mp4\" src=\"https:\/\/thekalimba.com\/wp-content\/uploads\/2020\/06\/Test-Kalimba-Ling-ting-.mp4?_=1\" \/><a href=\"https:\/\/thekalimba.com\/wp-content\/uploads\/2020\/06\/Test-Kalimba-Ling-ting-.mp4\">https:\/\/thekalimba.com\/wp-content\/uploads\/2020\/06\/Test-Kalimba-Ling-ting-.mp4<\/a><\/video><\/div>\n<p>&nbsp;<\/p>\n<p>&nbsp;<\/p>\n<p><\/center><\/p>\n<h2 style=\"text-align: left;\"><span style=\"color: #000000;\"><b>\ud83c\udfb5 Caratteristiche :<\/b><\/span><\/h2>\n<p style=\"text-align: left;\"><span style=\"font-weight: 400; color: #000000;\">La Ling Ting Kalimba \u00e8 realizzata in legno massiccio di alta qualit\u00e0 con tasti in acciaio al carbonio. Questa Ling Ting Kalimba a 17 tasti offre un tono pi\u00f9 brillante e chiaro, un sustain pi\u00f9 lungo e una sensazione confortevole. Questa Ling Ting Kalimba \u00e8 un vero strumento musicale che vi stupir\u00e0!<\/span><\/p>\n<p><span style=\"font-weight: 400; color: #000000;\">Con questo strumento, imparerete rapidamente e facilmente \ud83c\udf93. Basta tenerlo in mano e suonare le note con i pollici per creare suoni chiari e melodiosi. Pu\u00f2 anche creare tremoli speciali con la catena di accompagnamento. \ud83c\udfb6<\/span><\/p>\n<h2 style=\"text-align: left;\"><span style=\"color: #000000;\"><b>\ud83c\udfbc Specifiche Kalimba Ling Ting :<\/b><\/span><\/h2>\n<ul style=\"text-align: center;\">\n<li style=\"text-align: left;\"><span style=\"font-weight: 400; color: #000000;\">Marchio: LingTing<\/span><\/li>\n<li style=\"text-align: left;\"><span style=\"font-weight: 400; color: #000000;\">Modello: K17A<\/span><\/li>\n<li style=\"text-align: left;\"><span style=\"font-weight: 400; color: #000000;\">Numero di tasti: 17<\/span><\/li>\n<li style=\"text-align: left;\"><span style=\"font-weight: 400; color: #000000;\">Materiale del corpo: palissandro africano<\/span><\/li>\n<li style=\"text-align: left;\"><span style=\"font-weight: 400; color: #000000;\">Chiavi: minerale metallico<\/span><\/li>\n<li style=\"text-align: left;\"><span style=\"font-weight: 400; color: #000000;\">Ponte : Palissandro<\/span><\/li>\n<li style=\"text-align: left;\"><span style=\"font-weight: 400; color: #000000;\">Legenda: chiave C (C)<\/span><\/li>\n<li style=\"text-align: left;\"><span style=\"font-weight: 400; color: #000000;\">Dimensione dell'articolo: 12*18*2.6cm<\/span><\/li>\n<li style=\"text-align: left;\"><span style=\"font-weight: 400; color: #000000;\">Peso dell'articolo: 480 g<\/span><\/li>\n<li style=\"text-align: left;\"><span style=\"font-weight: 400; color: #000000;\">Dimensione del pacchetto: 24*19*9cm<\/span><\/li>\n<li style=\"text-align: left;\"><span style=\"font-weight: 400; color: #000000;\">Peso della confezione: 1120 g<\/span><\/li>\n<li style=\"text-align: left;\"><span style=\"font-weight: 400; color: #000000;\">(Il margine di errore nelle dimensioni \u00e8 di 1-2 mm).<\/span><\/li>\n<\/ul>\n<p>&nbsp;<\/p>\n<p style=\"text-align: center;\"><span style=\"color: #000000;\"><span style=\"font-weight: 400;\">Tutti i prodotti sono realizzati con materiali di alta qualit\u00e0 selezionati da abili artigiani. Questo \u00e8 un prodotto di marca, con ogni prodotto personalizzato per gli amanti della musica. Realizzato a mano con legno di sandalo giallo di alta qualit\u00e0 e metallo minerale. Tenere lo strumento in mano e muovere i denti con il pollice per suonare. <\/span><\/span><\/p>\n<p style=\"text-align: center;\"><span style=\"color: #000000;\"><span style=\"font-weight: 400;\">Questo strumento \u00e8 ideale per viaggi di intrattenimento, cerimonie religiose, matrimoni e altri incontri sociali. La tonalit\u00e0 \u00e8 la stessa del pianoforte ed \u00e8 lo standard internazionale. La kalimba Ling Ting \u00e8 relativamente facile da imparare.\u00a0<\/span><a style=\"color: #000000;\" href=\"https:\/\/thekalimba.com\/wp-content\/uploads\/2020\/06\/Kalimba-Ling-Ting-3.jpg\"><img loading=\"lazy\" decoding=\"async\" class=\"size-medium wp-image-20499 aligncenter\" src=\"https:\/\/thekalimba.com\/wp-content\/uploads\/2020\/06\/Kalimba-Ling-Ting-3-270x300.jpg\" alt=\"Kalimba Ling Ting \" width=\"270\" height=\"300\" \/><\/a><\/span><\/p>\n<h2 style=\"text-align: center;\"><span style=\"color: #000000;\"><b>I vantaggi della kalimba Ling Ting :\u00a0<\/b><\/span><\/h2>\n<p style=\"text-align: center;\"><span style=\"font-weight: 400; color: #000000;\">- LingTing \u00e8 un produttore professionale di pianoforti a pollice, ukulele e accessori per strumenti musicali. Ogni pezzo di Kalimba LingTing \u00e8 unico.\u00a0<\/span><\/p>\n<p style=\"text-align: center;\"><span style=\"color: #000000;\"><span style=\"font-weight: 400;\">- La kalimba Ling Ting \u00e8 realizzata con materiali di altissima qualit\u00e0: realizzata a mano con legno di alta qualit\u00e0 e lame in acciaio al carbonio regolabili sui 17 tasti, offre ai musicisti la migliore esperienza. \u00c8 inoltre adatta a musicisti di ogni livello di abilit\u00e0 musicale. <\/span><span style=\"font-weight: 400;\">\u00c8 una buona scelta per bambini, principianti o musicisti professionisti.\u00a0\u00a0<\/span><\/span><\/p>\n<p style=\"text-align: center;\"><span style=\"font-weight: 400; color: #000000;\">- \u00c8 un regalo originale e potente: Potete suonare la kalimba Ling Ting con i vostri genitori, amici e figli e godervi il piacere della musica. \u00c8 un regalo eccellente per la persona che amate. La kalimba Ling Ting \u00e8 una versione moderna della mbira africana, nota anche come thumb piano. La kalimba Ling Ting pu\u00f2 essere utilizzata come strumento solista o come accompagnamento per cantanti, musicisti e ballerini.\u00a0<\/span><\/p>\n<h2 style=\"text-align: center;\"><span style=\"color: #000000;\"><b>Descrizione del k<\/b><b>alimba Ling Ting :\u00a0<\/b><\/span><\/h2>\n<p style=\"text-align: center;\"><span style=\"color: #000000;\"><span style=\"font-weight: 400;\">La kalimba \u00e8 una famiglia di strumenti musicali. Sono costituiti da una tavola di legno (spesso dotata di risonatore) a cui sono attaccati denti metallici sfalsati, che si suonano tenendo lo strumento in mano e pizzicando i denti con i pollici (almeno), con l'indice destro (nella maggior parte delle mbira) e talvolta con l'indice sinistro. <\/span><\/span><\/p>\n<p style=\"text-align: center;\"><span style=\"color: #000000;\"><span style=\"font-weight: 400;\">I musicologi la classificano come un lamellofono, parte della famiglia degli strumenti musicali idiofoni pizzicati. Nell'Africa orientale e meridionale esistono molti tipi di mbira, spesso accompagnati dall'hosho, uno strumento a percussione. <\/span><\/span><\/p>\n<p style=\"text-align: center;\"><span style=\"color: #000000;\"><span style=\"font-weight: 400;\">L'arte di costruire e suonare la Mbira \/ Sansa, lo strumento musicale tradizionale del Malawi e dello Zimbabwe che si suona con le dita, \u00e8 inclusa nella Lista rappresentativa del patrimonio culturale immateriale dell'umanit\u00e0 dell'UNESCO. <\/span><\/span><\/p>\n<p style=\"text-align: center;\"><span style=\"color: #000000;\"><span style=\"font-weight: 400;\">Un'interpretazione moderna dello strumento \u00e8 stata prodotta a livello commerciale ed esportata dall'etnomusicologo Hugh Tracey a partire dalla fine degli anni Venti, rendendo popolari strumenti simili al di fuori dell'Africa. Il modello di Tracey fu ispirato al nyunga nyunga mbira e fu chiamato \"Kalimba\", dal nome di un antico predecessore della famiglia di strumenti mbira.<\/span><span style=\"font-weight: 400;\">\u00a0<\/span><b><a style=\"color: #000000;\" href=\"https:\/\/thekalimba.com\/wp-content\/uploads\/2020\/06\/Kalimba-Ling-Ting-1.jpg\"><img loading=\"lazy\" decoding=\"async\" class=\"wp-image-20497 aligncenter\" src=\"https:\/\/thekalimba.com\/wp-content\/uploads\/2020\/06\/Kalimba-Ling-Ting-1-300x273.jpg\" alt=\"Kalimba Ling Ting \" width=\"300\" height=\"273\" \/><\/a><\/b><\/span><\/p>\n<h2 style=\"text-align: center;\"><span style=\"color: #000000;\"><b>La storia della kalimba :<\/b><\/span><\/h2>\n<p style=\"text-align: center;\"><span style=\"color: #000000;\"><span style=\"font-weight: 400;\">La storia della kalimba (le sue radici, il suo suono, ecc.) d\u00e0 struttura e profondit\u00e0 agli strumenti che ascoltiamo e suoniamo oggi.\u00a0<\/span><span style=\"font-weight: 400;\">Il lavoro di una vita di Hugh Tracey ha dimostrato di essere il motivo per cui le kalimba sono oggi conosciute e amate da cos\u00ec tante persone in tutto il mondo.<\/span><\/span><\/p>\n<h2 style=\"text-align: center;\"><span style=\"color: #000000;\"><b>Gli inizi della kalimba :<\/b><\/span><\/h2>\n<p style=\"text-align: center;\"><span style=\"font-weight: 400; color: #000000;\">La storia della kalimba in Africa \u00e8 ricca e variegata e risale a 3.000 anni fa, ma la kalimba dai denti di metallo ha solo circa 1.300 anni. Il moderno suonatore di kalimba pu\u00f2 imparare molto dai fili della musica tradizionale africana.<\/span><\/p>\n<p style=\"text-align: center;\"><span style=\"font-weight: 400; color: #000000;\">Il giovane Hugh Tracey fu portato in Africa dove si innamor\u00f2 della sua musica tradizionale; il lavoro di una vita port\u00f2 all'ingresso della kalimba nella coscienza occidentale. \u00c8 stato uno dei primi europei a innamorarsi della kalimba africana.<\/span><\/p>\n<p style=\"text-align: center;\"><span style=\"font-weight: 400; color: #000000;\">In un momento in cui la musica tradizionale africana stava rapidamente scomparendo e le scale africane venivano sostituite da quelle occidentali, Hugh Tracey ha fondato l'ILAM, un'istituzione dedicata alla conservazione della musica africana e alla promozione della ricerca nel settore.<\/span><\/p>\n<p style=\"text-align: center;\"><span style=\"color: #000000;\">Per imparare a suonare \"Stairway To Heaven\" dei Led Zeppelin sulla kalimba, seguite questo link <a style=\"color: #000000;\" href=\"https:\/\/thekalimba.com\/it\/stairway-to-heaven-kalimba-tutorial-easy\/\">link<\/a> !<\/span><\/p>\n<p style=\"text-align: center;\"><span style=\"color: #000000;\">Scoprite come abbinare la vostra kalimba con questa <a style=\"color: #000000;\" href=\"https:\/\/www.youtube.com\/watch?v=Izq0zgAVDRQ\" rel=\"noopener\">Video di Youtube<\/a>.<\/span><\/p>\n<p><img loading=\"lazy\" decoding=\"async\" class=\"alignnone aligncenter\" src=\"https:\/\/thekalimba.com\/wp-content\/uploads\/2020\/06\/14192-x8ciak.jpg\" alt=\"Kalimba Ling Ting\" width=\"1000\" height=\"1000\" \/><\/p>","protected":false},"excerpt":{"rendered":"<ul>\n<li>\ud83c\udfb5 Kalimba Ling Ting - 17 Note<\/li>\n<li>\ud83c\udfb9 Mbira, Piano \u00e0 Pouce<\/li>\n<li>\ud83c\udf0d Strumento musicale africano<\/li>\n<\/ul>","protected":false},"featured_media":21130,"comment_status":"open","ping_status":"closed","template":"","meta":[],"product_brand":[],"product_cat":[83,85],"product_tag":[],"class_list":{"0":"post-14192","1":"product","2":"type-product","3":"status-publish","4":"has-post-thumbnail","6":"product_cat-kalimba-17-notes-kalimba","7":"product_cat-kalimba-haut-de-gamme-kalimba","9":"first","10":"instock","11":"taxable","12":"shipping-taxable","13":"purchasable","14":"product-type-simple"},"_links":{"self":[{"href":"https:\/\/thekalimba.com\/it\/wp-json\/wp\/v2\/product\/14192","targetHints":{"allow":["GET"]}}],"collection":[{"href":"https:\/\/thekalimba.com\/it\/wp-json\/wp\/v2\/product"}],"about":[{"href":"https:\/\/thekalimba.com\/it\/wp-json\/wp\/v2\/types\/product"}],"replies":[{"embeddable":true,"href":"https:\/\/thekalimba.com\/it\/wp-json\/wp\/v2\/comments?post=14192"}],"wp:featuredmedia":[{"embeddable":true,"href":"https:\/\/thekalimba.com\/it\/wp-json\/wp\/v2\/media\/21130"}],"wp:attachment":[{"href":"https:\/\/thekalimba.com\/it\/wp-json\/wp\/v2\/media?parent=14192"}],"wp:term":[{"taxonomy":"product_brand","embeddable":true,"href":"https:\/\/thekalimba.com\/it\/wp-json\/wp\/v2\/product_brand?post=14192"},{"taxonomy":"product_cat","embeddable":true,"href":"https:\/\/thekalimba.com\/it\/wp-json\/wp\/v2\/product_cat?post=14192"},{"taxonomy":"product_tag","embeddable":true,"href":"https:\/\/thekalimba.com\/it\/wp-json\/wp\/v2\/product_tag?post=14192"}],"curies":[{"name":"wp","href":"https:\/\/api.w.org\/{rel}","templated":true}]}}