{"id":14225,"date":"2020-06-07T21:16:36","date_gmt":"2020-06-07T21:16:36","guid":{"rendered":"https:\/\/thekalimba.com\/?post_type=product&#038;p=14225"},"modified":"2026-03-20T09:25:37","modified_gmt":"2026-03-20T09:25:37","slug":"qualite-12-trous-antique-fumant-ocarina-professionnel-mi-ton-c-tone-ocarina-12ac-sous-marin-type-hand-made-ocarina","status":"publish","type":"product","link":"https:\/\/thekalimba.com\/it\/prodotto\/qualite-12-trous-antique-fumant-ocarina-professionnel-mi-ton-c-tone-ocarina-12ac-sous-marin-type-hand-made-ocarina\/","title":{"rendered":"Ocarina professionale a 12 note in Do - fumata su un fuoco di paglia"},"content":{"rendered":"<div style=\"width: 100%; height: 100%;\">\n<div><\/div>\n<div id=\"description\">\n<div><span style=\"color: #000000;\">Materiale: ceramica impagliata<\/span><\/div>\n<div><\/div>\n<div><span style=\"color: #000000;\">La borsa protettiva \u00e8 di alta qualit\u00e0 e l'interno \u00e8 morbido per proteggere l'ocarina ed evitare che si rompa.<\/span><\/div>\n<div>\n<p><span style=\"color: #000000;\">Colore: grigio-marrone<\/span><\/p>\n<p><span style=\"color: #000000;\">Materiale: ceramica<\/span><\/p>\n<\/div>\n<div>\n<p><span style=\"color: #000000;\"><strong>Contenuto della confezione:<\/strong><\/span><\/p>\n<p><span style=\"color: #000000;\">1 * Ocarina<\/span><\/p>\n<p><span style=\"color: #000000;\">1 * borsa di protezione<\/span><\/p>\n<p><span style=\"color: #000000;\">1 * cavo<\/span><\/p>\n<p><span style=\"color: #000000;\">1 * partizioni<\/span><\/p>\n<p><span style=\"color: #000000;\">1 * imballaggio in cartone<\/span><\/p>\n<\/div>\n<div><\/div>\n<div><span style=\"color: #000000;\">Nota: a causa delle riprese luminose e dei diversi display, il colore dell'articolo nell'immagine potrebbe essere leggermente diverso dalla realt\u00e0. L'errore di misura consentito \u00e8 di \/-1-3 cm.<\/span><\/div>\n<\/div>\n<\/div>\n<div><\/div>\n<div><b style=\"color: #000000; font-size: 20.16px;\">L'Ocarina<\/b><\/div>\n<div>\n<p><span style=\"font-weight: 400; color: #000000;\">Si tratta di uno strumento a fiato con eccellenti caratteristiche costruttive e molti utenti la considerano l'ocarina con il miglior rapporto qualit\u00e0\/prezzo.<\/span><\/p>\n<p><span style=\"font-weight: 400; color: #000000;\">Si tratta di uno strumento a paglia affumicata, che lo rende forte e rigido, con una sensazione morbida e piacevole al tatto. Inoltre, la sua composizione chimica non contiene agenti tossici, per cui \u00e8 totalmente sicuro il contatto con la bocca quando si soffia.<\/span><\/p>\n<p><span style=\"font-weight: 400; color: #000000;\">Vale la pena ricordare che questo flauto ocarina ha un totale di 12 fori, che consentono di suonare una variet\u00e0 di note alte e basse senza complicazioni. Il suo corpo offre una presa ergonomica e, grazie al suo peso, \u00e8 possibile maneggiarlo per lunghi periodi senza affaticare le mani. Inoltre, lo strumento ha un'estetica gradevole grazie al suo colore.<\/span><\/p>\n<p><span style=\"font-weight: 400; color: #000000;\">D'altra parte, \u00e8 importante notare che questo strumento \u00e8 adatto all'uso professionale e viene persino acquistato come oggetto da collezione per la sua attrattiva.\u00a0<\/span><\/p>\n<h2><span style=\"color: #000000;\"><b>Le sue caratteristiche speciali\u00a0<\/b><\/span><\/h2>\n<p><span style=\"font-weight: 400; color: #000000;\">La particolarit\u00e0 delle ocarine \u00e8 che hanno una serie di fori di diverse dimensioni sui lati, sui quali si devono appoggiare le dita e, soffiando nel bocchino, si devono coprire o scoprire. In questo modo si genera il suono. Si tenga presente che tutti questi fori rappresentano note musicali e che le variazioni di suono che si creano dipendono da essi. Di conseguenza, il numero di fori presenti nello strumento deve essere incluso nel confronto delle ocarine.<\/span><\/p>\n<p><span style=\"font-weight: 400; color: #000000;\">Ad esempio, se guardiamo ai modelli pi\u00f9 popolari sul mercato, troviamo modelli con sei e fino a dodici fori, pensati rispettivamente per i principianti e per i professionisti. Maggiore \u00e8 il numero di fori, maggiore \u00e8 l'abilit\u00e0 del musicista necessaria per sviluppare le melodie. Di conseguenza, un'ocarina con 8 o 12 fori richiede uno sforzo e un controllo maggiori quando si soffia nel bocchino. Tuttavia, la gamma di toni alti e bassi sar\u00e0 molto pi\u00f9 varia.<\/span><\/p>\n<h2><span style=\"color: #000000;\"><b>Trasporto e stoccaggio<\/b><\/span><\/h2>\n<p><span style=\"font-weight: 400; color: #000000;\">L'ocarina \u00e8 generalmente uno strumento compatto, facile da trasportare o da riporre. Tuttavia, la sua struttura tende a deteriorarsi facilmente, poich\u00e9 lo strumento viene riposto nello zaino, in auto, in un armadio o in un cassetto, esposto all'attrito con altri oggetti. Con il tempo, quindi, l'ocarina inizier\u00e0 a perdere il suo fascino e potr\u00e0 addirittura rompersi o ammaccarsi, a seconda del materiale di cui \u00e8 fatta.<\/span><\/p>\n<p><span style=\"font-weight: 400; color: #000000;\">Inizialmente potreste essere preoccupati per il costo dell'attrezzatura di protezione, ma dovete considerare che l'uso di una borsa o di una custodia per il vostro strumento \u00e8 pi\u00f9 che un lusso, \u00e8 una necessit\u00e0.\u00a0<\/span><\/p>\n<p><span style=\"font-weight: 400; color: #000000;\">Per proteggere il vostro strumento quando non lo utilizzate, scegliete invece una custodia rigida, per una migliore protezione dagli urti.<\/span><\/p>\n<h2><span style=\"color: #000000;\"><b>Fabbricazione<\/b><\/span><\/h2>\n<p><span style=\"font-weight: 400; color: #000000;\">Ottenere un'ocarina economica e di qualit\u00e0 \u00e8 probabilmente l'obiettivo di molti musicisti appassionati di questo strumento, ma perch\u00e9 ci\u00f2 sia possibile \u00e8 necessario conoscere nel dettaglio il tipo di materiale utilizzato per la sua fabbricazione. Ricordiamo che la durata dell'ocarina, cos\u00ec come l'armonia dei suoi suoni, dipender\u00e0 dall'alta o bassa qualit\u00e0 della materia prima. Sul mercato \u00e8 disponibile un'ampia variet\u00e0 di ocarine, realizzate in materiali sintetici, ceramica o legno.<\/span><\/p>\n<p><span style=\"font-weight: 400; color: #000000;\">In ogni caso, ci\u00f2 che \u00e8 veramente importante \u00e8 che, se l'ocarina \u00e8 in plastica, dobbiamo verificare che il polimero sia privo di agenti tossici che potrebbero causare una reazione allergica al contatto. Deve inoltre essere rigida e avere una sensazione piacevole e morbida al tatto. Gli strumenti in ceramica, invece, devono essere stati sottoposti a un processo di cottura per indurirsi e resistere a qualsiasi impatto imprevisto, mentre quelli in legno devono essere levigati e verniciati per una migliore finitura.<\/span><\/p>\n<p><span style=\"font-weight: 400; color: #000000;\">Il risonatore crea un'onda sonora con una cavit\u00e0 particolare ed \u00e8 quindi incapace di creare sfumature armoniche.\u00a0<\/span><\/p>\n<p><span style=\"font-weight: 400; color: #000000;\">L'ocarina, come gli altri flauti a vaso, \u00e8 insolita in quanto non dipende dalla lunghezza del flauto per produrre un particolare tono. Infatti, l'altezza del suono dipende dal rapporto tra la superficie totale dei fori aperti e il volume totale dello strumento chiuso.\u00a0<\/span><\/p>\n<p><span style=\"color: #000000;\">Questa ocarina \u00e8 perfetta per grandi e piccini, sia per i principianti che per i musicisti pi\u00f9 esperti.<\/span><\/p>\n<\/div>\n<p>&nbsp;<\/p>\n<table style=\"width: 100.0%;\" border=\"0\" cellspacing=\"0\" cellpadding=\"0\">\n<tbody>\n<tr>\n<td style=\"margin: 0 auto; text-align: center;\"><img decoding=\"async\" title=\"Qualit\u00e0 12 fori Antique Smoking Ocarina professionale mid-tone c-tone Ocarina 12Ac underwater-Type Ocarina fatta a mano\" src=\"\/\/ae01.alicdn.com\/kf\/H15feb770848f4cfe8b7e17e2a14cb23aL.jpg\" alt=\"Qualit\u00e0 12 fori Antique Smoking Ocarina professionale mid-tone c-tone Ocarina 12Ac underwater-Type Ocarina fatta a mano\" border=\"0\" \/><\/p>\n<p><img decoding=\"async\" title=\"Qualit\u00e0 12 fori Antique Smoking Ocarina professionale mid-tone c-tone Ocarina 12Ac underwater-Type Ocarina fatta a mano\" src=\"\/\/ae01.alicdn.com\/kf\/H58159bbf488248b98589183ffd9ee703A.jpg\" alt=\"Qualit\u00e0 12 fori Antique Smoking Ocarina professionale mid-tone c-tone Ocarina 12Ac underwater-Type Ocarina fatta a mano\" border=\"0\" \/><\/p>\n<p><img decoding=\"async\" title=\"Qualit\u00e0 12 fori Antique Smoking Ocarina professionale mid-tone c-tone Ocarina 12Ac underwater-Type Ocarina fatta a mano\" src=\"\/\/ae01.alicdn.com\/kf\/H92368e78213d4cb986953467039f2bbbu.jpg\" alt=\"Qualit\u00e0 12 fori Antique Smoking Ocarina professionale mid-tone c-tone Ocarina 12Ac underwater-Type Ocarina fatta a mano\" border=\"0\" \/><\/p>\n<p><img decoding=\"async\" title=\"Qualit\u00e0 12 fori Antique Smoking Ocarina professionale mid-tone c-tone Ocarina 12Ac underwater-Type Ocarina fatta a mano\" src=\"\/\/ae01.alicdn.com\/kf\/H3286bdd0e9ac4eaca1119b32cb3efd383.jpg\" alt=\"Qualit\u00e0 12 fori Antique Smoking Ocarina professionale mid-tone c-tone Ocarina 12Ac underwater-Type Ocarina fatta a mano\" border=\"0\" \/><\/p>\n<p><img decoding=\"async\" title=\"Qualit\u00e0 12 fori Antique Smoking Ocarina professionale mid-tone c-tone Ocarina 12Ac underwater-Type Ocarina fatta a mano\" src=\"\/\/ae01.alicdn.com\/kf\/Hd373bd7b016944ccbb7580ef6ca450b26.jpg\" alt=\"Qualit\u00e0 12 fori Antique Smoking Ocarina professionale mid-tone c-tone Ocarina 12Ac underwater-Type Ocarina fatta a mano\" border=\"0\" \/><\/p>\n<p><img decoding=\"async\" title=\"Qualit\u00e0 12 fori Antique Smoking Ocarina professionale mid-tone c-tone Ocarina 12Ac underwater-Type Ocarina fatta a mano\" src=\"\/\/ae01.alicdn.com\/kf\/Hb3e078b7794247d2a679e3082ae704e43.jpg\" alt=\"Qualit\u00e0 12 fori Antique Smoking Ocarina professionale mid-tone c-tone Ocarina 12Ac underwater-Type Ocarina fatta a mano\" border=\"0\" \/><\/td>\n<\/tr>\n<\/tbody>\n<\/table>\n<p>&nbsp;<\/p>","protected":false},"excerpt":{"rendered":"<p>- \ud83c\udfb6 Suono eccezionale<br \/>\n- \ud83c\udf3f Realizzato in legno di paglia<br \/>\n- \ud83c\udfb5 12 note per un'ampia variet\u00e0 di melodie<br \/>\n- \ud83c\udf81 Ideale per i musicisti professionisti<br \/>\n- \ud83c\udf1f Design elegante e unico<\/p>","protected":false},"featured_media":21135,"comment_status":"open","ping_status":"closed","template":"","meta":[],"product_brand":[],"product_cat":[65],"product_tag":[],"class_list":{"0":"post-14225","1":"product","2":"type-product","3":"status-publish","4":"has-post-thumbnail","6":"product_cat-ocarina","8":"first","9":"instock","10":"taxable","11":"shipping-taxable","12":"purchasable","13":"product-type-simple"},"_links":{"self":[{"href":"https:\/\/thekalimba.com\/it\/wp-json\/wp\/v2\/product\/14225","targetHints":{"allow":["GET"]}}],"collection":[{"href":"https:\/\/thekalimba.com\/it\/wp-json\/wp\/v2\/product"}],"about":[{"href":"https:\/\/thekalimba.com\/it\/wp-json\/wp\/v2\/types\/product"}],"replies":[{"embeddable":true,"href":"https:\/\/thekalimba.com\/it\/wp-json\/wp\/v2\/comments?post=14225"}],"wp:featuredmedia":[{"embeddable":true,"href":"https:\/\/thekalimba.com\/it\/wp-json\/wp\/v2\/media\/21135"}],"wp:attachment":[{"href":"https:\/\/thekalimba.com\/it\/wp-json\/wp\/v2\/media?parent=14225"}],"wp:term":[{"taxonomy":"product_brand","embeddable":true,"href":"https:\/\/thekalimba.com\/it\/wp-json\/wp\/v2\/product_brand?post=14225"},{"taxonomy":"product_cat","embeddable":true,"href":"https:\/\/thekalimba.com\/it\/wp-json\/wp\/v2\/product_cat?post=14225"},{"taxonomy":"product_tag","embeddable":true,"href":"https:\/\/thekalimba.com\/it\/wp-json\/wp\/v2\/product_tag?post=14225"}],"curies":[{"name":"wp","href":"https:\/\/api.w.org\/{rel}","templated":true}]}}