{"id":14234,"date":"2020-06-07T21:19:56","date_gmt":"2020-06-07T21:19:56","guid":{"rendered":"https:\/\/thekalimba.com\/?post_type=product&#038;p=14234"},"modified":"2026-03-20T09:24:30","modified_gmt":"2026-03-20T09:24:30","slug":"ocarina-16-foro-alto-en-c","status":"publish","type":"product","link":"https:\/\/thekalimba.com\/it\/prodotto\/ocarina-16-foro-alto-en-c\/","title":{"rendered":"Ocarina 16 fori Alto in C"},"content":{"rendered":"<div style=\"width: 100%; height: 100%;\">\n<div id=\"title\" style=\"width: 100%; text-align: center; height: 30px;\"><span style=\"font-weight: bold; font-size: 16px; background-color: #ffffff; color: #000000;\">Qualit\u00e0 Ocarina a 16 fori Alto C Multi camera in argilla con borsa protettiva\/occhiali\/manuale<\/span><\/div>\n<div id=\"description\">\n<div>\n<p><span style=\"color: #000000;\">Numero di fori: 16 fori<\/span><\/p>\n<p><span style=\"color: #000000;\">Scala tonale: C<\/span><\/p>\n<p><span style=\"color: #000000;\">Peso: circa 335 g<\/span><\/p>\n<\/div>\n<div>\n<p><span style=\"color: #000000;\">Materiale: ceramica<\/span><\/p>\n<p><span style=\"color: #000000;\">Dimensioni: circa 16*13,7*7,6 cm<\/span><\/p>\n<\/div>\n<div>Regalate questa ocarina a 16 fori alla vostra famiglia o ai vostri amici.<\/div>\n<div><\/div>\n<div><span style=\"color: #000000;\">Contenuto della confezione:<\/span><\/div>\n<div>\n<ul>\n<li><span style=\"color: #000000;\">1 Ocarina 16 fori<\/span><\/li>\n<li>1 borsa di protezione<\/li>\n<\/ul>\n<\/div>\n<div>\n<p><span style=\"color: #000000;\">Nota: a causa dei diversi display, il colore dell'articolo nell'immagine potrebbe essere leggermente diverso dalla realt\u00e0. L'errore di misura consentito \u00e8 di \/-1-3 cm.<\/span><\/p>\n<p><b style=\"color: #000000; font-size: 20.15999984741211px;\">Descrizione Ocarina a 16 fori<\/b><\/p>\n<\/div>\n<\/div>\n<\/div>\n<p><span style=\"font-weight: 400; color: #000000;\">L'ocarina a 16 fori \u00e8 uno strumento a fiato dal suono puro ed etereo. Di solito \u00e8 realizzata in ceramica e pu\u00f2 suonare melodie lente e lamentose o altamente ornate. La maggior parte di questi strumenti sono piccoli, facili da infilare in tasca o in borsa e da suonare ovunque.<\/span><\/p>\n<p><span style=\"font-weight: 400; color: #000000;\">Le ocarine a 16 fori appartengono a una famiglia di strumenti noti come flauti dolci, strumenti che producono il suono utilizzando una camera cava. Esistono diversi tipi di flauto dolce e i termini \"ocarina\" e \"flauto dolce\" sono spesso usati in modo intercambiabile.<\/span><\/p>\n<p><span style=\"font-weight: 400; color: #000000;\">L'ocarina trasversale a 16 fori proviene da Budrio, una piccola citt\u00e0 del nord Italia. All'epoca, gli unici flauti da nave erano giocattoli in ceramica a forma di oca progettati per imitare i suoni degli uccelli. Il termine \"Ocarina\" deriva da questi strumenti e significa \"piccola oca\" in un dialetto italiano locale.<\/span><\/p>\n<p><span style=\"font-weight: 400; color: #000000;\">Donati la trasform\u00f2 in uno strumento musicale serio creando una forma ergonomica e un sistema di diteggiatura a 10 fori accordato su una scala occidentale. Il suo sistema di diteggiatura \u00e8 alla base della maggior parte delle odierne ocarine a 16 fori. \u00c8 un sistema lineare (l'apertura di fori sequenziali fa suonare note sequenziali) e pu\u00f2 suonare cromaticamente su un'ottava e una quarta.<\/span><\/p>\n<p><span style=\"font-weight: 400; color: #000000;\">Questi strumenti a percussione moderni mantengono generalmente lo stesso design, ma si sono evoluti con l'aggiunta di \"sottofori\" da parte dei produttori asiatici, che estendono la gamma di suoni dello strumento verso le note pi\u00f9 basse.\u00a0<\/span><\/p>\n<h2><span style=\"color: #000000;\"><b>Ocarine multicamera a 16 fori<\/b><\/span><\/h2>\n<p><span style=\"font-weight: 400; color: #000000;\">La maggior parte degli strumenti a fiato pu\u00f2 essere sovracuta. Si tratta di una tecnica che consiste nel soffiare pi\u00f9 forte per creare note pi\u00f9 alte. Ogni nota diatonica ha un proprio foro e la gamma totale che una singola camera pu\u00f2 raggiungere \u00e8 limitata dalla fisica a poco pi\u00f9 di un'ottava.<\/span><\/p>\n<p><span style=\"font-weight: 400; color: #000000;\">Per aumentare la gamma, sono state create ocarine multicamera a 16 fori. Alla mano destra vengono aggiunte altre camere pi\u00f9 piccole, che vengono accordate per suonare le note pi\u00f9 alte. Le ocarine multicamera a 16 fori possono avere fino a 4 camere, con una gamma di poco pi\u00f9 di 3 ottave.<\/span><\/p>\n<p><span style=\"font-weight: 400; color: #000000;\">Le ocarine multicamera a 16 fori offrono vantaggi diversi dalla sola gamma. Spesso hanno un suono migliore, perch\u00e9 la distribuzione della gamma totale su pi\u00f9 camere consente ai produttori di controllarla meglio. Hanno anche vantaggi ergonomici. Poich\u00e9 non richiedono un foro per il pollice destro, quest'ultimo pu\u00f2 sostenere esclusivamente lo strumento.<\/span><\/p>\n<h2><span style=\"color: #000000;\"><b>Altri punti<\/b><\/span><\/h2>\n<p><span style=\"font-weight: 400; color: #000000;\">Come gi\u00e0 detto, l'ocarina a 16 fori \u00e8 un flauto di nave, ma nella pratica i termini \"flauto di nave\" e \"ocarina\" sono usati in modo intercambiabile.\u00a0<\/span><\/p>\n<h2><span style=\"color: #000000;\"><b>Ci sono ocarine a 16 fori con pendenti<\/b><\/span><\/h2>\n<p><span style=\"font-weight: 400; color: #000000;\">Le ocarine sospese a 16 fori sono state sviluppate nel Regno Unito negli anni Sessanta. Si tratta di piccoli strumenti che suonano un'ottava utilizzando 4 fori per le dita e un sistema di diteggiatura binario. Avendo un numero inferiore di fori, possono essere rese molto piccole e indossate come ciondoli.<\/span><\/p>\n<p><span style=\"font-weight: 400; color: #000000;\">\u00c8 facile averne sempre una con s\u00e9 perch\u00e9 sono piccole, e sono perfette per le esibizioni musicali spontanee, oltre che per passare il tempo. Tecnicamente sono pi\u00f9 limitate e non possono essere accordate con la stessa precisione delle ocarine trasversali a 16 fori, ma per queste cose non ha importanza.<\/span><\/p>\n<h2><span style=\"color: #000000;\"><b>Fischietti scultorei<\/b><\/span><\/h2>\n<p><span style=\"font-weight: 400; color: #000000;\">I fischietti scolpiti sono novit\u00e0 musicali prodotte in una variet\u00e0 di forme scultoree, tra cui quelle raffiguranti uccelli e altri animali. Spesso sono molto decorati con smalti colorati, ma producono solo una o due note e generalmente non sono accordati. Non sono strumenti musicali seri.<\/span><\/p>\n<h2><span style=\"color: #000000;\"><b>Strumento in ceramica a 16 fori<\/b><\/span><\/h2>\n<p><span style=\"font-weight: 400; color: #000000;\">L'ocarina a 16 fori ha una lunga storia nel mercato musicale. Vi presentiamo questa ocarina a 16 fori, il cui corpo \u00e8 stato realizzato con materie prime di alta qualit\u00e0, come la ceramica utilizzata e lavorata a mano.<\/span><\/p>\n<p><span style=\"font-weight: 400; color: #000000;\">Inoltre, questo materiale viene esposto ad alte temperature in un forno industriale per acquisire maggiore resistenza, mentre il processo di lucidatura esterna elimina le irregolarit\u00e0. Il risultato \u00e8 una sensazione davvero morbida e piacevole al tatto.\u00a0<\/span><\/p>\n<p><span style=\"font-weight: 400; color: #000000;\">Inoltre, \u00e8 facile da maneggiare grazie al suo corpo ergonomico e leggero.<\/span><\/p>\n<p><span style=\"font-weight: 400; color: #000000;\">Questo strumento speciale e originale vi conquister\u00e0 per la sua forma, il suo colore e il suono che produce. Le sue dimensioni ridotte lo rendono facile da portare con s\u00e9.\u00a0<\/span><\/p>\n<p><strong><span style=\"color: #000000;\">Scegliete questa Ocarina a 16 fori!<\/span><\/strong><\/p>\n<p><span style=\"font-weight: 400; color: #000000;\">L'ocarina a 16 fori produce un suono melodioso che seduce e rasserena.\u00a0<\/span><\/p>\n<table style=\"width: 100.0%;\" border=\"0\" cellspacing=\"0\" cellpadding=\"0\">\n<tbody>\n<tr>\n<td style=\"margin: 0 auto; text-align: center;\"><img decoding=\"async\" title=\"Ocarina 16 fori Alto in C\" src=\"\/\/ae01.alicdn.com\/kf\/Ha7890f7f08b8406f95f10c3ca10b2d2cD.jpg\" alt=\"Ocarina 16 fori Alto in C\" border=\"0\" \/><\/p>\n<p><img decoding=\"async\" title=\"Ocarina 16 fori Alto in C\" src=\"\/\/ae01.alicdn.com\/kf\/Heaa8590b0fa24d31ba1c6b8483a1eb46a.jpg\" alt=\"Ocarina 16 fori Alto in C\" border=\"0\" \/><\/p>\n<p><img decoding=\"async\" title=\"Ocarina 16 fori Alto in C\" src=\"\/\/ae01.alicdn.com\/kf\/H76bc18140cdc432e90aa671485a16906t.jpg\" alt=\"Ocarina 16 fori Alto in C\" border=\"0\" \/><\/p>\n<p><img loading=\"lazy\" decoding=\"async\" class=\"alignnone\" title=\"Ocarina 16 fori Alto in C\" src=\"\/\/ae01.alicdn.com\/kf\/He86e060814524d0ebaa883beeb76a284f.jpg\" alt=\"Ocarina 16 fori Alto in C\" width=\"800\" height=\"800\" border=\"0\" \/><\/p>\n<p><img decoding=\"async\" title=\"Ocarina 16 fori Alto in C\" src=\"\/\/ae01.alicdn.com\/kf\/H68805bc596734125af398405d3356d296.jpg\" alt=\"Ocarina 16 fori Alto in C\" border=\"0\" \/><\/p>\n<p><img decoding=\"async\" title=\"Ocarina 16 fori Alto in C\" src=\"\/\/ae01.alicdn.com\/kf\/Hcdc4d79ad03540278c33c2e9fad315dap.jpg\" alt=\"Ocarina 16 fori Alto in C\" border=\"0\" \/><\/td>\n<\/tr>\n<\/tbody>\n<\/table>\n<p>&nbsp;<\/p>\n<p>&nbsp;<\/p>\n<p>&nbsp;<\/p>\n<p>&nbsp;<\/p>\n<p>&nbsp;<\/p>","protected":false},"excerpt":{"rendered":"<ul>\n<li>Facile da imparare e da giocare \ud83c\udfb6<\/li>\n<li>Piccolo e portatile \ud83c\udfb5<\/li>\n<li>kalimbaSuono dolce e melodioso \ud83c\udfbc<\/li>\n<li>Ideale per principianti e musicisti esperti \ud83c\udfb9<\/li>\n<\/ul>","protected":false},"featured_media":21140,"comment_status":"open","ping_status":"closed","template":"","meta":[],"product_brand":[],"product_cat":[65],"product_tag":[],"class_list":{"0":"post-14234","1":"product","2":"type-product","3":"status-publish","4":"has-post-thumbnail","6":"product_cat-ocarina","8":"first","9":"outofstock","10":"taxable","11":"shipping-taxable","12":"purchasable","13":"product-type-simple"},"_links":{"self":[{"href":"https:\/\/thekalimba.com\/it\/wp-json\/wp\/v2\/product\/14234","targetHints":{"allow":["GET"]}}],"collection":[{"href":"https:\/\/thekalimba.com\/it\/wp-json\/wp\/v2\/product"}],"about":[{"href":"https:\/\/thekalimba.com\/it\/wp-json\/wp\/v2\/types\/product"}],"replies":[{"embeddable":true,"href":"https:\/\/thekalimba.com\/it\/wp-json\/wp\/v2\/comments?post=14234"}],"wp:featuredmedia":[{"embeddable":true,"href":"https:\/\/thekalimba.com\/it\/wp-json\/wp\/v2\/media\/21140"}],"wp:attachment":[{"href":"https:\/\/thekalimba.com\/it\/wp-json\/wp\/v2\/media?parent=14234"}],"wp:term":[{"taxonomy":"product_brand","embeddable":true,"href":"https:\/\/thekalimba.com\/it\/wp-json\/wp\/v2\/product_brand?post=14234"},{"taxonomy":"product_cat","embeddable":true,"href":"https:\/\/thekalimba.com\/it\/wp-json\/wp\/v2\/product_cat?post=14234"},{"taxonomy":"product_tag","embeddable":true,"href":"https:\/\/thekalimba.com\/it\/wp-json\/wp\/v2\/product_tag?post=14234"}],"curies":[{"name":"wp","href":"https:\/\/api.w.org\/{rel}","templated":true}]}}