{"id":14244,"date":"2020-06-07T21:21:34","date_gmt":"2020-06-07T21:21:34","guid":{"rendered":"https:\/\/thekalimba.com\/?post_type=product&#038;p=14244"},"modified":"2026-03-20T09:18:23","modified_gmt":"2026-03-20T09:18:23","slug":"c-16-ocarina-legenda-de-zelda-ocarina-flute-a-bois","status":"publish","type":"product","link":"https:\/\/thekalimba.com\/it\/prodotto\/c-16-ocarina-legenda-de-zelda-ocarina-flute-a-bois\/","title":{"rendered":"Ocarina del tempo in C(do) 16 fori"},"content":{"rendered":"<div>\n<p><span style=\"color: #000000;\">Si tratta di uno strumento di alta qualit\u00e0. Realizzato in un forno, pu\u00f2 essere utilizzato come strumento musicale. Non \u00e8 solo un accessorio economico.<\/span><\/p>\n<p><span style=\"color: #000000;\">Si tratta di un'Ocarina of Time cromatica a 16 fori di alta qualit\u00e0.<\/span><\/p>\n<\/div>\n<div><span style=\"color: #000000; font-size: 14.4px;\">Ocarina of Time completamente cromatico<\/span><\/div>\n<div>\n<p><span style=\"color: #000000;\">Specifiche: 16 fori<\/span><\/p>\n<p><span style=\"color: #000000;\">Finitura: vetro decorato<\/span><\/p>\n<p><span style=\"color: #000000;\">Materiale: ceramica cotta in forno<\/span><\/p>\n<p><span style=\"color: #000000;\">Passo: A4-F6, compresi gli oggetti appuntiti e piatti<\/span><\/p>\n<p><span style=\"color: #000000;\">Colore: blu<\/span><\/p>\n<p><span style=\"color: #000000;\">Materiale: dolomite<\/span><\/p>\n<p><span style=\"color: #000000;\">Dimensioni: 13*8 cm<\/span><\/p>\n<p><span style=\"color: #000000;\">Contenuto della confezione:<\/span><\/p>\n<p><span style=\"color: #000000;\">1 Ocarina del Tempo a 16 fori<\/span><\/p>\n<p><span style=\"color: #000000;\">1 cinghia<\/span><\/p>\n<p><span style=\"color: #000000;\">1 Coperchio di protezione<\/span><\/p>\n<p><span style=\"color: #000000;\">Sono inclusi solo i contenuti della confezione sopra indicata, altri prodotti non sono inclusi.<\/span><\/p>\n<p><span style=\"color: #000000;\">Nota: a causa delle riprese luminose e dei diversi display, il colore dell'articolo nell'immagine potrebbe essere leggermente diverso dalla realt\u00e0. L'errore di misura consentito \u00e8 di \/-1-3 cm.<\/span><\/p>\n<\/div>\n<h2><span style=\"color: #000000;\"><b>Caratteristiche<\/b><\/span><\/h2>\n<p><span style=\"font-weight: 400; color: #000000;\">\u00c8 un'ocarina del tempo in ceramica cotta in forno di alta qualit\u00e0, progettata per essere uno strumento musicale che non \u00e8 solo un accessorio economico. \u00c8 uno strumento musicale facile da imparare e da padroneggiare in pochissimo tempo.<\/span><\/p>\n<p><span style=\"font-weight: 400; color: #000000;\">Produce un suono bello e naturale.<\/span><\/p>\n<p><span style=\"font-weight: 400; color: #000000;\">Ha uno smalto blu scuro. Questa ocarina del tempo ha un design moderno e di tendenza, perfetto per le decorazioni.\u00a0<\/span><\/p>\n<h2><span style=\"color: #000000;\"><b>Uno strumento facile<\/b><\/span><\/h2>\n<p><span style=\"font-weight: 400; color: #000000;\">L'ocarina del tempo \u00e8 uno degli strumenti a fiato pi\u00f9 facili da imparare a suonare. Il vantaggio dell'ocarina del tempo \u00e8 che \u00e8 facile da suonare all'inizio, ma offre anche un modo rilassante per divertirsi con la musica per tutta la vita.<\/span><\/p>\n<h2><span style=\"color: #000000;\"><b>Esistono diversi tipi di Ocarina<\/b><\/span><\/h2>\n<h2><span style=\"color: #000000;\"><b>Ocarine peruviane<\/b><\/span><\/h2>\n<p><span style=\"font-weight: 400; color: #000000;\">Le ocarine peruviane sono riproduzioni di strumenti tradizionali sudamericani, generalmente di forma piatta, con complessi motivi dipinti e da 8 a 10 fori di dimensioni identiche.<\/span><\/p>\n<p><span style=\"font-weight: 400; color: #000000;\">In generale, si sa molto poco della storia di questi strumenti, ma quelli che si possono trovare oggi sono di scarsa qualit\u00e0, prodotti come souvenir per i turisti. Non sono accordati e non sono buoni strumenti musicali.<\/span><\/p>\n<h2><span style=\"color: #000000;\"><b>Le ocarine dell'armonia<\/b><\/span><\/h2>\n<p><span style=\"font-weight: 400; color: #000000;\">Le ocarine Harmony sono ocarine multicamera accordate per suonare in armonia tra loro. Si differenziano dalle ocarine multicamera perch\u00e9 queste ultime sono progettate per estendere la loro gamma e non per suonare in armonia nella maggior parte dei casi.<\/span><\/p>\n<p><span style=\"font-weight: 400; color: #000000;\">Le ocarine Harmony non sono affatto standardizzate: la forma e la diteggiatura variano da produttore a produttore. In genere sono composte da due camere separate, una suonata dalla mano sinistra e l'altra dalla destra.<\/span><\/p>\n<p><span style=\"font-weight: 400; color: #000000;\">Esistono molti stili di ocarine, che variano per forma e numero di fori:<\/span><\/p>\n<p><span style=\"font-weight: 400; color: #000000;\">L'ocarina trasversale \u00e8 lo stile pi\u00f9 noto di ocarina a tempo, che ha una forma arrotondata e viene tenuta orizzontalmente con entrambe le mani. A seconda del numero di fori, il suonatore apre un foro in pi\u00f9 rispetto alla nota precedente per alzare l'intonazione. <\/span><\/p>\n<p><span style=\"font-weight: 400; color: #000000;\">Le due ocarine a tempo trasverso pi\u00f9 comuni sono quelle a 10 fori, inventate da Giuseppe Donati in Italia, e quelle a 12 fori. La loro gamma varia da un'ottava pi\u00f9 una quarta a un'ottava pi\u00f9 una sesta minore.<\/span><\/p>\n<h2><span style=\"color: #000000;\"><b>Ciondoli inglesi\u00a0<\/b><\/span><\/h2>\n<p><span style=\"font-weight: 400; color: #000000;\">Sono generalmente molto piccoli e portatili e utilizzano il sistema di diteggiatura inglese a 4-6 fori ideato da John Taylor. Questo sistema di diteggiatura permette di raggiungere una gamma compresa tra un'ottava e un'ottava pi\u00f9 una seconda maggiore.<\/span><\/p>\n<h2><span style=\"color: #000000;\"><b>Ciondolo peruviano\u00a0<\/b><\/span><\/h2>\n<p><span style=\"font-weight: 400; color: #000000;\">Risalente all'epoca degli Inca, viene utilizzato come strumento per feste, rituali e cerimonie. Sono spesso decorati con motivi di animali. In genere hanno 8 o 9 fori.<\/span><\/p>\n<p><span style=\"font-weight: 400; color: #000000;\">Ocarine a tempo in linea: queste ocarine a tempo sono generalmente di forma rettangolare o ovale e sono costruite in modo che lo strumento sia rivolto verso il musicista quando viene suonato. La maggior parte delle ocarine in linea ha un sistema di diteggiatura simile o identico a quello delle ocarine a tempo trasversale.<\/span><\/p>\n<p>&nbsp;<\/p>\n<p><span style=\"font-weight: 400; color: #000000;\">Ocarine du temps multicamera (meglio conosciute come ocarine \"doppie\" e \"triple\"): queste ocarine du temps sono essenzialmente due ocarine modellate in un unico corpo, con due bocchini separati e due serie separate di fori per le dita. <\/span><\/p>\n<p><span style=\"font-weight: 400; color: #000000;\">Questa costruzione generalmente estende la gamma dello strumento o permette di suonare pi\u00f9 note contemporaneamente. <\/span><\/p>\n<p><span style=\"font-weight: 400; color: #000000;\">Sebbene le ocarine a tempo multicamera possano essere realizzate in stile trasversale, in linea o a sospensione, lo stile trasversale \u00e8 il pi\u00f9 comune. <\/span><\/p>\n<p><span style=\"font-weight: 400; color: #000000;\">Una tipica ocarina a tempo doppio trasversale suona due ottave pi\u00f9 una terza minore, mentre un'ocarina a tempo triplo trasversale suona generalmente su una gamma di circa due ottave pi\u00f9 una settima minore.<\/span><\/p>\n<p>&nbsp;<\/p>\n<p><span style=\"font-weight: 400; color: #000000;\">Chiavi e diapositive: a partire dalla fine del XIX secolo, alcuni produttori produssero anche ocarine a tempo con chiavi e diapositive. <\/span><\/p>\n<p><span style=\"font-weight: 400; color: #000000;\">Questi meccanismi possono essere utilizzati per estendere la gamma dello strumento, per aiutare le dita a raggiungere fori molto distanziati o per facilitare l'esecuzione di note che non sono nella tonalit\u00e0 originale dello strumento.<\/span><\/p>\n<p>&nbsp;<\/p>\n<div id=\"details\">\n<div>\n<table style=\"width: 100.0%;\" border=\"0\" cellspacing=\"0\" cellpadding=\"0\">\n<tbody>\n<tr>\n<td style=\"margin: 0 auto; text-align: center;\"><img decoding=\"async\" title=\"C 16 fori Ocarina legend of Zelda Ocarina flauto in legno\" src=\"\/\/ae01.alicdn.com\/kf\/H29f54d3eb4b44c629799d772ccf57d717.jpg\" alt=\"C 16 fori Ocarina legend of Zelda Ocarina flauto in legno\" border=\"0\" \/><\/p>\n<p><img decoding=\"async\" title=\"C 16 fori Ocarina legend of Zelda Ocarina flauto in legno\" src=\"\/\/ae01.alicdn.com\/kf\/H116f96ea68b34bccb98c8f964dbed8f7Q.jpg\" alt=\"C 16 fori Ocarina legend of Zelda Ocarina flauto in legno\" border=\"0\" \/><\/p>\n<p><img decoding=\"async\" title=\"C 16 fori Ocarina legend of Zelda Ocarina flauto in legno\" src=\"\/\/ae01.alicdn.com\/kf\/H2a5dfb5f1e484fe6883a9a1af991ba38O.jpg\" alt=\"C 16 fori Ocarina legend of Zelda Ocarina flauto in legno\" border=\"0\" \/><\/p>\n<p><img decoding=\"async\" title=\"C 16 fori Ocarina legend of Zelda Ocarina flauto in legno\" src=\"\/\/ae01.alicdn.com\/kf\/Hfacbedab104447e8b8b337ddd7d31b94h.jpg\" alt=\"C 16 fori Ocarina legend of Zelda Ocarina flauto in legno\" border=\"0\" \/><\/p>\n<p><img decoding=\"async\" title=\"C 16 fori Ocarina legend of Zelda Ocarina flauto in legno\" src=\"\/\/ae01.alicdn.com\/kf\/Hc443679c9f3b4616b9e4076d6835d574z.jpg\" alt=\"C 16 fori Ocarina legend of Zelda Ocarina flauto in legno\" border=\"0\" \/><\/p>\n<p><img decoding=\"async\" title=\"C 16 fori Ocarina legend of Zelda Ocarina flauto in legno\" src=\"\/\/ae01.alicdn.com\/kf\/H5aebf5d2732a4d3a99320ee2f381ded7W.jpg\" alt=\"C 16 fori Ocarina legend of Zelda Ocarina flauto in legno\" border=\"0\" \/><\/p>\n<p><img loading=\"lazy\" decoding=\"async\" class=\"alignnone\" title=\"C 16 fori Ocarina legend of Zelda Ocarina flauto in legno\" src=\"\/\/ae01.alicdn.com\/kf\/Hbd6549eb20c84b7486e4d16cda7148e2J.jpg\" alt=\"Ocarina del tempo\" width=\"600\" height=\"600\" border=\"0\" \/><\/p>\n<p><img decoding=\"async\" title=\"C 16 fori Ocarina legend of Zelda Ocarina flauto in legno\" src=\"\/\/ae01.alicdn.com\/kf\/H2723232009cf4cd197c1737a5194bdd97.jpg\" alt=\"C 16 fori Ocarina legend of Zelda Ocarina flauto in legno\" border=\"0\" \/><\/td>\n<\/tr>\n<\/tbody>\n<\/table>\n<p>&nbsp;<\/p>\n<\/div>\n<\/div>\n<p>&nbsp;<\/p>","protected":false},"excerpt":{"rendered":"<p>Questo strumento di alta qualit\u00e0 \ud83c\udfb5 \u00e8 prodotto nel forno \ud83d\udd25. Non \u00e8 solo un accessorio economico \ud83d\udcb0, \u00e8 un'Ocarina del Tempo cromatica a 16 fori \ud83c\udfb6\ud83c\udfb6. Specifiche: 16 fori, finitura smaltata decorata, materiale: ceramica cotta, colore: blu, dimensioni: 13*8 cm. Contenuto della confezione: 1 Ocarina of Time 16 fori, 1 cordino, 1 coperchio protettivo. \ud83c\udfb6\ud83c\udfb6<\/p>","protected":false},"featured_media":21145,"comment_status":"open","ping_status":"closed","template":"","meta":[],"product_brand":[],"product_cat":[65],"product_tag":[],"class_list":{"0":"post-14244","1":"product","2":"type-product","3":"status-publish","4":"has-post-thumbnail","6":"product_cat-ocarina","8":"first","9":"instock","10":"taxable","11":"shipping-taxable","12":"purchasable","13":"product-type-simple"},"_links":{"self":[{"href":"https:\/\/thekalimba.com\/it\/wp-json\/wp\/v2\/product\/14244","targetHints":{"allow":["GET"]}}],"collection":[{"href":"https:\/\/thekalimba.com\/it\/wp-json\/wp\/v2\/product"}],"about":[{"href":"https:\/\/thekalimba.com\/it\/wp-json\/wp\/v2\/types\/product"}],"replies":[{"embeddable":true,"href":"https:\/\/thekalimba.com\/it\/wp-json\/wp\/v2\/comments?post=14244"}],"wp:featuredmedia":[{"embeddable":true,"href":"https:\/\/thekalimba.com\/it\/wp-json\/wp\/v2\/media\/21145"}],"wp:attachment":[{"href":"https:\/\/thekalimba.com\/it\/wp-json\/wp\/v2\/media?parent=14244"}],"wp:term":[{"taxonomy":"product_brand","embeddable":true,"href":"https:\/\/thekalimba.com\/it\/wp-json\/wp\/v2\/product_brand?post=14244"},{"taxonomy":"product_cat","embeddable":true,"href":"https:\/\/thekalimba.com\/it\/wp-json\/wp\/v2\/product_cat?post=14244"},{"taxonomy":"product_tag","embeddable":true,"href":"https:\/\/thekalimba.com\/it\/wp-json\/wp\/v2\/product_tag?post=14244"}],"curies":[{"name":"wp","href":"https:\/\/api.w.org\/{rel}","templated":true}]}}