{"id":167,"date":"2019-12-26T13:26:58","date_gmt":"2019-12-26T13:26:58","guid":{"rendered":"https:\/\/thekalimba.com\/?post_type=product&#038;p=167"},"modified":"2026-03-20T09:23:26","modified_gmt":"2026-03-20T09:23:26","slug":"kalimba-africana-pianoforte-un-penny-sanza-mbira","status":"publish","type":"product","link":"https:\/\/thekalimba.com\/it\/prodotto\/kalimba-africana-pianoforte-un-penny-sanza-mbira\/","title":{"rendered":"[Kit Complet] Kalimba Africain 17 Notes"},"content":{"rendered":"<p><span style=\"color: #000000;\">Kalimba africana di alta qualit\u00e0 a 17 note: non rimarrete delusi da questo modello di kalimba africana che, con il suo design originale, diffonde il suono nel miglior modo possibile e offre un suono unico che \u00e8 proprio di questa straordinaria kalimba africana. Conosciuto anche come thumb piano, sanza o mbira, questo strumento africano \u00e8 perfetto per chi vuole diventare un esperto di musica o semplicemente scoprire la musica!<\/span><\/p>\n<h2><span style=\"color: #000000;\"><b>La Kalimba africana 17 Note<\/b><\/span><\/h2>\n<p><span style=\"font-weight: 400; color: #000000;\">Volete un suono africano? La disposizione e l'accordatura fanno di questa kalimba africana una versione moderna di uno strumento antico. Suonatela se volete entrare in contatto con il genio dell'Africa antica.<\/span><\/p>\n<p><span style=\"font-weight: 400; color: #000000;\">Questa kalimba africana \u00e8 simile alla mbira dello Zimbabwe. Ha 17 denti disposti su due file, ma a prima vista questa disposizione non \u00e8 logica. Tuttavia, imparando a suonare questo strumento, si scoprir\u00e0 la sua logica intrinseca, che si presta particolarmente bene al suono tradizionale africano.<\/span><\/p>\n<p><span style=\"font-weight: 400; color: #000000;\">Andrew Tracey sostiene che questo strumento \u00e8 strettamente imparentato con la kalimba originale con punta metallica, che risale a 1.300 anni fa.<\/span><\/p>\n<p><span style=\"font-weight: 400; color: #000000;\">Le due file di denti della karimba sono disposte secondo un sistema tradizionale africano vecchio di secoli che permette di far emergere facilmente le belle melodie africane. \u00c8 strettamente legata alla mbira.<\/span><\/p>\n<h2><span style=\"color: #000000;\"><b>Approfittate di un piccolo martello per la messa a punto<\/b><\/span><\/h2>\n<p><span style=\"font-weight: 400; color: #000000;\">Questo sistema consente un'accordatura pi\u00f9 precisa ed elimina il dolore alla mano quando si accorda la kalimba africana \"a mano\".<\/span><\/p>\n<p><span style=\"font-weight: 400; color: #000000;\">Accordare la kalimba \u00e8 un esercizio misto. A differenza della chitarra, non \u00e8 necessario accordare la kalimba ogni volta che la si prende in mano. In effetti, la maggior parte delle kalimba rimane intonata per settimane o mesi.<\/span><\/p>\n<p><span style=\"font-weight: 400; color: #000000;\">D'altra parte, quando la vostra kalimba africana ha bisogno di essere accordata, potreste non sapere cosa fare. Esiste una tecnica: si possono muovere i denti della kalimba africana a mano.<\/span><\/p>\n<p><span style=\"font-weight: 400; color: #000000;\">Si \u00e8 scoperto che \u00e8 possibile utilizzare questo piccolo martello per battere i denti della kalimba africana per accordarla, e questo approccio presenta una serie di vantaggi.<\/span><\/p>\n<p><span style=\"font-weight: 400; color: #000000;\">Il metodo tipico per accordare i denti della kalimba africana consiste nell'afferrare un dente con il pollice e l'indice e, muovendolo da sinistra a destra, tirare o spingere il dente per allungarne la lunghezza vibratoria (per suonare una nota pi\u00f9 bassa) o accorciarla (per suonare una nota pi\u00f9 alta). <\/span><\/p>\n<p><span style=\"font-weight: 400; color: #000000;\">Questa tecnica funziona molto bene... soprattutto se si ripete il gesto pi\u00f9 volte e si hanno mani forti e dita sensibili... <\/span><\/p>\n<p><span style=\"font-weight: 400; color: #000000;\">Sebbene la tecnica di accordatura 'a mano' sia economica ed efficace, pu\u00f2 causare dolore se non si hanno i calli... e se si usa la tecnica 'a mano' e non si ha esperienza, probabilmente non si avr\u00e0 il 'feeling' e non si riuscir\u00e0 ad accordare la kalimba con la precisione desiderata.<\/span><\/p>\n<p><span style=\"font-weight: 400; color: #000000;\">Tuttavia, esiste un altro modo di accordare: picchiettando delicatamente i denti con un piccolo martello.\u00a0<\/span><\/p>\n<p><span style=\"font-weight: 400; color: #000000;\">Man mano che si acquisisce esperienza nell'accordatura con il martello, probabilmente si svilupper\u00e0 una \"forza d'impatto standard\".<\/span><\/p>\n<p><span style=\"font-weight: 400; color: #000000;\">Si noti che questo martello \u00e8 troppo piccolo per regolare l'accordatura dei denti pi\u00f9 massicci. Tuttavia, funziona perfettamente sulla kalimba africana a 17 note, sulla Sansula, su Hugh Tracey e su tutte le kalimbe recenti.<\/span><\/p>\n<h2><span style=\"color: #000000;\"><b>Accessori\u00a0<\/b><\/span><\/h2>\n<p><span style=\"font-weight: 400; color: #000000;\">Questa kalimba africana viene fornita con una custodia impermeabile per il trasporto e la conservazione facile e sicura. Inoltre, la kalimba africana da 17 note \u00e8 dotata di adesivi rossi e verdi. Il kit include un panno per pulire la kalimba africana e mantenerla in buone condizioni.\u00a0<\/span><\/p>\n<h2><span style=\"color: #000000;\"><b>Alcune informazioni sulla Kalimba<\/b><\/span><\/h2>\n<p><span style=\"font-weight: 400; color: #000000;\">Alcuni tipi di kalimba hanno dei fori sul retro per il vibrato.<\/span><\/p>\n<p><span style=\"font-weight: 400; color: #000000;\">Allo stesso modo, il foro anteriore \u00e8 la causa di alcuni effetti sonori. Alcune kalimbe moderne includono questo effetto senza il foro.<\/span><\/p>\n<p><span style=\"font-weight: 400; color: #000000;\">I tasti sono fissati a un ponte e la loro lunghezza dipende dalla loro vibrazione, dando note diverse. Per questo motivo, la kalimba pu\u00f2 essere accordata regolandoli, allungandoli o riducendoli.<\/span><\/p>\n<h2><span style=\"color: #000000;\"><b>Come si suona la Kalimba?<\/b><\/span><\/h2>\n<p><span style=\"font-weight: 400; color: #000000;\">Il metodo abituale \u00e8 quello di tenerlo con entrambe le mani, con i pollici rivolti verso l'alto, pronti a stringere le lame.<\/span><\/p>\n<p><span style=\"font-weight: 400; color: #000000;\">Le note musicali sono posizionate in modo diverso rispetto a strumenti come il pianoforte. Nel Kalimba, infatti, iniziano al centro (le note pi\u00f9 basse) e si spostano verso le estremit\u00e0 (le note musicali pi\u00f9 alte).<\/span><\/p>\n<p><span style=\"font-weight: 400; color: #000000;\">Inoltre, la scala musicale si alterna per ogni tonalit\u00e0, cosa tipica anche di altri strumenti africani come la kora e la valiha.<\/span><\/p>\n<h2><span style=\"color: #000000;\"><b>Uno strumento speciale<\/b><\/span><\/h2>\n<p><span style=\"font-weight: 400; color: #000000;\">Il thumb piano africano, o kalimba, \u00e8 un insolito strumento a percussione composto da una serie di sottili barre metalliche montate su una cassa di risonanza o tavola armonica. I tasti sono montati a diverse lunghezze per produrre note diverse e sono solitamente colpiti all'estremit\u00e0 dai pollici degli esecutori, mentre la tavola armonica \u00e8 tenuta dalle dita.<\/span><\/p>\n<p><span style=\"color: #000000;\">Imparare a suonare \"Hey Jude\" dei Beatles sulla kalimba con il nostro <a style=\"color: #000000;\" href=\"https:\/\/thekalimba.com\/it\/\u3010easy-kalimba-tutorial\u3011hey-jude-by-the-beatles\/\">tutorial<\/a> !<\/span><\/p>\n<p><img loading=\"lazy\" decoding=\"async\" class=\"aligncenter\" src=\"https:\/\/ae01.alicdn.com\/kf\/Haa9802b6b6464a0f8b1d4c42f383b0c6S.jpg\" alt=\"Kalimba africana\" width=\"800\" height=\"800\" \/><img loading=\"lazy\" decoding=\"async\" class=\"aligncenter\" src=\"https:\/\/ae01.alicdn.com\/kf\/Hcd3fcae4a54a4decae69ae95c6e9b3a2o.jpg\" alt=\"Kalimba africana\" width=\"800\" height=\"800\" \/><img loading=\"lazy\" decoding=\"async\" class=\"aligncenter\" src=\"https:\/\/ae01.alicdn.com\/kf\/H2297ede46d5d4b3d8c22dbbb5e9be917s.jpg\" alt=\"Kalimba africana\" width=\"800\" height=\"800\" \/><img loading=\"lazy\" decoding=\"async\" class=\"aligncenter\" src=\"https:\/\/ae01.alicdn.com\/kf\/H9a043867ecf8418dbf8f4f9fb50b39e7a.jpg\" alt=\"Kalimba africana\" width=\"800\" height=\"800\" \/><img loading=\"lazy\" decoding=\"async\" class=\"aligncenter\" src=\"https:\/\/ae01.alicdn.com\/kf\/H9fe2b8d5f2f7426e9ac33b56bb27d5e3O.jpg\" alt=\"Kalimba africana\" width=\"800\" height=\"800\" \/><img loading=\"lazy\" decoding=\"async\" class=\"aligncenter\" src=\"https:\/\/ae01.alicdn.com\/kf\/H148b6eef8188446f9e178928899d1970E.jpg\" alt=\"Kalimba africana\" width=\"800\" height=\"800\" \/><img loading=\"lazy\" decoding=\"async\" class=\"aligncenter\" src=\"https:\/\/ae01.alicdn.com\/kf\/H3b1ff46e6b8a44ffa9a6db366f84233cZ.jpg\" alt=\"Kalimba africana\" width=\"800\" height=\"800\" \/><\/p>","protected":false},"excerpt":{"rendered":"<ul>\n<li>\ud83c\udfb5 Kalimba africana 17 Note<\/li>\n<li>\ud83c\udf0d Musica tradizionale africana<\/li>\n<li>\ud83c\udf81 Kit completo<\/li>\n<\/ul>","protected":false},"featured_media":21003,"comment_status":"open","ping_status":"closed","template":"","meta":[],"product_brand":[],"product_cat":[83,85],"product_tag":[],"class_list":{"0":"post-167","1":"product","2":"type-product","3":"status-publish","4":"has-post-thumbnail","6":"product_cat-kalimba-17-notes-kalimba","7":"product_cat-kalimba-haut-de-gamme-kalimba","9":"first","10":"outofstock","11":"taxable","12":"shipping-taxable","13":"purchasable","14":"product-type-simple"},"_links":{"self":[{"href":"https:\/\/thekalimba.com\/it\/wp-json\/wp\/v2\/product\/167","targetHints":{"allow":["GET"]}}],"collection":[{"href":"https:\/\/thekalimba.com\/it\/wp-json\/wp\/v2\/product"}],"about":[{"href":"https:\/\/thekalimba.com\/it\/wp-json\/wp\/v2\/types\/product"}],"replies":[{"embeddable":true,"href":"https:\/\/thekalimba.com\/it\/wp-json\/wp\/v2\/comments?post=167"}],"wp:featuredmedia":[{"embeddable":true,"href":"https:\/\/thekalimba.com\/it\/wp-json\/wp\/v2\/media\/21003"}],"wp:attachment":[{"href":"https:\/\/thekalimba.com\/it\/wp-json\/wp\/v2\/media?parent=167"}],"wp:term":[{"taxonomy":"product_brand","embeddable":true,"href":"https:\/\/thekalimba.com\/it\/wp-json\/wp\/v2\/product_brand?post=167"},{"taxonomy":"product_cat","embeddable":true,"href":"https:\/\/thekalimba.com\/it\/wp-json\/wp\/v2\/product_cat?post=167"},{"taxonomy":"product_tag","embeddable":true,"href":"https:\/\/thekalimba.com\/it\/wp-json\/wp\/v2\/product_tag?post=167"}],"curies":[{"name":"wp","href":"https:\/\/api.w.org\/{rel}","templated":true}]}}