{"id":176,"date":"2019-12-26T13:27:00","date_gmt":"2019-12-26T13:27:00","guid":{"rendered":"https:\/\/thekalimba.com\/?post_type=product&#038;p=176"},"modified":"2026-03-20T09:18:23","modified_gmt":"2026-03-20T09:18:23","slug":"17-tastiere-kalimba-pianoforte-pezzo-mbira-massive-dacawood-legno-blu-tastiera-regalo-natalizio-con-accessori-pianoforte-pezzo-set","status":"publish","type":"product","link":"https:\/\/thekalimba.com\/it\/prodotto\/17-tastiere-kalimba-pianoforte-pezzo-mbira-massive-dacawood-legno-blu-tastiera-regalo-natalizio-con-accessori-pianoforte-pezzo-set\/","title":{"rendered":"[Kit Complet] Kalimba en acajou 17 Notes incrust\u00e9 \u00e0 la main"},"content":{"rendered":"<h2 style=\"text-align: left;\"><span style=\"color: #000000;\"><strong><span style=\"background-color: initial;\">Riceverete :<\/span><\/strong><\/span><\/h2>\n<p style=\"text-align: left;\"><span style=\"color: #000000;\">\u273f<\/span><\/p>\n<p style=\"text-align: left;\"><span style=\"color: #000000;\">1 Kalimba in mogano a 17 tasti<\/span><\/p>\n<p style=\"text-align: left;\"><span style=\"color: #000000;\">1 custodia per pianoforte a pollice<\/span><\/p>\n<p style=\"text-align: left;\"><span style=\"color: #000000;\">1 adesivo<\/span><\/p>\n<p style=\"text-align: left;\"><span style=\"color: #000000;\">1 Manuale d'uso (inglese)<\/span><\/p>\n<p style=\"text-align: left;\"><span style=\"color: #000000;\">1 martello da accordatura<\/span><\/p>\n<p style=\"text-align: left;\"><span style=\"color: #000000;\">1 <span style=\"background-color: initial;\">Panno per la pulizia<\/span><\/span><\/p>\n<p style=\"text-align: left;\"><span style=\"color: #000000;\">\u273f<\/span><\/p>\n<p style=\"text-align: left;\"><span style=\"background-color: initial; color: #000000;\">Questa Kalimba in mogano tinto di blu, accuratamente intarsiata a mano, \u00e8 un magnifico strumento da regalare. Il suono unico di questo strumento vi delizier\u00e0 e vi rilasser\u00e0 profondamente.<\/span><\/p>\n<p style=\"text-align: left;\"><span style=\"color: #000000;\">Grazie al suo nuovo stile, al comfort e all'ergonomia, questa kalimba in mogano intarsiato \u00e8 davvero confortevole, per poter suonare a lungo.<\/span><\/p>\n<p style=\"text-align: left;\"><span style=\"color: #000000;\">La kalimba, nota anche come thumb piano, \u00e8 un nuovo tipo di strumento proveniente dall'Africa.<\/span><\/p>\n<p style=\"text-align: left;\"><span style=\"color: #000000;\">I tasti in acciaio al carbonio sono montati su una cassa in legno massiccio che funge da camera di risonanza.<\/span><\/p>\n<p style=\"text-align: left;\"><span style=\"color: #000000;\">\u00c8 possibile riprodurre facilmente le canzoni giocherellando con i tasti. \u00c8 particolarmente indicato per i viaggi, le feste, la meditazione, il relax, ecc...<\/span><\/p>\n<p style=\"text-align: left;\"><span style=\"color: #000000;\">Il corpo in legno massiccio e i denti in acciaio offrono una sensazione confortevole e una lunga durata.<\/span><\/p>\n<p style=\"text-align: left;\"><span style=\"color: #000000;\">\u00c8 facile imparare: 1(D), 2(B), 3(G), 4(E), 5(C5), 6(A), 7(F), 8(D), 9(C4), 10(E), 11(G), 12(B), 13(D), 14(F), 15(A), 16(C6), 17(E)<\/span><\/p>\n<p style=\"text-align: left;\"><span style=\"color: #000000;\">\u00c8 dotato di tasti in acciaio con buona flessibilit\u00e0, assenza di rigidit\u00e0 e toni aggraziati.<\/span><\/p>\n<p style=\"text-align: left;\"><span style=\"color: #000000;\">Con la kalimba in mogano a 17 tasti \u00e8 possibile suonare la maggior parte dei brani.<\/span><\/p>\n<h2 style=\"text-align: left;\"><span style=\"color: #000000;\"><b>La storia<\/b><\/span><\/h2>\n<p style=\"text-align: left;\"><span style=\"font-weight: 400; color: #000000;\">Negli anni '60, il mondo vide una vera e propria esplosione di kalimba, tutte prodotte da AMI. Ben presto fu progettata una kalimba pi\u00f9 grande e profonda, chiamata Alto Kalimba, e un acuto montato su tavola, chiamato Celeste Treble. Questo trio di kalimbe fece il giro del mondo. <\/span><\/p>\n<p style=\"text-align: left;\"><span style=\"font-weight: 400; color: #000000;\">All'inizio, la Treble Kalimba, montata su una scatola, era molto pi\u00f9 popolare degli altri due modelli. <\/span><\/p>\n<p style=\"text-align: left;\"><span style=\"font-weight: 400; color: #000000;\">Negli ultimi anni, la kalimba in mogano intarsiato a mano \u00e8 molto pi\u00f9 popolare della Treble, forse per le sue dimensioni maggiori, la maggiore distanza tra i denti e l'accordatura pi\u00f9 facile da capire con una nota alta e bassa di G, che \u00e8 anche la nota fondamentale.<\/span><\/p>\n<h2 style=\"text-align: left;\"><span style=\"color: #000000;\"><b>Scegliere il legno giusto\u00a0<\/b><\/span><\/h2>\n<p style=\"text-align: left;\"><span style=\"font-weight: 400; color: #000000;\">Quando si cerca di acquistare una nuova kalimba, il numero di opzioni pu\u00f2 essere scoraggiante. La parte pi\u00f9 confusa \u00e8 sapere qual \u00e8 il tipo di legno migliore per ottenere il suono desiderato.<\/span><\/p>\n<p style=\"text-align: left;\"><span style=\"font-weight: 400; color: #000000;\">Quando si cerca il miglior legno per le conchiglie della kalimba, \u00e8 necessario conoscere le qualit\u00e0 di ciascun tipo di legno. Oggi lo standard per i produttori di percussioni \u00e8 la betulla e l'acero. <\/span><\/p>\n<p style=\"text-align: left;\"><span style=\"font-weight: 400; color: #000000;\">Entrambi questi legni hanno un suono fantastico e, se tutto il resto fallisce, non si pu\u00f2 sbagliare acquistando un kit realizzato con uno di questi legni.<\/span><\/p>\n<p style=\"text-align: left;\"><span style=\"font-weight: 400; color: #000000;\">Ma che dire dei kit realizzati con altri tipi di legno non cos\u00ec comuni? Vale la pena acquistarli o i produttori di kalimba utilizzano questi legni rari come un'abile manovra di marketing per indurvi ad acquistarli a un prezzo pi\u00f9 alto?\u00a0<\/span><\/p>\n<p style=\"text-align: left;\"><span style=\"font-weight: 400; color: #000000;\">Ogni tipo di legno ha una propria tonalit\u00e0 e livella, ma poich\u00e9 sono rari e difficili da realizzare, a volte vengono venduti a un prezzo pi\u00f9 alto.<\/span><\/p>\n<p style=\"text-align: left;\"><span style=\"font-weight: 400; color: #000000;\">Gli strumenti in mogano sono la terza opzione pi\u00f9 comune per i costruttori di percussioni.\u00a0<\/span><\/p>\n<h2 style=\"text-align: left;\"><span style=\"color: #000000;\"><b>Provate la kalimba in mogano intarsiata a mano <\/b><\/span><span style=\"color: #000000;\"><b>17 note<\/b><\/span><\/h2>\n<p style=\"text-align: left;\"><span style=\"font-weight: 400; color: #000000;\">Le Sansule e le Kalimbe Hokema di produzione tedesca sono da tempo apprezzate per il loro suono e la loro qualit\u00e0 superba... ma gli strumenti Hokema erano piccoli, con 9 o 11 denti. Suonavano musica bella e sognante, ma si limitavano a suonare musica semplice.<\/span><\/p>\n<p style=\"text-align: left;\"><span style=\"font-weight: 400; color: #000000;\">Ora c'\u00e8 la kalimba in mogano intarsiata a mano; 17 denti di alta qualit\u00e0 montati su un robusto corpo in legno. <\/span><\/p>\n<p style=\"text-align: left;\"><span style=\"font-weight: 400; color: #000000;\">Non \u00e8 la kalimba pi\u00f9 'rumorosa', ma tutte le note hanno un suono costante e le note si mantengono a lungo. Inoltre, mentre molte kalimba a 17 note in mogano hanno un suono ovattato sui rebbi superiori, questa kalimba in mogano ha un suono pi\u00f9 chiaro sulle note superiori rispetto a qualsiasi altra kalimba.\u00a0<\/span><\/p>\n<p style=\"text-align: left;\"><span style=\"font-weight: 400; color: #000000;\">Le 17 note iniziano dal Do centrale e coprono poco pi\u00f9 di 2 ottave nella tonalit\u00e0 standard di Do maggiore. <\/span><\/p>\n<p style=\"text-align: left;\"><span style=\"font-weight: 400; color: #000000;\">Si tratta della stessa accordatura delle kalimbe a 17 note C che escono dalla Cina dal 2017... il che significa che tutte le risorse didattiche disponibili per le altre kalimbe a 17 note sono disponibili anche per questa kalimba in mogano.<\/span><\/p>\n<h2 style=\"text-align: left;\"><span style=\"color: #000000;\"><b>Cosa rende una Kalimba in mogano una buona accordatura?<\/b><\/span><\/h2>\n<p style=\"text-align: left;\"><span style=\"font-weight: 400; color: #000000;\">Ogni nuovo accordo di kalimba rappresenta un diverso universo di possibilit\u00e0. Alcuni di questi mondi musicali alternativi sono molto simili tra loro. Ma alcuni accordi presentano una musica completamente diversa da quella che altri accordi possono suonare.<\/span><\/p>\n<p style=\"text-align: left;\"><span style=\"font-weight: 400; color: #000000;\">A volte si pu\u00f2 immaginare un accordo e poi giocherellare con la kalimba finch\u00e9 non suona quello che si \u00e8 immaginato. Ma la maggior parte dei grandi accordi vengono scoperti piuttosto che inventati. Potreste aver trovato quell'accordo per caso e poi aver scoperto cosa pu\u00f2 fare quell'accordo!<\/span><\/p>\n<p style=\"text-align: left;\"><span style=\"font-weight: 400; color: #000000;\">Un nuovo accordo brillante dovrebbe catturare la vostra immaginazione quasi immediatamente. La musica fluir\u00e0 dalla kalimba in mogano con semplici e intuitivi movimenti del pollice. Ma cosa bisogna cercare in particolare quando si prende una kalimba con una nuova accordatura?<\/span><\/p>\n<h2 style=\"text-align: left;\"><span style=\"color: #000000;\"><b>Divisione naturale dei denti nei diversi spazi musicali della kalimba\u00a0<\/b><\/span><\/h2>\n<p style=\"text-align: left;\"><span style=\"font-weight: 400; color: #000000;\">Questa kalimba in mogano pu\u00f2 avere una fila di denti superiore e una inferiore. Il grande costruttore di kalimba Thomas Bothe crea kalimbe simili con una fila di denti superiore e inferiore. <\/span><\/p>\n<p style=\"text-align: left;\"><span style=\"font-weight: 400; color: #000000;\">Negli accordi classici di Bothe, egli pone un accordo ricco sui denti della fila inferiore e un accordo ricco corrispondente sui denti della fila superiore. <\/span><\/p>\n<p style=\"text-align: left;\"><span style=\"font-weight: 400; color: #000000;\">In particolare, quando prendete una kalimba a due livelli, provate a suonare sui denti della fila inferiore per un po'... e poi suonate sui denti della fila superiore per un po'.\u00a0<\/span><\/p>\n<h2 style=\"text-align: left;\"><span style=\"color: #000000;\"><b>Ricerca di una nota del drone<\/b><\/span><\/h2>\n<p style=\"text-align: left;\"><span style=\"font-weight: 400; color: #000000;\">Molte kalimbe (ma non tutte) hanno la nota fondamentale come nota pi\u00f9 bassa. Spesso \u00e8 possibile utilizzare questa nota bassa come bordone. Cosa significa? Provate a suonare la nota bassa, seguita da diverse altre note... poi tornate alla nota bassa e ripetete. Provate a suonare la nota bassa nello stesso momento in cui suonate un'altra nota. <\/span><\/p>\n<p style=\"text-align: left;\"><span style=\"font-weight: 400; color: #000000;\">Provate a suonare la nota bassa con tutte le altre note e ricordate quali suonano bene. A volte vorrete allontanarvi dal bordone per far sbocciare un'altra armonia... ma naturalmente vorrete tornare al bordone.<\/span><\/p>\n<p style=\"text-align: left;\"><span style=\"color: #000000;\">Se volete imparare a suonare \"All Of Me\" di John Legend sulla kalimba in mogano, seguite questo link <a style=\"color: #000000;\" href=\"https:\/\/thekalimba.com\/it\/\u3010easy-kalimba-tutorial\u3011all-of-me-by-john-legend\/\">link<\/a> !<\/span><\/p>\n<p style=\"text-align: left;\"><img loading=\"lazy\" decoding=\"async\" class=\"aligncenter\" src=\"https:\/\/ae01.alicdn.com\/kf\/HTB1mNtPQzDpK1RjSZFrq6y78VXah.jpg?width=1000&amp;height=1000&amp;hash=2000\" alt=\"kalimba in mogano\" width=\"1000\" height=\"1000\" \/><img decoding=\"async\" class=\"aligncenter\" src=\"https:\/\/ae01.alicdn.com\/kf\/HTB1MLlWQrvpK1RjSZPiq6zmwXXaH.jpg?width=1000&amp;height=1000&amp;hash=2000\" alt=\"cb51aa7271ef40eec66ce2236f3140f\" \/><img decoding=\"async\" class=\"aligncenter\" src=\"https:\/\/ae01.alicdn.com\/kf\/HTB1YetZQAvoK1RjSZFDq6xY3pXaa.jpg?width=1000&amp;height=1000&amp;hash=2000\" alt=\"_20190327005853\" \/><img decoding=\"async\" class=\"aligncenter\" src=\"https:\/\/ae01.alicdn.com\/kf\/HTB17oRRQCzqK1RjSZFLq6An2XXas.jpg?width=1000&amp;height=1000&amp;hash=2000\" alt=\"vbd\" \/><\/p>\n<p>&nbsp;<\/p>","protected":false},"excerpt":{"rendered":"<p>Nel kit riceverete :<\/p>\n<p>1 Kalimba 17 tasti intarsiati<\/p>\n<p>1 custodia per pianoforte a pollice<\/p>\n<p>1 Adesivi<\/p>\n<p>1 Manuale d'uso (inglese)<\/p>\n<p>1 martello da accordatura<\/p>\n<p>1 panno per la pulizia<\/p>","protected":false},"featured_media":21016,"comment_status":"open","ping_status":"closed","template":"","meta":[],"product_brand":[],"product_cat":[83,84],"product_tag":[],"class_list":{"0":"post-176","1":"product","2":"type-product","3":"status-publish","4":"has-post-thumbnail","6":"product_cat-kalimba-17-notes-kalimba","7":"product_cat-kalimba-entree-de-gamme-kalimba","9":"first","10":"outofstock","11":"featured","12":"taxable","13":"shipping-taxable","14":"purchasable","15":"product-type-simple"},"_links":{"self":[{"href":"https:\/\/thekalimba.com\/it\/wp-json\/wp\/v2\/product\/176","targetHints":{"allow":["GET"]}}],"collection":[{"href":"https:\/\/thekalimba.com\/it\/wp-json\/wp\/v2\/product"}],"about":[{"href":"https:\/\/thekalimba.com\/it\/wp-json\/wp\/v2\/types\/product"}],"replies":[{"embeddable":true,"href":"https:\/\/thekalimba.com\/it\/wp-json\/wp\/v2\/comments?post=176"}],"wp:featuredmedia":[{"embeddable":true,"href":"https:\/\/thekalimba.com\/it\/wp-json\/wp\/v2\/media\/21016"}],"wp:attachment":[{"href":"https:\/\/thekalimba.com\/it\/wp-json\/wp\/v2\/media?parent=176"}],"wp:term":[{"taxonomy":"product_brand","embeddable":true,"href":"https:\/\/thekalimba.com\/it\/wp-json\/wp\/v2\/product_brand?post=176"},{"taxonomy":"product_cat","embeddable":true,"href":"https:\/\/thekalimba.com\/it\/wp-json\/wp\/v2\/product_cat?post=176"},{"taxonomy":"product_tag","embeddable":true,"href":"https:\/\/thekalimba.com\/it\/wp-json\/wp\/v2\/product_tag?post=176"}],"curies":[{"name":"wp","href":"https:\/\/api.w.org\/{rel}","templated":true}]}}