{"id":21157,"date":"2019-12-26T13:26:59","date_gmt":"2019-12-26T13:26:59","guid":{"rendered":"https:\/\/thekalimba.com\/?post_type=product&#038;p=21157"},"modified":"2026-03-21T09:32:34","modified_gmt":"2026-03-21T09:32:34","slug":"ammoon-kalimba-mbira-pianoforte-paw-pianoforte-sanza-17-tocchi-legno-massive-finger-pianoforte-con-borsa-libro-musicale-bilanciamento-stickers-accordatura-martello","status":"publish","type":"product","link":"https:\/\/thekalimba.com\/it\/prodotto\/ammoon-kalimba-mbira-pianoforte-paw-pianoforte-sanza-17-tocchi-legno-massive-finger-pianoforte-con-borsa-libro-musicale-bilanciamento-stickers-accordatura-martello\/","title":{"rendered":"Kit completo Kalimba 17 note Bois Massif"},"content":{"rendered":"<p><span style=\"color: #000000;\">La Kalimba \u00e8 una versione moderna della mbira africana, nota anche come Thumb Piano. La Kalimba pu\u00f2 essere utilizzata come strumento solista o come accompagnamento per cantanti, musicisti e ballerini. Consiste in una tavola di legno (spesso dotata di risonatore) con denti metallici sfalsati, che si suona tenendo lo strumento in mano e pizzicando i denti con i pollici. Ideale per viaggi, cerimonie religiose, matrimoni e altri eventi sociali.<span style=\"background-color: initial;\">\u00a0<\/span><\/span><\/p>\n<h2><strong><span style=\"background-color: initial; color: #000000;\">Caratteristiche della kalimba in legno massiccio :<\/span><\/strong><\/h2>\n<p><span style=\"color: #000000;\">Realizzato in legno massiccio, questo strumento africano di alta qualit\u00e0 con lame regolabili in acciaio al carbonio offre un timbro pi\u00f9 brillante e chiaro e una sensazione confortevole. Questa kalimba \u00e8 un vero strumento musicale che vi stupir\u00e0!<\/span><\/p>\n<p><span style=\"color: #000000;\">Il design semplice e le finiture raffinate, insieme ai tre fori per il suono, garantiscono un suono pi\u00f9 chiaro e pulito. Con i due fori posteriori \u00e8 possibile creare un effetto sonoro creativo.<\/span><\/p>\n<p><span style=\"color: #000000;\">Facile da suonare, basta tenerlo in mano e pizzicare i denti con i pollici per creare suoni chiari e melodiosi. Pu\u00f2 anche creare uno speciale tremolo con la corda di accompagnamento.<\/span><\/p>\n<p><span style=\"color: #000000;\">La struttura standard internazionale della corda C, le corde corrispondenti per i denti in acciaio al carbonio sono 1(D), 2(B), 3(G), 4(E), 5(C5), 6(A), 7(F), 8(D), 9(C4), 10(E), 11(G), 12(B), 13(D), 14(F), 15(A), 16(C6), 17(F) (da sinistra a destra).<\/span><\/p>\n<p><span style=\"color: #000000;\">Pratico da trasportare, \u00e8 perfetto per l'intrattenimento in viaggio, le cerimonie religiose, il relax, la decompressione, i matrimoni e altri eventi quotidiani.<\/span><\/p>\n<h2><strong><span style=\"color: #000000;\">Specifiche:<\/span><\/strong><\/h2>\n<p><span style=\"color: #000000;\">Materiale: acciaio al carbonio, legno massiccio di pianoforte africano<\/span><\/p>\n<p><span style=\"color: #000000;\">Tono: C sintetico<\/span><\/p>\n<p><span style=\"color: #000000;\">Tasti: 17 tasti<\/span><\/p>\n<p><span style=\"color: #000000;\">Dimensione dell'articolo: 18 * 13 * 3cm \/ 7.1 * 5.1 * 1.2in<\/span><\/p>\n<p><span style=\"color: #000000;\">Peso dell'articolo: 275g \/ 9,7oz<\/span><\/p>\n<p><span style=\"color: #000000;\">Dimensione del pacchetto: 23 * 20,5 * 8cm \/ 9,1 * 8,1 * 8,1 * 3,1in<\/span><\/p>\n<p><span style=\"color: #000000;\">Peso della confezione: 530g \/ 18,7oz<\/span><\/p>\n<h2><strong><span style=\"color: #000000;\">Elenco di ci\u00f2 che riceverete:<\/span><\/strong><\/h2>\n<p><span style=\"color: #000000;\">1 Kalimba in legno massiccio<\/span><\/p>\n<p><span style=\"color: #000000;\">1 custodia per il trasporto<\/span><\/p>\n<p><span style=\"color: #000000;\">1 Manuale d'uso (inglese)<\/span><\/p>\n<p><span style=\"color: #000000;\">1 nota adesiva<\/span><\/p>\n<p><span style=\"color: #000000;\">1 set di adesivi per scale musicali<\/span><\/p>\n<p><span style=\"color: #000000;\">1 martello da accordatura<\/span><\/p>\n<p><span style=\"color: #000000;\">1 Catena di accompagnamento<\/span><\/p>\n<p><span style=\"font-weight: 400; color: #000000;\">Acquistate questo kit completo di Kalimba in legno massiccio! Vi offre la possibilit\u00e0 di beneficiare di accessori per ottimizzare l'uso della vostra Kalimba. Questi accessori possono essere di grande aiuto per i principianti. Questo kit \u00e8 adatto sia ai dilettanti che ai principianti.<\/span><\/p>\n<h2><span style=\"color: #000000;\"><b>Cosa rende la Kalimba in legno massiccio uno strumento cos\u00ec bello da suonare?<\/b><\/span><\/h2>\n<h2><span style=\"color: #000000;\"><b>Ci sono cos\u00ec tanti motivi per amarlo!<\/b><\/span><\/h2>\n<p><span style=\"font-weight: 400; color: #000000;\">Se suonate molti strumenti diversi e vi piacciono, la kalimba in legno massiccio sar\u00e0 la vostra preferita.\u00a0<\/span><\/p>\n<h2><span style=\"color: #000000;\"><b>Perch\u00e9 ci piace cos\u00ec tanto suonare la kalimba in legno massiccio?<\/b><\/span><\/h2>\n<p><span style=\"font-weight: 400; color: #000000;\">Il primo motivo per cui amerete suonare la kalimba in legno massiccio \u00e8 che vi aiuter\u00e0 a vedere e capire la musica in un modo completamente diverso da qualsiasi altro strumento. La disposizione unica delle note della kalimba richiede una comprensione fisica piuttosto che mentale. Si impara che tipo di danza del pollice si deve fare per completare una certa canzone. In un modo del tutto unico, suonare la kalimba fa entrare la coscienza nel corpo.<\/span><\/p>\n<p><span style=\"color: #000000;\"><b>Il secondo motivo per amare la kalimba in legno massiccio<\/b><\/span><\/p>\n<p><span style=\"font-weight: 400; color: #000000;\">\u00c8 relativamente facile creare musica abbastanza complessa con la kalimba in legno massiccio. Il modo in cui le note sono disposte sulla maggior parte delle kalimbe aiuta a suonare non solo linee melodiche, ma anche ad accompagnare la melodia con accordi, arpeggi o persino contrappunti.<\/span><\/p>\n<p><span style=\"font-weight: 400; color: #000000;\">La kalimba in legno massiccio punta in una direzione particolare che facilita molti tipi di melodia e accompagnamento, ma rende anche difficile, se non impossibile, l'esecuzione di altri brani complessi. Ad esempio, la kalimba \u00e8 uno strumento diatonico e non pu\u00f2 suonare musica cromatica generale come quella che si vede nei brani jazz e classici, cos\u00ec come in alcune parti della musica popolare. Nella maggior parte dei casi, tuttavia, rimane un ottimo compromesso.<\/span><\/p>\n<p><span style=\"color: #000000;\"><b>Il terzo motivo per cui amerete la kalimba in legno massiccio<\/b><\/span><\/p>\n<p><span style=\"font-weight: 400; color: #000000;\">La semplicit\u00e0 della kalimba in legno massiccio invita a entrare in una semplicit\u00e0 di spirito. Se vi avvicinate alla kalimba dal punto di vista della forza bruta, non riuscirete a entrare in contatto con lo spirito dello strumento. Siate pacifici, gentili, aperti e ricettivi. Aprite la mente alla tenerezza. E la kalimba vi riveler\u00e0 lentamente i suoi segreti nel corso dei giorni e degli anni in cui suonerete.<\/span><\/p>\n<p><span style=\"font-weight: 400; color: #000000;\">Suonare la kalimba \u00e8 come una forma di meditazione. E come la meditazione, la kalimba pu\u00f2 trasformarvi. Vi aiuter\u00e0 a riflettere su ci\u00f2 che fate e su chi siete. E se queste azioni e la persona che siete non sono quelle che volete essere, lavorare con la kalimba vi dar\u00e0 idee e indicazioni su come diventare la persona che volete essere.<\/span><\/p>\n<p><span style=\"color: #000000;\"><b>Il quarto motivo per cui suonare il kalimban in legno massiccio \u00e8 cos\u00ec divertente\u00a0<\/b><\/span><\/p>\n<p><span style=\"font-weight: 400; color: #000000;\">Suonare la kalimba \u00e8 semplicemente divertente! Quando si \u00e8 sulla strada giusta, quando le note giuste escono come per magia... quando si sente che si migliora giorno per giorno e persino momento per momento, \u00e8 un vero piacere.<\/span><\/p>\n<p><span style=\"font-weight: 400; color: #000000;\">In effetti, la sensazione di migliorare sempre di pi\u00f9, guardando le note allinearsi sulla punta del pollice, apparentemente da sole, \u00e8 uno dei motivi per cui si continua a imparare a suonare nuovi tipi di kalimba.\u00a0<\/span><\/p>\n<p><span style=\"color: #000000;\"><b>Il quinto motivo per cui suonare la kalimba in legno massiccio \u00e8 cos\u00ec bello\u00a0<\/b><\/span><\/p>\n<p><span style=\"font-weight: 400; color: #000000;\">\u00c8 un suono unico che ti ispira a fare musica unica.\u00a0<\/span><\/p>\n<p><span style=\"font-weight: 400; color: #000000;\">La kalimba ispira armonie semplici e chiare, melodie meravigliosamente affascinanti e una vera sensibilit\u00e0 musicale ed emotiva. Suonare la kalimba \u00e8 un po' come avere un pedale angelo invece di un pedale distorsore.<\/span><\/p>\n<p><span style=\"font-weight: 400; color: #000000;\">E se siete abbastanza coraggiosi da suonare la vostra kalimba con altre persone (dovrete essere consapevoli della tonalit\u00e0 della musica e suonare la vostra kalimba di conseguenza, e questo \u00e8 un argomento enorme di per s\u00e9), la voce unica della vostra kalimba pu\u00f2 riempire la sua nicchia speciale nell'ecosistema musicale.<\/span><\/p>\n<p><span style=\"color: #000000;\"><b>Il sesto motivo per cui amerete le kalimba in legno massiccio<\/b><\/span><\/p>\n<p><span style=\"font-weight: 400; color: #000000;\">La kalimba \u00e8 piccola, facile da trasportare e da tenere in mano, ha un basso impatto sull'ambiente ed \u00e8 relativamente economica. C'\u00e8 chi deve portarsi dietro un'intera auto carica di strumenti quando va a suonare... e chi invece pu\u00f2 viaggiare con una piccola valigia contenente solo qualche piccolo strumento. \u00c8 leggero e facile.<\/span><\/p>\n<p><span style=\"color: #000000;\">Se volete imparare a suonare \"Save Your Tears\" dei The Weeknd con la kalimba, date un'occhiata al nostro <a style=\"color: #000000;\" href=\"https:\/\/thekalimba.com\/it\/\u3010easy-kalimba-tutorial-tab\u3011save-your-tears-the-weeknd\/\">tutorial<\/a> !<\/span><\/p>\n<p><span style=\"background-color: initial;\"><img loading=\"lazy\" decoding=\"async\" class=\"alignnone\" src=\"https:\/\/thekalimba.com\/wp-content\/uploads\/2019\/05\/Kalimba-Gecko-3-3.jpg\" alt=\"kalimba in legno massiccio\" width=\"826\" height=\"924\" \/><\/span><\/p>\n<p><span style=\"background-color: initial;\"><img loading=\"lazy\" decoding=\"async\" class=\"alignnone\" src=\"https:\/\/thekalimba.com\/wp-content\/uploads\/2019\/06\/TheKalimba-Musicoth\u00e9rapie-Meditation-hang-1.jpg\" alt=\"kalimba in legno massiccio\" width=\"1000\" height=\"1000\" \/><\/span><\/p>\n<p>&nbsp;<\/p>\n<p>&nbsp;<\/p>\n<p><span style=\"background-color: initial;\"><img loading=\"lazy\" decoding=\"async\" class=\"alignnone\" src=\"https:\/\/thekalimba.com\/wp-content\/uploads\/2019\/06\/TheKalimba-Musicoth\u00e9rapie-Meditation-hang-3.jpg\" alt=\"Kit completo di kalimba in legno massiccio\" width=\"1000\" height=\"1000\" \/><\/span><\/p>\n<p><span style=\"background-color: initial;\"><a href=\"https:\/\/thekalimba.com\/wp-content\/uploads\/2019\/12\/kalimba-en-bois-massif.jpg\"><\/a><\/span><\/p>\n<p><span style=\"background-color: initial;\"><a href=\"https:\/\/thekalimba.com\/wp-content\/uploads\/2019\/12\/kalimba-en-bois-massif-1.jpg\"><\/a><\/span><\/p>\n<p>&nbsp;<\/p>\n<p><span style=\"background-color: initial;\"><img loading=\"lazy\" decoding=\"async\" class=\"alignnone\" style=\"color: #333333; font-size: 14.4px;\" src=\"https:\/\/thekalimba.com\/wp-content\/uploads\/2019\/06\/TheKalimba-Musicoth\u00e9rapie-Meditation-hang-2.jpg\" alt=\"kalimba in legno massiccio\" width=\"1000\" height=\"1000\" \/><\/span><\/p>\n<p>&nbsp;<\/p>","protected":false},"excerpt":{"rendered":"<ul>\n<li>\ud83c\udfb5 Kit Complet Kalimba 17 Note Bois Massif<\/li>\n<li>\ud83c\udfb6 Strumento musicale da dito facile da suonare<\/li>\n<\/ul>","protected":false},"featured_media":21010,"comment_status":"open","ping_status":"closed","template":"","meta":[],"product_brand":[],"product_cat":[83,84],"product_tag":[],"class_list":{"0":"post-21157","1":"product","2":"type-product","3":"status-publish","4":"has-post-thumbnail","6":"product_cat-kalimba-17-notes-kalimba","7":"product_cat-kalimba-entree-de-gamme-kalimba","9":"first","10":"outofstock","11":"taxable","12":"shipping-taxable","13":"purchasable","14":"product-type-simple"},"_links":{"self":[{"href":"https:\/\/thekalimba.com\/it\/wp-json\/wp\/v2\/product\/21157","targetHints":{"allow":["GET"]}}],"collection":[{"href":"https:\/\/thekalimba.com\/it\/wp-json\/wp\/v2\/product"}],"about":[{"href":"https:\/\/thekalimba.com\/it\/wp-json\/wp\/v2\/types\/product"}],"replies":[{"embeddable":true,"href":"https:\/\/thekalimba.com\/it\/wp-json\/wp\/v2\/comments?post=21157"}],"wp:featuredmedia":[{"embeddable":true,"href":"https:\/\/thekalimba.com\/it\/wp-json\/wp\/v2\/media\/21010"}],"wp:attachment":[{"href":"https:\/\/thekalimba.com\/it\/wp-json\/wp\/v2\/media?parent=21157"}],"wp:term":[{"taxonomy":"product_brand","embeddable":true,"href":"https:\/\/thekalimba.com\/it\/wp-json\/wp\/v2\/product_brand?post=21157"},{"taxonomy":"product_cat","embeddable":true,"href":"https:\/\/thekalimba.com\/it\/wp-json\/wp\/v2\/product_cat?post=21157"},{"taxonomy":"product_tag","embeddable":true,"href":"https:\/\/thekalimba.com\/it\/wp-json\/wp\/v2\/product_tag?post=21157"}],"curies":[{"name":"wp","href":"https:\/\/api.w.org\/{rel}","templated":true}]}}