{"id":21158,"date":"2019-12-26T13:36:54","date_gmt":"2019-12-26T13:36:54","guid":{"rendered":"https:\/\/thekalimba.com\/?post_type=product&#038;p=21158"},"modified":"2025-05-30T11:09:54","modified_gmt":"2025-05-30T11:09:54","slug":"kalimba-kimi-trasparente","status":"publish","type":"product","link":"https:\/\/thekalimba.com\/it\/prodotto\/kalimba-kimi-trasparente\/","title":{"rendered":"[Kit Complet] Kalimba Kimi 17 Notes Transparent"},"content":{"rendered":"<p><center><\/center><center><\/p>\n<h1>Kalimba trasparente Kimi - Lo strumento ammaliatore<\/h1>\n<p class=\"whitespace-pre-wrap\">La kalimba trasparente Kimi \u00e8 uno strumento musicale affascinante e rilassante. Scoprite tutti i vantaggi di questa kalimba acrilica unica in questa scheda prodotto.<\/p>\n<p class=\"whitespace-pre-wrap\"><img decoding=\"async\" src=\"https:\/\/ae01.alicdn.com\/kf\/HTB1kizbTgHqK1RjSZFEq6AGMXXa6.jpg\" alt=\"Kalimba trasparente Kimi\" \/><\/p>\n<h2>Un kit completo per iniziare<\/h2>\n<p class=\"whitespace-pre-wrap\">Il kit contiene :<\/p>\n<ul class=\"list-disc pl-8 space-y-2\">\n<li class=\"whitespace-normal\" style=\"text-align: left;\">1 Kalimba Kimi in\u00a0<strong>resina acrilica trasparente<\/strong><\/li>\n<li class=\"whitespace-normal\" style=\"text-align: left;\">1 Mini martello per\u00a0<strong>sintonizzarsi facilmente<\/strong><\/li>\n<li class=\"whitespace-normal\" style=\"text-align: left;\">Da\u00a0<strong>adesivi<\/strong>\u00a0imparare rapidamente<\/li>\n<li class=\"whitespace-normal\" style=\"text-align: left;\">A\u00a0<strong>panno per la pulizia<\/strong><\/li>\n<li class=\"whitespace-normal\" style=\"text-align: left;\">Le\u00a0<strong>Manuale di istruzioni<\/strong><\/li>\n<li class=\"whitespace-normal\" style=\"text-align: left;\">1\u00a0<strong>Custodia protettiva<\/strong>\u00a0per il trasporto<\/li>\n<\/ul>\n<p class=\"whitespace-pre-wrap\">Tutto ci\u00f2 che serve per iniziare a suonare la kalimba con sicurezza.<\/p>\n<p class=\"whitespace-pre-wrap\">La kalimba \u00e8 diventata sempre pi\u00f9 popolare negli ultimi anni. E tra i modelli di punta spicca la kalimba in acrilico trasparente Kimi! In questo articolo scoprirete i vantaggi di questa kalimba unica. \ud83d\ude0e<\/p>\n<div style=\"width: 640px;\" class=\"wp-video\"><video class=\"wp-video-shortcode\" id=\"video-21158-1\" width=\"640\" height=\"368\" preload=\"metadata\" controls=\"controls\"><source type=\"video\/mp4\" src=\"https:\/\/thekalimba.com\/wp-content\/uploads\/2019\/12\/Kalimba-transparent-acrylique-Kimi-Aklot-jardin.mp4?_=1\" \/><a href=\"https:\/\/thekalimba.com\/wp-content\/uploads\/2019\/12\/Kalimba-transparent-acrylique-Kimi-Aklot-jardin.mp4\">https:\/\/thekalimba.com\/wp-content\/uploads\/2019\/12\/Kalimba-transparent-acrylique-Kimi-Aklot-jardin.mp4<\/a><\/video><\/div>\n<p><span style=\"color: #000000;\">(La marca fornita sar\u00e0 KIMI, che \u00e8 esattamente lo stesso modello).<\/span><\/p>\n<h2>Un design moderno ed elegante \ud83d\udc8e<\/h2>\n<p class=\"whitespace-pre-wrap\">Con il suo corpo in resina acrilica trasparente, il Kimi ha un aspetto decisamente moderno e unico. Il suo aspetto cristallino, che permette di ammirare il meccanismo interno, aggiunge un tocco di eleganza futuristica.<\/p>\n<p class=\"whitespace-pre-wrap\">I riflessi scintillanti creano un effetto quasi magico! Un design deciso che non lascer\u00e0 nessuno indifferente. \ud83d\ude0d<\/p>\n<h2>Suono caldo e rilassante \ud83c\udfb5<\/h2>\n<p class=\"whitespace-pre-wrap\">Nonostante l'aspetto high-tech, la kalimba Kimi produce un suono tradizionale, ricco di armonici. Le note basse sono enfatizzate per un suono equilibrato.<\/p>\n<p class=\"whitespace-pre-wrap\">Il timbro caldo e avvolgente della resina acrilica \u00e8 ideale per il relax e la meditazione. Un invito a lasciarsi andare e a fuggire dentro di s\u00e9. \u2728<\/p>\n<h2>Un compagno nomade \u26f0\ufe0f<\/h2>\n<p class=\"whitespace-pre-wrap\">Leggero e compatto, il Kimi \u00e8 stato progettato per essere portato ovunque. Si inserisce facilmente in uno zaino o in una valigia.<\/p>\n<p class=\"whitespace-pre-wrap\">Portatelo in viaggio, in escursione o in ufficio per le vostre pause musicali. Il suo design elegante e discreto si integra in qualsiasi ambiente.<\/p>\n<p class=\"whitespace-pre-wrap\">Il Kimi diventer\u00e0 rapidamente il vostro inseparabile alleato quotidiano! \ud83c\udf92<\/p>\n<h2>Un kit completo per iniziare a lavorare \ud83d\udce6<\/h2>\n<p class=\"whitespace-pre-wrap\">Fornita con una custodia protettiva, un mini martello per l'accordatura, un panno per la pulizia e adesivi didattici, questa kalimba acrilica a 17 note ha tutto ci\u00f2 che serve.<\/p>\n<p class=\"whitespace-pre-wrap\">\u00c8 facile da accordare e da curare. Gli adesivi facilitano inoltre l'apprendimento delle posizioni delle note. Tutto ci\u00f2 che serve per iniziare! \ud83d\udc4d<\/p>\n<h2>Lo strumento di rilassamento di tendenza<\/h2>\n<p class=\"whitespace-pre-wrap\">Al crocevia tra tradizione africana e modernit\u00e0, la kalimba trasparente Kimi piacer\u00e0 agli abitanti delle citt\u00e0 alla ricerca di armonia.<\/p>\n<p class=\"whitespace-pre-wrap\">Popolare tra i musicoterapeuti, suona come un invito alla serenit\u00e0. Concedetevi i suoi benefici rilassanti per risvegliare la vostra creativit\u00e0!\u00a0<\/p>\n<h2>Un suono morbido e ammaliante<\/h2>\n<p class=\"whitespace-pre-wrap\">La <strong>resina acrilica<\/strong> conferisce a questa kalimba a 17 note un timbro caldo e avvolgente. Le vibrazioni producono un effetto rilassante, ideale per la meditazione o la musicoterapia.<\/p>\n<p class=\"whitespace-pre-wrap\">L'aspetto trasparente aggiunge una dimensione affascinante, offrendo una visione diretta del meccanismo di questo strumento ancestrale.<\/p>\n<h2>Un compagno leggero e mobile<\/h2>\n<p class=\"whitespace-pre-wrap\">Grazie alla sua struttura in acrilico, il Kimi \u00e8 pi\u00f9 leggero di un modello in legno. Ed \u00e8 facile da portare con s\u00e9 ovunque si vada.<\/p>\n<p class=\"whitespace-pre-wrap\">Grazie alle sue dimensioni compatte, potete suonare la kalimba ovunque: in viaggio, in campagna, a casa... Condividete momenti musicali speciali con i vostri cari.<\/p>\n<p class=\"whitespace-pre-wrap\">Adottate subito questa magnifica kalimba trasparente Kimi per portare serenit\u00e0 nella vostra vita quotidiana.<\/p>\n<p>.<\/p>\n<div style=\"text-align: center;\">\n<p><span style=\"font-size: 16px; color: #000000;\">Consigliato ai bambini per coltivare il talento musicale e agli adulti amanti della musica. Perfetto per i viaggi, le serate tranquille, il relax, ecc.<\/span><\/p>\n<p>\u00a0<\/p>\n<p><span style=\"font-size: 16px; color: #000000;\"><strong>Descrizione della kalimba trasparente :<\/strong><\/span><\/p>\n<p><span style=\"font-size: 16px; color: #000000;\">Tipo di articolo : Kalimba Kimi trasparente\u00a0<\/span><\/p>\n<p><span style=\"font-size: 16px; color: #000000;\">Materiale: acrilico<\/span><\/p>\n<p><span style=\"font-size: 16px; color: #000000;\">Specifiche: 17 note<\/span><\/p>\n<p><span style=\"font-size: 16px; color: #000000;\">Nota:\u00a0<\/span><span style=\"font-size: 16px; color: #000000;\">L'aspetto dei colori pu\u00f2 differire a causa delle diverse impostazioni dello schermo.<\/span><\/p>\n<h3><span style=\"color: #000000;\"><b>Kalimba trasparente (acrilica) o in legno: qual \u00e8 la migliore?<\/b><\/span><\/h3>\n<p><span style=\"font-weight: 400; color: #000000;\">La Kalimba trasparente \u00e8 diventata uno strumento molto popolare negli ultimi anni. Ci\u00f2 \u00e8 dovuto al suo suono rilassante, alle sue dimensioni portatili e alla facilit\u00e0 con cui \u00e8 possibile imparare a suonare questo strumento. Tuttavia, avrete notato che alcune kalimbe sono realizzate in acrilico, mentre altre sono in legno. Ma cosa \u00e8 meglio, la kalimba in acrilico trasparente o quella in legno?\u00a0<\/span><\/p>\n<p><span style=\"font-weight: 400; color: #000000;\">Le differenze tra kalimba in legno e kalimba in acrilico sono molte, ma in genere minime, con il volume che rappresenta il contrasto maggiore. Quale sia la scelta migliore dipende in ultima analisi dalle preferenze personali, ma come regola generale le kalimbe in legno sono generalmente una scelta migliore per i principianti, mentre le kalimbe in acrilico sono pi\u00f9 adatte ai suonatori che hanno gi\u00e0 una certa esperienza con lo strumento.\u00a0<\/span><\/p>\n<p><span style=\"font-weight: 400; color: #000000;\">Di seguito analizzeremo le principali differenze tra i due tipi di kalimba, per aiutarvi a decidere quale sia la scelta migliore per voi.<\/span><\/p>\n<p><span style=\"font-weight: 400; color: #000000;\">Continuate a leggere per scoprire tutte le differenze tra le kalimbe trasparenti (acriliche) e quelle in legno.<\/span><\/p>\n<h3><span style=\"color: #000000;\"><b>Kalimbas trasparenti (acriliche) e in legno: principali differenze\u00a0<\/b><\/span><\/h3>\n<p><span style=\"font-weight: 400; color: #000000;\">Per decidere se la kalimba in legno o in acrilico \u00e8 pi\u00f9 adatta a voi, considerate i seguenti fattori:<\/span><\/p>\n<h4><span style=\"color: #000000;\"><b>Volume della kalimba\u00a0<\/b><\/span><\/h4>\n<p><span style=\"font-weight: 400; color: #000000;\">La differenza di volume, o dinamica, \u00e8 il maggior contrasto tra le kalimbe in legno e quelle in acrilico.\u00a0<\/span><\/p>\n<p><span style=\"font-weight: 400; color: #000000;\">Le kalimbe in acrilico trasparente non sono nemmeno lontanamente rumorose come le kalimbe in legno, il che \u00e8 dovuto in gran parte al fatto che le kalimbe in legno tendono a essere cave (sebbene siano disponibili anche kalimbe in legno piatte). Questo design offre un'ampia camera in cui il suono pu\u00f2 risuonare. In generale, \u00e8 molto pi\u00f9 difficile creare una kalimba cava in acrilico, quindi non sar\u00e0 mai cos\u00ec forte.<\/span><\/p>\n<p><span style=\"font-weight: 400; color: #000000;\">Anche le propriet\u00e0 dei materiali del legno e dell'acrilico giocano un ruolo importante: il legno \u00e8 pi\u00f9 risonante dell'acrilico e consente un maggiore potenziale di volume.<\/span><\/p>\n<p><span style=\"font-weight: 400; color: #000000;\">Sebbene sia possibile ottenere quasi la stessa quantit\u00e0 di suono da una kalimba in acrilico, \u00e8 necessario pizzicare i denti della kalimba molto pi\u00f9 forte di quanto si farebbe con una kalimba in legno, e questo sar\u00e0 difficile per le dita, soprattutto se le unghie non sono molto lunghe.\u00a0<\/span><\/p>\n<h4><span style=\"color: #000000;\"><b>Il suono della kalimba<\/b><\/span><\/h4>\n<p><span style=\"font-weight: 400; color: #000000;\">Sebbene il suono della kalimba trasparente (acrilica) e di quella in legno non sia la differenza principale tra le due, molti suonatori considerano questo fattore come il pi\u00f9 importante.\u00a0<\/span><\/p>\n<p><span style=\"font-weight: 400; color: #000000;\">Le kalimbe in acrilico hanno un suono pi\u00f9 caldo e morbido che ricorda quello di un carillon. Queste kalimbe sono pi\u00f9 adatte a brani pi\u00f9 morbidi, come le ninne nanne.\u00a0<\/span><\/p>\n<p><span style=\"font-weight: 400; color: #000000;\">Le kalimbe di legno, invece, hanno un suono leggermente pi\u00f9 ricco e brillante. Le kalimbe di legno sono spesso utilizzate per suonare musica pop.\u00a0<\/span><\/p>\n<p><span style=\"font-weight: 400; color: #000000;\">Come per il volume, questa differenza di suono \u00e8 in gran parte dovuta alle propriet\u00e0 dei materiali del legno e dell'acrilico. Se la kalimba in legno \u00e8 anche cava, questo esalta ulteriormente il suono pi\u00f9 brillante e pulito prodotto dal legno.<\/span><\/p>\n<h3><span style=\"color: #000000;\"><b>Come posso utilizzare una kalimba trasparente (acrilica) e una di legno?<\/b><\/span><\/h3>\n<p><span style=\"font-weight: 400; color: #000000;\">Molti suonatori di kalimba amano utilizzare una kalimba trasparente (acrilica) e una kalimba in legno. Avere una di queste due kalimba permette di sperimentare maggiormente con i suoni e di esplorare una maggiore versatilit\u00e0. Se vi piacciono i suoni sottilmente diversi di ciascuna kalimba, potete capire quali brani suonano meglio su ciascuna kalimba.\u00a0<\/span><\/p>\n<p><span style=\"font-weight: 400; color: #000000;\">Tenete presente che dovreste prendere in considerazione l'acquisto di due kalimba solo se ne avete gi\u00e0 una che intendete suonare. Se state ancora cercando la vostra prima kalimba, prendetene solo una, perch\u00e9 non saprete se volete continuare a suonare finch\u00e9 non l'avrete provata.\u00a0<\/span><\/p>\n<h3><span style=\"color: #000000;\"><b>Conclusione<\/b><span style=\"font-weight: 400;\">\u00a0<\/span><\/span><\/h3>\n<p><span style=\"font-weight: 400; color: #000000;\">Nel complesso, le kalimbe in legno sono chiaramente migliori e pi\u00f9 adatte ai principianti, in quanto sono pi\u00f9 facili da imparare e sono anche pi\u00f9 facili da tenere e suonare grazie al design cavo e al materiale pi\u00f9 leggero. Con una kalimba in legno si otterr\u00e0 un suono pi\u00f9 intenso, con un minore sforzo per le dita e il polso.\u00a0<\/span><\/p>\n<p><span style=\"font-weight: 400; color: #000000;\">Tuttavia, molti suonatori di kalimba preferiscono il suono pi\u00f9 chiaro di una kalimba acrilica e il leggero aumento di difficolt\u00e0 non \u00e8 cos\u00ec evidente dopo circa una settimana. La scelta del tipo di kalimba migliore dipender\u00e0 in ultima analisi dalle vostre preferenze personali, se deciderete di continuare a suonare. <\/span><\/p>\n<p><span style=\"color: #000000;\">Se volete imparare a suonare \"Perfect\" di Ed Sheeran sulla kalimba, date un'occhiata al nostro <a style=\"color: #000000;\" href=\"https:\/\/thekalimba.com\/it\/\u3010easy-kalimba-tutorial\u3011perfect-by-ed-sheeran\/\">tutorial<\/a> !<\/span><\/p>\n<p><img loading=\"lazy\" decoding=\"async\" class=\"alignnone\" style=\"width: 100.0%;\" src=\"https:\/\/ae01.alicdn.com\/kf\/HTB1kizbTgHqK1RjSZFEq6AGMXXa6.jpg\" alt=\"Kalimba trasparente\" width=\"1001\" height=\"1001\" \/><\/p>\n<p><img loading=\"lazy\" decoding=\"async\" class=\"alignnone\" style=\"width: 100.0%;\" src=\"https:\/\/ae01.alicdn.com\/kf\/HTB1DVLaTkzoK1RjSZFlq6yi4VXap.jpg\" alt=\"kalimba trasparente\" width=\"1001\" height=\"1001\" \/><\/p>\n<p><img loading=\"lazy\" decoding=\"async\" class=\"alignnone\" style=\"width: 100.0%;\" src=\"https:\/\/ae01.alicdn.com\/kf\/HTB1Yke4TgDqK1RjSZSyq6yxEVXaS.jpg\" alt=\"kalimba trasparente\" width=\"1001\" height=\"1001\" \/><\/p>\n<p><img loading=\"lazy\" decoding=\"async\" class=\"alignnone\" style=\"width: 100.0%;\" src=\"https:\/\/ae01.alicdn.com\/kf\/HTB1j6TjTcfpK1RjSZFOq6y6nFXaO.jpg\" alt=\"kalimba trasparente\" width=\"1001\" height=\"1001\" \/><\/p>\n<p><img loading=\"lazy\" decoding=\"async\" class=\"alignnone\" style=\"width: 100.0%;\" src=\"https:\/\/ae01.alicdn.com\/kf\/HTB1q5Y9ge3tHKVjSZSgq6x4QFXaa.jpg\" alt=\"kalimba trasparente\" width=\"1001\" height=\"1001\" \/><\/p>\n<p><img loading=\"lazy\" decoding=\"async\" class=\"alignnone\" style=\"width: 100.0%;\" src=\"https:\/\/ae01.alicdn.com\/kf\/HTB17mvdTgHqK1RjSZJnq6zNLpXaG.jpg\" alt=\"kalimba trasparente\" width=\"1001\" height=\"1001\" \/><\/p>\n<p><img loading=\"lazy\" decoding=\"async\" class=\"alignnone\" style=\"width: 100.0%;\" src=\"https:\/\/ae01.alicdn.com\/kf\/HTB1.2fbTkvoK1RjSZFNq6AxMVXaJ.jpg\" alt=\"kalimba trasparente\" width=\"1001\" height=\"1001\" \/><\/p>\n<p><img loading=\"lazy\" decoding=\"async\" class=\"alignnone\" style=\"width: 100.0%;\" src=\"https:\/\/ae01.alicdn.com\/kf\/HTB1CbYbTcbpK1RjSZFyq6x_qFXaH.jpg\" alt=\"kalimba trasparente\" width=\"1001\" height=\"1001\" \/><\/p>\n<\/div>\n<div id=\"mciapp-exclusion-container\">\u00a0<\/div>\n<div id=\"mciapp-exclusion-container\">\u00a0<\/div>\n<div id=\"mciapp-exclusion-container\">\u00a0<\/div>\n<div id=\"mciapp-exclusion-container\">\u00a0<\/div>","protected":false},"excerpt":{"rendered":"<p>Kimi Kalimba offre una gamma di kalimba e altri strumenti ispirati alla kalimba africana. Realizzati a mano, i loro prodotti combinano elementi tradizionali con influenze moderne per creare kalimbe dal carattere e dallo stile unici.<\/p>","protected":false},"featured_media":21024,"comment_status":"open","ping_status":"closed","template":"","meta":[],"product_brand":[],"product_cat":[86,83,85],"product_tag":[],"class_list":{"0":"post-21158","1":"product","2":"type-product","3":"status-publish","4":"has-post-thumbnail","6":"product_cat-accessoires-sacs-kalimba","7":"product_cat-kalimba-17-notes-kalimba","8":"product_cat-kalimba-haut-de-gamme-kalimba","10":"first","11":"instock","12":"taxable","13":"shipping-taxable","14":"purchasable","15":"product-type-simple"},"_links":{"self":[{"href":"https:\/\/thekalimba.com\/it\/wp-json\/wp\/v2\/product\/21158","targetHints":{"allow":["GET"]}}],"collection":[{"href":"https:\/\/thekalimba.com\/it\/wp-json\/wp\/v2\/product"}],"about":[{"href":"https:\/\/thekalimba.com\/it\/wp-json\/wp\/v2\/types\/product"}],"replies":[{"embeddable":true,"href":"https:\/\/thekalimba.com\/it\/wp-json\/wp\/v2\/comments?post=21158"}],"wp:featuredmedia":[{"embeddable":true,"href":"https:\/\/thekalimba.com\/it\/wp-json\/wp\/v2\/media\/21024"}],"wp:attachment":[{"href":"https:\/\/thekalimba.com\/it\/wp-json\/wp\/v2\/media?parent=21158"}],"wp:term":[{"taxonomy":"product_brand","embeddable":true,"href":"https:\/\/thekalimba.com\/it\/wp-json\/wp\/v2\/product_brand?post=21158"},{"taxonomy":"product_cat","embeddable":true,"href":"https:\/\/thekalimba.com\/it\/wp-json\/wp\/v2\/product_cat?post=21158"},{"taxonomy":"product_tag","embeddable":true,"href":"https:\/\/thekalimba.com\/it\/wp-json\/wp\/v2\/product_tag?post=21158"}],"curies":[{"name":"wp","href":"https:\/\/api.w.org\/{rel}","templated":true}]}}