{"id":21159,"date":"2019-12-26T13:38:03","date_gmt":"2019-12-26T13:38:03","guid":{"rendered":"https:\/\/thekalimba.com\/?post_type=product&#038;p=21159"},"modified":"2025-05-19T07:39:14","modified_gmt":"2025-05-19T07:39:14","slug":"martello-per-accordare-il-pianoforte-con-impugnatura-in-metallo-portatile-robusto-e-resistente-per-tutte-le-dimensioni-per-la-kalimba","status":"publish","type":"product","link":"https:\/\/thekalimba.com\/it\/prodotto\/martello-per-accordare-il-pianoforte-con-impugnatura-in-metallo-portatile-robusto-e-resistente-per-tutte-le-dimensioni-per-la-kalimba\/","title":{"rendered":"Martello per accordare Kalimba in metallo"},"content":{"rendered":"<h3 class=\"detailmodule_dynamic\"><span style=\"color: #000000;\"><strong>Martello per accordare la kalimba\u00a0<\/strong><\/span><\/h3>\n<div class=\"detailmodule_html\">\n<div class=\"detail-desc-decorate-richtext\">\n<p><span style=\"font-weight: 400; color: #000000;\">Pi\u00f9 si accordano strumenti come la kalimba, pi\u00f9 si diventa consapevoli di questo processo.<\/span><\/p>\n<p><span style=\"font-weight: 400; color: #000000;\">La cosa pi\u00f9 importante da fare per ottenere un buon suono \u00e8 mantenere la kalimba intonata. Se qualcuno vi dice che l'accordatura della kalimba non \u00e8 importante, non credetegli! Nei villaggi africani l'accordatura viene tramandata di generazione in generazione. Naturalmente, \u00e8 pi\u00f9 facile se si usa un accordatore elettronico!<\/span><\/p>\n<p><span style=\"font-weight: 400; color: #000000;\">Accordare una kalimba pu\u00f2 essere considerato sia un nome che un verbo. L'accordatura di una kalimba, che si effettua con un martello da accordatura, si riferisce al posizionamento delle note e al modo in cui suonano insieme. Accordare una kalimba significa regolare i rebbi in modo che abbiano il suono esatto che devono avere, in base alla nota che un rebbio deve suonare.<\/span><\/p>\n<p><span style=\"font-weight: 400; color: #000000;\">L'atto di accordare una kalimba con un martello pu\u00f2 consistere nel riportare una kalimba leggermente stonata alla sua precedente accordatura (cio\u00e8 le note saranno di solito solo un po' stonate) e di solito \u00e8 ovvio a quale nota ogni dente dovrebbe essere accordato. D'altra parte, l'atto di accordare (o riaccordare) potrebbe trasformare la kalimba in un'accordatura completamente nuova e diversa. La meccanica di questi due atti di accordatura (ripristino di una vecchia accordatura o trasformazione in una nuova accordatura) \u00e8 in gran parte la stessa. Ogni volta che si affina l'accordatura (un atto conservativo) si acquisiscono le competenze necessarie quando si decide di trasformare l'accordatura.<\/span><\/p>\n<p><span style=\"font-weight: 400; color: #000000;\">Tenete presente due cose importanti: In primo luogo, un accordatore elettronico \u00e8 importante per la precisione. In secondo luogo, alcuni ritengono che l'uso delle dita offra il miglior controllo durante l'accordatura, ma altri possono utilizzare pinze o altri strumenti per aiutarsi.<\/span><\/p>\n<p><span style=\"font-weight: 400; color: #000000;\">\u00c8 disponibile un video che illustra i principi di accordatura di una kalimba e la differenza che un'accordatura alternativa pu\u00f2 fare sul suono della kalimba.<\/span><\/p>\n<p><span style=\"font-weight: 400; color: #000000;\">La maggior parte delle kalimbe di Hugh Tracey mantiene l'accordatura per diversi mesi. Se si suona molto forte, potrebbe essere necessario riaccordare ogni settimana. Se si fa cadere la kalimba o se i denti si impigliano in una borsa o nella manica della camicia, si rischia di danneggiare l'accordatura. Per ritoccare l'accordatura bastano pochi minuti. Mentre per cambiare l'accordatura possono essere necessari dai 5 ai 10 minuti, per il primo tentativo si possono prevedere dai 30 ai 40 minuti.<\/span><\/p>\n<p><span style=\"font-weight: 400; color: #000000;\">Mantenere la Kalimba intonata \u00e8 la cosa pi\u00f9 importante che si possa fare per continuare a divertirsi a suonare il proprio strumento e per mantenerlo motivato...<\/span><\/p>\n<p><span style=\"font-weight: 400; color: #000000;\">Ci pu\u00f2 essere pi\u00f9 di un motivo per cui \u00e8 necessario accordare o riaccordare la kalimba con un martello. Potreste avere un dente morto o rigido che deve essere regolato, oppure un dente dal suono sbagliato che ha bisogno di un piccolo ritocco per tornare alla normalit\u00e0.<\/span><\/p>\n<p><span style=\"font-weight: 400; color: #000000;\">Dimentichiamo per il momento l'accordatura su scale diverse e concentriamoci sulla scala su cui \u00e8 stata accordata la kalimba. Molto spesso le kalimba nuove sono accordate in chiave di Do e le chiavi sono contrassegnate dalle lettere di ciascuna nota.<\/span><\/p>\n<p><span style=\"font-weight: 400; color: #000000;\">Sia che si pensi che il Kalimba sia stonato o meno, \u00e8 buona norma controllare l'accordatura di ogni dente ogni settimana. Pu\u00f2 darsi che uno o due denti suonati pi\u00f9 frequentemente siano leggermente stonati, ma non abbastanza perch\u00e9 l'orecchio li senta con precisione. Se si lascia il Kalimba non accordato per un po' di tempo, sempre pi\u00f9 note risulteranno stonate e il Kalimba inizier\u00e0 a suonare male.<\/span><\/p>\n<p><span style=\"font-weight: 400; color: #000000;\">Il modo pi\u00f9 semplice per verificare l'accuratezza dell'accordatura di ciascun tasto del Kalimba \u00e8 utilizzare uno strumento di accordatura. Pu\u00f2 trattarsi di un accordatore elettronico o di un'applicazione per l'accordatura sul cellulare.<\/span><\/p>\n<p><span style=\"font-weight: 400; color: #000000;\">Ci sono applicazioni gratuite disponibili su IOS e Android che sono molto valide, ma vale la pena spendere qualche soldo per evitare di ricevere pubblicit\u00e0 mentre si cerca di accordare la kalimba.<\/span><\/p>\n<p><span style=\"font-weight: 400; color: #000000;\">L'utilizzo di un'applicazione di base per l'accordatura della chitarra vi fornir\u00e0 ci\u00f2 che vi serve per controllare l'accordatura della vostra Kalimba e guidarvi verso le regolazioni da apportare per rimetterla in sintonia, o per riaccordare il thumb piano su una scala completamente diversa.<\/span><\/p>\n<p><span style=\"font-weight: 400; color: #000000;\">Scegliete questo martello da accordatura per ottenere una precisione ottimale nell'accordatura del vostro strumento musicale. Il manico \u00e8 in legno, per una migliore presa. <\/span><\/p>\n<p><span style=\"font-weight: 400; color: #000000;\">Il legno rende il martello da accordatura pi\u00f9 gradevole dal punto di vista estetico. Questo martello da accordatura \u00e8 un must se possedete una kalimba, poich\u00e9 vi aiuter\u00e0 a mantenere le percussioni intonate per produrre un suono migliore. Le sue dimensioni ridotte consentono di portarlo con s\u00e9 ovunque si vada.<\/span><\/p>\n<p><span style=\"color: #000000;\">Imparate a suonare \"Havana\" di Camila Cabello sulla kalimba con la nostra <a style=\"color: #000000;\" href=\"https:\/\/thekalimba.com\/it\/\u3010easy-kalimba-tutorial\u3011havana-by-camila-cabello\/\">tutorial<\/a> !<\/span><\/p>\n<div style=\"padding: 0; margin: 0;\">\n<div>\n<div style=\"height: 35px; border-radius: 4px; background: #000;\">\n<div style=\"margin-left: 20px; width: 160px; height: 35px; background-color: #d80202; color: #fff; text-align: center; font: 22px Arial,Helvetica,sans-serif; font-weight: bold; line-height: 35px;\">Descrizione<\/div>\n<\/div>\n<div style=\"margin-top: 15px; margin-bottom: 15px; padding-left: 15px; font-family: Arial,sans-serif; font-size: 18px;\">\n<ul>\n<li>Tasti: Altri<\/li>\n<li>Materiale della carrozzeria: Altro<\/li>\n<li>Materiale della tastiera: nessuno<\/li>\n<li>Materiale: metallo e<\/li>\n<li>Caratteristiche :\n<p>- Scegliete un manico in legno e sentitevi a vostro agio.<\/p>\n<p>- Martello di regolazione in metallo solido e resistente.<\/p>\n<p>- Per tasti di pianoforte a 10, 15 e 17 pollici.<\/li>\n<\/ul>\n<\/div>\n<\/div>\n<div>\n<div style=\"height: 35px; border-radius: 4px; background: #000;\">\n<div style=\"margin-left: 20px; width: 160px; height: 35px; background-color: #d80202; color: #fff; text-align: center; font: 22px Arial,Helvetica,sans-serif; font-weight: bold; line-height: 35px; font-size: 18px;\">Il pacchetto comprende<\/div>\n<\/div>\n<div style=\"margin-top: 15px; margin-bottom: 15px; padding-left: 15px; font-family: Arial,sans-serif;\">\n<ul>\n<li>1 martello da accordatura<\/li>\n<\/ul>\n<\/div>\n<\/div>\n<\/div>\n<p><img decoding=\"async\" src=\"http:\/\/www.epathchina.org\/image_storage\/201904\/28192-first-2-l1.jpg\" alt=\"123\" \/><\/p>\n<p>&nbsp;<\/p>\n<p><img decoding=\"async\" src=\"http:\/\/www.epathchina.org\/image_storage\/201904\/28192-description-2-l4.jpg\" alt=\"123\" \/><\/p>\n<p><img decoding=\"async\" src=\"http:\/\/www.epathchina.org\/image_storage\/201904\/28192-description-3-l4.jpg\" alt=\"123\" \/><\/p>\n<p><img decoding=\"async\" src=\"http:\/\/www.epathchina.org\/image_storage\/201904\/28192-description-4-l4.jpg\" alt=\"123\" \/><\/p>\n<p><img loading=\"lazy\" decoding=\"async\" class=\"alignnone\" src=\"http:\/\/www.epathchina.org\/image_storage\/201904\/28192-description-5-l4.jpg\" alt=\"Martello per l&#039;accordatura\" width=\"1180\" height=\"1180\" \/><\/p>\n<p><img decoding=\"async\" src=\"http:\/\/www.epathchina.org\/image_storage\/201904\/28192-description-6-l4.jpg\" alt=\"123\" \/><\/p>\n<p><img decoding=\"async\" src=\"http:\/\/www.epathchina.org\/image_storage\/201904\/28192-description-7-l4.jpg\" alt=\"123\" \/><\/p>\n<\/div>\n<\/div>","protected":false},"excerpt":{"rendered":"<p>Il martello per accordare la kalimba \u00e8 uno strumento essenziale per mantenere l'accordatura dello strumento e produrre un suono migliore. Il suo manico in legno offre una presa confortevole e le sue dimensioni ridotte lo rendono facile da trasportare.<\/p>","protected":false},"featured_media":21037,"comment_status":"open","ping_status":"closed","template":"","meta":[],"product_brand":[],"product_cat":[86],"product_tag":[],"class_list":{"0":"post-21159","1":"product","2":"type-product","3":"status-publish","4":"has-post-thumbnail","6":"product_cat-accessoires-sacs-kalimba","8":"first","9":"instock","10":"taxable","11":"shipping-taxable","12":"purchasable","13":"product-type-simple"},"_links":{"self":[{"href":"https:\/\/thekalimba.com\/it\/wp-json\/wp\/v2\/product\/21159","targetHints":{"allow":["GET"]}}],"collection":[{"href":"https:\/\/thekalimba.com\/it\/wp-json\/wp\/v2\/product"}],"about":[{"href":"https:\/\/thekalimba.com\/it\/wp-json\/wp\/v2\/types\/product"}],"replies":[{"embeddable":true,"href":"https:\/\/thekalimba.com\/it\/wp-json\/wp\/v2\/comments?post=21159"}],"wp:featuredmedia":[{"embeddable":true,"href":"https:\/\/thekalimba.com\/it\/wp-json\/wp\/v2\/media\/21037"}],"wp:attachment":[{"href":"https:\/\/thekalimba.com\/it\/wp-json\/wp\/v2\/media?parent=21159"}],"wp:term":[{"taxonomy":"product_brand","embeddable":true,"href":"https:\/\/thekalimba.com\/it\/wp-json\/wp\/v2\/product_brand?post=21159"},{"taxonomy":"product_cat","embeddable":true,"href":"https:\/\/thekalimba.com\/it\/wp-json\/wp\/v2\/product_cat?post=21159"},{"taxonomy":"product_tag","embeddable":true,"href":"https:\/\/thekalimba.com\/it\/wp-json\/wp\/v2\/product_tag?post=21159"}],"curies":[{"name":"wp","href":"https:\/\/api.w.org\/{rel}","templated":true}]}}