{"id":21160,"date":"2019-12-26T13:38:10","date_gmt":"2019-12-26T13:38:10","guid":{"rendered":"https:\/\/thekalimba.com\/?post_type=product&#038;p=21160"},"modified":"2026-03-20T09:17:43","modified_gmt":"2026-03-20T09:17:43","slug":"17-15-10-universal-kalimba-storage-bag-piano-mbira-shell-soft-oxford-inner-fabric-cotton-shoulder-portable-warm-bag","status":"publish","type":"product","link":"https:\/\/thekalimba.com\/it\/prodotto\/17-15-10-universal-kalimba-storage-bag-piano-mbira-shell-soft-oxford-inner-fabric-cotton-shoulder-portable-warm-bag\/","title":{"rendered":"Borsa per la conservazione della Kalimba 17\/15\/10 Note"},"content":{"rendered":"<div style=\"padding: 0; margin: 0;\">\n<div style=\"font: italic bold 17px arial,sans-serif;\">\n<div style=\"margin-top: 15px; margin-bottom: 15px; padding-left: 15px; font-family: Arial,sans-serif; font-size: 18px;\"><span style=\"color: #555555;\">Caratteristiche:<\/span><\/div>\n<\/div>\n<div style=\"font: italic bold 17px arial,sans-serif;\">\n<div style=\"margin-top: 15px; margin-bottom: 15px; padding-left: 15px; font-family: Arial,sans-serif; font-size: 18px;\">\n<ul>\n<li>Materiale: 600D oxford e fodera in cotone<\/li>\n<li>Aiuta a proteggere la kalimba.<\/li>\n<li>Ha una tracolla per essere trasportato come una borsa a spalla<\/li>\n<li>Leggero e facile da trasportare.<\/li>\n<li>Adatto per i viaggi e le prestazioni all'aperto<\/li>\n<li>compatibile con : chiave Kalimba 17\/15\/10<\/li>\n<li>Colore: nero<\/li>\n<\/ul>\n<\/div>\n<\/div>\n<h2><span style=\"color: #000000;\"><b>Prendetevi cura del vostro strumento con questa borsa per la conservazione\u00a0<\/b><\/span><\/h2>\n<p><span style=\"font-weight: 400; color: #000000;\">Uno strumento musicale \u00e8 molto pi\u00f9 di un attrezzo, perch\u00e9 diventa un'estensione del corpo del musicista.<\/span><\/p>\n<p><span style=\"font-weight: 400; color: #000000;\">Scoprite le linee guida e le precauzioni di base da seguire per prolungarne la vita, in modo che mantenga le caratteristiche e il suono originali.<\/span><\/p>\n<h2><span style=\"color: #000000;\"><b>Regole di base per proteggere uno strumento musicale<\/b><\/span><\/h2>\n<p><span style=\"font-weight: 400; color: #000000;\">Basta lasciare uno strumento al sole per trenta minuti e il legno si deteriora irrimediabilmente. Per evitare di commettere questi errori, ecco alcune regole di base per la cura del vostro strumento musicale.<\/span><\/p>\n<h2><span style=\"color: #000000;\"><b>Temperatura e umidit\u00e0<\/b><\/span><\/h2>\n<p><span style=\"font-weight: 400; color: #000000;\">Non conservatelo in ambienti ad alta umidit\u00e0 o esposti a temperature molto alte o molto basse. Il calore e il freddo influiscono sul legno e sul metallo. Non solo perch\u00e9 cambiano il colore dello strumento, ma anche perch\u00e9 finiscono per consumare o deformare il materiale.<\/span><\/p>\n<p><span style=\"font-weight: 400; color: #000000;\">Allo stesso modo, se fate un concerto al sole, copritelo adeguatamente dopo aver finito per evitare un'esposizione indesiderata.<\/span><\/p>\n<h2><span style=\"color: #000000;\"><b>Pulizia<\/b><\/span><\/h2>\n<p><span style=\"font-weight: 400; color: #000000;\">Se lo strumento \u00e8 in legno, pulirlo con un panno morbido e asciutto. Non utilizzate cera o materiali abrasivi, perch\u00e9 potrebbero danneggiare il materiale di cui \u00e8 fatto e comprometterne il suono.<\/span><\/p>\n<h2><span style=\"color: #000000;\"><b>Come si conserva lo strumento per un lungo periodo?<\/b><\/span><\/h2>\n<p><span style=\"font-weight: 400; color: #000000;\">Se non siete musicisti professionisti, probabilmente non utilizzate il vostro strumento ogni giorno. Anzi, potrebbe anche passare lunghi periodi di tempo in un armadio, in un ripostiglio o in un garage. Ma non dimenticate che la polvere e l'umidit\u00e0 possono danneggiarlo in modo irreversibile!<\/span><\/p>\n<h2><span style=\"color: #000000;\"><b>Come scegliere la borsa giusta per il vostro strumento musicale?<\/b><\/span><\/h2>\n<p><span style=\"font-weight: 400; color: #000000;\">Il nostro sito offre un'ampia gamma di borse di custodia per proteggere gli strumenti musicali da urti, graffi e agenti atmosferici. Ecco perch\u00e9 la borsa di custodia \u00e8 un accessorio essenziale.<\/span><\/p>\n<p><span style=\"font-weight: 400; color: #000000;\">Tuttavia, prima di decidere quale borsa di stoccaggio acquistare, \u00e8 bene tenere a mente alcune linee guida fondamentali:<\/span><\/p>\n<p><span style=\"font-weight: 400; color: #000000;\">Le custodie rigide sono pi\u00f9 costose, occupano pi\u00f9 spazio e sono pi\u00f9 pesanti. Tuttavia, sono ancora la scelta migliore. Proteggono lo strumento musicale in modo molto pi\u00f9 efficace contro urti e altri danni.<\/span><\/p>\n<p><span style=\"font-weight: 400; color: #000000;\">Oltre a essere rigida, una buona borsa per la conservazione deve essere impermeabile.<\/span><\/p>\n<p><span style=\"font-weight: 400; color: #000000;\">Esiste un'ampia gamma di custodie per il trasporto della kalimba (e di un'ampia variet\u00e0 di strumenti a percussione). Ma \u00e8 necessario scegliere una custodia specifica per il proprio strumento!<\/span><\/p>\n<p><span style=\"font-weight: 400; color: #000000;\">La verit\u00e0 \u00e8 che, per quanto si possa essere attenti, gli imprevisti possono accadere. Un movimento sbagliato o una svista possono causare un incidente che altera il suono del vostro strumento.\u00a0<\/span><\/p>\n<h2><span style=\"color: #000000;\"><b>Protezione<\/b><\/span><\/h2>\n<h2><span style=\"color: #000000;\"><strong>Custodie morbide (o borse per la conservazione)<\/strong><\/span><\/h2>\n<p><span style=\"font-weight: 400; color: #000000;\">Quando acquistiamo uno strumento, dobbiamo tenere presente che una delle variabili pi\u00f9 importanti da considerare \u00e8 la sua protezione. Non vogliamo che urti o movimenti durante il trasporto danneggino lo strumento.<\/span><\/p>\n<p><span style=\"font-weight: 400; color: #000000;\">Spesso, quando acquistiamo il nostro primo strumento, compriamo la classica borsa flessibile, ideale per i brevi spostamenti in strada.\u00a0<\/span><\/p>\n<p><span style=\"font-weight: 400; color: #000000;\">Se non abbiamo bisogno di questo tipo di protezione, possiamo accontentarci di questo tipo di custodia, molto leggera e comoda, che pu\u00f2 essere utilizzata per coprire le esigenze di base del nostro strumento.<\/span><\/p>\n<h2><span style=\"color: #000000;\"><b>Valigie rigide (o sacchetti per la conservazione)<\/b><\/span><\/h2>\n<p><span style=\"font-weight: 400; color: #000000;\">Ma se avessimo bisogno di qualcosa di pi\u00f9? Molti musicisti si esibiscono in molti concerti durante l'anno, il che significa trasporto e un po' di disagi. Ecco perch\u00e9 \u00e8 necessaria una borsa per strumenti di alta qualit\u00e0.<\/span><\/p>\n<p><span style=\"font-weight: 400; color: #000000;\">Le custodie rigide per strumenti, anche se pi\u00f9 pesanti e un po' pi\u00f9 scomode da trasportare, garantiscono una migliore protezione dello strumento e la sicurezza che non si verifichino grossi imprevisti durante il viaggio. Possiamo essere certi che non ci saranno sorprese quando tireremo fuori lo strumento dalla custodia: niente urti, graffi o danni...<\/span><\/p>\n<p><span style=\"font-weight: 400; color: #000000;\">Riteniamo che uno dei primi accessori da acquistare, dopo lo strumento musicale stesso, sia qualcosa che lo protegga da eventuali graffi, cadute o urti. Si raccomanda addirittura di acquistarlo contemporaneamente allo strumento musicale. Molti musicisti (principianti, ovviamente) vanno di peso in peso a comprare il loro strumento musicale, ma sono cos\u00ec eccitati che dimenticano una cosa molto importante: proteggerlo.<\/span><\/p>\n<p><span style=\"font-weight: 400; color: #000000;\">Inoltre, questa borsa portaoggetti \u00e8 dotata di manici che consentono di portarla a tracolla o di tenerla meglio in mano.<\/span><\/p>\n<p><span style=\"color: #000000;\">Imparate a suonare \"See You Again\" di Wiz Khalifa ft. Charlie Puth sulla kalimba a 17 note grazie alla nostra <a style=\"color: #000000;\" href=\"https:\/\/thekalimba.com\/it\/\u3010easy-kalimba-tutorial\u3011-see-you-again-by-wiz-khalifa-ft-charlie-puth\/\">tutorial<\/a> !<\/span><\/p>\n<\/div>\n<pre><img loading=\"lazy\" decoding=\"async\" class=\"alignnone\" src=\"https:\/\/ae01.alicdn.com\/kf\/Hf2960e4b43ca441fb21aae3d045f66b6W.jpg\" alt=\"borsa di stoccaggio\" width=\"995\" height=\"995\" \/><\/pre>\n<p><img decoding=\"async\" src=\"https:\/\/ae01.alicdn.com\/kf\/H9959a243f2f54be0afc1f7872f4087330.jpg\" alt=\"24342-description-1-l1.jpg\" \/><\/p>\n<p><img decoding=\"async\" src=\"https:\/\/ae01.alicdn.com\/kf\/Hab28f2f11b61411fb25e08cad9fa6cf1j.jpg\" alt=\"24342-description-2-l1.jpg\" \/><\/p>\n<p><img decoding=\"async\" src=\"https:\/\/ae01.alicdn.com\/kf\/H98aba55cc2674764878ab1ca24eab610F.jpg\" alt=\"24342-description-3-l1.jpg\" \/><\/p>\n<p><img loading=\"lazy\" decoding=\"async\" class=\"alignnone\" src=\"https:\/\/ae01.alicdn.com\/kf\/Hbb89d1d4705d49a594ede0b58ecc069fQ.jpg\" alt=\"borsa di stoccaggio\" width=\"995\" height=\"995\" \/><\/p>\n<p><img decoding=\"async\" src=\"https:\/\/ae01.alicdn.com\/kf\/H007b635d67664cb8943315bc5ce41caaJ.jpg\" alt=\"24342-description-7-l1.jpg\" \/><\/p>\n<p><img decoding=\"async\" src=\"https:\/\/ae01.alicdn.com\/kf\/Hcc15855ba56d4595b8d2facd5c2ee57dr.jpg\" alt=\"24342-description-5-l1.jpg\" \/><\/p>\n<p><img decoding=\"async\" src=\"https:\/\/ae01.alicdn.com\/kf\/Hbbb41aee46884bd4ba4e6adc8c84037fk.jpg\" alt=\"24342-description-6-l1.jpg\" \/><\/p>\n<p><img decoding=\"async\" src=\"https:\/\/ae01.alicdn.com\/kf\/Hcb39dfae421c4ef092336e2d324b4173T.jpg\" alt=\"24342-description-8-l1.jpg\" \/><\/p>","protected":false},"excerpt":{"rendered":"<p>\ud83c\udfb5 Prendetevi cura del vostro strumento con questa borsa per la conservazione. \ud83c\udfb6 Proteggete la vostra kalimba con questa borsa leggera e facile da trasportare. \ud83c\udfb8 Compatibile con le kalimbe a 17\/15\/10 tasti. \ud83c\udfb6\ud83c\udfb5<\/p>","protected":false},"featured_media":21044,"comment_status":"open","ping_status":"closed","template":"","meta":[],"product_brand":[],"product_cat":[86],"product_tag":[],"class_list":{"0":"post-21160","1":"product","2":"type-product","3":"status-publish","4":"has-post-thumbnail","6":"product_cat-accessoires-sacs-kalimba","8":"first","9":"instock","10":"taxable","11":"shipping-taxable","12":"purchasable","13":"product-type-simple"},"_links":{"self":[{"href":"https:\/\/thekalimba.com\/it\/wp-json\/wp\/v2\/product\/21160","targetHints":{"allow":["GET"]}}],"collection":[{"href":"https:\/\/thekalimba.com\/it\/wp-json\/wp\/v2\/product"}],"about":[{"href":"https:\/\/thekalimba.com\/it\/wp-json\/wp\/v2\/types\/product"}],"replies":[{"embeddable":true,"href":"https:\/\/thekalimba.com\/it\/wp-json\/wp\/v2\/comments?post=21160"}],"wp:featuredmedia":[{"embeddable":true,"href":"https:\/\/thekalimba.com\/it\/wp-json\/wp\/v2\/media\/21044"}],"wp:attachment":[{"href":"https:\/\/thekalimba.com\/it\/wp-json\/wp\/v2\/media?parent=21160"}],"wp:term":[{"taxonomy":"product_brand","embeddable":true,"href":"https:\/\/thekalimba.com\/it\/wp-json\/wp\/v2\/product_brand?post=21160"},{"taxonomy":"product_cat","embeddable":true,"href":"https:\/\/thekalimba.com\/it\/wp-json\/wp\/v2\/product_cat?post=21160"},{"taxonomy":"product_tag","embeddable":true,"href":"https:\/\/thekalimba.com\/it\/wp-json\/wp\/v2\/product_tag?post=21160"}],"curies":[{"name":"wp","href":"https:\/\/api.w.org\/{rel}","templated":true}]}}