{"id":22301,"date":"2022-09-03T19:06:41","date_gmt":"2022-09-03T19:06:41","guid":{"rendered":"https:\/\/thekalimba.com\/product\/huluru-kalimba-a-34-notes-chromatiques\/"},"modified":"2026-03-20T16:52:15","modified_gmt":"2026-03-20T16:52:15","slug":"hluru-kalimba-a-34-note-cromatiche","status":"publish","type":"product","link":"https:\/\/thekalimba.com\/it\/prodotto\/hluru-kalimba-a-34-note-cromatiche\/","title":{"rendered":"Kalimba cromatica a 34 note"},"content":{"rendered":"<p><center><img loading=\"lazy\" decoding=\"async\" class=\"alignnone wp-image-23824\" src=\"https:\/\/thekalimba.com\/wp-content\/uploads\/2023\/04\/22301-f044a3-300x300.jpeg\" alt=\"22301-f044a3.jpeg\" width=\"300\" height=\"300\" srcset=\"https:\/\/thekalimba.com\/wp-content\/uploads\/2023\/04\/22301-f044a3-300x300.jpeg 300w, https:\/\/thekalimba.com\/wp-content\/uploads\/2023\/04\/22301-f044a3-100x100.jpeg 100w, https:\/\/thekalimba.com\/wp-content\/uploads\/2023\/04\/22301-f044a3-510x510.jpeg 510w, https:\/\/thekalimba.com\/wp-content\/uploads\/2023\/04\/22301-f044a3-150x150.jpeg 150w, https:\/\/thekalimba.com\/wp-content\/uploads\/2023\/04\/22301-f044a3-600x600.jpeg 600w, https:\/\/thekalimba.com\/wp-content\/uploads\/2023\/04\/22301-f044a3.jpeg 682w\" sizes=\"auto, (max-width: 300px) 100vw, 300px\" \/><img loading=\"lazy\" decoding=\"async\" class=\"alignnone size-medium wp-image-23827\" src=\"https:\/\/thekalimba.com\/wp-content\/uploads\/2023\/04\/22301-2c2aaa-300x300.jpeg\" alt=\"22301-2c2aaa.jpeg\" width=\"300\" height=\"300\" srcset=\"https:\/\/thekalimba.com\/wp-content\/uploads\/2023\/04\/22301-2c2aaa-300x300.jpeg 300w, https:\/\/thekalimba.com\/wp-content\/uploads\/2023\/04\/22301-2c2aaa-100x100.jpeg 100w, https:\/\/thekalimba.com\/wp-content\/uploads\/2023\/04\/22301-2c2aaa-510x510.jpeg 510w, https:\/\/thekalimba.com\/wp-content\/uploads\/2023\/04\/22301-2c2aaa-150x150.jpeg 150w, https:\/\/thekalimba.com\/wp-content\/uploads\/2023\/04\/22301-2c2aaa-768x768.jpeg 768w, https:\/\/thekalimba.com\/wp-content\/uploads\/2023\/04\/22301-2c2aaa-600x600.jpeg 600w, https:\/\/thekalimba.com\/wp-content\/uploads\/2023\/04\/22301-2c2aaa.jpeg 1000w\" sizes=\"auto, (max-width: 300px) 100vw, 300px\" \/><img loading=\"lazy\" decoding=\"async\" class=\"alignnone wp-image-23833\" src=\"https:\/\/thekalimba.com\/wp-content\/uploads\/2022\/09\/snapedit_1682712183760-300x293.jpg\" alt=\"\" width=\"307\" height=\"300\" srcset=\"https:\/\/thekalimba.com\/wp-content\/uploads\/2022\/09\/snapedit_1682712183760-300x293.jpg 300w, https:\/\/thekalimba.com\/wp-content\/uploads\/2022\/09\/snapedit_1682712183760-510x498.jpg 510w, https:\/\/thekalimba.com\/wp-content\/uploads\/2022\/09\/snapedit_1682712183760-600x586.jpg 600w, https:\/\/thekalimba.com\/wp-content\/uploads\/2022\/09\/snapedit_1682712183760.jpg 750w\" sizes=\"auto, (max-width: 307px) 100vw, 307px\" \/><\/center><\/p>\n<h1><\/h1>\n<h1>Hluru kalimbas 34 e 24 note cromatiche in si maggiore<\/h1>\n<h2>I Kalimbas di Hluru \ud83c\udfb6<\/h2>\n<p>Siete alla ricerca di uno strumento unico ed emozionante? Scoprite le kalimbe Hluru a 34 e 24 note cromatiche in si maggiore \ud83c\udfb6<\/p>\n<p>Con la loro chiave a due file, inclusi i semitoni, questi strumenti offrono due diverse gamme di toni: 24 e 34 toni \ud83c\udfbc<\/p>\n<p>Il design a due file di tasti consente un'incredibile flessibilit\u00e0 nella gamma sonora delle kalimbe. I 12 toni inferiori e i 5 toni medi superiori formano un gruppo di 17 toni, creando una zona di semitoni su entrambi i lati dello strato superiore per un'ampia gamma sonora di 24 toni. Per la kalimba a 34 note, i 17 toni inferiori e i 4 toni medi superiori formano un gruppo di 21 toni, con una zona di semitoni su entrambi i lati dello strato superiore per un'ampia gamma sonora di 34 toni \ud83c\udfb9<\/p>\n<p>Oltre alla loro flessibilit\u00e0 tonale, le kalimbe Hluru sono anche facili da accordare grazie alla fila di tasti inferiore dotata di un foro di regolazione \ud83d\udd27 \u00c8 sufficiente utilizzare la bacchetta di regolazione in dotazione per regolare l'accordatura dello strumento verso l'alto o verso il basso.<\/p>\n<p>Se siete principianti o musicisti esperti alla ricerca di un nuovo strumento da aggiungere alla vostra collezione \ud83c\udfb8 le kalimbe cromatiche Hluru a 34 e 24 note in Si maggiore sono un'ottima opzione. Ordinate ora sul nostro sito \ud83d\uded2<\/p>\n<div style=\"width: 1020px;\" class=\"wp-video\"><video class=\"wp-video-shortcode\" id=\"video-22301-1\" width=\"1020\" height=\"574\" preload=\"metadata\" controls=\"controls\"><source type=\"video\/mp4\" src=\"https:\/\/thekalimba.com\/wp-content\/uploads\/2022\/09\/Kalimba-Hluru-2.mp4?_=1\" \/><a href=\"https:\/\/thekalimba.com\/wp-content\/uploads\/2022\/09\/Kalimba-Hluru-2.mp4\">https:\/\/thekalimba.com\/wp-content\/uploads\/2022\/09\/Kalimba-Hluru-2.mp4<\/a><\/video><\/div>\n<div>\n<div><img decoding=\"async\" title=\"Huluru - kalimba cromatica a 34 note\" src=\"https:\/\/thekalimba.com\/wp-content\/uploads\/2022\/09\/22301-0zyh0a.jpg\" alt=\"Huluru - kalimba cromatica a 34 note\" \/><\/div>\n<div><\/div>\n<div><img decoding=\"async\" style=\"margin-bottom: 10px;\" title=\"Huluru - kalimba cromatica a 34 note\" src=\"https:\/\/thekalimba.com\/wp-content\/uploads\/2022\/09\/22301-tupetu.jpg\" alt=\"Huluru - kalimba cromatica a 34 note\" \/><\/div>\n<div>\n<div>\n<div id=\"1100043832157\" data-previewurl=\"\/\/ae01.alicdn.com\/kf\/S55adc6a407e94ea6af35ae4c2732d6bbn.jpg\"><\/div>\n<\/div>\n<\/div>\n<div><\/div>\n<div><img decoding=\"async\" title=\"Huluru - kalimba cromatica a 34 note\" src=\"https:\/\/thekalimba.com\/wp-content\/uploads\/2022\/09\/22301-kz12q9.jpg\" alt=\"Huluru - kalimba cromatica a 34 note\" \/><\/div>\n<div><\/div>\n<div><img decoding=\"async\" title=\"Huluru - kalimba cromatica a 34 note\" src=\"https:\/\/thekalimba.com\/wp-content\/uploads\/2022\/09\/22301-ui3am8.jpg\" alt=\"Huluru - kalimba cromatica a 34 note\" \/><img decoding=\"async\" title=\"Huluru - kalimba cromatica a 34 note\" src=\"https:\/\/thekalimba.com\/wp-content\/uploads\/2022\/09\/22301-7sb4uu.jpg\" alt=\"Huluru - kalimba cromatica a 34 note\" \/><img decoding=\"async\" title=\"Huluru - kalimba cromatica a 34 note\" src=\"https:\/\/thekalimba.com\/wp-content\/uploads\/2022\/09\/22301-nfrfl7.jpg\" alt=\"Huluru - kalimba cromatica a 34 note\" \/><img decoding=\"async\" title=\"Huluru - kalimba cromatica a 34 note\" src=\"https:\/\/thekalimba.com\/wp-content\/uploads\/2022\/09\/22301-zygehf.jpg\" alt=\"Huluru - kalimba cromatica a 34 note\" \/><img decoding=\"async\" title=\"Huluru - kalimba cromatica a 34 note\" src=\"https:\/\/thekalimba.com\/wp-content\/uploads\/2022\/09\/22301-ghkg5y.jpg\" alt=\"Huluru - kalimba cromatica a 34 note\" \/><img decoding=\"async\" title=\"Huluru - kalimba cromatica a 34 note\" src=\"https:\/\/thekalimba.com\/wp-content\/uploads\/2022\/09\/22301-hdmu2q.jpg\" alt=\"Huluru - kalimba cromatica a 34 note\" \/><img decoding=\"async\" title=\"Huluru - kalimba cromatica a 34 note\" src=\"https:\/\/thekalimba.com\/wp-content\/uploads\/2022\/09\/22301-p2r7sr.jpg\" alt=\"Huluru - kalimba cromatica a 34 note\" \/><img decoding=\"async\" title=\"Huluru - kalimba cromatica a 34 note\" src=\"https:\/\/thekalimba.com\/wp-content\/uploads\/2022\/09\/22301-pjukct.jpg\" alt=\"Huluru - kalimba cromatica a 34 note\" \/><\/div>\n<div><\/div>\n<\/div>\n<div style=\"width: 276px;\" class=\"wp-video\"><video class=\"wp-video-shortcode\" id=\"video-22301-2\" width=\"276\" height=\"490\" preload=\"metadata\" controls=\"controls\"><source type=\"video\/mp4\" src=\"https:\/\/thekalimba.com\/wp-content\/uploads\/2022\/09\/final_631b67f15c3efe00ddc55064_789087.mp4?_=2\" \/><a href=\"https:\/\/thekalimba.com\/wp-content\/uploads\/2022\/09\/final_631b67f15c3efe00ddc55064_789087.mp4\">https:\/\/thekalimba.com\/wp-content\/uploads\/2022\/09\/final_631b67f15c3efe00ddc55064_789087.mp4<\/a><\/video><\/div>\n<h2 style=\"text-align: center;\">La kalimba cromatica Hluru, uno strumento musicale innovativo<\/h2>\n<p class=\"whitespace-pre-wrap\">La kalimba \u00e8 uno strumento musicale di origine africana che sta diventando sempre pi\u00f9 popolare in tutto il mondo. La gamma di kalimbe si \u00e8 notevolmente diversificata negli ultimi anni, con l'arrivo di modelli cromatici innovativi come l'Hluru. Scoprite i vantaggi di questo strumento <strong>kalimba cromatica<\/strong> come nessun altro!<\/p>\n<h2>Un design rivoluzionario<\/h2>\n<p class=\"whitespace-pre-wrap\">La maggior parte delle kalimbe tradizionali sono pentatoniche, cio\u00e8 utilizzano solo 5 note per ottava. La kalimba cromatica Hluru si spinge oltre i limiti incorporando <strong>ogni semitono<\/strong> in due file.<\/p>\n<p class=\"whitespace-pre-wrap\">Questo <strong>design innovativo<\/strong> permette di offrire una gamma di suoni molto ampia su 24 o 34 note. L'aggiunta dei semitoni apre nuovi orizzonti musicali rispetto alla classica kalimba diatonica.<\/p>\n<h2>Una kalimba versatile<\/h2>\n<p class=\"whitespace-pre-wrap\">Grazie alla sua gamma di colori completa, Hluru <strong>si adatta a tutti gli stili musicali<\/strong> jazz, blues, musica classica e altro ancora. La sua ampia gamma permette di suonare accordi e arpeggi complessi che sarebbero impossibili con una kalimba tradizionale.<\/p>\n<p class=\"whitespace-pre-wrap\">Le <strong>kalimba cromatica<\/strong> Hluru \u00e8 quindi estremamente versatile. Piacer\u00e0 sia ai musicisti esperti alla ricerca di nuove sonorit\u00e0, sia ai principianti attratti dalla sua facilit\u00e0 d'uso.<\/p>\n<h2>Un suono ricco di armoniche<\/h2>\n<p class=\"whitespace-pre-wrap\">Nonostante le innovazioni, l'Hluru conserva il caratteristico timbro morbido della kalimba. Le lame d'acciaio vibranti producono un suono ricco di armonici rilassanti.<\/p>\n<p class=\"whitespace-pre-wrap\">L'effetto \u00e8 amplificato dalla <strong>cassa di risonanza<\/strong> che enfatizza le basse frequenze. L'Hluru offre sensazioni uniche.<\/p>\n<p class=\"whitespace-pre-wrap\">Grazie a questa kalimba cromatica dai molteplici talenti, potrete esplorare nuovi territori musicali e arricchire il vostro modo di suonare con note e armonie. Ordinate subito il vostro Hluru nel nostro negozio online!<\/p>\n<p>Le kalimba Hluru sono strumenti musicali unici ed emozionanti che offrono due diverse gamme sonore: 24 toni e 34 toni. Progettati con una chiave a due file, inclusi i semitoni, questi strumenti offrono un'incredibile flessibilit\u00e0 nella gamma sonora. I 12 toni inferiori e i 5 toni superiori al centro formano un gruppo di 17 toni, creando una zona di semitoni su entrambi i lati dello strato superiore per un'ampia gamma sonora di 24 toni. Per la kalimba a 34 note, i 17 toni inferiori e i 4 toni centrali superiori formano un gruppo di 21 toni, con una zona di semitoni su entrambi i lati dello strato superiore per un'ampia gamma sonora di 34 toni.<\/p>\n<h2>Un design unico per una gamma sonora eccezionale<\/h2>\n<p>Il design a due file di tasti consente un'incredibile flessibilit\u00e0 nella gamma tonale delle kalimbe Hluru. Oltre alla loro flessibilit\u00e0 tonale, le kalimbe Hluru sono anche facili da accordare grazie alla fila di tasti inferiore dotata di un foro di regolazione. \u00c8 sufficiente utilizzare la bacchetta in dotazione per regolare l'accordatura dello strumento verso l'alto o verso il basso.<\/p>\n<h2>Uno strumento per tutti i musicisti<\/h2>\n<p>Che siate principianti o musicisti esperti alla ricerca di un nuovo strumento da aggiungere alla vostra collezione, le kalimbe cromatiche Hluru a 34 e 24 note in Si maggiore sono un'ottima opzione. Scoprite il suono unico e melodioso della kalimba e aggiungete oggi stesso questo strumento autentico e facile da imparare alla vostra collezione musicale. Ordinate ora sul nostro sito web e approfittate della nostra consegna rapida e del nostro servizio clienti appassionato e reattivo.<\/p>\n<h1>Scoprite le kalimbe Hluru a 24 e 34 note, strumenti unici ed emozionanti<\/h1>\n<p class=\"whitespace-pre-wrap\">Le kalimba Hluru sono strumenti musicali unici ed emozionanti che offrono due diverse gamme sonore: 24 toni e 34 toni. Progettati con una chiave a due file, inclusi i semitoni, questi strumenti offrono un'incredibile flessibilit\u00e0 nella gamma sonora. I 12 toni inferiori e i 5 toni superiori al centro formano un gruppo di 17 toni, creando una zona di semitoni su entrambi i lati dello strato superiore per un'ampia gamma sonora di 24 toni. Per la kalimba a 34 note, i 17 toni inferiori e i 4 toni centrali superiori formano un gruppo di 21 toni, con una zona di semitoni su entrambi i lati dello strato superiore per un'ampia gamma sonora di 34 toni.<\/p>\n<h2>Un design unico per una gamma sonora eccezionale<\/h2>\n<p class=\"whitespace-pre-wrap\">Il design a due file di tasti consente un'incredibile flessibilit\u00e0 nella gamma tonale delle kalimbe Hluru. Oltre alla loro flessibilit\u00e0 tonale, le kalimbe Hluru sono anche facili da accordare grazie alla fila di tasti inferiore dotata di un foro di regolazione. \u00c8 sufficiente utilizzare la bacchetta in dotazione per regolare l'accordatura dello strumento verso l'alto o verso il basso.<\/p>\n<h2>Uno strumento per tutti i musicisti<\/h2>\n<p class=\"whitespace-pre-wrap\">Che siate principianti o musicisti esperti alla ricerca di un nuovo strumento da aggiungere alla vostra collezione, le kalimbe cromatiche Hluru a 34 e 24 note in Si maggiore sono un'opzione eccellente.<\/p>\n<p class=\"whitespace-pre-wrap\"><em><strong>Scoprite il suono unico e melodioso della kalimba<\/strong><\/em> e aggiungete oggi stesso alla vostra collezione musicale questo strumento autentico e facile da imparare.<\/p>\n<h3>I vantaggi di Hluru kalimbas :<\/h3>\n<ul class=\"list-disc pl-8 space-y-2\">\n<li class=\"whitespace-normal\"><em>Ampia gamma sonora da 24 a 34 note<\/em><\/li>\n<li class=\"whitespace-normal\"><em>Design flessibile a due file con mezzi toni<\/em><\/li>\n<li class=\"whitespace-normal\"><em>Facile da accordare con la bacchetta<\/em><\/li>\n<li class=\"whitespace-normal\"><em>Timbro morbido e armonioso<\/em><\/li>\n<li class=\"whitespace-normal\"><em>Trasportabile e facile da maneggiare<\/em><\/li>\n<li class=\"whitespace-normal\"><em>Perfetto per principianti ed esperti<\/em><\/li>\n<\/ul>\n<p class=\"whitespace-pre-wrap\">Ordinate ora sul nostro sito web e approfittate della nostra consegna rapida e del nostro servizio clienti appassionato e reattivo. Scegliete la kalimba Hluru per <em>aggiungete colore alla vostra musica!<\/em><\/p>","protected":false},"excerpt":{"rendered":"<h2>Caratteristiche :<\/h2>\n<ul>\n<li>Ideale per i principianti \ud83c\udf93<\/li>\n<li>Piccolo e portatile, facile da trasportare \ud83d\udeb6\u200d\u2642\ufe0f<\/li>\n<li>Qualit\u00e0 audio superiore \ud83d\udd0a<\/li>\n<li>Consegnato accordato e pronto a suonare \ud83d\ude80<\/li>\n<\/ul>\n<h2>Specifiche:<\/h2>\n<ul>\n<li>Materiale : Faggio \ud83c\udf33<\/li>\n<li>Materiale della chiave: metallo \ud83e\ude99<\/li>\n<li>Dimensioni: circa 22,9x16x2,3 cm \ud83d\udccf<\/li>\n<li>Tipo di strumento: kalimba a doppio strato con scala cromatica \ud83c\udfbc<\/li>\n<\/ul>\n<h2>In confezione :<\/h2>\n<ul>\n<li>1 Kalimba professionale a doppio strato con 34 tasti \ud83c\udfb9<\/li>\n<li>1 custodia per il trasporto \ud83c\udf92<\/li>\n<li>1 martello di regolazione \ud83d\udee0\ufe0f<\/li>\n<li>1 panno per la pulizia \ud83e\uddfc<\/li>\n<li>Adesivo della scala di 1 nota \ud83c\udfb5<\/li>\n<li>1 partizione \ud83d\udcdc<\/li>\n<\/ul>\n<p>La kalimba professionale a doppio strato a 34 tasti \u00e8 perfetta sia per i principianti che per i musicisti esperti. Grazie alla struttura in legno di faggio massiccio e alle chiavi in metallo, offre una qualit\u00e0 sonora eccezionale. Fornita con una pratica custodia per il trasporto, un martello per l'accordatura, un panno per la pulizia, un adesivo per la scala delle note e uno spartito, la kalimba \u00e8 pronta per essere suonata subito.<\/p>\n<p>Se avete domande, non esitate a contattarci. Ordinate subito la vostra kalimba e iniziate a creare bella musica! \ud83c\udfb6<\/p>\n<h2>Domande frequenti<\/h2>\n<dl>\n<dt><strong>D: Qual \u00e8 la differenza tra una kalimba con uno e due strati di note?<\/strong><\/dt>\n<\/dl>","protected":false},"featured_media":22306,"comment_status":"open","ping_status":"closed","template":"","meta":[],"product_brand":[],"product_cat":[179,85],"product_tag":[],"class_list":{"0":"post-22301","1":"product","2":"type-product","3":"status-publish","4":"has-post-thumbnail","6":"product_cat-kalimba-chromatique","7":"product_cat-kalimba-haut-de-gamme-kalimba","9":"first","10":"instock","11":"sale","12":"taxable","13":"shipping-taxable","14":"purchasable","15":"product-type-variable"},"_links":{"self":[{"href":"https:\/\/thekalimba.com\/it\/wp-json\/wp\/v2\/product\/22301","targetHints":{"allow":["GET"]}}],"collection":[{"href":"https:\/\/thekalimba.com\/it\/wp-json\/wp\/v2\/product"}],"about":[{"href":"https:\/\/thekalimba.com\/it\/wp-json\/wp\/v2\/types\/product"}],"replies":[{"embeddable":true,"href":"https:\/\/thekalimba.com\/it\/wp-json\/wp\/v2\/comments?post=22301"}],"wp:featuredmedia":[{"embeddable":true,"href":"https:\/\/thekalimba.com\/it\/wp-json\/wp\/v2\/media\/22306"}],"wp:attachment":[{"href":"https:\/\/thekalimba.com\/it\/wp-json\/wp\/v2\/media?parent=22301"}],"wp:term":[{"taxonomy":"product_brand","embeddable":true,"href":"https:\/\/thekalimba.com\/it\/wp-json\/wp\/v2\/product_brand?post=22301"},{"taxonomy":"product_cat","embeddable":true,"href":"https:\/\/thekalimba.com\/it\/wp-json\/wp\/v2\/product_cat?post=22301"},{"taxonomy":"product_tag","embeddable":true,"href":"https:\/\/thekalimba.com\/it\/wp-json\/wp\/v2\/product_tag?post=22301"}],"curies":[{"name":"wp","href":"https:\/\/api.w.org\/{rel}","templated":true}]}}