{"id":22489,"date":"2022-09-03T23:46:56","date_gmt":"2022-09-03T23:46:56","guid":{"rendered":"https:\/\/thekalimba.com\/product\/kalimba-clavier-de-piano-a-17-touches-animal-mignon-oreille-de-chat-mbira-boite-a-musique-cadeaux-pour-amoureux-et-amis-instruments-de-musique\/"},"modified":"2024-03-16T02:13:25","modified_gmt":"2024-03-16T02:13:25","slug":"kalimba-pianoforte-17-tocchi-animale-tagliato-gatto-orecchio-mbira-box-musicale-regali-per-amanti-e-amici-strumenti-musicali","status":"publish","type":"product","link":"https:\/\/thekalimba.com\/it\/prodotto\/kalimba-pianoforte-17-tocchi-animale-tagliato-gatto-orecchio-mbira-box-musicale-regali-per-amanti-e-amici-strumenti-musicali\/","title":{"rendered":"Kalimba a 17 note - Cute-ears \u00a9"},"content":{"rendered":"<p style=\"text-align: center;\"><video style=\"max-width: 100%;\" src=\"\/\/cloud.video.taobao.com\/play\/u\/2208191889410\/p\/1\/e\/6\/t\/10301\/276231787442.mp4\" poster=\"https:\/\/ae01.alicdn.com\/kf\/Hf8bf6d58f45e4dd79c159d575e1ddd2dP\/Kalimba-clavier-de-Piano-17-touches-Animal-mignon-oreille-de-chat-Mbira-bo-te-musique-cadeaux.jpg,https:\/\/ae01.alicdn.com\/kf\/H471041b2065f477eb0c7f25318031e72E\/Kalimba-clavier-de-Piano-17-touches-Animal-mignon-oreille-de-chat-Mbira-bo-te-musique-cadeaux.jpg,https:\/\/ae01.alicdn.com\/kf\/H782ed0ebbe504902ab897127e6700062L\/Kalimba-clavier-de-Piano-17-touches-Animal-mignon-oreille-de-chat-Mbira-bo-te-musique-cadeaux.jpg,https:\/\/ae01.alicdn.com\/kf\/H214e9f07bab8423394ece68ee662140cv\/Kalimba-clavier-de-Piano-17-touches-Animal-mignon-oreille-de-chat-Mbira-bo-te-musique-cadeaux.jpg,https:\/\/ae01.alicdn.com\/kf\/H630337e48f63410d8c2a23b669332111c\/Kalimba-clavier-de-Piano-17-touches-Animal-mignon-oreille-de-chat-Mbira-bo-te-musique-cadeaux.jpg,https:\/\/ae01.alicdn.com\/kf\/Hbb63dea72577459484067747e2705c2ed\/Kalimba-clavier-de-Piano-17-touches-Animal-mignon-oreille-de-chat-Mbira-bo-te-musique-cadeaux.jpg\" preload=\"auto\" controls=\"controls\" width=\"100%\" height=\"100%\"><\/video><\/p>\n<div>\n<div>\n<div>\n<p style=\"font-family: OpenSans; font-size: 14px; font-weight: 300; line-height: 20px; margin-bottom: 12px;\"><span style=\"font-size: 20px; font-weight: 900;\">SIMPATICO ANIMALE KALIMBA<\/span><\/p>\n<\/div>\n<div>\n<p style=\"font-family: OpenSans; font-size: 14px; font-weight: 300; line-height: 20px; margin-bottom: 12px;\">La kalimba \u00e8 uno strumento musicale originario dell'Africa. Oggi \u00e8 conosciuto anche come pianoforte a pollice. Il suono che produce quando viene suonato \u00e8 cos\u00ec rilassante per la mente e per il corpo. A differenza di altri strumenti musicali, la Kalimba \u00e8 cos\u00ec leggera che si pu\u00f2 portare ovunque.<br \/>\nI tre tipi di manicotti in silicone possono essere sostituiti a piacimento e non solo hanno un aspetto carino e un viso sorridente, ma anche un bel suono.<\/p>\n<\/div>\n<div>\n<p style=\"font-family: OpenSans; font-size: 20px; font-weight: 900; line-height: 28px; margin-bottom: 12px;\">Posso imparare senza le basi della musica?<\/p>\n<p style=\"font-family: OpenSans; font-size: 14px; font-weight: 300; line-height: 20px; margin-bottom: 12px;\">In sostanza, la Kalimba \u00e8 uno strumento musicale molto semplice che anche un bambino pu\u00f2 suonare. L'importante \u00e8 saperne un po' di pi\u00f9. Nella confezione \u00e8 incluso un set di adesivi per aiutarvi a suonare la Kalimba.<\/p>\n<\/div>\n<div>\n<p style=\"font-family: OpenSans; font-size: 20px; font-weight: 900; line-height: 28px; margin-bottom: 12px;\">Nel kit :<\/p>\n<p style=\"font-family: OpenSans; font-size: 14px; font-weight: 300; line-height: 20px; margin-bottom: 12px;\">1 * kalimba<br \/>\n1 * borsa kalimba<br \/>\n1 * confezione regalo<br \/>\n1 * libro di musica<br \/>\n3 * Adesivo per tastiera di pianoforte<br \/>\n1 * Martello accordatore<br \/>\n1 * Pianoforte di pezza<br \/>\n2 * tessuto alcolico<\/p>\n<\/div>\n<div>\n<p style=\"font-family: OpenSans; font-size: 20px; font-weight: 900; line-height: 28px; margin-bottom: 12px;\">NOTA:<\/p>\n<p style=\"font-family: OpenSans; font-size: 14px; font-weight: 300; line-height: 20px; margin-bottom: 12px;\">Si prega di notare:<br \/>\n1. Il vostro Kalimba non sar\u00e0 uguale a quello della foto\/video. A causa delle caratteristiche naturali del legno, ogni Kalimba sar\u00e0 unico.<br \/>\n2. A causa della misurazione manuale e dei diversi metodi di misurazione, si prega di consentire una deviazione di 1 o 2 cm.<br \/>\n3. Si prega di notare che, a causa delle vibrazioni provocate dal trasporto, alcune chiavi potrebbero essersi spostate, causando un'errata impostazione del dente o dei denti. Non preoccupatevi, in questo caso potete consultare il manuale incluso nella confezione e controllare l'impostazione prima di procedere all'applicazione degli adesivi di ricambio.<br \/>\n4. Dopo ogni utilizzo, \u00e8 necessario pulire il Kalimba (panno di pulizia incluso nella confezione) per proteggerlo. Riporlo nella borsa\/custodia dopo ogni utilizzo. Non esporlo a condizioni atmosferiche estreme.<\/p>\n<\/div>\n<div><img decoding=\"async\" src=\"\/\/thekalimba.com\/wp-content\/uploads\/2022\/09\/0-ca483d.jpeg\" \/><img decoding=\"async\" src=\"\/\/thekalimba.com\/wp-content\/uploads\/2022\/09\/0-3f7403.jpeg\" \/><img decoding=\"async\" src=\"\/\/thekalimba.com\/wp-content\/uploads\/2022\/09\/0-e7f4ef.jpeg\" \/><\/div>\n<div>\n<p style=\"font-family: OpenSans; font-size: 20px; font-weight: 900; line-height: 28px; margin-bottom: 12px;\">Corpo del pianoforte in legno massiccio e sorridente.<\/p>\n<p style=\"font-family: OpenSans; font-size: 14px; font-weight: 300; line-height: 20px; margin-bottom: 12px;\">Un intero pezzo di legno d'acero massiccio, scavato,<br \/>\nSuccessivamente, viene giuntato con la copertura in legno d'acero massiccio grazie a una raffinata lavorazione artigianale. La lucidatura meticolosa da parte di liutai esperti d\u00e0 come risultato un corpo liscio e bello.<\/p>\n<div><img decoding=\"async\" src=\"\/\/ae01.alicdn.com\/kf\/H7c565523e06643c2a4218162ce3a893d3.jpg\" \/><\/div>\n<\/div>\n<div>\n<p style=\"font-family: OpenSans; font-size: 20px; font-weight: 900; line-height: 28px; margin-bottom: 12px;\">Sistema di pronuncia di nuova concezione<\/p>\n<p style=\"font-family: OpenSans; font-size: 14px; font-weight: 300; line-height: 20px; margin-bottom: 12px;\">Per rendere naturali i tasti,<br \/>\nLucidiamo con cura e applichiamo diverse vernici ecologiche al codice del pianoforte in legno massiccio.<br \/>\nProduce il codice del pianoforte garantendo un'eccellente conduttivit\u00e0 del suono<br \/>\nE il corpo del pianoforte raggiunge un'estetica quasi integrata.<\/p>\n<div><img decoding=\"async\" src=\"\/\/ae01.alicdn.com\/kf\/H5fc7355cd2d849bc8dc52bae9c7b7c2ex.jpg\" \/><\/div>\n<\/div>\n<div><img decoding=\"async\" src=\"\/\/ae01.alicdn.com\/kf\/Hc802ae4c104047c9954913c82e751f2aN.jpg\" \/><img decoding=\"async\" src=\"\/\/ae01.alicdn.com\/kf\/H474ec843c0034ee8af4261f2349358b1Z.jpg\" \/><\/div>\n<div>\n<p style=\"font-family: OpenSans; font-size: 20px; font-weight: 900; line-height: 28px; margin-bottom: 12px;\">Disegno di fumetti<\/p>\n<p style=\"font-family: OpenSans; font-size: 14px; font-weight: 300; line-height: 20px; margin-bottom: 12px;\">Conigli, orsi, gatti,<br \/>\nDiversi volti sorridenti, stessa impurit\u00e0 infantile<br \/>\nOgni benedizione \u00e8 solo per una preziosa benedizione.<\/p>\n<div><img decoding=\"async\" src=\"\/\/ae01.alicdn.com\/kf\/H739d7591d7b44d45bf723d341f5a409d6.jpg\" \/><img decoding=\"async\" src=\"\/\/ae01.alicdn.com\/kf\/He8366271be484981b8be7a746ac9093bP.jpg\" \/><img decoding=\"async\" src=\"\/\/ae01.alicdn.com\/kf\/H3a4a3b9e4f634954b5584d032cdb6471r.jpg\" \/><img decoding=\"async\" src=\"\/\/ae01.alicdn.com\/kf\/Hb496efdc02634848bab84b0133a4f0ee7.jpg\" \/><img decoding=\"async\" src=\"\/\/thekalimba.com\/wp-content\/uploads\/2022\/09\/0-6f73c1.jpeg\" \/><\/div>\n<\/div>\n<div>\n<p style=\"font-family: OpenSans; font-size: 20px; font-weight: 900; line-height: 28px; margin-bottom: 12px;\">Materiale delicato sulla pelle, morbido al tatto.<\/p>\n<p style=\"font-family: OpenSans; font-size: 14px; font-weight: 300; line-height: 20px; margin-bottom: 12px;\">La copertura del corpo in silicone utilizza un materiale siliconico ecologico,<br \/>\nOffre un tocco morbido mentre lo si tiene in mano<br \/>\nInoltre, garantisce l'uso sicuro della parte in legno del corpo del pianoforte.<br \/>\nAllo stesso tempo, \u00e8 anche molto rispettoso dell'ambiente.<\/p>\n<div><img decoding=\"async\" src=\"\/\/ae01.alicdn.com\/kf\/H95a30e74a66a41d39cc9e6cb0f28080df.jpg\" \/><img decoding=\"async\" src=\"\/\/ae01.alicdn.com\/kf\/H75ce04e13c0a4d9ca087ec0fe889ba4av.jpg\" \/><\/div>\n<\/div>\n<div>\n<p style=\"font-family: OpenSans; font-size: 20px; font-weight: 900; line-height: 28px; margin-bottom: 12px;\">Rispetto alla kalimba tradizionale<\/p>\n<p style=\"font-family: OpenSans; font-size: 14px; font-weight: 300; line-height: 20px; margin-bottom: 12px;\">Rispetto alla kalimba tradizionale<br \/>\nLa nuova generazione di kalimba utilizza acero canadese nordamericano.<br \/>\nL'acero canadese ha una durezza moderata, un legno denso e una buona lucentezza.<br \/>\nIl miglioramento del timbro \u00e8 significativo e le prestazioni sono pi\u00f9 elevate.<\/p>\n<div><img decoding=\"async\" src=\"\/\/ae01.alicdn.com\/kf\/H6768038afb034fa9b4647c956b7d36bds.jpg\" \/><img decoding=\"async\" src=\"\/\/ae01.alicdn.com\/kf\/H0a033e86d7bd4f54bc4bc1b7cdc8617d9.jpg\" \/><\/div>\n<\/div>\n<div><img decoding=\"async\" src=\"\/\/ae01.alicdn.com\/kf\/Ha2eda01e7ac54820b16994988bfd39f68.jpg\" \/><img decoding=\"async\" src=\"\/\/ae01.alicdn.com\/kf\/H3e7f5d75088f4d1298b4d18ce332a8b4q.jpg\" \/><img decoding=\"async\" src=\"\/\/ae01.alicdn.com\/kf\/H89209e7774a74bc1a4a1822ccb4e6a0a3.jpg\" \/><\/div>\n<p>&nbsp;<\/p>\n<p>&nbsp;<\/p>\n<p>&nbsp;<\/p>\n<p>&nbsp;<\/p>\n<\/div>\n<\/div>","protected":false},"excerpt":{"rendered":"<p>ANIMAL MIGNON KALIMBA Kalimba est un instrument de musique originaire d&rsquo;Afrique. Il est maintenant aussi appel\u00e9 piano \u00e0 pouce. Le son qu&rsquo;il produit en jouant est tellement relaxant pour l&rsquo;esprit et le corps. Contrairement \u00e0 certains instruments de musique, un Kalimba est tellement l\u00e9ger que vous pouvez emporter\/apporter partout. Les trois types de manchons en [&#8230;]\n","protected":false},"featured_media":22496,"comment_status":"open","ping_status":"closed","template":"","meta":[],"product_brand":[],"product_cat":[85],"product_tag":[],"class_list":{"0":"post-22489","1":"product","2":"type-product","3":"status-publish","4":"has-post-thumbnail","6":"product_cat-kalimba-haut-de-gamme-kalimba","8":"first","9":"instock","10":"taxable","11":"shipping-taxable","12":"purchasable","13":"product-type-variable"},"_links":{"self":[{"href":"https:\/\/thekalimba.com\/it\/wp-json\/wp\/v2\/product\/22489","targetHints":{"allow":["GET"]}}],"collection":[{"href":"https:\/\/thekalimba.com\/it\/wp-json\/wp\/v2\/product"}],"about":[{"href":"https:\/\/thekalimba.com\/it\/wp-json\/wp\/v2\/types\/product"}],"replies":[{"embeddable":true,"href":"https:\/\/thekalimba.com\/it\/wp-json\/wp\/v2\/comments?post=22489"}],"wp:featuredmedia":[{"embeddable":true,"href":"https:\/\/thekalimba.com\/it\/wp-json\/wp\/v2\/media\/22496"}],"wp:attachment":[{"href":"https:\/\/thekalimba.com\/it\/wp-json\/wp\/v2\/media?parent=22489"}],"wp:term":[{"taxonomy":"product_brand","embeddable":true,"href":"https:\/\/thekalimba.com\/it\/wp-json\/wp\/v2\/product_brand?post=22489"},{"taxonomy":"product_cat","embeddable":true,"href":"https:\/\/thekalimba.com\/it\/wp-json\/wp\/v2\/product_cat?post=22489"},{"taxonomy":"product_tag","embeddable":true,"href":"https:\/\/thekalimba.com\/it\/wp-json\/wp\/v2\/product_tag?post=22489"}],"curies":[{"name":"wp","href":"https:\/\/api.w.org\/{rel}","templated":true}]}}