{"id":23620,"date":"2023-04-03T22:56:44","date_gmt":"2023-04-03T22:56:44","guid":{"rendered":"https:\/\/thekalimba.com\/kalimba-hetre-et-resine-17-notes\/"},"modified":"2025-06-08T01:09:37","modified_gmt":"2025-06-08T01:09:37","slug":"kalimba-essere-e-resine-17-note","status":"publish","type":"product","link":"https:\/\/thekalimba.com\/it\/prodotto\/kalimba-essere-e-resine-17-note\/","title":{"rendered":"Kalimba a 17 note in faggio e resina"},"content":{"rendered":"<div>\n<h2>Kalimba a 17 note in legno e resina<\/h2>\n<p>Scoprite l'eleganza della forma radiofonica retr\u00f2 di questa kalimba. Con il suo pratico corpo in legno e i denti in metallo che offrono una presa pi\u00f9 lunga e una sensazione confortevole, questo strumento \u00e8 facile da imparare e da padroneggiare.<\/p>\n<\/div>\n<div>\n<h3>Caratteristiche<\/h3>\n<ul>\n<li>\ud83c\udfb6 Tastiera in metallo minerale: con una maggiore tenacia e mani comode, \u00e8 pi\u00f9 adatta a giocare.<\/li>\n<li>\ud83c\udfb5 Resina epossidica: preferita per la sua bella risonanza e le sue prestazioni armoniche per garantire un tono chiaro e puro.<\/li>\n<li>\ud83c\udf32 Corpo in legno: realizzato in legno naturale lucidato per una sensazione di qualit\u00e0 superiore.<\/li>\n<li>\ud83c\udfa8 Superficie di verniciatura a protezione ambientale: pannello di verniciatura senza protezione ambientale, superficie elegante con bella struttura.<\/li>\n<li>\ud83c\udf89 Facile da suonare: \u00e8 possibile riprodurre facilmente le canzoni tirando i tasti. Un'operazione semplice che si impara in un minuto.<\/li>\n<li>\ud83c\udfbc Adatto ai principianti: adatto ai bambini per coltivare il loro talento musicale. Ideale per viaggi, feste, relax, ecc.<\/li>\n<\/ul>\n<\/div>\n<div>\n<h3>Specifiche tecniche<\/h3>\n<ul>\n<li>\ud83c\udfa8 Colore: colore log + blu<\/li>\n<li>\ud83c\udfb9 Note: 17 tasti<\/li>\n<li>\ud83c\udf3f Materiale: legno + metallo + resina<\/li>\n<li>\ud83d\udccf Dimensioni dell'articolo: 160*130mm \/ 6.3*5.1in<\/li>\n<li>\ud83d\udce6 Dimensioni del pacchetto: 180*135*34mm \/ 7.1*5.3*1.3in<\/li>\n<li>\ud83d\udce6 Peso della confezione: 600 g\/1,3 libbre<\/li>\n<\/ul>\n<\/div>\n<div>\n<h3>Incluso nella confezione<\/h3>\n<ul>\n<li>\ud83c\udfb5 1 Kalimba di legno<\/li>\n<li>\ud83c\udfb6 1 Nota adesiva<\/li>\n<li>\ud83c\udfb9 1 Martello per l'accordatura<\/li>\n<li>\ud83c\udf92 1 Borsa di trasporto<\/li>\n<li>\ud83e\uddfc 1 Panno per la pulizia<\/li>\n<\/ul>\n<\/div>\n<div>\n<h3>Domande frequenti<\/h3>\n<ul>\n<li>D: Qual \u00e8 la differenza tra una kalimba con uno e due strati di note?<\/li>\n<li>R: La kalimba a due strati ha due file di tasti che producono note diverse. Questo permette una maggiore variet\u00e0 di suoni e offre una gamma pi\u00f9 ampia per la riproduzione della musica.<\/li>\n<li>D : Questa kalimba \u00e8 adatta ai principianti?<\/li>\n<li>R : Assolutamente! La kalimba \u00e8 uno strumento musicale facile da imparare e adatto ai principianti. Questa kalimba in particolare \u00e8 stata progettata per offrire un'esperienza di apprendimento piacevole e facile.<\/li>\n<li>D: La messa a punto \u00e8 stata effettuata prima della spedizione?<\/li>\n<li>R: S\u00ec, accordiamo ogni kalimba prima di spedirla per garantire un'esperienza musicale ottimale dal momento in cui riceviamo il prodotto.<\/li>\n<li>D: A cosa serve il panno per la pulizia incluso nella confezione?<\/li>\n<li>R: Il panno per la pulizia serve a pulire delicatamente i tasti e la cassa di risonanza della kalimba per mantenere lo strumento in buone condizioni.<\/li>\n<li>D : Come si utilizzano gli adesivi per scale in dotazione?<\/li>\n<li>R: Gli adesivi per le scale sono progettati per essere attaccati ai tasti per aiutare i principianti a imparare pi\u00f9 facilmente le scale di note. Gli adesivi sono facili da applicare e possono essere rimossi senza lasciare residui.<\/li>\n<\/ul>\n<\/div>\n<p><img decoding=\"async\" title=\"Kalimba a 17 note in faggio e resina\" src=\"https:\/\/thekalimba.com\/wp-content\/uploads\/2023\/04\/23620-kgopyb.jpg\" alt=\"Kalimba a 17 note in faggio e resina\" \/> <img decoding=\"async\" title=\"Kalimba a 17 note in faggio e resina\" src=\"https:\/\/thekalimba.com\/wp-content\/uploads\/2023\/04\/23620-bnvwex.jpg\" alt=\"Kalimba a 17 note in faggio e resina\" \/> <img decoding=\"async\" title=\"Kalimba a 17 note in faggio e resina\" src=\"https:\/\/thekalimba.com\/wp-content\/uploads\/2023\/04\/23620-hdf8ms.jpg\" alt=\"Kalimba a 17 note in faggio e resina\" \/> <img decoding=\"async\" title=\"Kalimba a 17 note in faggio e resina\" src=\"https:\/\/thekalimba.com\/wp-content\/uploads\/2023\/04\/23620-rehth5.jpg\" alt=\"Kalimba a 17 note in faggio e resina\" \/> <img decoding=\"async\" title=\"Kalimba a 17 note in faggio e resina\" src=\"https:\/\/thekalimba.com\/wp-content\/uploads\/2023\/04\/23620-2gicms.jpg\" alt=\"Kalimba a 17 note in faggio e resina\" \/> <img decoding=\"async\" title=\"Kalimba a 17 note in faggio e resina\" src=\"https:\/\/thekalimba.com\/wp-content\/uploads\/2023\/04\/23620-e2ltaw.jpg\" alt=\"Kalimba a 17 note in faggio e resina\" \/> <img decoding=\"async\" title=\"Kalimba a 17 note in faggio e resina\" src=\"https:\/\/thekalimba.com\/wp-content\/uploads\/2023\/04\/23620-rv3tyx.jpg\" alt=\"Kalimba a 17 note in faggio e resina\" \/> <img decoding=\"async\" title=\"Kalimba a 17 note in faggio e resina\" src=\"https:\/\/thekalimba.com\/wp-content\/uploads\/2023\/04\/23620-2kackr.jpg\" alt=\"Kalimba a 17 note in faggio e resina\" \/><\/p>","protected":false},"excerpt":{"rendered":"<p>\ud83c\udfb5 1 Kalimba di legno<\/p>\n<p>\ud83c\udfb6 1 Nota adesiva<\/p>\n<p>\ud83c\udfb9 1 Martello per l'accordatura<\/p>\n<p>\ud83c\udf92 1 Borsa di trasporto<\/p>\n<p>\ud83e\uddfc 1 Panno per la pulizia<\/p>","protected":false},"featured_media":23624,"comment_status":"open","ping_status":"closed","template":"","meta":[],"product_brand":[],"product_cat":[83,85],"product_tag":[],"class_list":{"0":"post-23620","1":"product","2":"type-product","3":"status-publish","4":"has-post-thumbnail","6":"product_cat-kalimba-17-notes-kalimba","7":"product_cat-kalimba-haut-de-gamme-kalimba","9":"first","10":"instock","11":"taxable","12":"shipping-taxable","13":"purchasable","14":"product-type-simple"},"_links":{"self":[{"href":"https:\/\/thekalimba.com\/it\/wp-json\/wp\/v2\/product\/23620","targetHints":{"allow":["GET"]}}],"collection":[{"href":"https:\/\/thekalimba.com\/it\/wp-json\/wp\/v2\/product"}],"about":[{"href":"https:\/\/thekalimba.com\/it\/wp-json\/wp\/v2\/types\/product"}],"replies":[{"embeddable":true,"href":"https:\/\/thekalimba.com\/it\/wp-json\/wp\/v2\/comments?post=23620"}],"wp:featuredmedia":[{"embeddable":true,"href":"https:\/\/thekalimba.com\/it\/wp-json\/wp\/v2\/media\/23624"}],"wp:attachment":[{"href":"https:\/\/thekalimba.com\/it\/wp-json\/wp\/v2\/media?parent=23620"}],"wp:term":[{"taxonomy":"product_brand","embeddable":true,"href":"https:\/\/thekalimba.com\/it\/wp-json\/wp\/v2\/product_brand?post=23620"},{"taxonomy":"product_cat","embeddable":true,"href":"https:\/\/thekalimba.com\/it\/wp-json\/wp\/v2\/product_cat?post=23620"},{"taxonomy":"product_tag","embeddable":true,"href":"https:\/\/thekalimba.com\/it\/wp-json\/wp\/v2\/product_tag?post=23620"}],"curies":[{"name":"wp","href":"https:\/\/api.w.org\/{rel}","templated":true}]}}