{"id":23645,"date":"2023-04-03T23:13:04","date_gmt":"2023-04-03T23:13:04","guid":{"rendered":"https:\/\/thekalimba.com\/kalimba-ocean-phosphorescent-17-21-notes\/"},"modified":"2025-04-07T13:51:02","modified_gmt":"2025-04-07T13:51:02","slug":"kalimba-oceano-fosforescente-17-21-note","status":"publish","type":"product","link":"https:\/\/thekalimba.com\/it\/prodotto\/kalimba-oceano-fosforescente-17-21-note\/","title":{"rendered":"Kalimba fosforescente dell'oceano - 17 e 21 note"},"content":{"rendered":"<h2>Kalimba fosforescente: per un'esperienza musicale unica<\/h2>\n<p>Con questa kalimba fosforescente, godetevi i suoni delicati generati dalla vibrazione delle lame metalliche.<\/p>\n<div>\n<h3>Caratteristiche<\/h3>\n<ul>\n<li>\ud83d\udd2e Fosforescente: questa kalimba si illumina al buio per un'esperienza musicale unica.<\/li>\n<li>\ud83c\udfb6 Idiofono: il suono \u00e8 generato direttamente dalle lame metalliche, rendendo questa kalimba un ottimo esempio di strumento idiofono.<\/li>\n<li>\ud83c\udfa8 Corpo in legno massiccio di faggio e resina epossidica: per una sensazione superiore e una bella risonanza.<\/li>\n<li>\ud83c\udfbc Facile da suonare: gli adesivi inclusi facilitano la memorizzazione delle note.<\/li>\n<li>\ud83d\udcda Libretto di istruzioni e spartiti inclusi per facilitare l'apprendimento.<\/li>\n<li>\ud83c\udf92 Borsa in tessuto, martello per accordare e panno per la pulizia inclusi per facilitare il trasporto e la manutenzione.<br \/>\n<h2 style=\"text-align: center;\"><strong>Test video<\/strong><\/h2>\n<h3 style=\"font-size: 20.16px;\"><video style=\"background-image: url('img\/object.gif'); color: #555555; text-align: center; font-size: 14.4px;\" src=\"\/\/video.aliexpress-media.com\/play\/u\/ae_sg_item\/2208191889410\/p\/1\/e\/6\/t\/10301\/1100102051150.mp4\" poster=\"\" preload=\"auto\" controls=\"controls\" width=\"100%\" height=\"100%\"><\/video><\/h3>\n<\/li>\n<\/ul>\n<\/div>\n<div>\n<h2 style=\"text-align: center;\"><span style=\"font-size: 20.16px;\">Specifiche tecniche<\/span><\/h2>\n<ul>\n<li>\ud83c\udfb9 Tipo di strumento : Percussione - Idiofono - Lamellofono<\/li>\n<li>\ud83c\udfb5 Numero di lame, tasti o note: 17 o 21<\/li>\n<li>\ud83c\udf32 Scatola di risonanza: No<\/li>\n<li>\ud83c\udf3f Materiali: Corpo in legno massiccio di faggio e resina epossidica, Doghe in acciaio<\/li>\n<li>\ud83d\udccf Dimensioni: 18 x 13 x 3,5 centimetri<\/li>\n<li>\ud83d\udce6 Peso: 500 grammi<\/li>\n<li>\ud83c\udfb5 Chiave: Do maggiore<\/li>\n<\/ul>\n<\/div>\n<div>\n<h3>Come regalo<\/h3>\n<ul>\n<li>\ud83c\udf92 Borsa in tessuto per la conservazione<\/li>\n<li>\ud83c\udfb9 Martello da accordatura<\/li>\n<li>\ud83c\udfbc Set di adesivi da apporre sulle lame per un facile richiamo<\/li>\n<li>\ud83e\uddfc Panno per la pulizia<\/li>\n<li>\ud83d\udcda Istruzioni e libretto di spartiti<\/li>\n<\/ul>\n<\/div>\n<div>\n<h2 style=\"text-align: center;\"><span style=\"font-size: 20.16px;\">Domande frequenti<\/span><\/h2>\n<ul>\n<li>D : Che cos'\u00e8 un idiofono?<\/li>\n<li>R : Un idiofono \u00e8 uno strumento musicale il cui suono \u00e8 generato direttamente dai materiali di cui \u00e8 composto. La kalimba \u00e8 un ottimo esempio di strumento idiofono, perch\u00e9 il suono \u00e8 prodotto dalla vibrazione delle lame metalliche.<\/li>\n<li>D : Questa kalimba \u00e8 adatta ai principianti?<\/li>\n<li>R : Assolutamente! La kalimba \u00e8 uno strumento musicale facile da imparare e adatto ai principianti. Gli adesivi inclusi facilitano inoltre la memorizzazione delle note.<\/li>\n<li>D: La messa a punto \u00e8 stata effettuata prima della spedizione?<\/li>\n<li>R: S\u00ec, accordiamo ogni kalimba prima di spedirla per garantire un'esperienza musicale ottimale dal momento in cui riceviamo il prodotto.<\/li>\n<li>D : Come si usa il martello da accordatura in dotazione?<\/li>\n<li>R: Il martello per l'accordatura serve a regolare le lame metalliche e a migliorare la qualit\u00e0 del suono della kalimba. Le istruzioni sono incluse nel libretto di istruzioni e spartiti.<\/li>\n<li>D : Come si pulisce la kalimba?<\/li>\n<li>R: \u00c8 sufficiente utilizzare il panno per la pulizia incluso per pulire delicatamente le lame in metallo e il corpo in legno.<\/li>\n<\/ul>\n<\/div>\n<p>&nbsp;<\/p>\n<p><img decoding=\"async\" title=\"Kalimba fosforescente dell&#039;oceano - 17 e 21 note\" src=\"https:\/\/thekalimba.com\/wp-content\/uploads\/2023\/04\/23645-agcny3.jpg\" alt=\"Kalimba fosforescente dell&#039;oceano - 17 e 21 note\" \/><img decoding=\"async\" title=\"Kalimba fosforescente dell&#039;oceano - 17 e 21 note\" src=\"https:\/\/thekalimba.com\/wp-content\/uploads\/2023\/04\/23645-b4jy4u.jpg\" alt=\"Kalimba fosforescente dell&#039;oceano - 17 e 21 note\" \/> <img decoding=\"async\" title=\"Kalimba fosforescente dell&#039;oceano - 17 e 21 note\" src=\"https:\/\/thekalimba.com\/wp-content\/uploads\/2023\/04\/23645-agcny3.jpg\" alt=\"Kalimba fosforescente dell&#039;oceano - 17 e 21 note\" \/> <img decoding=\"async\" title=\"Kalimba fosforescente dell&#039;oceano - 17 e 21 note\" src=\"https:\/\/thekalimba.com\/wp-content\/uploads\/2023\/04\/23645-fd8suj.jpg\" alt=\"Kalimba fosforescente dell&#039;oceano - 17 e 21 note\" \/><\/p>","protected":false},"excerpt":{"rendered":"<p>Scoprite la kalimba Gecko a 17 note in mogano con custodia di alta qualit\u00e0, martello per l'accordatura e adesivi facili da imparare. Godetevi un'esperienza musicale unica con questa kalimba dal suono morbido e fosforescente.<\/p>","protected":false},"featured_media":23644,"comment_status":"open","ping_status":"closed","template":"","meta":[],"product_brand":[],"product_cat":[83,85],"product_tag":[],"class_list":{"0":"post-23645","1":"product","2":"type-product","3":"status-publish","4":"has-post-thumbnail","6":"product_cat-kalimba-17-notes-kalimba","7":"product_cat-kalimba-haut-de-gamme-kalimba","9":"first","10":"outofstock","11":"sale","12":"taxable","13":"shipping-taxable","14":"purchasable","15":"product-type-variable"},"_links":{"self":[{"href":"https:\/\/thekalimba.com\/it\/wp-json\/wp\/v2\/product\/23645","targetHints":{"allow":["GET"]}}],"collection":[{"href":"https:\/\/thekalimba.com\/it\/wp-json\/wp\/v2\/product"}],"about":[{"href":"https:\/\/thekalimba.com\/it\/wp-json\/wp\/v2\/types\/product"}],"replies":[{"embeddable":true,"href":"https:\/\/thekalimba.com\/it\/wp-json\/wp\/v2\/comments?post=23645"}],"wp:featuredmedia":[{"embeddable":true,"href":"https:\/\/thekalimba.com\/it\/wp-json\/wp\/v2\/media\/23644"}],"wp:attachment":[{"href":"https:\/\/thekalimba.com\/it\/wp-json\/wp\/v2\/media?parent=23645"}],"wp:term":[{"taxonomy":"product_brand","embeddable":true,"href":"https:\/\/thekalimba.com\/it\/wp-json\/wp\/v2\/product_brand?post=23645"},{"taxonomy":"product_cat","embeddable":true,"href":"https:\/\/thekalimba.com\/it\/wp-json\/wp\/v2\/product_cat?post=23645"},{"taxonomy":"product_tag","embeddable":true,"href":"https:\/\/thekalimba.com\/it\/wp-json\/wp\/v2\/product_tag?post=23645"}],"curies":[{"name":"wp","href":"https:\/\/api.w.org\/{rel}","templated":true}]}}