{"id":23763,"date":"2023-04-04T21:05:27","date_gmt":"2023-04-04T21:05:27","guid":{"rendered":"https:\/\/thekalimba.com\/accordeur-kalimba\/"},"modified":"2025-12-06T19:54:56","modified_gmt":"2025-12-06T19:54:56","slug":"accordatore-per-kalimba","status":"publish","type":"product","link":"https:\/\/thekalimba.com\/it\/prodotto\/accordatore-per-kalimba\/","title":{"rendered":"Accordatore per kalimba"},"content":{"rendered":"<ol>\n<li style=\"list-style-type: none;\">\n<ol>\n<li>\ud83c\udf1f Accordatore AT-2017K: design semplice e compatto con un'ampia apertura per un facile fissaggio allo strumento. Display LCD luminoso e doppio morsetto rotante a 360 gradi per un migliore angolo di visione. Adatto a diversi tipi di strumenti.<\/li>\n<li>\ud83c\udfb8 Accordatore AT-01A: piccolo e leggero, pu\u00f2 essere attaccato allo strumento per un comodo utilizzo. \u00c8 adatto a diversi strumenti musicali e ha un'elevata precisione di accordatura.<\/li>\n<li>\ud83c\udfb6 Accordatore A-101: grazie al metodo di regolazione a clip, \u00e8 in grado di rilevare la nota con precisione e rapidit\u00e0. \u00c8 adatto per strumenti musicali a corda, come chitarra, basso, violino e ukulele.<\/li>\n<li>\ud83c\udfb5 LT-01 Sintonizzatore persistente: A clip e facile da trasportare, \u00e8 dotato di un display LCD per una facile lettura. Adatto agli strumenti musicali a corda, ha un'ampia gamma di accordature.<\/li>\n<li>\ud83c\udfb9 Accordatore T-02: piccolo e leggero, pu\u00f2 essere trasportato facilmente. Ha un'elevata precisione di accordatura ed \u00e8 adatto a una variet\u00e0 di strumenti musicali. Alimentazione a batteria per un comodo utilizzo.<\/li>\n<\/ol>\n<\/li>\n<\/ol>\n<div>\n<h2>Confronto tra i 5 accordatori per kalimba<\/h2>\n<\/div>\n<div>\n<h3>AT-2017K \u2b50\u2b50\u2b50\u2b50<\/h3>\n<ul>\n<li>\u2705 Elevata precisione di regolazione<\/li>\n<li>\u2705 Due retroilluminazione colorate per una visibilit\u00e0 ottimale<\/li>\n<li>\u2705 Doppio morsetto rotante per migliorare l'angolo di visione<\/li>\n<li>\u2705 Voci di rettifica per vari strumenti<\/li>\n<li>\u274c Richiede una batteria CR2032 non inclusa.<\/li>\n<\/ul>\n<\/div>\n<div>\n<h3>AT-01A \u2b50\u2b50\u2b50\u2b50<\/h3>\n<ul>\n<li>\u2705 Elevata precisione di regolazione<\/li>\n<li>\u2705 Compatto e facile da trasportare<\/li>\n<li>\u2705 Disponibile per diversi tipi di strumenti<\/li>\n<li>\u274c Richiede una batteria CR2032 non inclusa.<\/li>\n<\/ul>\n<\/div>\n<div>\n<h3>\u00c0-101 \u2b50\u2b50<\/h3>\n<ul>\n<li>\u2705 Elevata precisione di regolazione<\/li>\n<li>Utilizza il metodo di sintonizzazione delle vibrazioni.<\/li>\n<li>\u2705 Alimentazione con una batteria CR2332 (inclusa)<\/li>\n<li>\u274c Non adatto a strumenti diversi da chitarra, basso, violino e ukulele.<\/li>\n<\/ul>\n<\/div>\n<div>\n<h3>LT-01 persistente \u2b50\u2b50\u2b50\u2b50<\/h3>\n<ul>\n<li>\u2705 Elevata precisione di regolazione<\/li>\n<li>\u2705 Facile da usare<\/li>\n<li>\u2705 Disponibile per diversi tipi di strumenti<\/li>\n<li>\u274c Richiede una batteria CR2032 non inclusa.<\/li>\n<\/ul>\n<\/div>\n<div>\n<h3>T-02 \u2b50\u2b50<\/h3>\n<ul>\n<li>\u2705 Elevata precisione di regolazione<\/li>\n<li>\u2705 Compatto e facile da trasportare<\/li>\n<li>\u2705 Alimentazione con una batteria CR2032 (non inclusa)<\/li>\n<li>\u274c Disponibile solo per chitarra<\/li>\n<\/ul>\n<\/div>\n<p><img decoding=\"async\" title=\"Accordatore per kalimba\" src=\"https:\/\/thekalimba.com\/wp-content\/uploads\/2023\/04\/23763-ugbdic.jpg\" alt=\"Accordatore per kalimba\" \/> <img decoding=\"async\" title=\"Accordatore per kalimba\" src=\"https:\/\/thekalimba.com\/wp-content\/uploads\/2023\/04\/23763-uazu6b.jpg\" alt=\"Accordatore per kalimba\" \/> <img decoding=\"async\" title=\"Accordatore per kalimba\" src=\"https:\/\/thekalimba.com\/wp-content\/uploads\/2023\/04\/23763-xijwwt.jpg\" alt=\"Accordatore per kalimba\" \/> <img decoding=\"async\" title=\"Accordatore per kalimba\" src=\"https:\/\/thekalimba.com\/wp-content\/uploads\/2023\/04\/23763-e5j14e.jpg\" alt=\"Accordatore per kalimba\" \/> <img decoding=\"async\" title=\"Accordatore per kalimba\" src=\"https:\/\/thekalimba.com\/wp-content\/uploads\/2023\/04\/23763-hpp2to.jpg\" alt=\"Accordatore per kalimba\" \/> <img decoding=\"async\" title=\"Accordatore per kalimba\" src=\"https:\/\/thekalimba.com\/wp-content\/uploads\/2023\/04\/23763-jhuiwq.jpg\" alt=\"Accordatore per kalimba\" \/> <img decoding=\"async\" title=\"Accordatore per kalimba\" src=\"https:\/\/thekalimba.com\/wp-content\/uploads\/2023\/04\/23763-wwdv8a.jpg\" alt=\"Accordatore per kalimba\" \/> <img decoding=\"async\" title=\"Accordatore per kalimba\" src=\"https:\/\/thekalimba.com\/wp-content\/uploads\/2023\/04\/23763-m5fgli.jpg\" alt=\"Accordatore per kalimba\" \/> <img decoding=\"async\" title=\"Accordatore per kalimba\" src=\"https:\/\/thekalimba.com\/wp-content\/uploads\/2023\/04\/23763-9jbkbz.jpg\" alt=\"Accordatore per kalimba\" \/><\/p>","protected":false},"excerpt":{"rendered":"<ul>\n<li>\ud83c\udfb5 Accordatore per kalimba: per accordare la kalimba in modo semplice e veloce<\/li>\n<li>\ud83c\udfb6 Facile da usare: seguite le istruzioni per un suono perfetto<\/li>\n<li>\u23f1\ufe0f Risparmia tempo: accorda la tua kalimba in pochi minuti<\/li>\n<li>\ud83d\udcaf Risultati precisi: godetevi un'accordatura precisa e armoniosa<\/li>\n<\/ul>","protected":false},"featured_media":23769,"comment_status":"open","ping_status":"closed","template":"","meta":[],"product_brand":[],"product_cat":[86],"product_tag":[],"class_list":{"0":"post-23763","1":"product","2":"type-product","3":"status-publish","4":"has-post-thumbnail","6":"product_cat-accessoires-sacs-kalimba","8":"first","9":"instock","10":"sale","11":"taxable","12":"shipping-taxable","13":"purchasable","14":"product-type-variable"},"_links":{"self":[{"href":"https:\/\/thekalimba.com\/it\/wp-json\/wp\/v2\/product\/23763","targetHints":{"allow":["GET"]}}],"collection":[{"href":"https:\/\/thekalimba.com\/it\/wp-json\/wp\/v2\/product"}],"about":[{"href":"https:\/\/thekalimba.com\/it\/wp-json\/wp\/v2\/types\/product"}],"replies":[{"embeddable":true,"href":"https:\/\/thekalimba.com\/it\/wp-json\/wp\/v2\/comments?post=23763"}],"wp:featuredmedia":[{"embeddable":true,"href":"https:\/\/thekalimba.com\/it\/wp-json\/wp\/v2\/media\/23769"}],"wp:attachment":[{"href":"https:\/\/thekalimba.com\/it\/wp-json\/wp\/v2\/media?parent=23763"}],"wp:term":[{"taxonomy":"product_brand","embeddable":true,"href":"https:\/\/thekalimba.com\/it\/wp-json\/wp\/v2\/product_brand?post=23763"},{"taxonomy":"product_cat","embeddable":true,"href":"https:\/\/thekalimba.com\/it\/wp-json\/wp\/v2\/product_cat?post=23763"},{"taxonomy":"product_tag","embeddable":true,"href":"https:\/\/thekalimba.com\/it\/wp-json\/wp\/v2\/product_tag?post=23763"}],"curies":[{"name":"wp","href":"https:\/\/api.w.org\/{rel}","templated":true}]}}