{"id":270,"date":"2019-12-26T13:37:48","date_gmt":"2019-12-26T13:37:48","guid":{"rendered":"https:\/\/thekalimba.com\/?post_type=product&#038;p=270"},"modified":"2026-03-21T09:32:33","modified_gmt":"2026-03-21T09:32:33","slug":"10-keys-kalimba-kit-per-fare-da-se-pittura-genitori-bambini-campagna-pianoforte-piano-pezzo","status":"publish","type":"product","link":"https:\/\/thekalimba.com\/it\/prodotto\/10-keys-kalimba-kit-per-fare-da-se-pittura-genitori-bambini-campagna-pianoforte-piano-pezzo\/","title":{"rendered":"[Kit Bricolage] Kalimba 10 Notes en Tilleul"},"content":{"rendered":"<ul style=\"padding: 0; margin: 0;\">\n<li>\n<h3><span style=\"color: #000000;\"><b>La Kalimba 10 Note<\/b><\/span><\/h3>\n<\/li>\n<li><span style=\"color: #000000;\">Numero di pulsanti: 10 pulsanti<\/span><\/li>\n<li><span style=\"color: #000000;\">Materiale dello scafo: legno di tiglio<\/span><\/li>\n<li><span style=\"color: #000000;\">Materiale della tastiera: metallo minerale<\/span><\/li>\n<li><span style=\"color: #000000;\">Colore : Legno<\/span><\/li>\n<li><\/li>\n<li><strong><span style=\"color: #000000;\">Caratteristiche di questo kit di kalimba a 10 note:<\/span><\/strong><\/li>\n<li><span style=\"color: #000000;\">- 10 tasti per kalimba per il fai-da-te, per godere del piacere di lavorare con le proprie mani<\/span>\n<p><span style=\"color: #000000;\">- Un caratteristico e affascinante pianoforte a forma di gatto.<\/span><\/p>\n<p><span style=\"color: #000000;\">- Configurazione top di gamma, tono perfetto.<\/span><\/p>\n<p><span style=\"color: #000000;\">- Semplice e divertente da costruire, un regalo perfetto.<\/span><\/li>\n<li><\/li>\n<li><strong><span style=\"color: #000000;\">Elenco dei prodotti :<\/span><\/strong><\/li>\n<li><span style=\"color: #000000;\">- 1 Kalimba 10 note<\/span>\n<p><span style=\"color: #000000;\">- 10 tasti tono<\/span><\/p>\n<p><span style=\"color: #000000;\">- 2 viti<\/span><\/p>\n<p><span style=\"color: #000000;\">- 1 Ponte<\/span><\/p>\n<p><span style=\"color: #000000;\">- 1 dado per ponte<\/span><\/li>\n<li><span style=\"color: #000000;\">1\u00d710 Tasti Kalimba 10 note Kit fai da te<\/span><\/li>\n<li><\/li>\n<li><span style=\"color: #000000;\"><span style=\"font-weight: 400;\">Si tratta di kalimbe a 10 note molto morbide, con denti morbidi, larghi e modestamente distanziati, facili per i principianti di tutte le et\u00e0.\u00a0<\/span><\/span><span style=\"font-weight: 400; color: #000000;\">Con 10 note, questa kalimba \u00e8 in effetti uno strumento piuttosto potente, in grado di suonare un'ampia gamma di musica molto piacevole, compreso il repertorio della musica karimba africana. <\/span><\/li>\n<li><\/li>\n<li><span style=\"font-weight: 400; color: #000000;\">Questa kalimba a 10 note \u00e8 realizzata con un foro sonoro circolare, poich\u00e9 i fori sonori a forma di cuore tendono a rompersi meno di quelli circolari.\u00a0<\/span><span style=\"font-weight: 400; color: #000000;\">I denti che si decide di dipingere aiutano ad abbinare la tablatura della kalimba. <\/span><\/li>\n<li><\/li>\n<li><span style=\"font-weight: 400; color: #000000;\">Se volete lasciare il vostro Kalimba cos\u00ec com'\u00e8, potete acquistare i denti non verniciati.<\/span><span style=\"font-weight: 400; color: #000000;\">Questa Kalimba a 10 note viene fornita in un kit fai-da-te che consente di costruire il proprio strumento in legno di tiglio. <\/span><span style=\"font-weight: 400; color: #000000;\">Questo kalimba a 10 note \u00e8 un trampolino di lancio: tutto ci\u00f2 che si impara su questo kalimba pu\u00f2 essere suonato sulle kalimbe Hugh Tracey Alto o sulle nuove kalimbe C a 17 note. Questa kalimba \u00e8 un trampolino di lancio per una vita di divertimento con la kalimba. Il guscio della nostra Kalimba a 10 note \u00e8 realizzato in legno di tiglio.<\/span><span style=\"font-weight: 400; color: #000000;\">Raccomandiamo anche la kalimba a 10 note per chi vuole iniziare a suonare la kalimba. Un'ottima introduzione alla kalimba!<\/span><span style=\"font-weight: 400; color: #000000;\">La cosa importante da ricordare \u00e8 che queste sono le stesse 10 note delle 10 note inferiori e centrali del kalimba a 17 note, il che significa che tutto ci\u00f2 che si impara a suonare su questo kalimba pu\u00f2 essere suonato immediatamente sul kalimba a 17 note.<\/span>\n<p><span style=\"font-weight: 400; color: #000000;\">Un buon modo per semplificare la kalimba a 17 note \u00e8 fare l'ovvio: nascondere le 7 note superiori mascherandole. Copritele con note autoadesive tagliate a misura (un po' come i paraocchi indossati dai cavalli da tiro). In questo modo \u00e8 molto pi\u00f9 facile imparare a suonare sia visivamente che al tatto. <\/span><\/li>\n<li><span style=\"font-weight: 400; color: #000000;\">Una volta imparata una canzone sui 10 denti centrali, si possono togliere i paraocchi e suonare solo sui 10 denti inferiori. In seguito, potrete aggiungere qualche nota pi\u00f9 alta quando ve la sentirete. <\/span><span style=\"color: #000000;\"><b>Tiglio<\/b><\/span><span style=\"font-weight: 400; color: #000000;\">Il tiglio viene utilizzato quasi esclusivamente per i Kalimba per principianti perch\u00e9 \u00e8 facile da suonare.<\/span><span style=\"font-weight: 400; color: #000000;\">Legno duro di prima qualit\u00e0 per l'intaglio, il tiglio \u00e8 uno dei materiali preferiti dai costruttori di kalimba di alta gamma. L'alburno del tiglio \u00e8 di colore bianco crema. Quando \u00e8 secco, il legno non ha un odore caratteristico. Il legno ha una struttura fine e uniforme e una venatura con una moderata lucentezza.<\/span>\n<p><span style=\"font-weight: 400; color: #000000;\">Il legno di tiglio \u00e8 morbido e leggero, apprezzato per l'intaglio a mano e per altri usi, tra cui bottai, scatole, impiallacciature, excelsior e pasta di carta. Il legno di tiglio \u00e8 anche la scelta migliore per strumenti musicali, persiane, prodotti specialistici e falegnameria. <\/span><\/li>\n<li><span style=\"font-weight: 400; color: #000000;\">Questo legno \u00e8 facile da usare per il bricolage perch\u00e9 \u00e8 flessibile. Se lo utilizzate per le percussioni, godrete di uno strumento leggero e solido.\u00a0<\/span><span style=\"font-weight: 400; color: #000000;\">Probabilmente mentireste se diceste di non aver trascorso almeno una parte della vostra infanzia a sbattere su oggetti vari e diversi che vi sono capitati a tiro. A dire il vero, questa particolare forma di espressione personale non sembra diminuire con l'et\u00e0, ma fortunatamente i nostri metodi tendono a diventare pi\u00f9 sofisticati con l'avanzare dell'et\u00e0.<\/span><span style=\"font-weight: 400; color: #000000;\">Tuttavia, a volte \u00e8 bene tornare ai tempi primitivi in cui si colpiva qualsiasi cosa potesse fare rumore. Costruire i propri strumenti a percussione pu\u00f2 essere un ottimo modo per comprendere a fondo il suono, il timbro e la tonalit\u00e0.\u00a0<\/span><span style=\"font-weight: 400; color: #000000;\">Prima di entrare nel dettaglio di come perfezionare i vostri strumenti a percussione fai-da-te, prendiamo ispirazione da alcuni dei grandi nomi degli strumenti fatti in casa. Questo kit per kalimba a 10 note vi permetter\u00e0 di realizzare la vostra kalimba.<\/span><br \/>\n<h3><span style=\"color: #000000;\"><b>Sceglietelo!\u00a0<\/b><\/span><\/h3>\n<p><span style=\"font-weight: 400; color: #000000;\">La kalimba a 10 note vi piacer\u00e0 moltissimo. Pensiamo che sia una delle scelte migliori per la maggior parte dei bambini dagli 8 ai 14 anni. Ma pensiamo anche che ci siano molti adulti che acquistano una kalimba a 17 note e si sentono frustrati, perch\u00e9 \u00e8 pi\u00f9 complicata di quanto siano pronti a fare.<\/span><\/p>\n<p><span style=\"font-weight: 400;\"><span style=\"color: #000000;\">\u00c8 piacevole e gratificante iniziare con uno strumento facile, con materiali facili; provate a costruire la vostra kalimba a 10 note con questo kit.\u00a0<\/span><\/span><\/li>\n<\/ul>\n<p><a href=\"https:\/\/thekalimba.com\/wp-content\/uploads\/2019\/12\/kalimba-10-notes.jpg\"><\/a><\/p>\n<p><img decoding=\"async\" src=\"https:\/\/ae01.alicdn.com\/kf\/H6286ef89e59c465b9cb308d42ad430b2o.jpg\" alt=\"30866-description-1-l2.jpg\" \/><\/p>\n<p><img decoding=\"async\" src=\"https:\/\/ae01.alicdn.com\/kf\/H0812fc1bb55340d2b4bb7bd6cb35d89fX.jpg\" alt=\"30866-description-2-l2.jpg\" \/><\/p>\n<p><img decoding=\"async\" src=\"https:\/\/ae01.alicdn.com\/kf\/H112be14fbbee40ca9dcd748399954811j.jpg\" alt=\"30866-description-3-l2.jpg\" \/><\/p>\n<p><img decoding=\"async\" src=\"https:\/\/ae01.alicdn.com\/kf\/H8306b20864a24ce08fae4707a1258295U.jpg\" alt=\"30866-description-8-l2.jpg\" \/><\/p>\n<p><img decoding=\"async\" src=\"https:\/\/ae01.alicdn.com\/kf\/H66c2e0b9c8be4ef4a15b2d1f7cc2f083u.jpg\" alt=\"30866-description-4-l2.jpg\" \/><\/p>\n<p><img decoding=\"async\" src=\"https:\/\/ae01.alicdn.com\/kf\/Hf78040e42b754c4d9b6ea3d37bc557b2i.jpg\" alt=\"30866-description-5-l2.jpg\" \/><\/p>\n<p><img decoding=\"async\" src=\"https:\/\/ae01.alicdn.com\/kf\/H8e4e255775a5475e841fd142fe999884W.jpg\" alt=\"30866-description-6-l2.jpg\" \/><\/p>\n<p><a href=\"https:\/\/thekalimba.com\/wp-content\/uploads\/2019\/12\/kalimba-10-notes-1.jpg\"><\/a><\/p>","protected":false},"excerpt":{"rendered":"<ul>\n<li>\ud83c\udfb5 Kit fai da te Kalimba 10 note in legno di tiglio<\/li>\n<li>\ud83d\udd27 Strumenti e accessori inclusi<\/li>\n<\/ul>","protected":false},"featured_media":21030,"comment_status":"open","ping_status":"closed","template":"","meta":[],"product_brand":[],"product_cat":[88,53],"product_tag":[],"class_list":{"0":"post-270","1":"product","2":"type-product","3":"status-publish","4":"has-post-thumbnail","6":"product_cat-kalimba-10-notes-kalimba","7":"product_cat-kit-fabrication-kalimba","9":"first","10":"outofstock","11":"taxable","12":"shipping-taxable","13":"purchasable","14":"product-type-simple"},"_links":{"self":[{"href":"https:\/\/thekalimba.com\/it\/wp-json\/wp\/v2\/product\/270","targetHints":{"allow":["GET"]}}],"collection":[{"href":"https:\/\/thekalimba.com\/it\/wp-json\/wp\/v2\/product"}],"about":[{"href":"https:\/\/thekalimba.com\/it\/wp-json\/wp\/v2\/types\/product"}],"replies":[{"embeddable":true,"href":"https:\/\/thekalimba.com\/it\/wp-json\/wp\/v2\/comments?post=270"}],"wp:featuredmedia":[{"embeddable":true,"href":"https:\/\/thekalimba.com\/it\/wp-json\/wp\/v2\/media\/21030"}],"wp:attachment":[{"href":"https:\/\/thekalimba.com\/it\/wp-json\/wp\/v2\/media?parent=270"}],"wp:term":[{"taxonomy":"product_brand","embeddable":true,"href":"https:\/\/thekalimba.com\/it\/wp-json\/wp\/v2\/product_brand?post=270"},{"taxonomy":"product_cat","embeddable":true,"href":"https:\/\/thekalimba.com\/it\/wp-json\/wp\/v2\/product_cat?post=270"},{"taxonomy":"product_tag","embeddable":true,"href":"https:\/\/thekalimba.com\/it\/wp-json\/wp\/v2\/product_tag?post=270"}],"curies":[{"name":"wp","href":"https:\/\/api.w.org\/{rel}","templated":true}]}}