{"id":6357,"date":"2019-10-07T09:56:59","date_gmt":"2019-10-07T09:56:59","guid":{"rendered":"https:\/\/thekalimba.com\/?post_type=product&#038;p=6357"},"modified":"2026-03-21T09:32:36","modified_gmt":"2026-03-21T09:32:36","slug":"kit-completo-kalimba-20-note-cromatiche-in-acacia","status":"publish","type":"product","link":"https:\/\/thekalimba.com\/it\/prodotto\/kit-completo-kalimba-20-note-cromatiche-in-acacia\/","title":{"rendered":"[Kit Complet] Kalimba Chromatique Original 20 Notes en Acacia"},"content":{"rendered":"<h2><strong><span style=\"color: #000000;\">Incluso nella confezione della kalimba cromatica:<\/span><\/strong><\/h2>\n<ul>\n<li><span style=\"color: #000000;\">Una Kalimba cromatica<\/span><\/li>\n<li><span style=\"color: #000000;\">Un martello da accordatura<\/span><\/li>\n<li><span style=\"color: #000000;\">Un canzoniere in inglese<\/span><\/li>\n<li><span style=\"color: #000000;\">Un adesivo antiscivolo<\/span><\/li>\n<li><span style=\"color: #000000;\">Un panno per la pulizia<\/span><\/li>\n<li><span style=\"color: #000000;\">Una copertura protettiva<\/span><\/li>\n<\/ul>\n<div style=\"width: 1020px;\" class=\"wp-video\"><video class=\"wp-video-shortcode\" id=\"video-6357-1\" width=\"1020\" height=\"574\" preload=\"metadata\" controls=\"controls\"><source type=\"video\/mp4\" src=\"https:\/\/thekalimba.com\/wp-content\/uploads\/2019\/10\/Kalimba-20-note-Acacia-Muspor-professionnel.mp4?_=1\" \/><a href=\"https:\/\/thekalimba.com\/wp-content\/uploads\/2019\/10\/Kalimba-20-note-Acacia-Muspor-professionnel.mp4\">https:\/\/thekalimba.com\/wp-content\/uploads\/2019\/10\/Kalimba-20-note-Acacia-Muspor-professionnel.mp4<\/a><\/video><\/div>\n<p><span style=\"color: #000000;\">Questa Kalimba cromatica ha 20 tasti, che rappresentano una gamma pi\u00f9 ampia rispetto alla Kalimba tradizionale di Hugues Tracy.<\/span><\/p>\n<p><span style=\"color: #000000;\">Materiali di qualit\u00e0: realizzati a mano con lame in acciaio e corpo in acacia di alta qualit\u00e0. Se avete i pi\u00f9 alti standard di qualit\u00e0 del suono, vi invitiamo a scegliere questo prodotto.<\/span><\/p>\n<p><span style=\"color: #000000;\">Suono professionale senza bisogno di un sottofondo musicale: basta muovere il pollice per avere una musica meravigliosa che vi incanter\u00e0 per tutta la vita. <\/span><\/p>\n<p><span style=\"color: #000000;\">Questa Kalimba cromatica \u00e8 lo strumento perfetto per le performance, le registrazioni, la famiglia e il relax. La Kalimba \u00e8 uno strumento ideale per concerti, registrazioni, feste e relax in famiglia.<\/span><\/p>\n<h2><span style=\"color: #000000;\"><strong>Nella confezione :<\/strong><\/span><\/h2>\n<ul>\n<li><span style=\"color: #000000;\">Manuale d'uso: il nostro libretto di apprendimento professionale per la kalimba cromatica vi guider\u00e0 nell'uso della Kalimba.<\/span><\/li>\n<li><span style=\"color: #000000;\">Copertura protettiva: le coperture per kalimba possono proteggere efficacemente la kalimba in qualsiasi ambiente, evitando umidit\u00e0, ossidazione, graffi, cadute, impermeabilizzazione e facilit\u00e0 di trasporto.<\/span><\/li>\n<\/ul>\n<h2><span style=\"color: #000000;\"><strong>Descrizione :<\/strong><\/span><\/h2>\n<ul>\n<li><span style=\"color: #000000;\">Materiale della cassa armonica: Acacia (koa)<\/span><\/li>\n<li><span style=\"color: #000000;\">Note : Acciaio al carbonio<\/span><\/li>\n<li><span style=\"color: #000000;\">Stile: kalimba originale a 20 note<\/span><\/li>\n<li><span style=\"color: #000000;\">Dimensione: 35*115*138*185mm<\/span><\/li>\n<li><span style=\"color: #000000;\">Peso del prodotto: 700g\/24.7oz<\/span><\/li>\n<\/ul>\n<p><a href=\"https:\/\/thekalimba.com\/wp-content\/uploads\/2019\/10\/Kalimba-chromatique.png\"><img loading=\"lazy\" decoding=\"async\" class=\"wp-image-20591 aligncenter\" src=\"https:\/\/thekalimba.com\/wp-content\/uploads\/2019\/10\/Kalimba-chromatique-243x300.png\" alt=\"Kalimba cromatica\" width=\"253\" height=\"313\" \/><\/a><\/p>\n<h2><span style=\"color: #000000;\"><b>Come si suona la Kalimba cromatica?<\/b><\/span><\/h2>\n<p><span style=\"font-weight: 400; color: #000000;\">Volete una vera sfida? Volete una kalimba che vi permetta di suonare qualsiasi melodia o armonia? Allora la Chromatic Kalimba \u00e8 lo strumento che fa per voi. La Chromatic ha le \"note bianche\" sul davanti e le \"note nere\" sul retro.<\/span><\/p>\n<p><span style=\"font-weight: 400; color: #000000;\">Uno dei problemi principali della maggior parte delle kalimbe \u00e8 che sono accordate sulla scala diatonica (\"Do Re Mi Fa Sol La Si Do\") e quindi mancano le note cromatiche, ovvero i diesis e i bemolli, o le note accidentali (la nota tra \"Do\" e \"Re\", per esempio). <\/span><\/p>\n<p><span style=\"font-weight: 400; color: #000000;\">La scala diatonica semplificata contribuisce a rendere la kalimba uno strumento pi\u00f9 facile da imparare, ma rende difficile, se non impossibile, suonare pezzi complessi che prevedono cambi di tonalit\u00e0 o note al di fuori della scala diatonica.\u00a0<\/span><\/p>\n<p><span style=\"font-weight: 400; color: #000000;\">La Chromatic Kalimba assomiglia all'Alto Kalimba di Hugh Tracey nella parte anteriore... ma le note che di solito sono assenti dall'Alto Kalimba (F, Bb, Eb, Ab e Db) sono presenti nella parte posteriore. <\/span><\/p>\n<p><span style=\"font-weight: 400; color: #000000;\">\u00c8 difficile suonare le note sul retro con le dita quando non si possono vedere, ma dopo molte ore di lavoro serio con lo strumento, si avranno a portata di mano tutte le note di una scala di due ottave.<\/span><\/p>\n<p><span style=\"font-weight: 400; color: #000000;\">Con i \"piatti sul retro\" suonati dalle dita, non \u00e8 possibile vederli. Dove si trovano? I punti neri possono essere posizionati sui denti anteriori che hanno i loro bemolli immediatamente dietro. <\/span><\/p>\n<p><span style=\"font-weight: 400; color: #000000;\">I denti sul lato anteriore di G e C non hanno punti: i loro difetti sono F# e B, che si trovano sul lato anteriore. <\/span><\/p>\n<p><span style=\"font-weight: 400; color: #000000;\">Di conseguenza, il Sol e il Do hanno degli spazi dietro di loro. L'assenza di punti su questi denti ricorda che non bisogna cercare i bemolli dietro di essi, ma trovarli sulla parte anteriore della kalimba, suonati dalla mano opposta alla nota originale non bemolle.<\/span><\/p>\n<p><span style=\"font-weight: 400; color: #000000;\">Alcuni dei denti anteriori non hanno le superfici piatte sul retro, ma la maggior parte s\u00ec. Con un pennarello Sharpie, si pu\u00f2 fare un piccolo punto sui denti anteriori che hanno le lamelle immediatamente dietro di loro sul retro.<\/span><\/p>\n<p><span style=\"font-weight: 400; color: #000000;\">Si pu\u00f2 notare come i denti sulla faccia anteriore combacino senza punti e gli spazi vuoti nei denti cromatici sulla faccia posteriore. \u00c8 possibile rimuoverli con una salviettina d'alcool. <\/span><\/p>\n<p><span style=\"font-weight: 400; color: #000000;\">Quando i puntini svaniscono, \u00e8 sufficiente prendere il proprio pennarello Sharpie e rimetterli a posto. <\/span><\/p>\n<p><span style=\"font-weight: 400; color: #000000;\">Se non siete sicuri di quali denti posizionare i punti, potete usare i denti sul retro come guida o guardare il diagramma di accordatura cromatica...\u00a0<\/span><\/p>\n<p><span style=\"font-weight: 400; color: #000000;\">I denti della parte anteriore del Kalimba cromatico sono tutti paralleli, mentre quelli della parte posteriore sono separati. Perch\u00e9? <\/span><\/p>\n<p><span style=\"font-weight: 400; color: #000000;\">Le note 'piatte' sul retro sono 'appena sotto' le loro controparti non 'piatte' sul fronte, e se avete mani molto grandi, potete guardare il fronte, immaginare dove si trova il La bemolle sul retro appena dietro il La sul fronte, e inchiodare. <\/span><\/p>\n<p><span style=\"font-weight: 400; color: #000000;\">Quando abbiamo provato a farlo, abbiamo sempre fallito... cio\u00e8 fino a quando non abbiamo spostato i denti posteriori di sinistra di qualche mm a sinistra e quelli posteriori di destra di qualche mm a destra. <\/span><\/p>\n<p><span style=\"font-weight: 400; color: #000000;\">\u00c8 possibile spostare i denti dalla parte posteriore a quella esterna fino a farli combaciare perfettamente e, quando si indovina la loro posizione, la si ottiene quasi sempre.<\/span><\/p>\n<p><span style=\"font-weight: 400; color: #000000;\">Non spostiamo i denti dalla parte posteriore quando spediamo le Chromatic Kalimbas, nel caso in cui abbiate mani grandi o non le vogliate cos\u00ec. Si consiglia di giocare con la kalimba e di spostare i denti finch\u00e9 non si adattano.\u00a0<\/span><\/p>\n<p>&nbsp;<\/p>\n<p><img loading=\"lazy\" decoding=\"async\" class=\"alignnone\" src=\"https:\/\/thekalimba.com\/wp-content\/uploads\/2019\/10\/Kalimba-20-notes-Chromatique-3.jpg\" alt=\"Kalimba cromatica \" width=\"1001\" height=\"1001\" \/><\/p>\n<p><img loading=\"lazy\" decoding=\"async\" class=\"alignnone\" src=\"https:\/\/thekalimba.com\/wp-content\/uploads\/2019\/10\/Kalimba-20-notes-Chromatique-5.jpg\" alt=\"Kalimba cromatica\" width=\"1001\" height=\"1001\" \/><\/p>\n<p>&nbsp;<\/p>\n<p>&nbsp;<\/p>\n<p><a href=\"https:\/\/thekalimba.com\/wp-content\/uploads\/2019\/10\/Kalimba-Chromatique-2.jpg\"><\/a><\/p>\n<p>&nbsp;<\/p>\n<p><img loading=\"lazy\" decoding=\"async\" class=\"alignnone\" src=\"https:\/\/thekalimba.com\/wp-content\/uploads\/2019\/10\/kalimba-chromatique.jpg\" alt=\"kalimba cromatica\" width=\"1001\" height=\"1001\" \/><\/p>","protected":false},"excerpt":{"rendered":"<p>Include kit originale di kalimba cromatica a 20 note in acacia:<\/p>\n<p>1 Kalimba cromatica originale 20 note in acacia<\/p>\n<p>1 martello da accordatura<\/p>\n<p>1 canzoniere in inglese<\/p>\n<p>1 adesivo antiscivolo<\/p>\n<p>1 panno per la pulizia<\/p>\n<p>1 Scatola<\/p>","protected":false},"featured_media":21057,"comment_status":"open","ping_status":"closed","template":"","meta":[],"product_brand":[],"product_cat":[29,83,179,85],"product_tag":[],"class_list":{"0":"post-6357","1":"product","2":"type-product","3":"status-publish","4":"has-post-thumbnail","6":"product_cat-acheter-kalimba-mbira","7":"product_cat-kalimba-17-notes-kalimba","8":"product_cat-kalimba-chromatique","9":"product_cat-kalimba-haut-de-gamme-kalimba","11":"first","12":"outofstock","13":"taxable","14":"shipping-taxable","15":"purchasable","16":"product-type-simple"},"_links":{"self":[{"href":"https:\/\/thekalimba.com\/it\/wp-json\/wp\/v2\/product\/6357","targetHints":{"allow":["GET"]}}],"collection":[{"href":"https:\/\/thekalimba.com\/it\/wp-json\/wp\/v2\/product"}],"about":[{"href":"https:\/\/thekalimba.com\/it\/wp-json\/wp\/v2\/types\/product"}],"replies":[{"embeddable":true,"href":"https:\/\/thekalimba.com\/it\/wp-json\/wp\/v2\/comments?post=6357"}],"wp:featuredmedia":[{"embeddable":true,"href":"https:\/\/thekalimba.com\/it\/wp-json\/wp\/v2\/media\/21057"}],"wp:attachment":[{"href":"https:\/\/thekalimba.com\/it\/wp-json\/wp\/v2\/media?parent=6357"}],"wp:term":[{"taxonomy":"product_brand","embeddable":true,"href":"https:\/\/thekalimba.com\/it\/wp-json\/wp\/v2\/product_brand?post=6357"},{"taxonomy":"product_cat","embeddable":true,"href":"https:\/\/thekalimba.com\/it\/wp-json\/wp\/v2\/product_cat?post=6357"},{"taxonomy":"product_tag","embeddable":true,"href":"https:\/\/thekalimba.com\/it\/wp-json\/wp\/v2\/product_tag?post=6357"}],"curies":[{"name":"wp","href":"https:\/\/api.w.org\/{rel}","templated":true}]}}