{"id":64,"date":"2022-02-01T00:18:54","date_gmt":"2022-02-01T00:18:54","guid":{"rendered":"https:\/\/thekalimba.com\/?post_type=product&#038;p=64"},"modified":"2026-03-20T16:52:15","modified_gmt":"2026-03-20T16:52:15","slug":"micro-per-kalimba","status":"publish","type":"product","link":"https:\/\/thekalimba.com\/it\/prodotto\/micro-per-kalimba\/","title":{"rendered":"Microfono per kalimba"},"content":{"rendered":"<p><center><div style=\"width: 1020px;\" class=\"wp-video\"><video class=\"wp-video-shortcode\" id=\"video-64-1\" width=\"1020\" height=\"578\" preload=\"metadata\" controls=\"controls\"><source type=\"video\/mp4\" src=\"https:\/\/thekalimba.com\/wp-content\/uploads\/2022\/02\/Microphone-piezo-pour-Kalimba.mp4?_=1\" \/><a href=\"https:\/\/thekalimba.com\/wp-content\/uploads\/2022\/02\/Microphone-piezo-pour-Kalimba.mp4\">https:\/\/thekalimba.com\/wp-content\/uploads\/2022\/02\/Microphone-piezo-pour-Kalimba.mp4<\/a><\/video><\/div>\n<p>&nbsp;<\/p>\n<p><\/center>&nbsp;<\/p>\n<p>Questo microfono trasformer\u00e0 la vostra kalimba in una kalimba elettrica. Cambier\u00e0 il vostro modo di suonare, il vostro modo di pensare allo strumento e il modo in cui gli altri lo sentiranno. Si tratta di una rara opportunit\u00e0 per migliorare la gamma sonora di uno strumento molto amato.<\/p>\n<p>Il kit di microfoni elettronici per kalimba \u00e8 un accessorio ideale per gli amanti della musica che desiderano migliorare la qualit\u00e0 del suono del proprio strumento. Il kit comprende un microfono piezoelettrico di alta qualit\u00e0, un amplificatore compatto e un cavo di collegamento per l'inserimento in un sistema PA.<\/p>\n<p>Il microfono piezoelettrico cattura il suono a diretto contatto con la sorgente sonora, offrendo un'ampia risposta in frequenza e un basso livello di rumore. L'amplificatore compatto amplifica il suono dello strumento, aggiungendo una nuova dimensione alla musica suonata.<\/p>\n<p>Il kit di microfoni elettronici per kalimba \u00e8 facile da usare. \u00c8 sufficiente collegare il microfono all'amplificatore, quindi posizionare il microfono sullo strumento nel punto desiderato. \u00c8 possibile giocare con il posizionamento del microfono per trovare la posizione migliore e ottenere il suono desiderato. Una volta posizionato il microfono, \u00e8 sufficiente suonare la kalimba come di consueto e godersi il suono amplificato.<\/p>\n<p>Questo kit di microfoni elettronici per kalimba \u00e8 uno strumento ideale per i musicisti che desiderano potenziare il proprio suono e migliorare la qualit\u00e0 della propria musica. \u00c8 facile da usare e offre un eccellente rapporto qualit\u00e0-prezzo.<\/p>\n<p>Rendete elettrica la vostra kalimba con un semplice microfono. Collegatelo a qualsiasi amplificatore o sistema PA per dare alla vostra musica una profondit\u00e0 e una grinta extra.<\/p>\n<p>\u00c8 sufficiente posizionare il microfono sullo strumento nel punto desiderato e godersi il proprio strumento elettrico!<\/p>\n<p>I microfoni a contatto catturano il suono stando a diretto contatto con la sorgente sonora. Ampia risposta in frequenza, basso rumore, cattura accuratamente il suono dello strumento musicale. Migliorano il suono degli strumenti musicali. Adatto per chitarre folk e classiche, ukulele, ecc. Le diverse parti dello strumento hanno un effetto di cattura diverso. Incollato direttamente sul cruscotto, adesivo 3M.<\/p>\n<p>&nbsp;<\/p>","protected":false},"excerpt":{"rendered":"<p>Lunghezza del cavo: 0,35 m<\/p>\n<p>Diametro del cuscinetto: 30 mm<\/p>\n<p>Peso dell'articolo: 25g<\/p>","protected":false},"featured_media":65,"comment_status":"open","ping_status":"closed","template":"","meta":[],"product_brand":[],"product_cat":[86,21],"product_tag":[],"class_list":{"0":"post-64","1":"product","2":"type-product","3":"status-publish","4":"has-post-thumbnail","6":"product_cat-accessoires-sacs-kalimba","7":"product_cat-accessoires","9":"first","10":"instock","11":"taxable","12":"shipping-taxable","13":"purchasable","14":"product-type-simple"},"_links":{"self":[{"href":"https:\/\/thekalimba.com\/it\/wp-json\/wp\/v2\/product\/64","targetHints":{"allow":["GET"]}}],"collection":[{"href":"https:\/\/thekalimba.com\/it\/wp-json\/wp\/v2\/product"}],"about":[{"href":"https:\/\/thekalimba.com\/it\/wp-json\/wp\/v2\/types\/product"}],"replies":[{"embeddable":true,"href":"https:\/\/thekalimba.com\/it\/wp-json\/wp\/v2\/comments?post=64"}],"wp:featuredmedia":[{"embeddable":true,"href":"https:\/\/thekalimba.com\/it\/wp-json\/wp\/v2\/media\/65"}],"wp:attachment":[{"href":"https:\/\/thekalimba.com\/it\/wp-json\/wp\/v2\/media?parent=64"}],"wp:term":[{"taxonomy":"product_brand","embeddable":true,"href":"https:\/\/thekalimba.com\/it\/wp-json\/wp\/v2\/product_brand?post=64"},{"taxonomy":"product_cat","embeddable":true,"href":"https:\/\/thekalimba.com\/it\/wp-json\/wp\/v2\/product_cat?post=64"},{"taxonomy":"product_tag","embeddable":true,"href":"https:\/\/thekalimba.com\/it\/wp-json\/wp\/v2\/product_tag?post=64"}],"curies":[{"name":"wp","href":"https:\/\/api.w.org\/{rel}","templated":true}]}}