{"id":74,"date":"2022-02-01T00:30:43","date_gmt":"2022-02-01T00:30:43","guid":{"rendered":"https:\/\/thekalimba.com\/?post_type=product&#038;p=74"},"modified":"2026-03-17T13:29:21","modified_gmt":"2026-03-17T13:29:21","slug":"accordatore-per-kalimba-2","status":"publish","type":"product","link":"https:\/\/thekalimba.com\/it\/prodotto\/accordatore-per-kalimba-2\/","title":{"rendered":"Accordatore per kalimba"},"content":{"rendered":"<p>La kalimba \u00e8 uno strumento musicale africano facile da suonare ma difficile da accordare. La natura di questo strumento, unita alla sua accordatura, pu\u00f2 talvolta rendere impossibile ottenere un buon suono se la kalimba \u00e8 leggermente stonata. \u00c8 qui che entra in gioco l'accordatore per kalimba! Questo dispositivo pu\u00f2 essere utilizzato per accordare le kalimbe gi\u00e0 in vostro possesso in modo semplice e veloce (10 secondi o meno!).<\/p>\n<p data-source=\"Accordeur de Kalimba \">Utilizza un microfono incorporato per captare il suono della kalimba, quindi fornisce un feedback visivo e uditivo per guidare l'utente nell'accordatura di ogni nota fino alla perfetta intonazione. Inoltre, le sue dimensioni ridotte lo rendono facile da portare con s\u00e9 ovunque!<\/p>\n<p data-source=\"Accordeur de Kalimba \">L'accordatore per kalimba \u00e8 un dispositivo digitale di facile utilizzo che consente di accordare le kalimbe in modo rapido e preciso. \u00c8 dotato di un microfono incorporato, di indicatori LED e di una funzione di calibrazione che consente di ottenere un'accordatura perfetta in pochissimo tempo. L'accordatore per kalimba \u00e8 progettato per funzionare con tutti i tipi di kalimba: dalla tradizionale mbira africana ai moderni strumenti cromatici.<\/p>\n<p>Alimentazione: pila a bottone standard CR2032 (non fornita)<\/p>\n<p>Cercate un accordatore per accordare la vostra kalimba? Thekalimba vi aprir\u00e0 il mondo della musica!<\/p>","protected":false},"excerpt":{"rendered":"<p>Questo accordatore \u00e8 stato progettato specificamente per la kalimba, ma pu\u00f2 essere utilizzato anche per altri strumenti.<\/p>\n<p>Compatibile con : Pianoforte a pollice \/ Kalimba<\/p>\n<p>Alimentazione: cella a bottone<\/p>\n<p>Il prodotto \u00e8 dotato di una batteria propria<\/p>","protected":false},"featured_media":83,"comment_status":"open","ping_status":"closed","template":"","meta":[],"product_brand":[],"product_cat":[86,21],"product_tag":[],"class_list":{"0":"post-74","1":"product","2":"type-product","3":"status-publish","4":"has-post-thumbnail","6":"product_cat-accessoires-sacs-kalimba","7":"product_cat-accessoires","9":"first","10":"instock","11":"taxable","12":"shipping-taxable","13":"purchasable","14":"product-type-simple"},"_links":{"self":[{"href":"https:\/\/thekalimba.com\/it\/wp-json\/wp\/v2\/product\/74","targetHints":{"allow":["GET"]}}],"collection":[{"href":"https:\/\/thekalimba.com\/it\/wp-json\/wp\/v2\/product"}],"about":[{"href":"https:\/\/thekalimba.com\/it\/wp-json\/wp\/v2\/types\/product"}],"replies":[{"embeddable":true,"href":"https:\/\/thekalimba.com\/it\/wp-json\/wp\/v2\/comments?post=74"}],"wp:featuredmedia":[{"embeddable":true,"href":"https:\/\/thekalimba.com\/it\/wp-json\/wp\/v2\/media\/83"}],"wp:attachment":[{"href":"https:\/\/thekalimba.com\/it\/wp-json\/wp\/v2\/media?parent=74"}],"wp:term":[{"taxonomy":"product_brand","embeddable":true,"href":"https:\/\/thekalimba.com\/it\/wp-json\/wp\/v2\/product_brand?post=74"},{"taxonomy":"product_cat","embeddable":true,"href":"https:\/\/thekalimba.com\/it\/wp-json\/wp\/v2\/product_cat?post=74"},{"taxonomy":"product_tag","embeddable":true,"href":"https:\/\/thekalimba.com\/it\/wp-json\/wp\/v2\/product_tag?post=74"}],"curies":[{"name":"wp","href":"https:\/\/api.w.org\/{rel}","templated":true}]}}