{"id":85,"date":"2022-02-01T00:42:24","date_gmt":"2022-02-01T00:42:24","guid":{"rendered":"https:\/\/thekalimba.com\/?post_type=product&#038;p=85"},"modified":"2024-03-24T01:46:05","modified_gmt":"2024-03-24T01:46:05","slug":"kit-riparazione-e-produzione-kalimba","status":"publish","type":"product","link":"https:\/\/thekalimba.com\/it\/prodotto\/kit-riparazione-e-produzione-kalimba\/","title":{"rendered":"Kit di riparazione e produzione di kalimba"},"content":{"rendered":"<h1>Kit di riparazione e produzione di Kalimba a 17 tasti con parti di ricambio e utensili<\/h1>\n<h2>\ud83c\udfb5 Create o riparate la vostra Kalimba \ud83c\udfb5<\/h2>\n<p>Avete sempre voluto imparare a suonare la Kalimba? Questo kit di riparazione e costruzione contiene tutto il necessario per creare il vostro strumento o ripararlo da soli. Con questo kit, potrete godere della soddisfazione di suonare la vostra creazione.<\/p>\n<h3>Caratteristiche :<\/h3>\n<ul>\n<li>\ud83c\udfb9 <strong>Tasti di alta qualit\u00e0:<\/strong> I tasti sono realizzati in acciaio al manganese di alta qualit\u00e0 per un suono cristallino, una buona flessibilit\u00e0 e una piacevole sensazione di suonare. I ripetuti processi di galvanizzazione, rettifica e smussatura garantiscono una superficie brillante e di alta qualit\u00e0. Le chiavi hanno uno spessore di 1,0 + un trattamento antiruggine per migliorare la qualit\u00e0 del suono.<\/li>\n<li>\ud83d\udee0\ufe0f <strong>Strumenti di messa a punto :<\/strong> Il kit comprende un martello per l'accordatura e un ponte in legno di alta qualit\u00e0 per un'accordatura precisa e facile.<\/li>\n<li>\ud83d\udd0d <strong>Chiavi incise :<\/strong> Le chiavi sono incise in modo da poter trovare rapidamente la chiave corrispondente quando le si utilizza.<\/li>\n<li>\ud83d\udcd0 <strong>Specifiche:<\/strong> Le chiavi sono in acciaio, il ponte \u00e8 in legno e il martello \u00e8 in acciaio e legno. Le dimensioni del ponte sono 112x10x8mm\/4,41\u00d70,39\u00d70,31in. Il peso netto del set \u00e8 di 135 g.<\/li>\n<\/ul>\n<p>\ud83d\udcdd Nota: a causa della differenza dello schermo e dell'effetto della luce, il colore reale dell'articolo potrebbe essere leggermente diverso dal colore mostrato nelle foto. Si prega inoltre di consentire 1-3mm deviazione di misura a causa di misura manuale.<\/p>\n<h3>Ordina ora e goditi la soddisfazione di suonare la tua Kalimba personale! \ud83c\udfb6<\/h3>","protected":false},"excerpt":{"rendered":"<p>Costruite la vostra Kalimba o riparatela facilmente con il nostro kit di riparazione e fabbricazione di alta qualit\u00e0.<\/p>","protected":false},"featured_media":86,"comment_status":"open","ping_status":"closed","template":"","meta":[],"product_brand":[],"product_cat":[21,53],"product_tag":[],"class_list":{"0":"post-85","1":"product","2":"type-product","3":"status-publish","4":"has-post-thumbnail","6":"product_cat-accessoires","7":"product_cat-kit-fabrication-kalimba","9":"first","10":"instock","11":"taxable","12":"shipping-taxable","13":"purchasable","14":"product-type-simple"},"_links":{"self":[{"href":"https:\/\/thekalimba.com\/it\/wp-json\/wp\/v2\/product\/85","targetHints":{"allow":["GET"]}}],"collection":[{"href":"https:\/\/thekalimba.com\/it\/wp-json\/wp\/v2\/product"}],"about":[{"href":"https:\/\/thekalimba.com\/it\/wp-json\/wp\/v2\/types\/product"}],"replies":[{"embeddable":true,"href":"https:\/\/thekalimba.com\/it\/wp-json\/wp\/v2\/comments?post=85"}],"wp:featuredmedia":[{"embeddable":true,"href":"https:\/\/thekalimba.com\/it\/wp-json\/wp\/v2\/media\/86"}],"wp:attachment":[{"href":"https:\/\/thekalimba.com\/it\/wp-json\/wp\/v2\/media?parent=85"}],"wp:term":[{"taxonomy":"product_brand","embeddable":true,"href":"https:\/\/thekalimba.com\/it\/wp-json\/wp\/v2\/product_brand?post=85"},{"taxonomy":"product_cat","embeddable":true,"href":"https:\/\/thekalimba.com\/it\/wp-json\/wp\/v2\/product_cat?post=85"},{"taxonomy":"product_tag","embeddable":true,"href":"https:\/\/thekalimba.com\/it\/wp-json\/wp\/v2\/product_tag?post=85"}],"curies":[{"name":"wp","href":"https:\/\/api.w.org\/{rel}","templated":true}]}}