{"id":8713,"date":"2019-11-03T02:01:41","date_gmt":"2019-11-03T02:01:41","guid":{"rendered":"https:\/\/thekalimba.com\/?post_type=product&#038;p=8713"},"modified":"2026-03-20T09:23:26","modified_gmt":"2026-03-20T09:23:26","slug":"kalimba-17-note-incisione-personalizzata","status":"publish","type":"product","link":"https:\/\/thekalimba.com\/it\/prodotto\/kalimba-17-note-incisione-personalizzata\/","title":{"rendered":"Kalimba a 17 note in mogano - Incisione personalizzata"},"content":{"rendered":"<p><span style=\"color: #000000;\">Scegliete il vostro logo o testo da incidere sulla vostra kalimba 17 note in mogano e inviateci il vostro file di testo o immagine da incidere sulla vostra kalimba 17 note a questo indirizzo: admin@old.kalimba.top.<\/span><\/p>\n<h2><span style=\"color: #000000;\"><b>Il vostro Kalimba in mogano a 17 note<\/b><\/span><\/h2>\n<p><span style=\"font-weight: 400; color: #000000;\">Non si tratta di uno schizzo, di un dipinto o di una stampa su blocco di legno disegnata con una penna o un pennarello. Si tratta di conoscenza professionale e di arte pura. Potete proporre il vostro concetto o chiederci di riprodurre alcuni dei lavori che abbiamo gi\u00e0 realizzato.<\/span><\/p>\n<h2><span style=\"color: #000000;\"><b>Percussioni, kalimba a 17 note<\/b><\/span><\/h2>\n<p><span style=\"font-weight: 400; color: #000000;\">Gli strumenti a percussione sono presenti in quasi tutte le culture del mondo. Hanno associazioni cerimoniali, sacre e simboliche.<\/span><\/p>\n<p><span style=\"font-weight: 400; color: #000000;\">Il primo tipo di strumento a percussione era semplicemente un oggetto colpito per produrre un suono. I tamburi si sono evoluti da questo punto di vista e si sa che esistono dal 6.000 a.C. circa. Sono stati utilizzati da tutte le grandi civilt\u00e0 del mondo.<\/span><\/p>\n<p><span style=\"font-weight: 400; color: #000000;\">Strumenti a percussione come la kalimba a 17 note hanno forti associazioni cerimoniali, sacre o simboliche quasi ovunque. Alcuni tamburi simboleggiano e proteggono la regalit\u00e0 tribale in gran parte dell'Africa. Venivano anche utilizzati per trasmettere messaggi su lunghe distanze.<\/span><\/p>\n<p><span style=\"font-weight: 400; color: #000000;\">Hanno avuto un ruolo importante anche nell'Europa medievale e rinascimentale. Il rullante e i suoi parenti venivano utilizzati in fanteria per inviare istruzioni in codice ai soldati.<\/span><\/p>\n<p><span style=\"font-weight: 400; color: #000000;\">La batteria \u00e8 accessibile a tutti e non richiede alcuna formazione musicale. Non \u00e8 nemmeno necessario uno strumento specializzato o costoso: va bene qualsiasi cosa.<\/span><\/p>\n<p><span style=\"font-weight: 400; color: #000000;\">Questa famiglia di strumenti comprende: Ocean drum, bongos, djembes, gong, pandeiros (tamburelli), kalimbas (pianoforti da pollice) a 17 note, dholak, pancake e monkey drums, vibratone, glockenspiel, buffalo drum.<\/span><\/p>\n<p><span style=\"font-weight: 400; color: #000000;\">Ma anche: tamburi, bodhran, piatti, maracas, bastoni della pioggia, woodblock, agogo, nacchere, triangoli, campane, clave, piatti digitali, rhythm thang, shaker, manici di martello, manici di scopa e cos\u00ec via. Tutti questi strumenti possono essere utilizzati per i gruppi di percussioni.<\/span><\/p>\n<p><span style=\"font-weight: 400; color: #000000;\">Qualsiasi cosa pu\u00f2 essere utilizzata come tamburo a mano e si pu\u00f2 improvvisare praticamente con tutto.<\/span><\/p>\n<p><span style=\"font-weight: 400; color: #000000;\">Uno strumento a percussione \u00e8 uno strumento musicale appartenente a uno dei due gruppi seguenti: idiofoni e membranofoni. Gli idiofoni sono strumenti la cui sostanza vibra per produrre un suono (a differenza delle corde di una chitarra o della colonna d'aria di un flauto); ne sono un esempio le campane, i batacchiotti e i sonagli. <\/span><\/p>\n<p><span style=\"font-weight: 400; color: #000000;\">Questa kalimba a 17 note \u00e8 un idiofono.<\/span><\/p>\n<p><span style=\"font-weight: 400; color: #000000;\">I membranofoni producono il suono attraverso la vibrazione di una membrana tesa; i tamburi sono gli esempi principali. Il termine \"strumento a percussione\" si riferisce al fatto che la maggior parte degli idiofoni e dei membranofoni producono il suono tramite un colpo, anche se altri metodi di esecuzione includono lo sfregamento, lo scuotimento, il pizzicamento e il raschiamento.<\/span><\/p>\n<p><span style=\"font-weight: 400; color: #000000;\">Gli idiofoni sono un gruppo eterogeneo e disparato. Gli strumenti a concussione, costituiti da due elementi simili colpiti insieme, includono battenti, pietre a concussione, nacchere e cimbali. <\/span><\/p>\n<p><span style=\"font-weight: 400; color: #000000;\">Gli idiofoni a percussione, strumenti percossi da un perno a percussione non sonoro, costituiscono un vasto sottogruppo, che comprende triangoli e bacchette a percussione semplice, fasci a percussione come i semiconi, i dischi e le piastre a percussione, xilofoni, litofoni (pietre sonore) e metallofoni (set di barre metalliche accordate), tubi a percussione, come i tubi da timbratura, i tamburi a fessura e i carillon tubolari, e vasi a percussione.<\/span><\/p>\n<p>&nbsp;<\/p>\n<p><span style=\"font-weight: 400; color: #000000;\">Gli idiofoni agitati, o sonagli, comprendono contenitori riempiti con sonagli, cestini e materiali ad anello cavo, nonch\u00e9 campanelli a forma di pallina; sonagli filettati, come quelli per le gambe o le cavigliere dei ballerini; sonagli a bastoncino, tra cui il sistro, e cos\u00ec via.<\/span><\/p>\n<p>&nbsp;<\/p>\n<p><span style=\"font-weight: 400; color: #000000;\">Altre categorie comprendono gli idiofoni a raschietto, come i raschietti e i sonagli; gli idiofoni a spacco ricavati da canne cave, come gli idiofoni a \"diapason\" del Sud-Est asiatico e le bacchette; gli idiofoni a pizzico, come il carillon dell'arpa a mascella mbira; gli idiofoni a frizione, come le bacchette a frizione, singole o combinate, e i bicchieri musicali.<\/span><\/p>\n<h2><a href=\"https:\/\/thekalimba.com\/wp-content\/uploads\/2019\/11\/Kalimba.jpg\"><img loading=\"lazy\" decoding=\"async\" class=\"aligncenter wp-image-20542 size-medium\" src=\"https:\/\/thekalimba.com\/wp-content\/uploads\/2019\/11\/Kalimba-224x300.jpg\" alt=\"Kalimba 17 note\" width=\"224\" height=\"300\" \/><\/a><\/h2>\n<h2><span style=\"color: #000000;\"><b>Kalilmba a 17 note in mogano<\/b><\/span><\/h2>\n<p><span style=\"font-weight: 400; color: #000000;\">Questo legno \u00e8 molto popolare per la progettazione di strumenti e percussioni, come questa kalimba a 17 note, perch\u00e9 \u00e8 sia forte che flessibile. Il mogano \u00e8 uno dei tanti legni duri tropicali e appartiene alla famiglia delle Meliaceae. <\/span><\/p>\n<p><span style=\"font-weight: 400; color: #000000;\">Una di queste \u00e8 la Swietenia mahagoni, originaria dell'America tropicale. <\/span><\/p>\n<p><span style=\"font-weight: 400; color: #000000;\">\u00c8 un grande albero sempreverde il cui legno diventa marrone rossastro a maturit\u00e0. Le foglioline di ogni grande foglia sono disposte come una piuma, ma non c'\u00e8 una fogliolina terminale. I piccoli fiori bianchi sono riuniti in grappoli e il frutto \u00e8 una capsula legnosa a cinque parti contenente semi quadrati e alati. <\/span><\/p>\n<p><span style=\"font-weight: 400; color: #000000;\">La maggior parte del mogano commerciale oggi proviene da altri generi della famiglia, come il Khaya africano e l'Entandophragma. Il mogano di Lauan o filippino (specie Shorea), della famiglia delle Dipterocarpaceae, \u00e8 popolare per la produzione di mobili e rivestimenti.<\/span><\/p>\n<p><span style=\"color: #000000;\">Imparate a suonare \"Senorita\" di Shawn Mendes e Camila Cabello sulla kalimba a 17 note con la nostra <a style=\"color: #000000;\" href=\"https:\/\/thekalimba.com\/it\/\u3010easy-kalimba-tutorial\u3011senorita-by-shawn-mendes-camila-cabello\/\">tutorial<\/a> !<\/span><\/p>\n<p><img loading=\"lazy\" decoding=\"async\" class=\"alignnone\" src=\"https:\/\/thekalimba.com\/wp-content\/uploads\/2019\/11\/Kalimba-personnalis\u00e9-6-1-scaled-1.jpg\" alt=\"kalimba 17 note\" width=\"1200\" height=\"1600\" \/><\/p>\n<p>&nbsp;<\/p>\n<p><img loading=\"lazy\" decoding=\"async\" class=\"alignnone\" src=\"https:\/\/thekalimba.com\/wp-content\/uploads\/2019\/11\/Kalimba-personnalis\u00e9-3-1.jpg\" alt=\"kalimba 17 note\" width=\"1080\" height=\"1440\" \/><\/p>","protected":false},"excerpt":{"rendered":"<p>Rendete unico il vostro Kalimba! Possiamo incidere il vostro nome o logo sul vostro Kalimba a 17 note per personalizzare i vostri strumenti.<\/p>","protected":false},"featured_media":21062,"comment_status":"open","ping_status":"closed","template":"","meta":[],"product_brand":[],"product_cat":[29,83,45],"product_tag":[],"class_list":{"0":"post-8713","1":"product","2":"type-product","3":"status-publish","4":"has-post-thumbnail","6":"product_cat-acheter-kalimba-mbira","7":"product_cat-kalimba-17-notes-kalimba","8":"product_cat-kalimba-personnalise-engraved","10":"first","11":"instock","12":"featured","13":"taxable","14":"shipping-taxable","15":"purchasable","16":"product-type-simple"},"_links":{"self":[{"href":"https:\/\/thekalimba.com\/it\/wp-json\/wp\/v2\/product\/8713","targetHints":{"allow":["GET"]}}],"collection":[{"href":"https:\/\/thekalimba.com\/it\/wp-json\/wp\/v2\/product"}],"about":[{"href":"https:\/\/thekalimba.com\/it\/wp-json\/wp\/v2\/types\/product"}],"replies":[{"embeddable":true,"href":"https:\/\/thekalimba.com\/it\/wp-json\/wp\/v2\/comments?post=8713"}],"wp:featuredmedia":[{"embeddable":true,"href":"https:\/\/thekalimba.com\/it\/wp-json\/wp\/v2\/media\/21062"}],"wp:attachment":[{"href":"https:\/\/thekalimba.com\/it\/wp-json\/wp\/v2\/media?parent=8713"}],"wp:term":[{"taxonomy":"product_brand","embeddable":true,"href":"https:\/\/thekalimba.com\/it\/wp-json\/wp\/v2\/product_brand?post=8713"},{"taxonomy":"product_cat","embeddable":true,"href":"https:\/\/thekalimba.com\/it\/wp-json\/wp\/v2\/product_cat?post=8713"},{"taxonomy":"product_tag","embeddable":true,"href":"https:\/\/thekalimba.com\/it\/wp-json\/wp\/v2\/product_tag?post=8713"}],"curies":[{"name":"wp","href":"https:\/\/api.w.org\/{rel}","templated":true}]}}