{"id":8788,"date":"2019-11-03T12:10:47","date_gmt":"2019-11-03T12:10:47","guid":{"rendered":"https:\/\/thekalimba.com\/?post_type=product&#038;p=8788"},"modified":"2026-03-22T18:42:54","modified_gmt":"2026-03-22T18:42:54","slug":"kalimba-elettrica-17-note-incisione-personalizzata","status":"publish","type":"product","link":"https:\/\/thekalimba.com\/it\/prodotto\/kalimba-elettrica-17-note-incisione-personalizzata\/","title":{"rendered":"Kalimba elettrica a 17 note personalizzata - Incisione personalizzata"},"content":{"rendered":"<h2 style=\"font-size: 20.16px;\"><span style=\"color: #000000;\"><b>Kalimba incisa personalizzata!<\/b><\/span><\/h2>\n<p style=\"font-size: 14.4px;\"><span style=\"font-weight: 400; color: #000000;\">Non si tratta di stampa su blocco di legno, n\u00e9 di pittura o disegno con pennarello o penna, ma di incisione a mano su legno o pirografia. \u00c8 pura artigianalit\u00e0 e arte.<\/span><\/p>\n<p><span style=\"color: #000000;\"><span style=\"font-size: 14.4px;\">Potete richiedere un vostro progetto o chiederci di rifare alcuni dei lavori che abbiamo gi\u00e0 realizzato.<\/span><\/span><\/p>\n<p><span style=\"color: #000000;\"><strong>Scegliete il vostro logo o testo da incidere sulla vostra Kalimba e inviateci il vostro file di testo o immagine da incidere sul vostro strumento a questo indirizzo: admin@old.kalimba.top<\/strong><\/span><\/p>\n<p><span style=\"color: #000000;\">Questa Kalimba personalizzata \u00e8 dotata della stessa tecnologia piezoelettrica presente nelle moderne chitarre elettriche, in modo da poter godere appieno del vostro strumento a casa o fuori, semplicemente collegandolo al vostro amplificatore per chitarra tradizionale. Non c'\u00e8 bisogno di suonare le lamelle con forza: basta una semplice carezza per ascoltare la dolce melodia prodotta da questo magnifico strumento realizzato in legno massiccio di noce e lamelle in acciaio.<\/span><\/p>\n<ul class=\"product-property-list util-clearfix\">\n<li id=\"product-prop-100004037\" class=\"property-item\" data-attr=\"100010464\" data-title=\"Bois solide\"><span style=\"color: #000000;\"><span class=\"propery-title\" data-spm-anchor-id=\"a2g0w.10010108.0.i4.517b17c2i491gm\">Apparecchiature per la gestione del suono : <\/span><span class=\"propery-des\" title=\"Legno massiccio\">Legno massiccio<\/span><\/span><\/li>\n<li id=\"product-prop-100004096\" class=\"property-item\" data-attr=\"\" data-title=\"0.6\"><span style=\"color: #000000;\"><span class=\"propery-title\" data-spm-anchor-id=\"a2g0w.10010108.0.i3.517b17c2i491gm\">Peso (kg) :\u00a0<\/span><span class=\"propery-des\" title=\"0.6\">0.6<\/span><\/span><\/li>\n<li id=\"product-prop-1487\" class=\"property-item\" data-attr=\"100012630\" data-title=\"Noyer\"><span style=\"color: #000000;\"><span class=\"propery-title\">Attrezzatura:\u00a0<\/span><span class=\"propery-des\" title=\"Noce\">Noce<\/span><\/span><\/li>\n<li id=\"product-prop-100005807\" class=\"property-item\" data-attr=\"\" data-title=\"17\"><span style=\"color: #000000;\"><span class=\"propery-title\">Numero di lame : <\/span><span class=\"propery-des\" title=\"17\">17<\/span><\/span><\/li>\n<li id=\"product-prop-351\" class=\"property-item\" data-attr=\"100010462\" data-title=\"Piano droit\"><span style=\"color: #000000;\"><span class=\"propery-title\">Tipo : <\/span><span class=\"propery-des\" title=\"Pianoforte verticale\">Pianoforte a pollice<\/span><\/span><\/li>\n<\/ul>\n<h2><span style=\"color: #000000;\"><b>Questo sembra fantastico!<\/b><\/span><\/h2>\n<p><span style=\"font-weight: 400; color: #000000;\">Siamo particolarmente orgogliosi del design di questa Kalimba personalizzata. \u00c8 realizzata in legno ecologicamente sostenibile, con un'incisione a scelta che risuoner\u00e0 dalla buca del suono. Possiamo realizzare le incisioni che desiderate sul vostro strumento.<\/span><\/p>\n<p><span style=\"font-weight: 400; color: #000000;\">La parola \"personalizzato\" \u00e8 significativa per due motivi. In primo luogo, \u00e8 un invito a creare la magia della propria kalimba ogni volta che si prende in mano questa kalimba. In secondo luogo, si tratta di una kalimba sulla quale sarete felici di incidere qualsiasi cosa desideriate.<\/span><\/p>\n<p><span style=\"font-weight: 400; color: #000000;\">Ok, questa \u00e8 essenzialmente la stessa kalimba personalizzata che \u00e8 uscita dalla Cina negli ultimi tre o quattro anni. Ha le stesse note ed \u00e8 dipinta allo stesso modo delle altre kalimbe (quindi si possono usare le tablature anche con questa kalimba personalizzata). Si possono suonare le stesse canzoni. \u00c8 la stessa cosa... ma diversa.<\/span><\/p>\n<p><span style=\"color: #000000;\"><b>Cosa vi piacer\u00e0 di questa kalimba elettrica a 17 note personalizzata? Cosa la rende diversa?<\/b><\/span><\/p>\n<p><span style=\"font-weight: 400; color: #000000;\">Il legno \u00e8 simile a quello di una delle kalimba Treble Hugh Tracey.\u00a0<\/span><\/p>\n<p><span style=\"font-weight: 400; color: #000000;\">E come la Hugh Tracey Treble, questa Kalimba elettrica personalizzata ha note alte chiare e buone.\u00a0<\/span><\/p>\n<p><span style=\"font-weight: 400; color: #000000;\">Quando suonerete questa kalimba personalizzata, vi piacer\u00e0 vedere il disegno che avete scelto sul lato in legno. L'incisione sar\u00e0 realizzata da noi.\u00a0<\/span><\/p>\n<p><span style=\"font-weight: 400; color: #000000;\">Si potrebbe pensare che questo legno sia il pi\u00f9 economico... ma c'\u00e8 un vantaggio. In genere, le parti della faccia (o del retro) della kalimba sono ricavate da un unico pezzo di legno. <\/span><\/p>\n<p><span style=\"font-weight: 400; color: #000000;\">Anche se esteticamente gradevole, si scopre che il legno \u00e8 pi\u00f9 debole al centro della faccia. Inoltre, il legno non \u00e8 abbastanza largo da coprire l'intera larghezza della kalimba, ma vengono incollate tra le 15 e le 20 fette di legno per formare un pezzo abbastanza grande da coprire la parte anteriore o posteriore. <\/span><\/p>\n<p><span style=\"font-weight: 400; color: #000000;\">In questo modo si ottiene un effetto attraente. Ma il grande vantaggio \u00e8 che i piccoli pezzi di legno incollati insieme sono in realt\u00e0 pi\u00f9 forti e pi\u00f9 rigidi di un singolo pezzo di legno sulla faccia. Questa maggiore resistenza ha due effetti: in primo luogo, il design della faccia in legno in pi\u00f9 parti \u00e8 fisicamente pi\u00f9 forte e questa kalimba personalizzata resister\u00e0 meglio ai maltrattamenti fisici a cui noi suonatori possiamo sottoporre la nostra kalimba. <\/span><\/p>\n<p><span style=\"font-weight: 400; color: #000000;\">Pu\u00f2 capitare di lasciare accidentalmente la prima kalimba in macchina... per 10 giorni.... quando la temperatura esterna era superiore a 30, e quella interna sarebbe stata di 33, 35 o pi\u00f9. <\/span><\/p>\n<p><span style=\"font-weight: 400; color: #000000;\">Eppure la faccia della kalimba non si romper\u00e0 o altro. L'altro vantaggio di una faccia in legno pi\u00f9 rigida per la kalimba \u00e8 che gestir\u00e0 meglio le note alte. <\/span><\/p>\n<p><span style=\"font-weight: 400; color: #000000;\">Con un legno anteriore meno rigido, alcune note alte finiscono per sembrare 'tonfi', mentre questa kalimba elettrica personalizzata a 17 note tende ad avere note chiare e degne di nota all'estremit\u00e0 superiore dello spettro.<\/span><\/p>\n<p><span style=\"font-weight: 400; color: #000000;\">In ogni caso, questa kalimba incisa su misura \u00e8 un guerriero, quindi potete portarla con voi durante le escursioni e i viaggi e la apprezzerete molto.\u00a0<\/span><\/p>\n<h2><span style=\"color: #000000;\"><b>Percussioni<\/b><\/span><\/h2>\n<p><span style=\"font-weight: 400; color: #000000;\">Uno strumento a percussione \u00e8 definito come uno strumento fatto di materiale sonoro. Una vibrazione produce suoni di altezza definita o indefinita quando viene scossa o colpita. L'altezza del suono \u00e8 determinata in modi diversi. Nel caso di strumenti con altezza indefinita, \u00e8 determinata dalla tensione del materiale che viene teso. <\/span><\/p>\n<p><span style=\"font-weight: 400; color: #000000;\">Le note vengono prodotte colpendo lo strumento in determinati punti.<\/span><\/p>\n<p><span style=\"font-weight: 400; color: #000000;\">Le prime marimbe africane erano progettate per essere suonate da due persone, una per ogni lato della tavola, utilizzando mazze di gomma dura.<\/span><\/p>\n<p><span style=\"font-weight: 400; color: #000000;\">A differenza delle societ\u00e0 precedenti, la marimba e la sua riparazione erano riservate principalmente agli uomini, anche se suonare la marimba era molto importante in molti rituali femminili.<\/span><\/p>\n<p><span style=\"font-weight: 400; color: #000000;\">La marimba moderna \u00e8 stata portata in America dall'Africa attraverso il Guatemala durante la tratta degli schiavi.<\/span><\/p>\n<p><span style=\"color: #000000;\">Imparate a suonare \"Fly Me To The Moon\" di Frank Sinatra con la nostra kalimba. <a style=\"color: #000000;\" href=\"https:\/\/thekalimba.com\/it\/fly-me-to-the-moon-frank-sinatra-kalimba-tutorial-easy\/\">tutorial<\/a> !<\/span><\/p>\n<h1 class=\"entry-title\"><\/h1>","protected":false},"excerpt":{"rendered":"<p>Rendete unica la vostra Kalimba elettrica! Possiamo incidere il vostro nome o logo sulla vostra Kalimba a 17 note per personalizzare i vostri strumenti! Ordinate e poi inviate un'e-mail con la vostra immagine a admin@old.kalimba.top. Un agente vi contatter\u00e0 se necessario.<\/p>","protected":false},"featured_media":21085,"comment_status":"open","ping_status":"closed","template":"","meta":[],"product_brand":[],"product_cat":[29,45],"product_tag":[],"class_list":{"0":"post-8788","1":"product","2":"type-product","3":"status-publish","4":"has-post-thumbnail","6":"product_cat-acheter-kalimba-mbira","7":"product_cat-kalimba-personnalise-engraved","9":"first","10":"instock","11":"taxable","12":"shipping-taxable","13":"purchasable","14":"product-type-simple"},"_links":{"self":[{"href":"https:\/\/thekalimba.com\/it\/wp-json\/wp\/v2\/product\/8788","targetHints":{"allow":["GET"]}}],"collection":[{"href":"https:\/\/thekalimba.com\/it\/wp-json\/wp\/v2\/product"}],"about":[{"href":"https:\/\/thekalimba.com\/it\/wp-json\/wp\/v2\/types\/product"}],"replies":[{"embeddable":true,"href":"https:\/\/thekalimba.com\/it\/wp-json\/wp\/v2\/comments?post=8788"}],"wp:featuredmedia":[{"embeddable":true,"href":"https:\/\/thekalimba.com\/it\/wp-json\/wp\/v2\/media\/21085"}],"wp:attachment":[{"href":"https:\/\/thekalimba.com\/it\/wp-json\/wp\/v2\/media?parent=8788"}],"wp:term":[{"taxonomy":"product_brand","embeddable":true,"href":"https:\/\/thekalimba.com\/it\/wp-json\/wp\/v2\/product_brand?post=8788"},{"taxonomy":"product_cat","embeddable":true,"href":"https:\/\/thekalimba.com\/it\/wp-json\/wp\/v2\/product_cat?post=8788"},{"taxonomy":"product_tag","embeddable":true,"href":"https:\/\/thekalimba.com\/it\/wp-json\/wp\/v2\/product_tag?post=8788"}],"curies":[{"name":"wp","href":"https:\/\/api.w.org\/{rel}","templated":true}]}}