{"id":8800,"date":"2019-11-03T12:46:56","date_gmt":"2019-11-03T12:46:56","guid":{"rendered":"https:\/\/thekalimba.com\/?post_type=product&#038;p=8800"},"modified":"2026-03-20T09:21:44","modified_gmt":"2026-03-20T09:21:44","slug":"etui-de-rangement-ultra-resistente-kalimba-17-note","status":"publish","type":"product","link":"https:\/\/thekalimba.com\/it\/prodotto\/etui-de-rangement-ultra-resistente-kalimba-17-note\/","title":{"rendered":"Custodia per Kalimba 17 note per uso intensivo"},"content":{"rendered":"<p><strong><span style=\"color: #000000;\">Caratteristiche di questa custodia:<\/span><\/strong><\/p>\n<p><span style=\"color: #000000;\">100% nuovo di zecca e di alta qualit\u00e0.<\/span><\/p>\n<p><span style=\"color: #000000;\">Custodia per il trasporto appositamente progettata per i pianoforti a pollice a 10\/15\/17 tasti.<\/span><\/p>\n<p><span style=\"color: #000000;\">Materiale resistente all'acqua, con imbottitura interna in schiuma per proteggere il pianoforte da urti.<\/span><\/p>\n<p><span style=\"color: #000000;\">Include una scanalatura per l'inserimento del martello di regolazione e<\/span><span style=\"color: #000000;\">\u00a0Maniglie superiori per un comodo trasporto.<\/span><\/p>\n<p><span style=\"color: #000000;\">Piccola, robusta e facile da trasportare, con questa custodia potrete prendervi cura della vostra kalimba.<\/span><\/p>\n<p><strong><span style=\"color: #000000;\">Specifiche:<\/span><\/strong><\/p>\n<p><span style=\"color: #000000;\">Colore: nero<\/span><\/p>\n<p><span style=\"color: #000000;\">Materiale: EVA<\/span><\/p>\n<p><span style=\"color: #000000;\">Dimensioni: 21 cm\/8,27\u2033 \u00d7 14 cm\/5,51\u2033 \u00d7 9 cm\/3,54\u2033.<\/span><\/p>\n<p><span style=\"color: #000000;\">La Kalimba mostrata nell'immagine non \u00e8 inclusa.<\/span><\/p>\n<h2><span style=\"color: #000000;\"><b>Vi presentiamo la custodia ultraresistente\u00a0<\/b><\/span><\/h2>\n<p><span style=\"font-weight: 400; color: #000000;\">Scoprite la custodia ultraresistente per kalimba a 17 note. Queste custodie sono progettate per mantenere la kalimba e gli accessori puliti, organizzati e sicuri. Questa custodia protegge lo strumento dall'umidit\u00e0, dalla polvere e dagli agenti atmosferici.<\/span><\/p>\n<p><span style=\"font-weight: 400; color: #000000;\">Pu\u00f2 essere utilizzato per proteggere e trasportare la kalimba. Ultra resistente, garantisce una buona protezione del vostro strumento. Grazie a questa custodia, potrete portare con voi la vostra kalimba ovunque, in vacanza, in viaggio, ecc.<\/span><\/p>\n<p><span style=\"font-weight: 400; color: #000000;\">Le kalimba sono strumenti fragili che richiedono un elevato livello di protezione. Devono essere protette dagli urti e da temperature troppo basse o troppo alte per mantenerle intonate.<\/span><\/p>\n<p><span style=\"font-weight: 400; color: #000000;\">Questa custodia essenziale si adatta alle dimensioni della vostra Kalimba a 17 note.<\/span><\/p>\n<p><span style=\"font-weight: 400; color: #000000;\">Queste custodie sono state realizzate appositamente per le kalimbe a 17 note, sia per la Hugh Tracey Treble Kalimba che per una delle numerose marche di kalimbe a 17 note in Do, tra cui la kalimba a 17 note Heart. \u00c8 realizzata in solido materiale nero, imbottita e dotata di maniglia e cerniera. \u00c8 un modo attraente ed economico per proteggere la kalimba quando si viaggia.\u00a0<\/span><\/p>\n<h2><span style=\"color: #000000;\"><b>Custodie adatte per la conservazione<\/b><\/span><\/h2>\n<p><span style=\"font-weight: 400; color: #000000;\">Esistono molte opzioni per le borse e le custodie per kalimba. Se state cercando qualcosa di veramente speciale, date un'occhiata al nostro sito. Troverete sicuramente la custodia o la copertura giusta per la vostra kalimba.<\/span><\/p>\n<p><span style=\"color: #000000;\"><span style=\"font-weight: 400;\">Da The Kalimba abbiamo bellissime borse per kalimba fatte a mano, imbottite e trapuntate, in una variet\u00e0 di colori e dimensioni. Troverete molte di queste borse solidamente costruite molto attraenti (e sicuramente possederete abbastanza kalimba per utilizzare tutte quelle nuove).<\/span><\/span><\/p>\n<p><span style=\"font-weight: 400; color: #000000;\">Date un'occhiata a questa esclusiva custodia nera per kalimba a 17 note. Potreste trovare uno o due modelli che vi attraggono, sia dal punto di vista visivo che pratico.<\/span><\/p>\n<p style=\"text-align: center;\">\n<h2 style=\"text-align: left;\"><span style=\"color: #000000;\"><b>La kalimba<\/b><\/span><\/h2>\n<p><span style=\"font-weight: 400; color: #000000;\">Il thumb piano, o mbira (nome derivato dalla lingua shona dello Zimbabwe) \u00e8 uno strumento a percussione africano. In un lontano passato, era fatto interamente di legno o bamb\u00f9 e potrebbe essere stato utilizzato per diverse migliaia di anni. Il piano a pollice con tasti metallici \u00e8 apparso per la prima volta circa 1.300 anni fa lungo il fiume Zambesi, negli attuali Zimbabwe e Malawi. Questo strumento si \u00e8 diffuso ampiamente in tutta l'Africa e nel 2020 la musica Mbira \u00e8 stata approvata dall'UNESCO per essere inserita nella Lista rappresentativa del patrimonio culturale immateriale dell'umanit\u00e0.<\/span><\/p>\n<p><span style=\"font-weight: 400; color: #000000;\">La mbira \u00e8 costituita da una fila di strisce metalliche, utilizzate come chiavi, attaccate a un calabash di legno aperto o a un risonatore cavo. Le chiavi variano in lunghezza, la pi\u00f9 lunga \u00e8 posta al centro, e ogni lunghezza determina l'altezza della chiave. Pi\u00f9 corta \u00e8 la chiave, pi\u00f9 alto \u00e8 il suono, mentre pi\u00f9 lunga \u00e8 la chiave, pi\u00f9 basso \u00e8 il suono. Le chiavi sono realizzate con una variet\u00e0 di metalli diversi, come filo di ferro e, nelle versioni artigianali pi\u00f9 contemporanee, manici di cucchiaio, raggi di bicicletta e altri oggetti metallici riciclati.<\/span><\/p>\n<p><span style=\"font-weight: 400; color: #000000;\">Per suonare lo strumento, l'esecutore tiene il risonatore con le dita sotto e usa i pollici per pizzicare i tasti. In questo modo si ottengono suoni deliziosamente piacevoli e tranquilli. Si possono ottenere suoni armonici o ritmici pizzicando i tasti contemporaneamente o alternandoli. I toni possono sovrapporsi per dare un effetto simile a quello di un'orchestra: pieno e ricco di qualit\u00e0 e di suono.<\/span><\/p>\n<p><span style=\"font-weight: 400; color: #000000;\">La mbira veniva usata per cerimonie come matrimoni, funerali e in onore di persone importanti, oltre che per scopi religiosi, per invocare gli spiriti e chiedere il loro consiglio. <\/span><\/p>\n<p><span style=\"font-weight: 400; color: #000000;\">Quando si invocavano gli antenati spirituali, la trib\u00f9 organizzava una cerimonia religiosa che consisteva nel cantare, ballare e suonare musica fino alla comparsa degli spiriti. Il rituale si interrompeva temporaneamente in presenza dello spirito e riprendeva quando questo se ne andava. Era quindi necessario che la mbira producesse un suono in grado di \"proiettarsi nel cielo\" e di attirare gli spiriti sulla terra.<\/span><\/p>\n<p><span style=\"font-weight: 400; color: #000000;\">Nel corso di centinaia di anni, diverse popolazioni in tutto il continente hanno creato variazioni della mbira, cambiando lo stile e il nome, ma il design complessivo rimane coerente. <\/span><\/p>\n<p><span style=\"font-weight: 400; color: #000000;\">Il Museo australiano possiede una piccola collezione di pianoforti a pollice provenienti da diversi gruppi culturali, che mostrano una diversit\u00e0 di dimensioni, materiali e design. Tra questi ci sono pianoforti da pollice come il likembe e la sanza del Congo, il kadongo e l'akogo dell'Uganda e la kalimba del Kenya.<\/span><\/p>\n<p><span style=\"font-weight: 400; color: #000000;\">Nella seconda met\u00e0 del XX secolo, il thumb piano africano \u00e8 stato adottato dai musicisti contemporanei, soprattutto in Europa e nelle Americhe. Non solo ha una lunga storia, ma anche un futuro promettente.<\/span><\/p>\n<p><span style=\"color: #000000;\">Imparate a suonare \"Lovely\" di Billie Eilish ft. Khalid sulla kalimba con la nostra <a style=\"color: #000000;\" href=\"https:\/\/thekalimba.com\/it\/\u3010easy-kalimba-tutorial\u3011lovely-by-billie-eilish-ft-khalid\/\">tutorial<\/a> !<\/span><\/p>\n<p>Questa custodia protegge la kalimba da acqua, polvere e urti.<\/p>\n<p><img loading=\"lazy\" decoding=\"async\" class=\"alignnone\" src=\"https:\/\/thekalimba.com\/wp-content\/uploads\/2019\/11\/etui-kalimba-1.jpg\" alt=\"Valigetta portaoggetti\" width=\"400\" height=\"399\" \/><\/p>\n<p><img decoding=\"async\" src=\"https:\/\/thekalimba.com\/wp-content\/uploads\/2019\/11\/Housse-\u00e9tui-Kalimba-4.jpg\" \/><\/p>\n<p><img loading=\"lazy\" decoding=\"async\" class=\"alignnone\" src=\"https:\/\/thekalimba.com\/wp-content\/uploads\/2019\/11\/Housse-\u00e9tui-Kalimba-2.jpg\" alt=\"Valigetta portaoggetti\" width=\"800\" height=\"800\" \/><\/p>","protected":false},"excerpt":{"rendered":"<p>17\/15\/10 tasti Kalimba custodia pollice Pianoforte custodia EVA Sanza Kalimba borsa con una fessura per posizionare il martello regolazione<\/p>\n<p>Caratteristiche:<\/p>\n<p>Nuovo, di alta qualit\u00e0 100%.<\/p>\n<p>Custodia per il trasporto appositamente progettata per i pianoforti a pollice a 10\/15\/17 tasti.<\/p>\n<p>Materiale resistente all'acqua, con imbottitura interna in schiuma per proteggere il pianoforte da urti.<\/p>\n<p>Con una scanalatura per il martello di regolazione.<\/p>\n<p>Design con cerniera e maniglie superiori per un comodo trasporto.<\/p>\n<p>Piccolo, resistente e facile da trasportare.<\/p>\n<p>Specifiche:<\/p>\n<p>Colore: nero<\/p>\n<p>Materiale: EVA<\/p>\n<p>Dimensioni: 21 cm\/8,27\u2033 \u00d7 14 cm\/5,51\u2033 \u00d7 9 cm\/3,54\u2033.<\/p>\n<p>La Kalimba mostrata nell'immagine non \u00e8 inclusa.<\/p>","protected":false},"featured_media":21086,"comment_status":"open","ping_status":"closed","template":"","meta":[],"product_brand":[],"product_cat":[86],"product_tag":[],"class_list":{"0":"post-8800","1":"product","2":"type-product","3":"status-publish","4":"has-post-thumbnail","6":"product_cat-accessoires-sacs-kalimba","8":"first","9":"instock","10":"taxable","11":"shipping-taxable","12":"purchasable","13":"product-type-simple"},"_links":{"self":[{"href":"https:\/\/thekalimba.com\/it\/wp-json\/wp\/v2\/product\/8800","targetHints":{"allow":["GET"]}}],"collection":[{"href":"https:\/\/thekalimba.com\/it\/wp-json\/wp\/v2\/product"}],"about":[{"href":"https:\/\/thekalimba.com\/it\/wp-json\/wp\/v2\/types\/product"}],"replies":[{"embeddable":true,"href":"https:\/\/thekalimba.com\/it\/wp-json\/wp\/v2\/comments?post=8800"}],"wp:featuredmedia":[{"embeddable":true,"href":"https:\/\/thekalimba.com\/it\/wp-json\/wp\/v2\/media\/21086"}],"wp:attachment":[{"href":"https:\/\/thekalimba.com\/it\/wp-json\/wp\/v2\/media?parent=8800"}],"wp:term":[{"taxonomy":"product_brand","embeddable":true,"href":"https:\/\/thekalimba.com\/it\/wp-json\/wp\/v2\/product_brand?post=8800"},{"taxonomy":"product_cat","embeddable":true,"href":"https:\/\/thekalimba.com\/it\/wp-json\/wp\/v2\/product_cat?post=8800"},{"taxonomy":"product_tag","embeddable":true,"href":"https:\/\/thekalimba.com\/it\/wp-json\/wp\/v2\/product_tag?post=8800"}],"curies":[{"name":"wp","href":"https:\/\/api.w.org\/{rel}","templated":true}]}}