{"id":8905,"date":"2019-11-03T20:22:25","date_gmt":"2019-11-03T20:22:25","guid":{"rendered":"https:\/\/thekalimba.com\/?post_type=product&#038;p=8905"},"modified":"2026-03-20T09:19:43","modified_gmt":"2026-03-20T09:19:43","slug":"kit-diy-kalimba-10-note-da-fare","status":"publish","type":"product","link":"https:\/\/thekalimba.com\/it\/prodotto\/kit-diy-kalimba-10-note-da-fare\/","title":{"rendered":"Kit Kalimba 10 note fai da te"},"content":{"rendered":"<p><strong><span style=\"color: #000000;\">Kit Kalimba 10 note fai da te<\/span><\/strong><\/p>\n<p><span style=\"color: #000000;\">Numero di tasti: 17 tasti<\/span><\/p>\n<p><span style=\"color: #000000;\">Materiale del corpo: legno di pino<\/span><\/p>\n<p><span style=\"color: #000000;\">Materiale della tastiera: acciaio inossidabile<\/span><\/p>\n<p><span style=\"color: #000000;\">Tipo di legno: legno massiccio<\/span><\/p>\n<p><span style=\"color: #000000;\">Gruppo target : Principianti \/ professionisti\u00a0<\/span><\/p>\n<p><span style=\"color: #000000;\">Tipo : Pianoforte a pollice<\/span><\/p>\n<p><span style=\"color: #000000;\">Numero di toni: 17<\/span><\/p>\n<p><strong><span style=\"color: #000000;\">Caratteristiche del kit fai da te :<\/span><\/strong><\/p>\n<p><span style=\"color: #000000;\">- Realizzato in pino di alta qualit\u00e0.<\/span><\/p>\n<p><span style=\"color: #000000;\">- Il suono \u00e8 chiaro e pieno.<\/span><\/p>\n<p><span style=\"color: #000000;\">- I tasti sono in metallo, il che li rende ancora pi\u00f9 resistenti e produce un suono chiaro ed etereo.<\/span><\/p>\n<p><span style=\"color: #000000;\">- Note incise sui tasti, facili da imparare.<\/span><\/p>\n<p><span style=\"color: #000000;\">Suonate e sviluppate il vostro talento musicale!<\/span><\/p>\n<p><span style=\"color: #000000;\">Peso del prodotto : 301 G<\/span><\/p>\n<p><span style=\"color: #000000;\">Dimensioni del prodotto (L*W*H): 180*130*30 MM \/ 7.09*5.12*1.18 pollici<\/span><\/p>\n<p><span style=\"color: #000000;\">Peso della confezione del kit fai da te: 383,0 G<\/span><\/p>\n<p><span style=\"color: #000000;\">Dimensioni dell'imballaggio (L*W*H): 210*150*60 MM \/ 8.27*5.91*2.36 Pollici<\/span><\/p>\n<p><span style=\"color: #000000;\">La confezione del kit fai da te comprende :<\/span><\/p>\n<p><span style=\"color: #000000;\">1 Kalimba con 17 tasti<\/span><\/p>\n<p><span style=\"color: #000000;\">1 martello da accordatura<\/span><\/p>\n<p><span style=\"color: #000000;\">1 sacchetto di velluto<\/span><\/p>\n<p><span style=\"color: #000000;\">1 panno per la pulizia<\/span><\/p>\n<p><span style=\"color: #000000;\">1 Adesivi rossi e verdi<\/span><\/p>\n<p><span style=\"font-weight: 400; color: #000000;\">Realizzate la vostra Kalimba a casa per studiare, creare musica e sviluppare la vostra creativit\u00e0 con questo kit fai da te.<\/span><\/p>\n<p><span style=\"font-weight: 400; color: #000000;\">Nella vostra vita quotidiana dovete sicuramente cercare di incorporare attivit\u00e0 divertenti. Se non sapete cosa fare nelle vostre giornate, potete decidere di costruire da soli una kalimba con questo kit fai da te.<\/span><\/p>\n<p><span style=\"font-weight: 400; color: #000000;\">Con questo kit fai-da-te, avrete tutto il necessario per costruire la vostra kalimba a 10 note. \u00c8 un modo divertente per voi, la vostra famiglia o i vostri bambini di imparare a conoscere questo strumento africano unico.\u00a0<\/span><\/p>\n<p><span style=\"font-weight: 400; color: #000000;\">Con questo kit fai-da-te vi piacer\u00e0 giocare con le vostre kalimbe autoprodotte.<\/span><\/p>\n<p><span style=\"font-weight: 400; color: #000000;\">Consigliamo vivamente questo kit fai-da-te perch\u00e9 offre la possibilit\u00e0 di svolgere un'attivit\u00e0 originale imparando e divertendosi. \u00c8 anche un'attivit\u00e0 divertente che i genitori possono fare con i loro bambini. Ci auguriamo che con questo kit fai-da-te possiate realizzare delle splendide kalimba!<\/span><\/p>\n<h2><span style=\"color: #000000;\"><b>Il manuale originale di Hugh Tracey Kalimba 1968<\/b><\/span><\/h2>\n<p><span style=\"font-weight: 400; color: #000000;\">Quando Hugh Tracey realizz\u00f2 le sue nuove kalimbe nel 1954, c'erano solo poche persone al mondo in grado di suonare questo strumento africano non tradizionale.<\/span><\/p>\n<p><span style=\"font-weight: 400; color: #000000;\">Ma che dire degli abitanti dell'Africa? Non suonavano anche loro la kalimba? S\u00ec, ma suonavano strumenti con design, impostazioni e accordature diverse. La Kalimba di Hugh Tracey era un nuovo strumento della famiglia delle kalimba, ideale per la musica occidentale.<\/span><\/p>\n<p><span style=\"font-weight: 400; color: #000000;\">Il figlio maggiore di Hugh, Andrew Tracey, and\u00f2 a Oxford a studiare musica per poter scrivere un manuale per le kalimbe di Hugh Tracey.<\/span><\/p>\n<p><span style=\"font-weight: 400; color: #000000;\">Hugh Tracey, l'uomo che ha iniziato a produrre kalimba commerciali in Sudafrica negli anni '50, era solito suonare \"Jesu, Joy of Man's Desiring\" di J.S. Bach sulla Treble Kalimba per promuovere il nuovo strumento.<\/span><\/p>\n<p><span style=\"font-weight: 400; color: #000000;\">Ma c'era un enorme divario tra ci\u00f2 che i Traceys (Hugh e i suoi figli Andrew e Paul) potevano fare con lo strumento e ci\u00f2 che il resto del mondo poteva fare. La soluzione a questo problema fu la stesura, da parte di Hugh e Andrew, del manuale di istruzioni per la kalimba del 1968. <\/span><\/p>\n<p><span style=\"font-weight: 400; color: #000000;\">All'epoca, questo manuale veniva fornito gratuitamente con ogni Kalimba Hugh Tracey.\u00a0<\/span><\/p>\n<h2><a href=\"https:\/\/thekalimba.com\/wp-content\/uploads\/2019\/11\/Kalimba-2.jpg\"><img loading=\"lazy\" decoding=\"async\" class=\"aligncenter wp-image-20583 size-medium\" src=\"https:\/\/thekalimba.com\/wp-content\/uploads\/2019\/11\/Kalimba-2-300x254.jpg\" alt=\"Kit fai da te\" width=\"300\" height=\"254\" \/><\/a><\/h2>\n<h2><span style=\"color: #000000;\"><b>Storia della kalimba<\/b><\/span><\/h2>\n<p><span style=\"font-weight: 400; color: #000000;\">Man mano che la mbira si diffondeva in Africa, i vari clan o trib\u00f9 creavano ciascuno la propria versione. Nel corso del tempo, ogni gruppo ha apportato modifiche al design dello strumento, come il numero di denti sullo strumento o il tipo di tavoletta o calabash utilizzato per montare la mbira. <\/span><\/p>\n<p><span style=\"font-weight: 400; color: #000000;\">Ogni gruppo ha inoltre assegnato alle mbira accordature speciali per supportare la loro musica unica. La kalimba\/mbira \u00e8 uno strumento veramente flessibile.<\/span><\/p>\n<p><span style=\"font-weight: 400; color: #000000;\">Una delle vie principali per la proliferazione di questi strumenti si \u00e8 sviluppata quando i congolesi schiavizzati sono stati trasferiti in Africa e utilizzati come portatori (in effetti, bestie da soma umane) dai loro rapitori belgi tra la fine del 1800 e l'inizio del 1900. <\/span><\/p>\n<p><span style=\"font-weight: 400; color: #000000;\">Queste persone indossavano le loro kalimba e le hanno introdotte a molti gruppi di africani che non le avevano mai viste prima. I Boscimani del deserto del Kalahari, isolati e nomadi, hanno conosciuto la kalimba solo negli anni Cinquanta.\u00a0<\/span><\/p>\n<p><span style=\"font-weight: 400; color: #000000;\">Oltre alla grande variazione nel design e nel suono dello strumento, ogni gruppo di persone utilizzava la mbira in modo diverso nella propria vita sociale. In alcune culture africane, la mbira (e il suo moderno discendente, la kalimba) \u00e8 lo strumento personale preferito, da portare con s\u00e9 per passare il tempo. <\/span><\/p>\n<p><span style=\"font-weight: 400; color: #000000;\">In alcuni luoghi, \u00e8 uno strumento celebrativo per i matrimoni, o uno strumento da suonare per i re. \u00c8 molto usato come strumento per accompagnare la voce. <\/span><\/p>\n<p><span style=\"font-weight: 400; color: #000000;\">C'\u00e8 un detto che recita: \"La kalimba senza il canto \u00e8 come il riso senza i fagioli\". In alcune societ\u00e0, inoltre, \u00e8 uno strumento per attirare gli spiriti degli antenati, facendoli tornare per un po' di tempo in modo da poter ascoltare i loro consigli.<\/span><\/p>\n<p><span style=\"font-weight: 400; color: #000000;\">La storia e la preistoria della kalimba\/mbira sono diverse e ricche. Nel XXI secolo, possiamo scegliere di guardare al passato e imparare le canzoni tradizionali, oppure possiamo scegliere di guardare al futuro e inventare qualcosa di nuovo, come gli africani hanno sempre fatto.\u00a0<\/span><\/p>\n<p>&nbsp;<\/p>\n<p><img loading=\"lazy\" decoding=\"async\" class=\"alignnone\" src=\"https:\/\/thekalimba.com\/wp-content\/uploads\/2019\/11\/Kalimba-a-fabriquer-4.jpg\" alt=\"Kit fai da te\" width=\"795\" height=\"795\" \/><\/p>\n<p>&nbsp;<\/p>\n<p><img loading=\"lazy\" decoding=\"async\" class=\"alignnone\" src=\"https:\/\/thekalimba.com\/wp-content\/uploads\/2019\/11\/Kalimba-a-fabriquer-10.jpg\" alt=\"Kit fai da te\" width=\"995\" height=\"995\" \/><\/p>","protected":false},"excerpt":{"rendered":"<ul>\n<li>\n<p data-spm-anchor-id=\"a2g0o.detail.1000023.i10.4a666129RoJ5J5\">Caratteristiche:<\/p>\n<p>-10 Chiavi per kalimba fai da te, godetevi il piacere del lavoro manuale, potete dipingere quello che volete sui pezzi prima di assemblarli.<\/p>\n<p>Configurazione top di gamma, tono perfetto.<\/p>\n<p>-Semplice e divertente da costruire, un regalo perfetto.<\/p>\n<\/li>\n<li>Elenco dei prodotti:\n<p>-1 x corpo principale Kalimba<\/p>\n<p>-10 x tasto tono<\/p>\n<p>-2 x viti<\/p>\n<p>-1 x Ponte<\/p>\n<p>-1 x dado del ponte<\/li>\n<li>Materiale: legno di tiglio<\/li>\n<li>Colore: Legno<\/li>\n<li>\n<p data-spm-anchor-id=\"a2g0o.detail.1000023.i9.4a666129RoJ5J5\">1\u00d710 Tasti Kalimba Kit fai da te<\/p>\n<\/li>\n<\/ul>","protected":false},"featured_media":21091,"comment_status":"open","ping_status":"closed","template":"","meta":[],"product_brand":[],"product_cat":[29,84,53],"product_tag":[],"class_list":{"0":"post-8905","1":"product","2":"type-product","3":"status-publish","4":"has-post-thumbnail","6":"product_cat-acheter-kalimba-mbira","7":"product_cat-kalimba-entree-de-gamme-kalimba","8":"product_cat-kit-fabrication-kalimba","10":"first","11":"outofstock","12":"taxable","13":"shipping-taxable","14":"purchasable","15":"product-type-simple"},"_links":{"self":[{"href":"https:\/\/thekalimba.com\/it\/wp-json\/wp\/v2\/product\/8905","targetHints":{"allow":["GET"]}}],"collection":[{"href":"https:\/\/thekalimba.com\/it\/wp-json\/wp\/v2\/product"}],"about":[{"href":"https:\/\/thekalimba.com\/it\/wp-json\/wp\/v2\/types\/product"}],"replies":[{"embeddable":true,"href":"https:\/\/thekalimba.com\/it\/wp-json\/wp\/v2\/comments?post=8905"}],"wp:featuredmedia":[{"embeddable":true,"href":"https:\/\/thekalimba.com\/it\/wp-json\/wp\/v2\/media\/21091"}],"wp:attachment":[{"href":"https:\/\/thekalimba.com\/it\/wp-json\/wp\/v2\/media?parent=8905"}],"wp:term":[{"taxonomy":"product_brand","embeddable":true,"href":"https:\/\/thekalimba.com\/it\/wp-json\/wp\/v2\/product_brand?post=8905"},{"taxonomy":"product_cat","embeddable":true,"href":"https:\/\/thekalimba.com\/it\/wp-json\/wp\/v2\/product_cat?post=8905"},{"taxonomy":"product_tag","embeddable":true,"href":"https:\/\/thekalimba.com\/it\/wp-json\/wp\/v2\/product_tag?post=8905"}],"curies":[{"name":"wp","href":"https:\/\/api.w.org\/{rel}","templated":true}]}}