{"id":12531,"date":"2019-06-25T10:40:00","date_gmt":"2019-06-25T10:40:00","guid":{"rendered":"https:\/\/old.kalimba.top\/affiliate-area\/"},"modified":"2023-07-15T09:02:42","modified_gmt":"2023-07-15T09:02:42","slug":"patrocinio","status":"publish","type":"page","link":"https:\/\/thekalimba.com\/pt\/patrocinio\/","title":{"rendered":"Patroc\u00ednio GANHE \u00a35!"},"content":{"rendered":"<div class=\"message-box relative dark\" style=\"padding-top:17px;padding-bottom:17px;\"><div class=\"message-box-bg-image bg-fill fill\" ><\/div><div class=\"message-box-bg-overlay bg-fill fill\" style=\"background-color:rgb(222, 114, 0);\"><\/div><div class=\"container relative\"><div class=\"inner last-reset\">\n\n<div class=\"row align-middle align-center\"  id=\"row-847411139\">\n\n\n\t<div id=\"col-381033491\" class=\"col medium-11 small-12 large-11\"  >\n\t\t\t\t<div class=\"col-inner\"  >\n\t\t\t\n\t\t\t\n\n<h2 class=\"uppercase\" style=\"text-align: center;\"><strong>INDIQUE UM AMIGO FACILMENTE E GANHE \u00a35<\/strong><\/h2>\n<h2 style=\"text-align: center;\"><span class=\"emoji\">?<\/span><\/h2>\n<h3 class=\"uppercase\" style=\"text-align: center;\"><strong>EM CADA ENCOMENDA\u00a0<\/strong><strong>DOS VOSSOS AFILHADOS!<\/p>\n<p><\/strong><\/h3>\n<ol>\n<li style=\"text-align: left;\"><strong>Registar em<\/strong> e obter o seu <strong>URL de afilia\u00e7\u00e3o<\/strong> abaixo<\/li>\n<li style=\"text-align: left;\"><strong>Copiar e colar<\/strong>-em todo o lado que quiser nas Redes Sociais, Blogs, F\u00f3runs e muito mais!<\/li>\n<li style=\"text-align: left;\"><strong>Ganhe 5 euros por cada encomenda efectuada pelos seus referidos! Sugest\u00e3o: Ofere\u00e7a-lhes o desconto de -7\u20ac com o c\u00f3digo <span style=\"text-decoration: underline;\">KALIMBA7<\/span><\/strong><\/li>\n<\/ol>\n\n\t\t<\/div>\n\t\t\t\t\t<\/div>\n\n\t\n\n\t<div id=\"col-1063086915\" class=\"col medium-4 small-12 large-4\"  >\n\t\t\t\t<div class=\"col-inner\"  >\n\t\t\t\n\t\t\t\n\n<h4><strong>Clique aqui para ver um pequeno tutorial em v\u00eddeo:<\/strong><\/h4>\n\n\t\t<\/div>\n\t\t\t\t\t<\/div>\n\n\t\n\n\t<div id=\"col-44127557\" class=\"col medium-2 small-12 large-2\"  data-animate=\"bounceIn\">\n\t\t\t\t<div class=\"col-inner\"  >\n\t\t\t\n\t\t\t\n\n<div class=\"video-button-wrapper\" style=\"font-size:115%\"><a href=\"https:\/\/thekalimba.com\/wp-content\/uploads\/2020\/04\/Tuto-Syst\u00e8me-daffiliation-TheKalimba.mp4\" class=\"button open-video icon circle is-outline is-xlarge\"><i class=\"icon-play\" style=\"font-size:1.5em;\" ><\/i><\/a><\/div>\n\n\n\t\t<\/div>\n\t\t\t\t\n<style>\n#col-44127557 > .col-inner {\n  padding: 0px 0px 0px 0px;\n}\n<\/style>\n\t<\/div>\n\n\t\n\n<\/div>\n\n<\/div><\/div><\/div>\n<p>\u00a0<\/p>\n\t<p class=\"no-access\">A \u00e1rea de afiliados est\u00e1 dispon\u00edvel apenas para afiliados registados.<\/p>\n\n<form id=\"affwp-login-form-9850\" class=\"affwp-form affwp-login-form\" action=\"\" method=\"post\" data-trp-original-action=\"\">\n\t\n\t<fieldset>\n\t\t<legend>Entrar na sua conta<\/legend>\n\n\t\t\n\t\t<p>\n\t\t\t<label for=\"affwp-login-user-login\">Nome do Utilizador<\/label>\n\t\t\t<input id=\"affwp-login-user-login\" class=\"required\" type=\"text\" name=\"affwp_user_login\" title=\"Nome do Utilizador\" \/>\n\t\t<\/p>\n\n\t\t<p>\n\t\t\t<label for=\"affwp-login-user-pass\">Palavra-passe<\/label>\n\t\t\t<input id=\"affwp-login-user-pass\" class=\"password required\" type=\"password\" name=\"affwp_user_pass\" \/>\n\t\t<\/p>\n\n\t\t<p>\n\t\t\t<label class=\"affwp-user-remember\" for=\"affwp-user-remember\">\n\t\t\t\t<input id=\"affwp-user-remember\" type=\"checkbox\" name=\"affwp_user_remember\" value=\"1\" \/> Lembrar-me\t\t\t<\/label>\n\t\t<\/p>\n\n\n\t\t<p>\n\t\t\t<input type=\"hidden\" name=\"affwp_redirect\" value=\"https:\/\/thekalimba.com\/pt\/wp-json\/wp\/v2\/pages\/12531\"\/>\n\t\t\t<input type=\"hidden\" name=\"affwp_login_nonce\" value=\"297380b08f\" \/>\n\t\t\t<input type=\"hidden\" name=\"affwp_action\" value=\"user_login\" \/>\n\n\t\t\t<input type=\"submit\" class=\"button\" value=\"Entrar\" \/>\t\t<\/p>\n\n\t\t<p class=\"affwp-lost-password\">\n\t\t\t<a href=\"https:\/\/thekalimba.com\/pt\/a-minha-conta\/palavra-passe-perdida\/\">Perdeu uma palavra-passe?<\/a>\n\t\t<\/p>\n\n\t\t\t<\/fieldset>\n\n\t<input type=\"hidden\" name=\"trp-form-language\" value=\"pt\"\/><\/form>\n\n<p>Para participar no programa de afilia\u00e7\u00e3o, contactar contact@thekalimba.com<\/p>","protected":false},"excerpt":{"rendered":"","protected":false},"author":3,"featured_media":0,"parent":0,"menu_order":0,"comment_status":"closed","ping_status":"closed","template":"","meta":{"footnotes":""},"class_list":["post-12531","page","type-page","status-publish","hentry"],"_links":{"self":[{"href":"https:\/\/thekalimba.com\/pt\/wp-json\/wp\/v2\/pages\/12531","targetHints":{"allow":["GET"]}}],"collection":[{"href":"https:\/\/thekalimba.com\/pt\/wp-json\/wp\/v2\/pages"}],"about":[{"href":"https:\/\/thekalimba.com\/pt\/wp-json\/wp\/v2\/types\/page"}],"author":[{"embeddable":true,"href":"https:\/\/thekalimba.com\/pt\/wp-json\/wp\/v2\/users\/3"}],"replies":[{"embeddable":true,"href":"https:\/\/thekalimba.com\/pt\/wp-json\/wp\/v2\/comments?post=12531"}],"version-history":[{"count":0,"href":"https:\/\/thekalimba.com\/pt\/wp-json\/wp\/v2\/pages\/12531\/revisions"}],"wp:attachment":[{"href":"https:\/\/thekalimba.com\/pt\/wp-json\/wp\/v2\/media?parent=12531"}],"curies":[{"name":"wp","href":"https:\/\/api.w.org\/{rel}","templated":true}]}}