{"id":12532,"date":"2019-06-29T11:20:05","date_gmt":"2019-06-29T11:20:05","guid":{"rendered":"https:\/\/old.kalimba.top\/?page_id=1202"},"modified":"2023-07-15T09:02:51","modified_gmt":"2023-07-15T09:02:51","slug":"nota-maxima","status":"publish","type":"page","link":"https:\/\/thekalimba.com\/pt\/nota-maxima\/","title":{"rendered":"Informa\u00e7\u00e3o jur\u00eddica"},"content":{"rendered":"<h2>Identifica\u00e7\u00e3o<\/h2>\n<p>Nome da empresa: TheKalimba<\/p>\n<p>Endere\u00e7o: 33 Rue Prince de Galles, Rose Hill, Maur\u00edcia<\/p>\n<p>Contacto: +33757848166<\/p>\n<p>N\u00famero de registo: 1190094560<\/p>\n<h2>Alojamento<\/h2>\n<p>Hospedado por : Planethoster<\/p>\n<h2>CMS<\/h2>\n<p>Este s\u00edtio \u00e9 alimentado por WordPress<\/p>\n<h2>Utiliza\u00e7\u00e3o de cookies<\/h2>\n<p>Este s\u00edtio Web utiliza cookies do Google Analytics para nos ajudar a compilar estat\u00edsticas. Os seus dados de navega\u00e7\u00e3o s\u00e3o enviados anonimamente para a Google Inc.<\/p>\n<h2>Dados pessoais<\/h2>\n<p>Nenhuma informa\u00e7\u00e3o pessoal \u00e9 recolhida sem o seu conhecimento e n\u00e3o ser\u00e1 transmitida a terceiros. Os dados pessoais recolhidos no s\u00edtio resultam da comunica\u00e7\u00e3o volunt\u00e1ria de informa\u00e7\u00f5es atrav\u00e9s dos formul\u00e1rios de contacto. Estes dados s\u00e3o recolhidos exclusivamente para uso interno.<\/p>\n<p>Em conformidade com as disposi\u00e7\u00f5es da lei francesa n.\u00ba 78-17, de 16 de janeiro de 1978, relativa \u00e0 prote\u00e7\u00e3o dos dados pessoais, o utilizador disp\u00f5e de um direito de acesso, de retifica\u00e7\u00e3o e de supress\u00e3o dos dados que lhe dizem respeito, que pode exercer enviando uma mensagem eletr\u00f3nica para admin@thekalimba.com.<\/p>\n<h2>Direitos de autor<\/h2>\n<p>Todo o conte\u00fado deste s\u00edtio (texto, imagens, v\u00eddeos, etc.) est\u00e1 protegido por direitos de autor e n\u00e3o pode ser utilizado sem autoriza\u00e7\u00e3o pr\u00e9via da TheKalimba.<\/p>\n<h2>Liga\u00e7\u00f5es externas<\/h2>\n<p>Este s\u00edtio pode conter liga\u00e7\u00f5es a s\u00edtios externos. TheKalimba declina qualquer responsabilidade pelo conte\u00fado desses s\u00edtios de terceiros. O utilizador \u00e9 convidado a consultar as condi\u00e7\u00f5es de utiliza\u00e7\u00e3o e as pol\u00edticas de confidencialidade espec\u00edficas de cada s\u00edtio visitado atrav\u00e9s destas liga\u00e7\u00f5es externas.<\/p>\n<h2>Responsabilidade civil<\/h2>\n<p>TheKalimba n\u00e3o pode garantir a exatid\u00e3o, integridade ou relev\u00e2ncia das informa\u00e7\u00f5es contidas neste s\u00edtio. A utiliza\u00e7\u00e3o das informa\u00e7\u00f5es fornecidas fica ao crit\u00e9rio do utilizador. Em caso algum a TheKalimba ser\u00e1 respons\u00e1vel por quaisquer danos diretos ou indirectos resultantes da utiliza\u00e7\u00e3o deste s\u00edtio.<\/p>\n<h2>Altera\u00e7\u00f5es<\/h2>\n<p>TheKalimba reserva-se o direito de modificar a qualquer momento as informa\u00e7\u00f5es contidas neste s\u00edtio, incluindo os avisos legais. Os utilizadores s\u00e3o convidados a consultar regularmente esta informa\u00e7\u00e3o para se inteirarem de quaisquer actualiza\u00e7\u00f5es.<\/p>\n<h2>Exonera\u00e7\u00e3o de responsabilidade<\/h2>\n<p>A utiliza\u00e7\u00e3o deste s\u00edtio \u00e9 feita por conta e risco do utilizador. TheKalimba declina toda a responsabilidade por quaisquer danos resultantes da utiliza\u00e7\u00e3o deste s\u00edtio.<\/p>","protected":false},"excerpt":{"rendered":"","protected":false},"author":3,"featured_media":0,"parent":0,"menu_order":0,"comment_status":"closed","ping_status":"closed","template":"","meta":{"footnotes":""},"class_list":["post-12532","page","type-page","status-publish","hentry"],"_links":{"self":[{"href":"https:\/\/thekalimba.com\/pt\/wp-json\/wp\/v2\/pages\/12532","targetHints":{"allow":["GET"]}}],"collection":[{"href":"https:\/\/thekalimba.com\/pt\/wp-json\/wp\/v2\/pages"}],"about":[{"href":"https:\/\/thekalimba.com\/pt\/wp-json\/wp\/v2\/types\/page"}],"author":[{"embeddable":true,"href":"https:\/\/thekalimba.com\/pt\/wp-json\/wp\/v2\/users\/3"}],"replies":[{"embeddable":true,"href":"https:\/\/thekalimba.com\/pt\/wp-json\/wp\/v2\/comments?post=12532"}],"version-history":[{"count":0,"href":"https:\/\/thekalimba.com\/pt\/wp-json\/wp\/v2\/pages\/12532\/revisions"}],"wp:attachment":[{"href":"https:\/\/thekalimba.com\/pt\/wp-json\/wp\/v2\/media?parent=12532"}],"curies":[{"name":"wp","href":"https:\/\/api.w.org\/{rel}","templated":true}]}}