{"id":148,"date":"2022-02-01T17:24:04","date_gmt":"2022-02-01T17:24:04","guid":{"rendered":"https:\/\/thekalimba.com\/?page_id=148"},"modified":"2026-03-20T16:07:10","modified_gmt":"2026-03-20T16:07:10","slug":"tutoriais","status":"publish","type":"page","link":"https:\/\/thekalimba.com\/pt\/tutoriais\/","title":{"rendered":"Tutoriais gratuitos de Kalimba"},"content":{"rendered":"<div class=\"video video-fit mb\" style=\"padding-top:56.25%;\"><iframe loading=\"lazy\" title=\"Tuto: Como afinar facilmente a sua kalimba?\" width=\"1020\" height=\"574\" src=\"https:\/\/www.youtube.com\/embed\/JrwMGgOL3Ms?feature=oembed\" frameborder=\"0\" allow=\"accelerometer; autoplay; clipboard-write; encrypted-media; gyroscope; picture-in-picture\" allowfullscreen><\/iframe><\/div>\n\n<div>\n<h2><span style=\"font-size: 130%;\">Como afinar facilmente a sua kalimba<\/span><\/h2>\n<\/div>\n<div>\u00a0<\/div>\n<div># Como afinar a sua kalimba em apenas alguns minutos \ud83c\udfb5<\/div>\n<div>\u00a0<\/div>\n<div>Afinar a sua kalimba \u00e9 uma brincadeira de crian\u00e7as gra\u00e7as \u00e0s aplica\u00e7\u00f5es para smartphone. Descubra neste tutorial como afinar o seu instrumento na perfei\u00e7\u00e3o. \ud83d\udc4c<\/div>\n<div>\u00a0<\/div>\n<div>## Descarregar uma aplica\u00e7\u00e3o espec\u00edfica \ud83d\udcf2<\/div>\n<div>\u00a0<\/div>\n<div>H\u00e1 uma s\u00e9rie de aplica\u00e7\u00f5es de afina\u00e7\u00e3o gratuitas para Android e iPhone. As mais populares s\u00e3o *Panotuner*, *Tuner Lite* e *Cleartune*.\u00a0<\/div>\n<div>\u00a0<\/div>\n<div>Estas aplica\u00e7\u00f5es utilizam o microfone do telem\u00f3vel para **detetar as notas** tocadas na kalimba. Pr\u00e1tico! \ud83d\ude0e<\/div>\n<div>\u00a0<\/div>\n<div>## Ajustar cada l\u00e2mina passo a passo \ud83e\ude97<\/div>\n<div>\u00a0<\/div>\n<div>Para afinar a kalimba em *C maior* (standard) :<\/div>\n<div>\u00a0<\/div>\n<div>- Colocar o instrumento em frente do microfone\u00a0<\/div>\n<div>- Reproduzir as l\u00e2minas uma a uma\u00a0<\/div>\n<div>- Adicionar* cada l\u00e2mina de acordo com a rea\u00e7\u00e3o da aplica\u00e7\u00e3o :<\/div>\n<div>\u00a0 - \u2b05\ufe0f A nota \u00e9 demasiado baixa, empurrar a l\u00e2mina **para cima** empurrando **para baixo**.<\/div>\n<div>\u00a0 - \u27a1\ufe0f A nota \u00e9 demasiado alta, empurrar a l\u00e2mina para baixo** empurrando por cima**.<\/div>\n<div>- Centrar cada l\u00e2mina na nota correcta\u00a0<\/div>\n<div>\u00a0<\/div>\n<div>Seja paciente entre cada ajuste para obter um resultado harmonioso. \u23f3<\/div>\n<div>\u00a0<\/div>\n<div>## Mudar de tom \ud83c\udfbc<\/div>\n<div>\u00a0<\/div>\n<div>Pode afinar a sua kalimba num tom diferente, como *pentat\u00f3nico* ou *menor harm\u00f3nico*.\u00a0<\/div>\n<div>\u00a0<\/div>\n<div>O segredo \u00e9 sempre **respeitar os espa\u00e7os** entre cada l\u00e2mina para manter um som bonito.\u00a0<\/div>\n<div>\u00a0<\/div>\n<div>## Verificar regularmente \ud83e\ude97<\/div>\n<div>\u00a0<\/div>\n<div>A afina\u00e7\u00e3o de uma kalimba muda com o tempo. **N\u00e3o se esque\u00e7a de a verificar** e de a reajustar se necess\u00e1rio. Desta forma, obter\u00e1s sempre o melhor som poss\u00edvel! \ud83c\udfb6<\/div>\n<div>\u00a0<\/div>\n<div>Estes poucos passos tornar\u00e3o a afina\u00e7\u00e3o da sua kalimba numa brincadeira de crian\u00e7as. Diverte-te a explorar as infinitas possibilidades deste instrumento fascinante. \ud83d\ude0d<\/div>\n<div>\u00a0<\/div>\n<h2>Escolher outra afina\u00e7\u00e3o<\/h2>\n<p class=\"whitespace-pre-wrap\">Pode afinar a sua kalimba para <strong>um tom diferente<\/strong> para mudar o seu estilo de tocar. Mas \u00e9 importante respeitar o espa\u00e7amento entre cada l\u00e2mina para manter a harmonia.<\/p>\n<p class=\"whitespace-pre-wrap\">Os acordos mais comuns s\u00e3o <strong>pentat\u00f3nico<\/strong> (5 notas) e o <strong>menor harm\u00f3nica<\/strong> (A-Si-Do-R\u00e9-Mi-Fa-Sol-La). N\u00e3o hesite em experimentar alguns acordes originais!<\/p>\n<p>\u00a0<\/p>\n<h2><span style=\"font-size: 130%;\">Como tocar corretamente a kalimba\u00a0<\/span><\/h2>\n<p class=\"whitespace-pre-wrap\">A kalimba, ou \"piano de polegar\", \u00e9 um instrumento musical acess\u00edvel e f\u00e1cil de aprender. Mas para tirar o melhor partido dela, \u00e9 necess\u00e1rio adotar uma t\u00e9cnica de tocar eficaz. Siga este guia para tocar a kalimba como um profissional!<\/p>\n<h2>Posi\u00e7\u00e3o da m\u00e3o<\/h2>\n<p class=\"whitespace-pre-wrap\">Tudo come\u00e7a com um <strong>boa posi\u00e7\u00e3o<\/strong> para segurar o instrumento. A m\u00e3o esquerda segura a kalimba de lado ou por baixo. A m\u00e3o direita est\u00e1 por cima.<\/p>\n<p class=\"whitespace-pre-wrap\">Certifique-se de que as suas m\u00e3os est\u00e3o relaxadas e n\u00e3o demasiado apertadas para n\u00e3o amortecer as vibra\u00e7\u00f5es. Os polegares devem poder mover-se livremente sobre as l\u00e2minas.<\/p>\n<h2>O movimento dos polegares<\/h2>\n<p class=\"whitespace-pre-wrap\">\u00c9 com o <strong>polegadas<\/strong> que se vai beliscar as l\u00e2minas para produzir as notas. O movimento deve vir da articula\u00e7\u00e3o da primeira falange.<\/p>\n<p class=\"whitespace-pre-wrap\">Primeiro, toque na l\u00e2mina com a ponta do polegar e, em seguida, dobre-a ligeiramente para a apertar e fazer vibrar. Um movimento seco e limpo produzir\u00e1 um som \u00f3timo.<\/p>\n<p class=\"whitespace-pre-wrap\">Pratique lentamente no in\u00edcio, depois aumente gradualmente a velocidade \u00e0 medida que domina o gesto.<\/p>\n<h2>Aprender o b\u00e1sico<\/h2>\n<p class=\"whitespace-pre-wrap\">Antes de tocar melodias complexas, dedique algum tempo a aprender o b\u00e1sico. <strong>bases<\/strong> :<\/p>\n<ul class=\"list-disc pl-8 space-y-2\">\n<li class=\"whitespace-normal\">Primeiro, pratique tocar as notas uma a uma, dando \u00eanfase \u00e0s teclas.<\/li>\n<li class=\"whitespace-normal\">Em seguida, tocar escalas ascendentes e descendentes em 2 ou 3 oitavas.<\/li>\n<li class=\"whitespace-normal\">Praticar arpejos (acordes divididos em v\u00e1rias oitavas).<\/li>\n<li class=\"whitespace-normal\">Trabalhar no seu\u00a0<strong>sincroniza\u00e7\u00e3o<\/strong>\u00a0com um metr\u00f3nomo.<\/li>\n<\/ul>\n<p class=\"whitespace-pre-wrap\">Estes exerc\u00edcios ajud\u00e1-lo-\u00e3o a desenvolver a sua agilidade e fluidez no instrumento.<\/p>\n<h2>Explorar a sua criatividade<\/h2>\n<p class=\"whitespace-pre-wrap\">Depois de dominar as posi\u00e7\u00f5es e os movimentos b\u00e1sicos, pode dar asas \u00e0 sua imagina\u00e7\u00e3o. <strong>criatividade<\/strong> !<\/p>\n<p class=\"whitespace-pre-wrap\">Improvisar melodias e experimentar novos ritmos. A kalimba abre um leque infinito de possibilidades musicais.<\/p>\n<p class=\"whitespace-pre-wrap\">Divirta-se a compor as suas pr\u00f3prias pe\u00e7as e n\u00e3o hesite em partilhar as suas cria\u00e7\u00f5es. O seu estilo pessoal desenvolver-se-\u00e1 com o tempo e a pr\u00e1tica.<\/p>\n<p class=\"whitespace-pre-wrap\">Seguindo estas dicas, pode progredir rapidamente na kalimba e explorar todo o seu potencial mel\u00f3dico. Deixe que os seus polegares dancem sobre as l\u00e2minas para criar a sua pr\u00f3pria m\u00fasica encantadora!<\/p>\n<p>\u00a0<\/p>\n<h2><span style=\"font-size: 130%;\"><strong>Aprender a improvisar na kalimba \ud83c\udfb6<\/strong><\/span><\/h2>\n<p class=\"whitespace-pre-wrap\">A kalimba \u00e9 um instrumento encantador que se presta perfeitamente \u00e0 improvisa\u00e7\u00e3o. Neste artigo, vamos dar-te algumas dicas sobre como come\u00e7ar a improvisar na kalimba. \ud83d\ude0e<\/p>\n<h2>Dominar o b\u00e1sico \ud83d\udcda<\/h2>\n<p class=\"whitespace-pre-wrap\">Antes de come\u00e7ar a improvisar, certifique-se de que domina bem o seu instrumento. Praticar escalas, arpejos e acordes. Trabalhe o seu ritmo com um metr\u00f3nomo. Quanto mais confort\u00e1vel tecnicamente estiveres, mais f\u00e1cil ser\u00e1 a improvisa\u00e7\u00e3o! \ud83d\udcaa<\/p>\n<h2>Lan\u00e7amento sem uma rede \ud83d\udd77\ufe0f<\/h2>\n<p class=\"whitespace-pre-wrap\">A melhor maneira de come\u00e7ar a improvisar \u00e9 mergulhar de cabe\u00e7a! Escolha uma tonalidade simples (D\u00f3 maior, L\u00e1 menor) e deixe os seus polegares explorarem livremente as notas da sua kalimba. N\u00e3o tenhas medo de fazer notas falsas, o importante \u00e9 expressares-te. \ud83d\ude04<\/p>\n<h2>Melhorar numa estrutura fixa \ud83c\udfbc<\/h2>\n<p class=\"whitespace-pre-wrap\">Como guia, pode improvisar sobre uma estrutura de acordes simples. Por exemplo, um blues em D\u00f3 maior com 3 acordes (C7 - F7 - G7). Improvisar sobre um padr\u00e3o familiar ajud\u00e1-lo-\u00e1 a desenvolver as suas ideias.<\/p>\n<h2>Tocar ao ritmo \ud83e\udd41<\/h2>\n<p class=\"whitespace-pre-wrap\">O ritmo dar\u00e1 vitalidade \u00e0 sua improvisa\u00e7\u00e3o. Pode improvisar com um padr\u00e3o r\u00edtmico repetitivo ou acompanhar-se com uma batida de percuss\u00e3o. Deixa que os teus polegares dancem sobre as l\u00e2minas! \ud83d\udc83<\/p>\n<h2>Atreve-te a explorar \ud83c\udfa2<\/h2>\n<p class=\"whitespace-pre-wrap\">N\u00e3o tenha medo de experimentar novos sons, de pensar fora da caixa. Mudem as escalas, experimentem a atonalidade, variem os efeitos... O importante \u00e9 estimular a vossa criatividade para encontrarem o vosso estilo. \ud83c\udfa8<\/p>\n<p class=\"whitespace-pre-wrap\">Diverte-te a improvisar na kalimba e n\u00e3o te esque\u00e7as: improvisar \u00e9 liberdade! \ud83d\ude1c<\/p>\n<h2><strong><span style=\"font-size: 130%;\">Como limpar a kalimba \ud83e\uddf9<\/span><\/strong><\/h2>\n<p class=\"whitespace-pre-wrap\">A kalimba \u00e9 um instrumento fr\u00e1gil que precisa de ser limpo regularmente para preservar o seu belo som. Descubra neste artigo algumas dicas sobre como cuidar da sua kalimba. \ud83d\ude0a<\/p>\n<h2>As ferramentas certas \ud83d\udee0\ufe0f<\/h2>\n<p class=\"whitespace-pre-wrap\">Para limpar a kalimba, \u00e9 necess\u00e1rio :<\/p>\n<ul class=\"list-disc pl-8 space-y-2\">\n<li class=\"whitespace-normal\"><em>Um pano macio<\/em>\u00a0(algod\u00e3o ou microfibra) para limpar o corpo<\/li>\n<li class=\"whitespace-normal\"><em>Uma escova com cerdas macias<\/em>\u00a0para remover o p\u00f3 entre as l\u00e2minas<\/li>\n<li class=\"whitespace-normal\"><em>Produto para cordas de guitarra<\/em>\u00a0(tipo F-One Oil) para lubrificar as l\u00e2minas<\/li>\n<\/ul>\n<p class=\"whitespace-pre-wrap\">Evitar materiais abrasivos que possam riscar a madeira ou o a\u00e7o.<\/p>\n<h2>Limpar as l\u00e2minas \ud83c\udfb9<\/h2>\n<p class=\"whitespace-pre-wrap\">As l\u00e2minas de a\u00e7o s\u00e3o muito sens\u00edveis \u00e0 humidade e \u00e0s impress\u00f5es digitais.<\/p>\n<ul class=\"list-disc pl-8 space-y-2\">\n<li class=\"whitespace-normal\">Utilizar um\u00a0<em>escova macia<\/em>\u00a0para soltar o p\u00f3 entre cada l\u00e2mina.<\/li>\n<li class=\"whitespace-normal\"><em>Pulverizar um pouco de produto de limpeza de fios<\/em>\u00a0e espalhe-o sobre as l\u00e2minas com um pano.<\/li>\n<li class=\"whitespace-normal\"><em>Limpar suavemente<\/em>\u00a0com um pano limpo para dar brilho \u00e0s l\u00e2minas.<\/li>\n<\/ul>\n<p class=\"whitespace-pre-wrap\">Isto ir\u00e1 lubrificar as l\u00e2minas e melhorar o som. \ud83d\udc4d<\/p>\n<h2>Polir o corpo de madeira \ud83e\udeb5<\/h2>\n<ul class=\"list-disc pl-8 space-y-2\">\n<li class=\"whitespace-normal\"><em>Remover suavemente o p\u00f3<\/em>\u00a0no corpo com um pano macio.<\/li>\n<li class=\"whitespace-normal\">Se as manchas ficarem incrustadas, utilizar um produto muito espec\u00edfico\u00a0<em>cotonete humedecido com um produto de limpeza suave<\/em>.<\/li>\n<li class=\"whitespace-normal\"><em>Em seguida, polir a madeira<\/em>\u00a0com um pano embebido em \u00f3leo de linha\u00e7a para nutrir e proteger a madeira.<\/li>\n<\/ul>\n<p class=\"whitespace-pre-wrap\">Certifique-se de que a madeira n\u00e3o fica h\u00famida para n\u00e3o a danificar.<\/p>\n<h2>Guardar com cuidado \ud83d\udce6<\/h2>\n<p class=\"whitespace-pre-wrap\">Quando n\u00e3o estiver a usar a kalimba :<\/p>\n<ul class=\"list-disc pl-8 space-y-2\">\n<li class=\"whitespace-normal\"><em>Coloc\u00e1-lo num estojo<\/em>\u00a0ou numa caixa para o proteger do p\u00f3.<\/li>\n<li class=\"whitespace-normal\"><em>Conservar num local seco<\/em>protegidos da humidade.<\/li>\n<\/ul>\n<p class=\"whitespace-pre-wrap\">Uma kalimba bem conservada proporcionar-lhe-\u00e1 prazer e conforto durante muitos anos! \ud83e\udd70<\/p>\n<p class=\"whitespace-pre-wrap\">Dedique algum tempo a mimar o seu instrumento para preservar o seu belo som durante o maior tempo poss\u00edvel. \ud83c\udfb6<\/p>\n\t<section class=\"section\" id=\"section_1766711205\">\n\t\t<div class=\"bg section-bg fill bg-fill  bg-loaded\" >\n\n\t\t\t\n\t\t\t\n\t\t\t\n\n\t\t<\/div>\n\n\t\t\n\n\t\t<div class=\"section-content relative\">\n\t\t\t\n\n<div class=\"row row-small align-equal\"  id=\"row-1336368897\">\n\n\n\t<div id=\"col-535106298\" class=\"col small-12 large-12\"  >\n\t\t\t\t<div class=\"col-inner\"  >\n\t\t\t\n\t\t\t\n\n<div class=\"container section-title-container\" ><h3 class=\"section-title section-title-center\"><b><\/b><span class=\"section-title-main\" >Porqu\u00ea escolher-nos?<\/span><b><\/b><\/h3><\/div>\n\n\n\t\t<\/div>\n\t\t\t\t\t<\/div>\n\n\t\n\n\t<div id=\"col-1402368070\" class=\"col medium-4 small-12 large-4\"  >\n\t\t\t\t<div class=\"col-inner\"  >\n\t\t\t\n\t\t\t\n\n\n\t\t<div class=\"icon-box featured-box icon-box-center text-center\"  >\n\t\t\t\t\t<div class=\"icon-box-img\" style=\"width: 60px\">\n\t\t\t\t<div class=\"icon\">\n\t\t\t\t\t<div class=\"icon-inner\" >\n\t\t\t\t\t\t<img loading=\"lazy\" decoding=\"async\" width=\"240\" height=\"240\" src=\"https:\/\/thekalimba.com\/wp-content\/uploads\/2022\/02\/truck-line.png\" class=\"attachment-medium size-medium\" alt=\"linha de cami\u00f5es\" srcset=\"https:\/\/thekalimba.com\/wp-content\/uploads\/2022\/02\/truck-line.png 240w, https:\/\/thekalimba.com\/wp-content\/uploads\/2022\/02\/truck-line-100x100.png 100w, https:\/\/thekalimba.com\/wp-content\/uploads\/2022\/02\/truck-line-150x150.png 150w\" sizes=\"auto, (max-width: 240px) 100vw, 240px\" \/>\t\t\t\t\t<\/div>\n\t\t\t\t<\/div>\n\t\t\t<\/div>\n\t\t\t\t<div class=\"icon-box-text last-reset\">\n\t\t\t\t\t\t\t\t\t\n\n<h4>Entrega garantida<\/h4>\n<p>Garantimos a entrega<\/p>\n\n\t\t<\/div>\n\t<\/div>\n\t\n\t\n\n\t\t<\/div>\n\t\t\t\t\t<\/div>\n\n\t\n\n\t<div id=\"col-880353896\" class=\"col medium-4 small-12 large-4\"  >\n\t\t\t\t<div class=\"col-inner\"  >\n\t\t\t\n\t\t\t\n\n\n\t\t<div class=\"icon-box featured-box icon-box-center text-center\"  >\n\t\t\t\t\t<div class=\"icon-box-img\" style=\"width: 60px\">\n\t\t\t\t<div class=\"icon\">\n\t\t\t\t\t<div class=\"icon-inner\" >\n\t\t\t\t\t\t<img loading=\"lazy\" decoding=\"async\" width=\"120\" height=\"120\" src=\"https:\/\/thekalimba.com\/wp-content\/uploads\/2022\/02\/user-heart-line.png\" class=\"attachment-medium size-medium\" alt=\"linha do cora\u00e7\u00e3o do utilizador\" srcset=\"https:\/\/thekalimba.com\/wp-content\/uploads\/2022\/02\/user-heart-line.png 120w, https:\/\/thekalimba.com\/wp-content\/uploads\/2022\/02\/user-heart-line-100x100.png 100w\" sizes=\"auto, (max-width: 120px) 100vw, 120px\" \/>\t\t\t\t\t<\/div>\n\t\t\t\t<\/div>\n\t\t\t<\/div>\n\t\t\t\t<div class=\"icon-box-text last-reset\">\n\t\t\t\t\t\t\t\t\t\n\n<h4>Servi\u00e7o ao cliente<\/h4>\n<p>Pessoal do servi\u00e7o p\u00f3s-venda ao seu servi\u00e7o<\/p>\n\n\t\t<\/div>\n\t<\/div>\n\t\n\t\n\n\t\t<\/div>\n\t\t\t\t\t<\/div>\n\n\t\n\n\t<div id=\"col-298594633\" class=\"col medium-4 small-12 large-4\"  >\n\t\t\t\t<div class=\"col-inner\"  >\n\t\t\t\n\t\t\t\n\n\n\t\t<div class=\"icon-box featured-box icon-box-center text-center\"  >\n\t\t\t\t\t<div class=\"icon-box-img\" style=\"width: 60px\">\n\t\t\t\t<div class=\"icon\">\n\t\t\t\t\t<div class=\"icon-inner\" >\n\t\t\t\t\t\t<img loading=\"lazy\" decoding=\"async\" width=\"120\" height=\"120\" src=\"https:\/\/thekalimba.com\/wp-content\/uploads\/2022\/02\/arrow-go-back-line.png\" class=\"attachment-medium size-medium\" alt=\"seta para tr\u00e1s\" srcset=\"https:\/\/thekalimba.com\/wp-content\/uploads\/2022\/02\/arrow-go-back-line.png 120w, https:\/\/thekalimba.com\/wp-content\/uploads\/2022\/02\/arrow-go-back-line-100x100.png 100w\" sizes=\"auto, (max-width: 120px) 100vw, 120px\" \/>\t\t\t\t\t<\/div>\n\t\t\t\t<\/div>\n\t\t\t<\/div>\n\t\t\t\t<div class=\"icon-box-text last-reset\">\n\t\t\t\t\t\t\t\t\t\n\n<h4>Garantia de satisfa\u00e7\u00e3o<\/h4>\n<p>Fazemos tudo para o satisfazer<\/p>\n\n\t\t<\/div>\n\t<\/div>\n\t\n\t\n\n\t\t<\/div>\n\t\t\t\t\t<\/div>\n\n\t\n\n<\/div>\n\n\t\t<\/div>\n\n\t\t\n<style>\n#section_1766711205 {\n  padding-top: 60px;\n  padding-bottom: 60px;\n  background-color: rgb(255, 255, 255);\n}\n<\/style>\n\t<\/section>","protected":false},"excerpt":{"rendered":"","protected":false},"author":1,"featured_media":0,"parent":0,"menu_order":0,"comment_status":"closed","ping_status":"closed","template":"","meta":{"footnotes":""},"class_list":["post-148","page","type-page","status-publish","hentry"],"_links":{"self":[{"href":"https:\/\/thekalimba.com\/pt\/wp-json\/wp\/v2\/pages\/148","targetHints":{"allow":["GET"]}}],"collection":[{"href":"https:\/\/thekalimba.com\/pt\/wp-json\/wp\/v2\/pages"}],"about":[{"href":"https:\/\/thekalimba.com\/pt\/wp-json\/wp\/v2\/types\/page"}],"author":[{"embeddable":true,"href":"https:\/\/thekalimba.com\/pt\/wp-json\/wp\/v2\/users\/1"}],"replies":[{"embeddable":true,"href":"https:\/\/thekalimba.com\/pt\/wp-json\/wp\/v2\/comments?post=148"}],"version-history":[{"count":2,"href":"https:\/\/thekalimba.com\/pt\/wp-json\/wp\/v2\/pages\/148\/revisions"}],"predecessor-version":[{"id":25439,"href":"https:\/\/thekalimba.com\/pt\/wp-json\/wp\/v2\/pages\/148\/revisions\/25439"}],"wp:attachment":[{"href":"https:\/\/thekalimba.com\/pt\/wp-json\/wp\/v2\/media?parent=148"}],"curies":[{"name":"wp","href":"https:\/\/api.w.org\/{rel}","templated":true}]}}