{"id":13955,"date":"2020-04-29T12:50:25","date_gmt":"2020-04-29T12:50:25","guid":{"rendered":"https:\/\/thekalimba.com\/?post_type=product&#038;p=13955"},"modified":"2026-03-20T09:24:30","modified_gmt":"2026-03-20T09:24:30","slug":"microfone-para-kalimba-2","status":"publish","type":"product","link":"https:\/\/thekalimba.com\/pt\/produto\/microfone-para-kalimba-2\/","title":{"rendered":"Microfone para Kalimba"},"content":{"rendered":"<p><span style=\"color: #000000;\">Tamanho: 370mm x 40mm x 18mm<\/span><\/p>\n<p><span style=\"color: #000000;\">Comprimento do cabo: 87 mm<\/span><\/p>\n<p><span style=\"color: #000000;\">Pode utilizar este microfone piezoel\u00e9trico na sua Kalimba cl\u00e1ssica ligando-o a qualquer amplificador. Pode lig\u00e1-lo ao seu computador ou placa de som para gravar as suas faixas favoritas e compor a sua pr\u00f3pria m\u00fasica.<\/span><\/p>\n<p><span style=\"color: #000000;\">Com este microfone, tamb\u00e9m pode ligar o seu instrumento a um pedal de efeitos de guitarra ou a outro equipamento musical, como um pedal de loop, para que possa compor a sua pr\u00f3pria m\u00fasica \u00fanica e tocar como uma orquestra.<\/span><\/p>\n<p><span style=\"color: #000000;\">Este microfone \u00e9 ideal para principiantes ou especialistas que pretendam uma excelente qualidade de som e pode ser utilizado com diferentes tipos de instrumentos, como a Kalimba, a guitarra ou o ukulele.<\/span><\/p>\n<p><span style=\"color: #000000;\">Pode colocar o microfone diretamente sobre o instrumento.\u00a0<\/span><\/p>\n<p><span style=\"color: #000000;\">O microfone pode ser retirado em qualquer altura e reposicionado.<\/span><\/p>\n<p><img decoding=\"async\" style=\"color: #333333; font-size: 14.4px;\" src=\"https:\/\/ae01.alicdn.com\/kf\/HTB1xjvAPpXXXXXGXpXXq6xXFXXXC\/206067900\/HTB1xjvAPpXXXXXGXpXXq6xXFXXXC.jpg?size=206882&amp;height=1000&amp;width=1000&amp;hash=532cbf04402c80d9e21bc3d1ea85392f\" alt=\"91364-31\" \/><\/p>\n<h2><span style=\"color: #000000;\"><b>Microfone para Kalimba<\/b><\/span><\/h2>\n<p><span style=\"font-weight: 400; color: #000000;\">Existe um microfone de instrumento adequado para gravar o som da Kalimba?<\/span><\/p>\n<p><span style=\"font-weight: 400; color: #000000;\">Podes comprar duas kalimbas hugh tracey (piano de polegar\/Kalimba\/mbira). E podes usar uma das kalimbas para tocar o acompanhamento.<\/span><\/p>\n<p><span style=\"font-weight: 400; color: #000000;\">Existe um microfone de instrumento adequado para gravar o som da Kalimba?\u00a0<\/span><\/p>\n<p><span style=\"font-weight: 400; color: #000000;\">De facto, algumas pessoas t\u00eam um yeti pro azul que pode gravar som est\u00e9reo, mas faz um ru\u00eddo de terra comum quando grava som est\u00e9reo. Por isso, n\u00e3o o podem utilizar para gravar som est\u00e9reo.\u00a0<\/span><\/p>\n<p><span style=\"font-weight: 400; color: #000000;\">Alguns dos nossos clientes trabalham como m\u00fasicos de est\u00fadio. S\u00e3o percussionistas, e uma das coisas especiais que trazem para a mesa \u00e9 a kalimba, particularmente as kalimbas de grande sucesso de Hugh Tracey. N\u00e3o h\u00e1 nada como elas no mercado.\u00a0<\/span><\/p>\n<p><span style=\"font-weight: 400; color: #000000;\">Quando lhes \u00e9 apresentada a kalimba, as pessoas tendem a reagir de duas formas muito diferentes. Ou as v\u00eaem como brinquedos, ou t\u00eam uma aprecia\u00e7\u00e3o muito profunda da kalimba. De acordo com algumas experi\u00eancias, estes pequenos instrumentos fant\u00e1sticos t\u00eam uma textura e uma est\u00e9tica \u00fanicas.<\/span><\/p>\n<p><span style=\"font-weight: 400; color: #000000;\">As kalimbas podem ser utilizadas numa variedade de estilos de m\u00fasica contempor\u00e2nea, principalmente em est\u00fadio, mas tamb\u00e9m em palco. \u00c9 importante recordar a origem da kalimba. As kalimbas t\u00eam sido tocadas em toda a \u00c1frica, especialmente na cultura Shona da \u00c1frica Austral, onde a kalimba \u00e9 tocada h\u00e1 s\u00e9culos.<\/span><\/p>\n<p>Este microfone piezoel\u00e9trico para kalimba \u00e9 uma ferramenta ideal para quem quer gravar ou amplificar o som do seu instrumento. O seu tamanho compacto (370 mm x 40 mm x 18 mm) e o comprimento do cabo de 87 mm facilitam a sua utiliza\u00e7\u00e3o com um amplificador ou computador para gravar as suas m\u00fasicas favoritas. Tamb\u00e9m pode ser utilizado com um pedal de efeitos de guitarra ou outro equipamento musical, como um pedal de loop, para criar as suas pr\u00f3prias faixas exclusivas.<\/p>\n<p>Este microfone pode ser colocado diretamente no instrumento e retirado em qualquer altura para ser reposicionado. \u00c9 adequado tanto para principiantes como para especialistas e pode ser utilizado com uma variedade de instrumentos, incluindo kalimba, guitarra e ukulele.<\/p>\n<p>Em resposta \u00e0 sua pergunta, sim, existem microfones adequados para gravar o som da kalimba. Pode usar um microfone piezoel\u00e9trico como o que oferecemos, ou usar um microfone de condensador como o Blue Yeti Pro para gravar o som est\u00e9reo. Tamb\u00e9m \u00e9 poss\u00edvel utilizar duas kalimbas em simult\u00e2neo, utilizando uma para fazer o acompanhamento.<\/p>\n<ul>\n<li><strong>O que \u00e9 que se passa?<\/strong> O microfone para kalimba \u00e9 uma ferramenta para amplificar ou gravar o som deste instrumento. Pode ser ligado a um amplificador ou a um computador para gravar as suas m\u00fasicas preferidas.<\/li>\n<li><strong>Como \u00e9 que funciona?<\/strong> O microfone piezoel\u00e9trico \u00e9 colocado diretamente no instrumento e pode ser ligado a um amplificador ou computador para gravar o som da kalimba.<\/li>\n<li><strong>Quais s\u00e3o as vantagens deste produto?<\/strong> O microfone para kalimba \u00e9 compacto e f\u00e1cil de usar, e pode ser utilizado com uma variedade de instrumentos. Pode ser utilizado para amplificar ou gravar o som da kalimba de uma forma profissional.<\/li>\n<li><strong>\u00c9 f\u00e1cil de utilizar?<\/strong> Sim, o microfone \u00e9 f\u00e1cil de utilizar. Basta coloc\u00e1-lo no instrumento e lig\u00e1-lo a um amplificador ou computador para gravar ou amplificar o som.<\/li>\n<li><strong>Est\u00e1 dispon\u00edvel?<\/strong> Sim, o microfone para kalimba est\u00e1 dispon\u00edvel no nosso s\u00edtio Web.<\/li>\n<li><strong>\u00c9 compat\u00edvel com outros produtos\/servi\u00e7os?<\/strong> Sim, o microfone pode ser utilizado com um pedal de efeitos de guitarra ou outro equipamento musical.<\/li>\n<li><strong>Que garantia \u00e9 oferecida?<\/strong> O microfone para kalimba est\u00e1 coberto por uma garantia de 2 anos.<\/li>\n<li><strong>Qual \u00e9 o prazo de entrega?<\/strong> O prazo de entrega \u00e9 de X dias \u00fateis.<\/li>\n<li><strong>Existem op\u00e7\u00f5es de personaliza\u00e7\u00e3o?<\/strong> N\u00e3o, n\u00e3o existem op\u00e7\u00f5es de personaliza\u00e7\u00e3o para o microfone da kalimba.<\/li>\n<li><strong>\u00c9 compat\u00edvel com as minhas necessidades?<\/strong> Se precisar de um microfone para amplificar ou gravar o som da sua kalimba, o microfone para kalimba pode ser a solu\u00e7\u00e3o ideal.<\/li>\n<li><strong>Qual \u00e9 a pol\u00edtica de devolu\u00e7\u00f5es?<\/strong> Se n\u00e3o ficar satisfeito com o microfone kalimba, pode devolv\u00ea-lo no prazo de 14 dias a contar da data de rece\u00e7\u00e3o para obter um reembolso ou uma troca.<\/li>\n<li><strong>Qual \u00e9 a qualidade do produto\/servi\u00e7o?<\/strong> O microfone para kalimba \u00e9 de qualidade profissional e foi concebido para proporcionar um som n\u00edtido e potente.<\/li>\n<li><strong>O que \u00e9 que os clientes pensam?<\/strong> Os nossos clientes est\u00e3o satisfeitos com o microfone para kalimba e apreciam a sua facilidade de utiliza\u00e7\u00e3o e qualidade de som.<\/li>\n<\/ul>\n<p><img loading=\"lazy\" decoding=\"async\" class=\"alignnone\" style=\"color: #333333; font-size: 14.4px;\" src=\"https:\/\/ae01.alicdn.com\/kf\/HTB1JBe1PpXXXXc9aXXXq6xXFXXXx\/206067900\/HTB1JBe1PpXXXXc9aXXXq6xXFXXXx.jpg?size=76990&amp;height=1000&amp;width=1000&amp;hash=2c97342b0402bb4a316f188e012ec29f\" alt=\"microfone\" width=\"1000\" height=\"1000\" data-spm-anchor-id=\"a2g0o.detail.1000023.i0.5c846a7c6UalMf\" \/> <span style=\"color: #333333; font-size: 14.4px;\">\u00a0<\/span><img decoding=\"async\" style=\"color: #333333; font-size: 14.4px;\" src=\"https:\/\/ae01.alicdn.com\/kf\/HTB1106yPpXXXXagXpXXq6xXFXXXG\/206067900\/HTB1106yPpXXXXagXpXXq6xXFXXXG.jpg?size=55173&amp;height=1000&amp;width=1000&amp;hash=e1fcfd6b1e6f38bbb09aef3ebdcf28fa\" alt=\"91364-32\" \/><span style=\"color: #333333; font-size: 14.4px;\">\u00a0<\/span><img decoding=\"async\" style=\"color: #333333; font-size: 14.4px;\" src=\"https:\/\/ae01.alicdn.com\/kf\/HTB1n0K0PpXXXXX8apXXq6xXFXXXA\/206067900\/HTB1n0K0PpXXXXX8apXXq6xXFXXXA.jpg?size=72227&amp;height=1000&amp;width=1000&amp;hash=fc1b64c82703b6d2c51a5aa38c449682\" alt=\"91364-33\" \/><span style=\"color: #333333; font-size: 14.4px;\">\u00a0<\/span><img decoding=\"async\" style=\"color: #333333; font-size: 14.4px;\" src=\"https:\/\/ae01.alicdn.com\/kf\/HTB1VvYzPpXXXXXHXpXXq6xXFXXXN\/206067900\/HTB1VvYzPpXXXXXHXpXXq6xXFXXXN.jpg?size=62325&amp;height=1000&amp;width=1000&amp;hash=3e8f275289791d134722504127c64bff\" alt=\"91364-34\" \/><span style=\"color: #333333; font-size: 14.4px;\">\u00a0<\/span><img decoding=\"async\" style=\"color: #333333; font-size: 14.4px;\" src=\"https:\/\/ae01.alicdn.com\/kf\/HTB1yL57PpXXXXaWaXXXq6xXFXXXf\/206067900\/HTB1yL57PpXXXXaWaXXXq6xXFXXXf.jpg?size=60108&amp;height=1000&amp;width=1000&amp;hash=559a04d25d1f57cc059316d370cc60e1\" alt=\"91364-36\" \/><span style=\"color: #333333; font-size: 14.4px;\">\u00a0<\/span><img decoding=\"async\" style=\"color: #333333; font-size: 14.4px;\" src=\"https:\/\/ae01.alicdn.com\/kf\/HTB1BVPmPpXXXXbFXFXXq6xXFXXX4\/206067900\/HTB1BVPmPpXXXXbFXFXXq6xXFXXX4.jpg?size=80670&amp;height=1000&amp;width=1000&amp;hash=775271d75808c3bd7f456b2b1ff26e23\" alt=\"91364-35\" \/><\/p>\n<h2><span style=\"color: #000000;\"><b>Hist\u00f3ria do microfone piezoel\u00e9trico<\/b><\/span><\/h2>\n<p><span style=\"font-weight: 400; color: #000000;\">Para se dirigir a grupos maiores de pessoas, tornou-se necess\u00e1rio aumentar o volume da voz humana. Os primeiros dispositivos utilizados para este efeito foram os megafones ac\u00fasticos. <\/span><\/p>\n<p><span style=\"font-weight: 400; color: #000000;\">Alguns dos exemplos mais antigos, que datam do s\u00e9culo V a.C. na Gr\u00e9cia, eram m\u00e1scaras de teatro com aberturas em forma de chifre que amplificavam acusticamente as vozes dos actores nos anfiteatros. <\/span><\/p>\n<p><span style=\"font-weight: 400; color: #000000;\">Em 1665, o f\u00edsico ingl\u00eas Robert Hooke foi o primeiro a fazer experi\u00eancias com um meio que n\u00e3o o ar, com a inven\u00e7\u00e3o do \"telefone dos namorados\", feito de um fio esticado com uma ch\u00e1vena presa a cada extremidade.<\/span><\/p>\n<p><span style=\"font-weight: 400; color: #000000;\">Em 1861, o inventor alem\u00e3o Johann Philipp Reis construiu o primeiro transmissor de som (o \"telefone Reis\") utilizando uma tira met\u00e1lica ligada a uma membrana vibrat\u00f3ria que produzia uma corrente intermitente. Em 1876, foram obtidos melhores resultados com o conceito de \"transmissor l\u00edquido\" nos primeiros telefones de Alexander Graham Bell e Elisha Gray - a membrana estava ligada a uma haste condutora numa solu\u00e7\u00e3o \u00e1cida.<\/span><\/p>\n<p><span style=\"font-weight: 400; color: #000000;\">No entanto, estes sistemas produziam um som de muito m\u00e1 qualidade.<\/span><\/p>\n<p><span style=\"font-weight: 400; color: #000000;\">O primeiro microfone a permitir uma verdadeira telefonia vocal foi o microfone de carbono (com contacto livre). Foi desenvolvido de forma independente por David Edward Hughes, em Inglaterra, e por Emile Berliner Thomas Edison, nos Estados Unidos. Embora Edison tenha obtido a primeira patente (ap\u00f3s um longo lit\u00edgio) em meados de 1877, Hughes tinha demonstrado o seu dispositivo funcional perante v\u00e1rias testemunhas alguns anos antes, e a maioria dos historiadores atribui-lhe a inven\u00e7\u00e3o.<\/span><\/p>\n<p><span style=\"font-weight: 400; color: #000000;\">O microfone de carbono \u00e9 o prot\u00f3tipo direto dos microfones actuais e desempenhou um papel essencial no desenvolvimento da telefonia, da radiodifus\u00e3o e das ind\u00fastrias de grava\u00e7\u00e3o.<\/span><\/p>\n<p><span style=\"font-weight: 400; color: #000000;\">Thomas Edison aperfei\u00e7oou o microfone de carbono para fazer o seu transmissor de bot\u00e3o de carbono de 1886.<\/span><\/p>\n<p><span style=\"font-weight: 400; color: #000000;\">Nos prim\u00f3rdios da grava\u00e7\u00e3o, os microfones eram proibitivamente caros. Apenas os est\u00fadios de produ\u00e7\u00e3o com pre\u00e7os elevados tinham os melhores modelos, e os modelos dispon\u00edveis para os consumidores deixavam muito a desejar. No espa\u00e7o de algumas d\u00e9cadas, este modelo mudou drasticamente e, atualmente, existe uma enorme variedade de microfones de qualidade dispon\u00edveis para gravadores dom\u00e9sticos. Quer tenha um or\u00e7amento total de grava\u00e7\u00e3o de centenas ou milhares de d\u00f3lares, tem \u00e0 sua disposi\u00e7\u00e3o microfones de qualidade.<\/span><\/p>\n<p><span style=\"font-weight: 400; color: #000000;\">N\u00e3o hesite em utilizar este microfone para gravar as suas actua\u00e7\u00f5es. Este microfone foi concebido exclusivamente para a kalimba, pelo que pode ter a certeza de tirar o melhor partido do seu instrumento.<\/span><\/p>\n<p><span style=\"font-weight: 400; color: #000000;\">Al\u00e9m disso, \u00e9 f\u00e1cil de levar consigo nas f\u00e9rias ou em viagem.\u00a0<\/span><\/p>\n<p><span style=\"color: #000000;\">Aprenda a tocar \"Tale As Old Time\" do filme \"A Bela e o Monstro\" na kalimba com a nossa <a style=\"color: #000000;\" href=\"https:\/\/thekalimba.com\/pt\/\u3010disney-kalimba\u3011-tale-as-old-as-time-from-beauty-and-the-beast-easy-tutorial\/\">tutorial<\/a> !<\/span><\/p>","protected":false},"excerpt":{"rendered":"<p>Converta a sua Kalimba cl\u00e1ssica numa Kalimba el\u00e9ctrica com este microfone reposicion\u00e1vel!<\/p>","protected":false},"featured_media":21122,"comment_status":"open","ping_status":"closed","template":"","meta":[],"product_brand":[],"product_cat":[86],"product_tag":[],"class_list":{"0":"post-13955","1":"product","2":"type-product","3":"status-publish","4":"has-post-thumbnail","6":"product_cat-accessoires-sacs-kalimba","8":"first","9":"instock","10":"taxable","11":"shipping-taxable","12":"purchasable","13":"product-type-simple"},"_links":{"self":[{"href":"https:\/\/thekalimba.com\/pt\/wp-json\/wp\/v2\/product\/13955","targetHints":{"allow":["GET"]}}],"collection":[{"href":"https:\/\/thekalimba.com\/pt\/wp-json\/wp\/v2\/product"}],"about":[{"href":"https:\/\/thekalimba.com\/pt\/wp-json\/wp\/v2\/types\/product"}],"replies":[{"embeddable":true,"href":"https:\/\/thekalimba.com\/pt\/wp-json\/wp\/v2\/comments?post=13955"}],"wp:featuredmedia":[{"embeddable":true,"href":"https:\/\/thekalimba.com\/pt\/wp-json\/wp\/v2\/media\/21122"}],"wp:attachment":[{"href":"https:\/\/thekalimba.com\/pt\/wp-json\/wp\/v2\/media?parent=13955"}],"wp:term":[{"taxonomy":"product_brand","embeddable":true,"href":"https:\/\/thekalimba.com\/pt\/wp-json\/wp\/v2\/product_brand?post=13955"},{"taxonomy":"product_cat","embeddable":true,"href":"https:\/\/thekalimba.com\/pt\/wp-json\/wp\/v2\/product_cat?post=13955"},{"taxonomy":"product_tag","embeddable":true,"href":"https:\/\/thekalimba.com\/pt\/wp-json\/wp\/v2\/product_tag?post=13955"}],"curies":[{"name":"wp","href":"https:\/\/api.w.org\/{rel}","templated":true}]}}