{"id":14234,"date":"2020-06-07T21:19:56","date_gmt":"2020-06-07T21:19:56","guid":{"rendered":"https:\/\/thekalimba.com\/?post_type=product&#038;p=14234"},"modified":"2026-03-20T09:24:30","modified_gmt":"2026-03-20T09:24:30","slug":"ocarina-16-hole-alto-en-c","status":"publish","type":"product","link":"https:\/\/thekalimba.com\/pt\/produto\/ocarina-16-hole-alto-en-c\/","title":{"rendered":"Ocarina 16 furos Alto em D\u00f3"},"content":{"rendered":"<div style=\"width: 100%; height: 100%;\">\n<div id=\"title\" style=\"width: 100%; text-align: center; height: 30px;\"><span style=\"font-weight: bold; font-size: 16px; background-color: #ffffff; color: #000000;\">Ocarina Alto C Multi c\u00e2mara de 16 furos de qualidade em barro com saco de prote\u00e7\u00e3o\/\u00f3culos\/manual<\/span><\/div>\n<div id=\"description\">\n<div>\n<p><span style=\"color: #000000;\">N\u00famero de furos: 16 furos<\/span><\/p>\n<p><span style=\"color: #000000;\">Escala tonal: D\u00f3<\/span><\/p>\n<p><span style=\"color: #000000;\">Peso: aprox. 335g<\/span><\/p>\n<\/div>\n<div>\n<p><span style=\"color: #000000;\">Material: Cer\u00e2mica<\/span><\/p>\n<p><span style=\"color: #000000;\">Tamanho: aprox. 16*13,7*7,6 cm<\/span><\/p>\n<\/div>\n<div>Ofere\u00e7a esta ocarina de 16 furos aos seus familiares ou amigos.<\/div>\n<div><\/div>\n<div><span style=\"color: #000000;\">Conte\u00fado da embalagem:<\/span><\/div>\n<div>\n<ul>\n<li><span style=\"color: #000000;\">1 Ocarina 16 furos<\/span><\/li>\n<li>1 saco de prote\u00e7\u00e3o<\/li>\n<\/ul>\n<\/div>\n<div>\n<p><span style=\"color: #000000;\">Nota: os diferentes ecr\u00e3s podem fazer com que a cor do artigo na imagem seja ligeiramente diferente da realidade. O erro de medi\u00e7\u00e3o permitido \u00e9 de \/-1-3 cm.<\/span><\/p>\n<p><b style=\"color: #000000; font-size: 20.15999984741211px;\">Descri\u00e7\u00e3o Ocarina de 16 furos<\/b><\/p>\n<\/div>\n<\/div>\n<\/div>\n<p><span style=\"font-weight: 400; color: #000000;\">A ocarina de 16 furos \u00e9 um instrumento de sopro com um som puro e et\u00e9reo. \u00c9 geralmente feita de cer\u00e2mica e pode tocar m\u00fasica que vai desde melodias lentas e lamentosas a melodias altamente ornamentadas. A maioria destes instrumentos \u00e9 pequena, f\u00e1cil de meter no bolso ou na mala e tocar onde quiser.<\/span><\/p>\n<p><span style=\"font-weight: 400; color: #000000;\">As ocarinas de 16 furos pertencem a uma fam\u00edlia de instrumentos conhecidos como flautas de bisel, instrumentos que produzem som usando uma c\u00e2mara oca. Existem muitos tipos diferentes de flautas de bisel, e os termos \"ocarina\" e \"flauta de bisel\" s\u00e3o muitas vezes utilizados indistintamente.<\/span><\/p>\n<p><span style=\"font-weight: 400; color: #000000;\">A ocarina transversal de 16 furos \u00e9 origin\u00e1ria de Budrio, uma pequena cidade no norte de It\u00e1lia. Na altura, as \u00fanicas flautas de bordo eram brinquedos de cer\u00e2mica em forma de ganso, concebidos para imitar o som das aves. O termo \"Ocarina\" prov\u00e9m destes instrumentos e significa \"pequeno ganso\" num dialeto italiano local.<\/span><\/p>\n<p><span style=\"font-weight: 400; color: #000000;\">Donati transformou-a num instrumento musical s\u00e9rio, criando uma forma ergon\u00f3mica e um sistema de dedilhado de 10 orif\u00edcios afinado numa escala ocidental. O seu sistema de dedilha\u00e7\u00e3o \u00e9 a base da maioria das actuais ocarinas de 16 orif\u00edcios. \u00c9 um sistema linear (a abertura de orif\u00edcios sequenciais faz soar notas sequenciais) e pode ser tocado cromaticamente ao longo de uma oitava e uma quarta.<\/span><\/p>\n<p><span style=\"font-weight: 400; color: #000000;\">Estes instrumentos de percuss\u00e3o modernos mant\u00eam geralmente o mesmo design, mas evolu\u00edram com a adi\u00e7\u00e3o de \"sub-orif\u00edcios\" pelos fabricantes asi\u00e1ticos, que alargam a gama de sons do instrumento para notas mais graves.\u00a0<\/span><\/p>\n<h2><span style=\"color: #000000;\"><b>Ocarinas multi-c\u00e2mara de 16 furos<\/b><\/span><\/h2>\n<p><span style=\"font-weight: 400; color: #000000;\">A maioria dos instrumentos de sopro pode ser soprada em excesso. Esta \u00e9 uma t\u00e9cnica que envolve soprar com mais for\u00e7a para criar notas mais altas. Cada nota diat\u00f3nica tem o seu pr\u00f3prio orif\u00edcio, e o alcance total que uma \u00fanica c\u00e2mara pode atingir \u00e9 limitado pela f\u00edsica a pouco mais de uma oitava.<\/span><\/p>\n<p><span style=\"font-weight: 400; color: #000000;\">Para aumentar o alcance, foram criadas ocarinas multi-c\u00e2maras de 16 orif\u00edcios. S\u00e3o acrescentadas c\u00e2maras adicionais mais pequenas \u00e0 m\u00e3o direita, que s\u00e3o afinadas para tocar notas mais altas. As ocarinas multi-c\u00e2maras de 16 orif\u00edcios podem ter at\u00e9 4 c\u00e2maras, dando um alcance de pouco mais de 3 oitavas.<\/span><\/p>\n<p><span style=\"font-weight: 400; color: #000000;\">As ocarinas multi-c\u00e2maras de 16 orif\u00edcios oferecem outras vantagens para al\u00e9m do alcance. Muitas vezes soam melhor, porque a distribui\u00e7\u00e3o da gama total por v\u00e1rias c\u00e2maras permite aos fabricantes control\u00e1-la melhor. T\u00eam tamb\u00e9m vantagens ergon\u00f3micas. Uma vez que n\u00e3o necessitam de um orif\u00edcio para o polegar direito, o polegar pode apoiar exclusivamente o instrumento.<\/span><\/p>\n<h2><span style=\"color: #000000;\"><b>Outros pontos<\/b><\/span><\/h2>\n<p><span style=\"font-weight: 400; color: #000000;\">Como mencionado acima, a ocarina de 16 furos \u00e9 uma flauta de navio, mas na pr\u00e1tica os termos \"flauta de navio\" e \"ocarina\" s\u00e3o usados indistintamente.\u00a0<\/span><\/p>\n<h2><span style=\"color: #000000;\"><b>Existem ocarinas de 16 furos com pingentes<\/b><\/span><\/h2>\n<p><span style=\"font-weight: 400; color: #000000;\">As ocarinas suspensas de 16 furos foram desenvolvidas no Reino Unido na d\u00e9cada de 1960. Trata-se de pequenos instrumentos que tocam uma oitava utilizando 4 orif\u00edcios para os dedos e um sistema bin\u00e1rio de dedilha\u00e7\u00e3o. Como t\u00eam menos orif\u00edcios, podem ser fabricadas muito pequenas e usadas como pingentes.<\/span><\/p>\n<p><span style=\"font-weight: 400; color: #000000;\">\u00c9 f\u00e1cil ter sempre uma consigo, porque s\u00e3o pequenas, e s\u00e3o perfeitas para actua\u00e7\u00f5es musicais espont\u00e2neas, bem como para passar o tempo. Tecnicamente, s\u00e3o mais limitadas e n\u00e3o podem ser afinadas com tanta precis\u00e3o como as ocarinas transversais de 16 furos, mas para estas coisas \u00e9 indiferente.<\/span><\/p>\n<h2><span style=\"color: #000000;\"><b>Apitos esculturais<\/b><\/span><\/h2>\n<p><span style=\"font-weight: 400; color: #000000;\">Os apitos esculpidos s\u00e3o novidades musicais produzidas numa variedade de formas escult\u00f3ricas, incluindo as que representam aves e outros animais. S\u00e3o frequentemente muito decorados com esmaltes coloridos, mas produzem apenas uma ou duas notas e geralmente n\u00e3o s\u00e3o afinados. N\u00e3o s\u00e3o instrumentos musicais s\u00e9rios.<\/span><\/p>\n<h2><span style=\"color: #000000;\"><b>Instrumento de cer\u00e2mica com 16 furos<\/b><\/span><\/h2>\n<p><span style=\"font-weight: 400; color: #000000;\">A ocarina de 16 furos tem uma longa hist\u00f3ria no mercado da m\u00fasica. Apresentamos esta ocarina de 16 furos, cujo corpo foi fabricado com mat\u00e9rias-primas de primeira qualidade, como a cer\u00e2mica utilizada e trabalhada \u00e0 m\u00e3o.<\/span><\/p>\n<p><span style=\"font-weight: 400; color: #000000;\">Al\u00e9m disso, este material \u00e9 exposto a altas temperaturas num forno industrial para adquirir maior resist\u00eancia, enquanto o processo de polimento exterior elimina as irregularidades. O resultado \u00e9 um toque muito suave e agrad\u00e1vel.\u00a0<\/span><\/p>\n<p><span style=\"font-weight: 400; color: #000000;\">Al\u00e9m disso, \u00e9 f\u00e1cil de manusear gra\u00e7as ao seu corpo ergon\u00f3mico e leve.<\/span><\/p>\n<p><span style=\"font-weight: 400; color: #000000;\">Este instrumento especial e original vai conquist\u00e1-lo pela sua forma, pela sua cor e pelo som que produz. O seu tamanho reduzido facilita a sua desloca\u00e7\u00e3o.\u00a0<\/span><\/p>\n<p><strong><span style=\"color: #000000;\">Escolha esta Ocarina de 16 buracos!<\/span><\/strong><\/p>\n<p><span style=\"font-weight: 400; color: #000000;\">A ocarina de 16 furos produz um som melodioso que o vai seduzir e acalmar.\u00a0<\/span><\/p>\n<table style=\"width: 100.0%;\" border=\"0\" cellspacing=\"0\" cellpadding=\"0\">\n<tbody>\n<tr>\n<td style=\"margin: 0 auto; text-align: center;\"><img decoding=\"async\" title=\"Ocarina 16 furos Alto em D\u00f3\" src=\"\/\/ae01.alicdn.com\/kf\/Ha7890f7f08b8406f95f10c3ca10b2d2cD.jpg\" alt=\"Ocarina 16 furos Alto em D\u00f3\" border=\"0\" \/><\/p>\n<p><img decoding=\"async\" title=\"Ocarina 16 furos Alto em D\u00f3\" src=\"\/\/ae01.alicdn.com\/kf\/Heaa8590b0fa24d31ba1c6b8483a1eb46a.jpg\" alt=\"Ocarina 16 furos Alto em D\u00f3\" border=\"0\" \/><\/p>\n<p><img decoding=\"async\" title=\"Ocarina 16 furos Alto em D\u00f3\" src=\"\/\/ae01.alicdn.com\/kf\/H76bc18140cdc432e90aa671485a16906t.jpg\" alt=\"Ocarina 16 furos Alto em D\u00f3\" border=\"0\" \/><\/p>\n<p><img loading=\"lazy\" decoding=\"async\" class=\"alignnone\" title=\"Ocarina 16 furos Alto em D\u00f3\" src=\"\/\/ae01.alicdn.com\/kf\/He86e060814524d0ebaa883beeb76a284f.jpg\" alt=\"Ocarina 16 furos Alto em D\u00f3\" width=\"800\" height=\"800\" border=\"0\" \/><\/p>\n<p><img decoding=\"async\" title=\"Ocarina 16 furos Alto em D\u00f3\" src=\"\/\/ae01.alicdn.com\/kf\/H68805bc596734125af398405d3356d296.jpg\" alt=\"Ocarina 16 furos Alto em D\u00f3\" border=\"0\" \/><\/p>\n<p><img decoding=\"async\" title=\"Ocarina 16 furos Alto em D\u00f3\" src=\"\/\/ae01.alicdn.com\/kf\/Hcdc4d79ad03540278c33c2e9fad315dap.jpg\" alt=\"Ocarina 16 furos Alto em D\u00f3\" border=\"0\" \/><\/td>\n<\/tr>\n<\/tbody>\n<\/table>\n<p>&nbsp;<\/p>\n<p>&nbsp;<\/p>\n<p>&nbsp;<\/p>\n<p>&nbsp;<\/p>\n<p>&nbsp;<\/p>","protected":false},"excerpt":{"rendered":"<ul>\n<li>F\u00e1cil de aprender e jogar \ud83c\udfb6<\/li>\n<li>Pequeno e port\u00e1til \ud83c\udfb5<\/li>\n<li>kalimbaSom doce e melodioso \ud83c\udfbc<\/li>\n<li>Ideal para principiantes e m\u00fasicos experientes \ud83c\udfb9<\/li>\n<\/ul>","protected":false},"featured_media":21140,"comment_status":"open","ping_status":"closed","template":"","meta":[],"product_brand":[],"product_cat":[65],"product_tag":[],"class_list":{"0":"post-14234","1":"product","2":"type-product","3":"status-publish","4":"has-post-thumbnail","6":"product_cat-ocarina","8":"first","9":"outofstock","10":"taxable","11":"shipping-taxable","12":"purchasable","13":"product-type-simple"},"_links":{"self":[{"href":"https:\/\/thekalimba.com\/pt\/wp-json\/wp\/v2\/product\/14234","targetHints":{"allow":["GET"]}}],"collection":[{"href":"https:\/\/thekalimba.com\/pt\/wp-json\/wp\/v2\/product"}],"about":[{"href":"https:\/\/thekalimba.com\/pt\/wp-json\/wp\/v2\/types\/product"}],"replies":[{"embeddable":true,"href":"https:\/\/thekalimba.com\/pt\/wp-json\/wp\/v2\/comments?post=14234"}],"wp:featuredmedia":[{"embeddable":true,"href":"https:\/\/thekalimba.com\/pt\/wp-json\/wp\/v2\/media\/21140"}],"wp:attachment":[{"href":"https:\/\/thekalimba.com\/pt\/wp-json\/wp\/v2\/media?parent=14234"}],"wp:term":[{"taxonomy":"product_brand","embeddable":true,"href":"https:\/\/thekalimba.com\/pt\/wp-json\/wp\/v2\/product_brand?post=14234"},{"taxonomy":"product_cat","embeddable":true,"href":"https:\/\/thekalimba.com\/pt\/wp-json\/wp\/v2\/product_cat?post=14234"},{"taxonomy":"product_tag","embeddable":true,"href":"https:\/\/thekalimba.com\/pt\/wp-json\/wp\/v2\/product_tag?post=14234"}],"curies":[{"name":"wp","href":"https:\/\/api.w.org\/{rel}","templated":true}]}}