{"id":21160,"date":"2019-12-26T13:38:10","date_gmt":"2019-12-26T13:38:10","guid":{"rendered":"https:\/\/thekalimba.com\/?post_type=product&#038;p=21160"},"modified":"2026-03-20T09:17:43","modified_gmt":"2026-03-20T09:17:43","slug":"17-15-10-universal-kalimba-storage-bag-piano-mbira-shell-soft-oxford-inner-fabric-cotton-shoulder-portable-warm-bag","status":"publish","type":"product","link":"https:\/\/thekalimba.com\/pt\/produto\/17-15-10-universal-kalimba-storage-bag-piano-mbira-shell-soft-oxford-inner-fabric-cotton-shoulder-portable-warm-bag\/","title":{"rendered":"Saco de armazenamento para Kalimba 17\/15\/10 Notas"},"content":{"rendered":"<div style=\"padding: 0; margin: 0;\">\n<div style=\"font: italic bold 17px arial,sans-serif;\">\n<div style=\"margin-top: 15px; margin-bottom: 15px; padding-left: 15px; font-family: Arial,sans-serif; font-size: 18px;\"><span style=\"color: #555555;\">Caracter\u00edsticas:<\/span><\/div>\n<\/div>\n<div style=\"font: italic bold 17px arial,sans-serif;\">\n<div style=\"margin-top: 15px; margin-bottom: 15px; padding-left: 15px; font-family: Arial,sans-serif; font-size: 18px;\">\n<ul>\n<li>Material: oxford 600D e forro de algod\u00e3o<\/li>\n<li>Ajuda a proteger a kalimba.<\/li>\n<li>Possui uma al\u00e7a para transportar como saco de ombro<\/li>\n<li>Leve e f\u00e1cil de transportar.<\/li>\n<li>Adequado para viagens e actividades ao ar livre<\/li>\n<li>compat\u00edvel com: 17\/15\/10 chave Kalimba<\/li>\n<li>Cor: preto<\/li>\n<\/ul>\n<\/div>\n<\/div>\n<h2><span style=\"color: #000000;\"><b>Cuide do seu instrumento com este saco de armazenamento\u00a0<\/b><\/span><\/h2>\n<p><span style=\"font-weight: 400; color: #000000;\">Um instrumento musical \u00e9 muito mais do que uma ferramenta, porque se torna uma extens\u00e3o do corpo do m\u00fasico.<\/span><\/p>\n<p><span style=\"font-weight: 400; color: #000000;\">Conhe\u00e7a as directrizes e precau\u00e7\u00f5es b\u00e1sicas que deve seguir para prolongar a sua vida \u00fatil, de modo a que mantenha as suas caracter\u00edsticas e som originais.<\/span><\/p>\n<h2><span style=\"color: #000000;\"><b>Regras b\u00e1sicas para a prote\u00e7\u00e3o de um instrumento musical<\/b><\/span><\/h2>\n<p><span style=\"font-weight: 400; color: #000000;\">Basta deixar um instrumento ao sol durante trinta minutos para que a madeira se deteriore irremediavelmente. Para evitar estes erros, eis algumas regras b\u00e1sicas para cuidar do seu instrumento musical.<\/span><\/p>\n<h2><span style=\"color: #000000;\"><b>Temperatura e humidade<\/b><\/span><\/h2>\n<p><span style=\"font-weight: 400; color: #000000;\">N\u00e3o o guardar num local muito h\u00famido ou exposto a temperaturas muito altas ou muito baixas. O calor e o frio afectam a madeira e o metal. N\u00e3o s\u00f3 porque alteram a cor do instrumento, mas tamb\u00e9m porque acabam por desgastar ou deformar o material.<\/span><\/p>\n<p><span style=\"font-weight: 400; color: #000000;\">Da mesma forma, se estiver a dar um concerto ao sol, cubra-o adequadamente depois de terminar para evitar qualquer exposi\u00e7\u00e3o indesejada.<\/span><\/p>\n<h2><span style=\"color: #000000;\"><b>Limpeza<\/b><\/span><\/h2>\n<p><span style=\"font-weight: 400; color: #000000;\">Se tiver um instrumento de madeira, limpe-o com um pano macio e seco. N\u00e3o utilize cera ou materiais abrasivos, pois podem danificar o material de que \u00e9 feito e afetar o seu som.<\/span><\/p>\n<h2><span style=\"color: #000000;\"><b>Como \u00e9 que se guarda o instrumento durante um longo per\u00edodo de tempo?<\/b><\/span><\/h2>\n<p><span style=\"font-weight: 400; color: #000000;\">Se n\u00e3o \u00e9 um m\u00fasico profissional, provavelmente n\u00e3o utiliza o seu instrumento todos os dias. Na verdade, ele pode at\u00e9 passar longos per\u00edodos de tempo num arm\u00e1rio, numa arrecada\u00e7\u00e3o ou numa garagem. Mas n\u00e3o se esque\u00e7a que o p\u00f3 e a humidade podem danific\u00e1-lo de forma irrevers\u00edvel!<\/span><\/p>\n<h2><span style=\"color: #000000;\"><b>Como escolher o saco de armazenamento adequado para o seu instrumento musical?<\/b><\/span><\/h2>\n<p><span style=\"font-weight: 400; color: #000000;\">O nosso site oferece uma vasta gama de sacos de arruma\u00e7\u00e3o para proteger os instrumentos musicais de choques, riscos e intemp\u00e9ries. \u00c9 por isso que o saco de arruma\u00e7\u00e3o \u00e9 um acess\u00f3rio essencial.<\/span><\/p>\n<p><span style=\"font-weight: 400; color: #000000;\">No entanto, antes de tomar uma decis\u00e3o sobre qual o saco de armazenamento a comprar, tenha em mente algumas directrizes b\u00e1sicas:<\/span><\/p>\n<p><span style=\"font-weight: 400; color: #000000;\">As malas r\u00edgidas s\u00e3o mais caras, ocupam mais espa\u00e7o e s\u00e3o mais pesadas. No entanto, continuam a ser a melhor escolha. Protegem o seu instrumento musical de forma muito mais eficaz contra choques e outros danos.<\/span><\/p>\n<p><span style=\"font-weight: 400; color: #000000;\">Para al\u00e9m de ser r\u00edgido, um bom saco de armazenamento deve ser imperme\u00e1vel.<\/span><\/p>\n<p><span style=\"font-weight: 400; color: #000000;\">Existe uma grande variedade de estojos para transportar as suas kalimbas (e uma grande variedade de instrumentos de percuss\u00e3o). Mas \u00e9 preciso escolher um saco de arruma\u00e7\u00e3o espec\u00edfico para o seu instrumento!<\/span><\/p>\n<p><span style=\"font-weight: 400; color: #000000;\">A verdade \u00e9 que, por muito cuidado que se tenha, podem acontecer imprevistos. Um movimento errado ou um descuido pode causar um acidente que distorce o som do seu instrumento.\u00a0<\/span><\/p>\n<h2><span style=\"color: #000000;\"><b>Prote\u00e7\u00e3o<\/b><\/span><\/h2>\n<h2><span style=\"color: #000000;\"><strong>Estojos macios (ou sacos de arruma\u00e7\u00e3o)<\/strong><\/span><\/h2>\n<p><span style=\"font-weight: 400; color: #000000;\">Quando compramos um instrumento, temos de ter em conta que uma das vari\u00e1veis mais importantes a ter em conta \u00e9 a sua prote\u00e7\u00e3o. N\u00e3o queremos que os choques ou movimentos durante o transporte danifiquem o instrumento.<\/span><\/p>\n<p><span style=\"font-weight: 400; color: #000000;\">Muitas vezes, quando compramos o nosso primeiro instrumento, compramos o cl\u00e1ssico saco de arruma\u00e7\u00e3o flex\u00edvel, ideal para pequenas desloca\u00e7\u00f5es na rua.\u00a0<\/span><\/p>\n<p><span style=\"font-weight: 400; color: #000000;\">Se n\u00e3o precisarmos realmente deste tipo de prote\u00e7\u00e3o, podemos contentar-nos com este tipo de estojo, que \u00e9 muito leve e confort\u00e1vel, e que podemos utilizar para cobrir as necessidades b\u00e1sicas do nosso instrumento.<\/span><\/p>\n<h2><span style=\"color: #000000;\"><b>Caixas r\u00edgidas (ou sacos de arruma\u00e7\u00e3o)<\/b><\/span><\/h2>\n<p><span style=\"font-weight: 400; color: #000000;\">Mas e se precisarmos de algo mais? Muitos m\u00fasicos tocam em muitos concertos ao longo do ano, o que significa transporte e um pouco de inc\u00f3modo. \u00c9 por isso que \u00e9 necess\u00e1rio um saco de armazenamento de instrumentos de alta qualidade.<\/span><\/p>\n<p><span style=\"font-weight: 400; color: #000000;\">Os estojos r\u00edgidos para instrumentos, embora mais pesados e um pouco mais desconfort\u00e1veis de transportar, garantem uma melhor prote\u00e7\u00e3o do instrumento e a seguran\u00e7a de que n\u00e3o ocorrer\u00e1 nenhum imprevisto grave na estrada. Podemos ter a certeza de que n\u00e3o haver\u00e1 surpresas quando tirarmos o instrumento do estojo: nada de pancadas, arranh\u00f5es ou danos...<\/span><\/p>\n<p><span style=\"font-weight: 400; color: #000000;\">Consideramos que um dos primeiros acess\u00f3rios a comprar depois do instrumento musical \u00e9 algo que o proteja de eventuais riscos, quedas ou choques que possa sofrer. Recomenda-se mesmo que este seja adquirido ao mesmo tempo que o instrumento musical. Muitos m\u00fasicos (principiantes, claro) andam de peso em peso para comprar o seu instrumento musical, mas ficam t\u00e3o entusiasmados que se esquecem de algo muito importante: proteg\u00ea-lo.<\/span><\/p>\n<p><span style=\"font-weight: 400; color: #000000;\">Al\u00e9m disso, este saco de arruma\u00e7\u00e3o tem pegas para que possa transport\u00e1-lo ao ombro ou segur\u00e1-lo melhor na m\u00e3o.<\/span><\/p>\n<p><span style=\"color: #000000;\">Aprenda a tocar \"See You Again\" de Wiz Khalifa ft. Charlie Puth na kalimba de 17 notas gra\u00e7as \u00e0 nossa <a style=\"color: #000000;\" href=\"https:\/\/thekalimba.com\/pt\/\u3010easy-kalimba-tutorial\u3011-see-you-again-by-wiz-khalifa-ft-charlie-puth\/\">tutorial<\/a> !<\/span><\/p>\n<\/div>\n<pre><img loading=\"lazy\" decoding=\"async\" class=\"alignnone\" src=\"https:\/\/ae01.alicdn.com\/kf\/Hf2960e4b43ca441fb21aae3d045f66b6W.jpg\" alt=\"saco de armazenamento\" width=\"995\" height=\"995\" \/><\/pre>\n<p><img decoding=\"async\" src=\"https:\/\/ae01.alicdn.com\/kf\/H9959a243f2f54be0afc1f7872f4087330.jpg\" alt=\"24342-description-1-l1.jpg\" \/><\/p>\n<p><img decoding=\"async\" src=\"https:\/\/ae01.alicdn.com\/kf\/Hab28f2f11b61411fb25e08cad9fa6cf1j.jpg\" alt=\"24342-description-2-l1.jpg\" \/><\/p>\n<p><img decoding=\"async\" src=\"https:\/\/ae01.alicdn.com\/kf\/H98aba55cc2674764878ab1ca24eab610F.jpg\" alt=\"24342-description-3-l1.jpg\" \/><\/p>\n<p><img loading=\"lazy\" decoding=\"async\" class=\"alignnone\" src=\"https:\/\/ae01.alicdn.com\/kf\/Hbb89d1d4705d49a594ede0b58ecc069fQ.jpg\" alt=\"saco de armazenamento\" width=\"995\" height=\"995\" \/><\/p>\n<p><img decoding=\"async\" src=\"https:\/\/ae01.alicdn.com\/kf\/H007b635d67664cb8943315bc5ce41caaJ.jpg\" alt=\"24342-description-7-l1.jpg\" \/><\/p>\n<p><img decoding=\"async\" src=\"https:\/\/ae01.alicdn.com\/kf\/Hcc15855ba56d4595b8d2facd5c2ee57dr.jpg\" alt=\"24342-description-5-l1.jpg\" \/><\/p>\n<p><img decoding=\"async\" src=\"https:\/\/ae01.alicdn.com\/kf\/Hbbb41aee46884bd4ba4e6adc8c84037fk.jpg\" alt=\"24342-description-6-l1.jpg\" \/><\/p>\n<p><img decoding=\"async\" src=\"https:\/\/ae01.alicdn.com\/kf\/Hcb39dfae421c4ef092336e2d324b4173T.jpg\" alt=\"24342-description-8-l1.jpg\" \/><\/p>","protected":false},"excerpt":{"rendered":"<p>Cuide do seu instrumento com este saco de armazenamento. Proteja a sua kalimba com este saco leve e f\u00e1cil de transportar. Compat\u00edvel com kalimbas de 17\/15\/10 chaves. \ud83c\udfb6\ud83c\udfb5<\/p>","protected":false},"featured_media":21044,"comment_status":"open","ping_status":"closed","template":"","meta":[],"product_brand":[],"product_cat":[86],"product_tag":[],"class_list":{"0":"post-21160","1":"product","2":"type-product","3":"status-publish","4":"has-post-thumbnail","6":"product_cat-accessoires-sacs-kalimba","8":"first","9":"instock","10":"taxable","11":"shipping-taxable","12":"purchasable","13":"product-type-simple"},"_links":{"self":[{"href":"https:\/\/thekalimba.com\/pt\/wp-json\/wp\/v2\/product\/21160","targetHints":{"allow":["GET"]}}],"collection":[{"href":"https:\/\/thekalimba.com\/pt\/wp-json\/wp\/v2\/product"}],"about":[{"href":"https:\/\/thekalimba.com\/pt\/wp-json\/wp\/v2\/types\/product"}],"replies":[{"embeddable":true,"href":"https:\/\/thekalimba.com\/pt\/wp-json\/wp\/v2\/comments?post=21160"}],"wp:featuredmedia":[{"embeddable":true,"href":"https:\/\/thekalimba.com\/pt\/wp-json\/wp\/v2\/media\/21044"}],"wp:attachment":[{"href":"https:\/\/thekalimba.com\/pt\/wp-json\/wp\/v2\/media?parent=21160"}],"wp:term":[{"taxonomy":"product_brand","embeddable":true,"href":"https:\/\/thekalimba.com\/pt\/wp-json\/wp\/v2\/product_brand?post=21160"},{"taxonomy":"product_cat","embeddable":true,"href":"https:\/\/thekalimba.com\/pt\/wp-json\/wp\/v2\/product_cat?post=21160"},{"taxonomy":"product_tag","embeddable":true,"href":"https:\/\/thekalimba.com\/pt\/wp-json\/wp\/v2\/product_tag?post=21160"}],"curies":[{"name":"wp","href":"https:\/\/api.w.org\/{rel}","templated":true}]}}