{"id":22489,"date":"2022-09-03T23:46:56","date_gmt":"2022-09-03T23:46:56","guid":{"rendered":"https:\/\/thekalimba.com\/product\/kalimba-clavier-de-piano-a-17-touches-animal-mignon-oreille-de-chat-mbira-boite-a-musique-cadeaux-pour-amoureux-et-amis-instruments-de-musique\/"},"modified":"2024-03-16T02:13:25","modified_gmt":"2024-03-16T02:13:25","slug":"kalimba-piano-17-toques-animal-corte-gato-orelha-mbira-caixa-de-musica-presente-para-amantes-e-amigos-instrumentos-musicos","status":"publish","type":"product","link":"https:\/\/thekalimba.com\/pt\/produto\/kalimba-piano-17-toques-animal-corte-gato-orelha-mbira-caixa-de-musica-presente-para-amantes-e-amigos-instrumentos-musicos\/","title":{"rendered":"Kalimba de 17 notas - Cute-ears \u00a9"},"content":{"rendered":"<p style=\"text-align: center;\"><video style=\"max-width: 100%;\" src=\"\/\/cloud.video.taobao.com\/play\/u\/2208191889410\/p\/1\/e\/6\/t\/10301\/276231787442.mp4\" poster=\"https:\/\/ae01.alicdn.com\/kf\/Hf8bf6d58f45e4dd79c159d575e1ddd2dP\/Kalimba-clavier-de-Piano-17-touches-Animal-mignon-oreille-de-chat-Mbira-bo-te-musique-cadeaux.jpg,https:\/\/ae01.alicdn.com\/kf\/H471041b2065f477eb0c7f25318031e72E\/Kalimba-clavier-de-Piano-17-touches-Animal-mignon-oreille-de-chat-Mbira-bo-te-musique-cadeaux.jpg,https:\/\/ae01.alicdn.com\/kf\/H782ed0ebbe504902ab897127e6700062L\/Kalimba-clavier-de-Piano-17-touches-Animal-mignon-oreille-de-chat-Mbira-bo-te-musique-cadeaux.jpg,https:\/\/ae01.alicdn.com\/kf\/H214e9f07bab8423394ece68ee662140cv\/Kalimba-clavier-de-Piano-17-touches-Animal-mignon-oreille-de-chat-Mbira-bo-te-musique-cadeaux.jpg,https:\/\/ae01.alicdn.com\/kf\/H630337e48f63410d8c2a23b669332111c\/Kalimba-clavier-de-Piano-17-touches-Animal-mignon-oreille-de-chat-Mbira-bo-te-musique-cadeaux.jpg,https:\/\/ae01.alicdn.com\/kf\/Hbb63dea72577459484067747e2705c2ed\/Kalimba-clavier-de-Piano-17-touches-Animal-mignon-oreille-de-chat-Mbira-bo-te-musique-cadeaux.jpg\" preload=\"auto\" controls=\"controls\" width=\"100%\" height=\"100%\"><\/video><\/p>\n<div>\n<div>\n<div>\n<p style=\"font-family: OpenSans; font-size: 14px; font-weight: 300; line-height: 20px; margin-bottom: 12px;\"><span style=\"font-size: 20px; font-weight: 900;\">KALIMBA ANIMAL GIRA<\/span><\/p>\n<\/div>\n<div>\n<p style=\"font-family: OpenSans; font-size: 14px; font-weight: 300; line-height: 20px; margin-bottom: 12px;\">A Kalimba \u00e9 um instrumento musical origin\u00e1rio de \u00c1frica. Atualmente, tamb\u00e9m \u00e9 conhecido como um piano de polegar. O som que produz quando \u00e9 tocado \u00e9 muito relaxante para a mente e para o corpo. Ao contr\u00e1rio de alguns instrumentos musicais, a Kalimba \u00e9 t\u00e3o leve que pode ser levada para qualquer lado.<br \/>\nOs tr\u00eas tipos de mangas de silicone para animais de estima\u00e7\u00e3o podem ser substitu\u00eddos \u00e0 vontade e n\u00e3o s\u00f3 s\u00e3o bonitos e t\u00eam uma cara sorridente, como tamb\u00e9m t\u00eam um som bonito.<\/p>\n<\/div>\n<div>\n<p style=\"font-family: OpenSans; font-size: 20px; font-weight: 900; line-height: 28px; margin-bottom: 12px;\">Posso aprender sem as no\u00e7\u00f5es b\u00e1sicas de m\u00fasica?<\/p>\n<p style=\"font-family: OpenSans; font-size: 14px; font-weight: 300; line-height: 20px; margin-bottom: 12px;\">Basicamente, a Kalimba \u00e9 um instrumento musical muito simples que at\u00e9 uma crian\u00e7a pode tocar. O que importa \u00e9 que saibas um pouco mais sobre ele. O pacote inclui um conjunto de autocolantes para o ajudar a tocar a Kalimba.<\/p>\n<\/div>\n<div>\n<p style=\"font-family: OpenSans; font-size: 20px; font-weight: 900; line-height: 28px; margin-bottom: 12px;\">No kit :<\/p>\n<p style=\"font-family: OpenSans; font-size: 14px; font-weight: 300; line-height: 20px; margin-bottom: 12px;\">1 * kalimba<br \/>\n1 * saco de kalimba<br \/>\n1 * caixa de oferta<br \/>\n1 * livro de m\u00fasica<br \/>\n3 * Autocolante para teclado de piano<br \/>\n1 * Martelo de afina\u00e7\u00e3o<br \/>\n1 * Piano de cordas<br \/>\n2 * len\u00e7o de papel com \u00e1lcool<\/p>\n<\/div>\n<div>\n<p style=\"font-family: OpenSans; font-size: 20px; font-weight: 900; line-height: 28px; margin-bottom: 12px;\">NOTA:<\/p>\n<p style=\"font-family: OpenSans; font-size: 14px; font-weight: 300; line-height: 20px; margin-bottom: 12px;\">Aten\u00e7\u00e3o:<br \/>\n1. A sua Kalimba n\u00e3o ser\u00e1 igual \u00e0 da fotografia\/v\u00eddeo. Devido \u00e0s caracter\u00edsticas naturais da madeira, cada Kalimba ser\u00e1 \u00fanica.<br \/>\n2. Devido \u00e0s medi\u00e7\u00f5es manuais e aos diferentes m\u00e9todos de medi\u00e7\u00e3o, \u00e9 poss\u00edvel que haja um desvio de 1 a 2 cm.<br \/>\n3. Tenha em aten\u00e7\u00e3o que, devido \u00e0s vibra\u00e7\u00f5es causadas pelo transporte, algumas chaves podem ter sido deslocadas, o que pode ter causado um ajuste incorreto do(s) dente(s). N\u00e3o se preocupe, se for esse o caso, pode consultar o manual que vem inclu\u00eddo na embalagem e verificar a regula\u00e7\u00e3o antes de a colocar, depois de a colocar, colar autocolantes de reserva.<br \/>\n4. Ap\u00f3s cada utiliza\u00e7\u00e3o, \u00e9 necess\u00e1rio limpar a Kalimba (pano de limpeza inclu\u00eddo na embalagem) para a proteger. Coloc\u00e1-la no saco\/caixa ap\u00f3s cada utiliza\u00e7\u00e3o. N\u00e3o expor a condi\u00e7\u00f5es climat\u00e9ricas extremas.<\/p>\n<\/div>\n<div><img decoding=\"async\" src=\"\/\/thekalimba.com\/wp-content\/uploads\/2022\/09\/0-ca483d.jpeg\" \/><img decoding=\"async\" src=\"\/\/thekalimba.com\/wp-content\/uploads\/2022\/09\/0-3f7403.jpeg\" \/><img decoding=\"async\" src=\"\/\/thekalimba.com\/wp-content\/uploads\/2022\/09\/0-e7f4ef.jpeg\" \/><\/div>\n<div>\n<p style=\"font-family: OpenSans; font-size: 20px; font-weight: 900; line-height: 28px; margin-bottom: 12px;\">Sorridente, corpo de piano em madeira maci\u00e7a.<\/p>\n<p style=\"font-family: OpenSans; font-size: 14px; font-weight: 300; line-height: 20px; margin-bottom: 12px;\">Uma pe\u00e7a inteira de madeira de \u00e1cer maci\u00e7a, escavada,<br \/>\nDe seguida, \u00e9 unida \u00e0 cobertura de madeira maci\u00e7a de \u00e1cer, utilizando uma t\u00e9cnica artesanal refinada. O polimento meticuloso efectuado por luthiers experientes resulta num corpo suave e bonito.<\/p>\n<div><img decoding=\"async\" src=\"\/\/ae01.alicdn.com\/kf\/H7c565523e06643c2a4218162ce3a893d3.jpg\" \/><\/div>\n<\/div>\n<div>\n<p style=\"font-family: OpenSans; font-size: 20px; font-weight: 900; line-height: 28px; margin-bottom: 12px;\">Sistema de pron\u00fancia com novo design<\/p>\n<p style=\"font-family: OpenSans; font-size: 14px; font-weight: 300; line-height: 20px; margin-bottom: 12px;\">Para tornar as teclas naturais,<br \/>\nPolimos cuidadosamente, polimos e aplicamos v\u00e1rios vernizes ecol\u00f3gicos no c\u00f3digo do piano de madeira maci\u00e7a.<br \/>\nProduz o c\u00f3digo de piano, garantindo uma excelente condutividade sonora<br \/>\nE o corpo do piano atinge uma est\u00e9tica quase integrada.<\/p>\n<div><img decoding=\"async\" src=\"\/\/ae01.alicdn.com\/kf\/H5fc7355cd2d849bc8dc52bae9c7b7c2ex.jpg\" \/><\/div>\n<\/div>\n<div><img decoding=\"async\" src=\"\/\/ae01.alicdn.com\/kf\/Hc802ae4c104047c9954913c82e751f2aN.jpg\" \/><img decoding=\"async\" src=\"\/\/ae01.alicdn.com\/kf\/H474ec843c0034ee8af4261f2349358b1Z.jpg\" \/><\/div>\n<div>\n<p style=\"font-family: OpenSans; font-size: 20px; font-weight: 900; line-height: 28px; margin-bottom: 12px;\">Desenho de banda desenhada<\/p>\n<p style=\"font-family: OpenSans; font-size: 14px; font-weight: 300; line-height: 20px; margin-bottom: 12px;\">Coelhos, ursos, gatos,<br \/>\nRostos sorridentes diferentes, a mesma impureza infantil<br \/>\nQualquer b\u00ean\u00e7\u00e3o \u00e9 apenas para uma b\u00ean\u00e7\u00e3o preciosa.<\/p>\n<div><img decoding=\"async\" src=\"\/\/ae01.alicdn.com\/kf\/H739d7591d7b44d45bf723d341f5a409d6.jpg\" \/><img decoding=\"async\" src=\"\/\/ae01.alicdn.com\/kf\/He8366271be484981b8be7a746ac9093bP.jpg\" \/><img decoding=\"async\" src=\"\/\/ae01.alicdn.com\/kf\/H3a4a3b9e4f634954b5584d032cdb6471r.jpg\" \/><img decoding=\"async\" src=\"\/\/ae01.alicdn.com\/kf\/Hb496efdc02634848bab84b0133a4f0ee7.jpg\" \/><img decoding=\"async\" src=\"\/\/thekalimba.com\/wp-content\/uploads\/2022\/09\/0-6f73c1.jpeg\" \/><\/div>\n<\/div>\n<div>\n<p style=\"font-family: OpenSans; font-size: 20px; font-weight: 900; line-height: 28px; margin-bottom: 12px;\">Material amigo da pele, toque suave.<\/p>\n<p style=\"font-family: OpenSans; font-size: 14px; font-weight: 300; line-height: 20px; margin-bottom: 12px;\">A cobertura do corpo de silicone utiliza material de silicone amigo do ambiente,<br \/>\nProporciona um toque suave enquanto a segura<br \/>\nTamb\u00e9m garante a utiliza\u00e7\u00e3o segura da parte de madeira do corpo do piano.<br \/>\nAo mesmo tempo, \u00e9 tamb\u00e9m bastante amigo do ambiente.<\/p>\n<div><img decoding=\"async\" src=\"\/\/ae01.alicdn.com\/kf\/H95a30e74a66a41d39cc9e6cb0f28080df.jpg\" \/><img decoding=\"async\" src=\"\/\/ae01.alicdn.com\/kf\/H75ce04e13c0a4d9ca087ec0fe889ba4av.jpg\" \/><\/div>\n<\/div>\n<div>\n<p style=\"font-family: OpenSans; font-size: 20px; font-weight: 900; line-height: 28px; margin-bottom: 12px;\">Em compara\u00e7\u00e3o com a kalimba tradicional<\/p>\n<p style=\"font-family: OpenSans; font-size: 14px; font-weight: 300; line-height: 20px; margin-bottom: 12px;\">Em compara\u00e7\u00e3o com a kalimba tradicional<br \/>\nA nova gera\u00e7\u00e3o de kalimba utiliza o bordo canadiano norte-americano.<br \/>\nO \u00e1cer canadiano tem uma dureza moderada, uma madeira densa e um bom brilho.<br \/>\nVerifica-se uma melhoria significativa do timbre e um desempenho de custo mais elevado.<\/p>\n<div><img decoding=\"async\" src=\"\/\/ae01.alicdn.com\/kf\/H6768038afb034fa9b4647c956b7d36bds.jpg\" \/><img decoding=\"async\" src=\"\/\/ae01.alicdn.com\/kf\/H0a033e86d7bd4f54bc4bc1b7cdc8617d9.jpg\" \/><\/div>\n<\/div>\n<div><img decoding=\"async\" src=\"\/\/ae01.alicdn.com\/kf\/Ha2eda01e7ac54820b16994988bfd39f68.jpg\" \/><img decoding=\"async\" src=\"\/\/ae01.alicdn.com\/kf\/H3e7f5d75088f4d1298b4d18ce332a8b4q.jpg\" \/><img decoding=\"async\" src=\"\/\/ae01.alicdn.com\/kf\/H89209e7774a74bc1a4a1822ccb4e6a0a3.jpg\" \/><\/div>\n<p>&nbsp;<\/p>\n<p>&nbsp;<\/p>\n<p>&nbsp;<\/p>\n<p>&nbsp;<\/p>\n<\/div>\n<\/div>","protected":false},"excerpt":{"rendered":"<p>ANIMAL MIGNON KALIMBA Kalimba est un instrument de musique originaire d&rsquo;Afrique. Il est maintenant aussi appel\u00e9 piano \u00e0 pouce. Le son qu&rsquo;il produit en jouant est tellement relaxant pour l&rsquo;esprit et le corps. Contrairement \u00e0 certains instruments de musique, un Kalimba est tellement l\u00e9ger que vous pouvez emporter\/apporter partout. Les trois types de manchons en [&#8230;]\n","protected":false},"featured_media":22496,"comment_status":"open","ping_status":"closed","template":"","meta":[],"product_brand":[],"product_cat":[85],"product_tag":[],"class_list":{"0":"post-22489","1":"product","2":"type-product","3":"status-publish","4":"has-post-thumbnail","6":"product_cat-kalimba-haut-de-gamme-kalimba","8":"first","9":"instock","10":"taxable","11":"shipping-taxable","12":"purchasable","13":"product-type-variable"},"_links":{"self":[{"href":"https:\/\/thekalimba.com\/pt\/wp-json\/wp\/v2\/product\/22489","targetHints":{"allow":["GET"]}}],"collection":[{"href":"https:\/\/thekalimba.com\/pt\/wp-json\/wp\/v2\/product"}],"about":[{"href":"https:\/\/thekalimba.com\/pt\/wp-json\/wp\/v2\/types\/product"}],"replies":[{"embeddable":true,"href":"https:\/\/thekalimba.com\/pt\/wp-json\/wp\/v2\/comments?post=22489"}],"wp:featuredmedia":[{"embeddable":true,"href":"https:\/\/thekalimba.com\/pt\/wp-json\/wp\/v2\/media\/22496"}],"wp:attachment":[{"href":"https:\/\/thekalimba.com\/pt\/wp-json\/wp\/v2\/media?parent=22489"}],"wp:term":[{"taxonomy":"product_brand","embeddable":true,"href":"https:\/\/thekalimba.com\/pt\/wp-json\/wp\/v2\/product_brand?post=22489"},{"taxonomy":"product_cat","embeddable":true,"href":"https:\/\/thekalimba.com\/pt\/wp-json\/wp\/v2\/product_cat?post=22489"},{"taxonomy":"product_tag","embeddable":true,"href":"https:\/\/thekalimba.com\/pt\/wp-json\/wp\/v2\/product_tag?post=22489"}],"curies":[{"name":"wp","href":"https:\/\/api.w.org\/{rel}","templated":true}]}}