{"id":23620,"date":"2023-04-03T22:56:44","date_gmt":"2023-04-03T22:56:44","guid":{"rendered":"https:\/\/thekalimba.com\/kalimba-hetre-et-resine-17-notes\/"},"modified":"2025-06-08T01:09:37","modified_gmt":"2025-06-08T01:09:37","slug":"kalimba-ser-e-resina-17-notas","status":"publish","type":"product","link":"https:\/\/thekalimba.com\/pt\/produto\/kalimba-ser-e-resina-17-notas\/","title":{"rendered":"kalimba de 17 notas em faia e resina"},"content":{"rendered":"<div>\n<h2>kalimba de madeira e resina de 17 notas<\/h2>\n<p>Descubra a eleg\u00e2ncia da forma de r\u00e1dio retro desta kalimba. Com o seu pr\u00e1tico corpo de madeira e dentes de metal que proporcionam uma fixa\u00e7\u00e3o mais longa e uma sensa\u00e7\u00e3o de conforto, este instrumento \u00e9 f\u00e1cil de aprender e dominar.<\/p>\n<\/div>\n<div>\n<h3>Caracter\u00edsticas<\/h3>\n<ul>\n<li>Teclado de metal Ore: com maior resist\u00eancia e m\u00e3os confort\u00e1veis, \u00e9 mais adequado para jogar.<\/li>\n<li>Resina ep\u00f3xi: preferida pela sua bela resson\u00e2ncia e desempenho harm\u00f3nico para garantir que o tom \u00e9 claro e puro.<\/li>\n<li>Corpo de madeira: feito de madeira natural polida para um toque premium.<\/li>\n<li>Superf\u00edcie de pintura de prote\u00e7\u00e3o ambiental: painel de pintura sem prote\u00e7\u00e3o ambiental, superf\u00edcie elegante com textura bonita.<\/li>\n<li>F\u00e1cil de tocar: pode tocar m\u00fasicas facilmente puxando as teclas. Uma opera\u00e7\u00e3o simples pode aprender num minuto.<\/li>\n<li>Adequado para iniciantes: adequado para crian\u00e7as para cultivar seu talento musical. Ideal para viagens, festas, relaxamento, etc.<\/li>\n<\/ul>\n<\/div>\n<div>\n<h3>Especifica\u00e7\u00f5es<\/h3>\n<ul>\n<li>\ud83c\udfa8 Cor: cor logar\u00edtmica + azul<\/li>\n<li>Notas: 17 teclas<\/li>\n<li>\ud83c\udf3f Material: madeira + metal + resina<\/li>\n<li>\ud83d\udccf Tamanho do item: 160 * 130mm \/ 6.3 * 5.1in<\/li>\n<li>\ud83d\udce6 Tamanho da embalagem: 180*135*34mm \/ 7.1*5.3*1.3in<\/li>\n<li>\ud83d\udce6 Peso da embalagem: 600g\/1,3 lb<\/li>\n<\/ul>\n<\/div>\n<div>\n<h3>Inclu\u00eddo no pacote<\/h3>\n<ul>\n<li>\ud83c\udfb5 1 Kalimba de madeira<\/li>\n<li>\ud83c\udfb6 1 Nota adesiva<\/li>\n<li>\ud83c\udfb9 1 Martelo de afina\u00e7\u00e3o<\/li>\n<li>\ud83c\udf92 1 Saco de transporte<\/li>\n<li>\ud83e\uddfc 1 Pano de limpeza<\/li>\n<\/ul>\n<\/div>\n<div>\n<h3>Perguntas mais frequentes<\/h3>\n<ul>\n<li>P: Qual \u00e9 a diferen\u00e7a entre uma kalimba com uma e duas camadas de notas?<\/li>\n<li>R: A kalimba de duas camadas tem duas filas de teclas que produzem notas diferentes. Isto permite uma maior variedade de sons e oferece uma gama mais alargada para tocar m\u00fasica.<\/li>\n<li>P : Esta kalimba \u00e9 adequada para principiantes?<\/li>\n<li>R : Sem d\u00favida! A kalimba \u00e9 um instrumento musical f\u00e1cil de aprender e adequado para principiantes. Esta kalimba, em particular, foi concebida para oferecer uma experi\u00eancia de aprendizagem agrad\u00e1vel e f\u00e1cil.<\/li>\n<li>P : A afina\u00e7\u00e3o foi efectuada antes do envio?<\/li>\n<li>R: Sim, afinamos cada kalimba antes de a enviarmos para garantir uma experi\u00eancia musical \u00f3ptima a partir do momento em que recebemos o produto.<\/li>\n<li>P : Para que serve o pano de limpeza inclu\u00eddo na embalagem?<\/li>\n<li>R: O pano de limpeza \u00e9 utilizado para limpar suavemente as teclas e a caixa de resson\u00e2ncia da kalimba para manter o instrumento em boas condi\u00e7\u00f5es.<\/li>\n<li>P : Como \u00e9 que utilizo os autocolantes de escada inclu\u00eddos?<\/li>\n<li>R: Os autocolantes de escalas foram concebidos para serem colados nas teclas para ajudar os principiantes a aprender mais facilmente as escalas de notas. Os autocolantes s\u00e3o f\u00e1ceis de aplicar e podem ser retirados sem deixar res\u00edduos.<\/li>\n<\/ul>\n<\/div>\n<p><img decoding=\"async\" title=\"kalimba de 17 notas em faia e resina\" src=\"https:\/\/thekalimba.com\/wp-content\/uploads\/2023\/04\/23620-kgopyb.jpg\" alt=\"kalimba de 17 notas em faia e resina\" \/> <img decoding=\"async\" title=\"kalimba de 17 notas em faia e resina\" src=\"https:\/\/thekalimba.com\/wp-content\/uploads\/2023\/04\/23620-bnvwex.jpg\" alt=\"kalimba de 17 notas em faia e resina\" \/> <img decoding=\"async\" title=\"kalimba de 17 notas em faia e resina\" src=\"https:\/\/thekalimba.com\/wp-content\/uploads\/2023\/04\/23620-hdf8ms.jpg\" alt=\"kalimba de 17 notas em faia e resina\" \/> <img decoding=\"async\" title=\"kalimba de 17 notas em faia e resina\" src=\"https:\/\/thekalimba.com\/wp-content\/uploads\/2023\/04\/23620-rehth5.jpg\" alt=\"kalimba de 17 notas em faia e resina\" \/> <img decoding=\"async\" title=\"kalimba de 17 notas em faia e resina\" src=\"https:\/\/thekalimba.com\/wp-content\/uploads\/2023\/04\/23620-2gicms.jpg\" alt=\"kalimba de 17 notas em faia e resina\" \/> <img decoding=\"async\" title=\"kalimba de 17 notas em faia e resina\" src=\"https:\/\/thekalimba.com\/wp-content\/uploads\/2023\/04\/23620-e2ltaw.jpg\" alt=\"kalimba de 17 notas em faia e resina\" \/> <img decoding=\"async\" title=\"kalimba de 17 notas em faia e resina\" src=\"https:\/\/thekalimba.com\/wp-content\/uploads\/2023\/04\/23620-rv3tyx.jpg\" alt=\"kalimba de 17 notas em faia e resina\" \/> <img decoding=\"async\" title=\"kalimba de 17 notas em faia e resina\" src=\"https:\/\/thekalimba.com\/wp-content\/uploads\/2023\/04\/23620-2kackr.jpg\" alt=\"kalimba de 17 notas em faia e resina\" \/><\/p>","protected":false},"excerpt":{"rendered":"<p>\ud83c\udfb5 1 Kalimba de madeira<\/p>\n<p>\ud83c\udfb6 1 Nota adesiva<\/p>\n<p>\ud83c\udfb9 1 Martelo de afina\u00e7\u00e3o<\/p>\n<p>\ud83c\udf92 1 Saco de transporte<\/p>\n<p>\ud83e\uddfc 1 Pano de limpeza<\/p>","protected":false},"featured_media":23624,"comment_status":"open","ping_status":"closed","template":"","meta":[],"product_brand":[],"product_cat":[83,85],"product_tag":[],"class_list":{"0":"post-23620","1":"product","2":"type-product","3":"status-publish","4":"has-post-thumbnail","6":"product_cat-kalimba-17-notes-kalimba","7":"product_cat-kalimba-haut-de-gamme-kalimba","9":"first","10":"instock","11":"taxable","12":"shipping-taxable","13":"purchasable","14":"product-type-simple"},"_links":{"self":[{"href":"https:\/\/thekalimba.com\/pt\/wp-json\/wp\/v2\/product\/23620","targetHints":{"allow":["GET"]}}],"collection":[{"href":"https:\/\/thekalimba.com\/pt\/wp-json\/wp\/v2\/product"}],"about":[{"href":"https:\/\/thekalimba.com\/pt\/wp-json\/wp\/v2\/types\/product"}],"replies":[{"embeddable":true,"href":"https:\/\/thekalimba.com\/pt\/wp-json\/wp\/v2\/comments?post=23620"}],"wp:featuredmedia":[{"embeddable":true,"href":"https:\/\/thekalimba.com\/pt\/wp-json\/wp\/v2\/media\/23624"}],"wp:attachment":[{"href":"https:\/\/thekalimba.com\/pt\/wp-json\/wp\/v2\/media?parent=23620"}],"wp:term":[{"taxonomy":"product_brand","embeddable":true,"href":"https:\/\/thekalimba.com\/pt\/wp-json\/wp\/v2\/product_brand?post=23620"},{"taxonomy":"product_cat","embeddable":true,"href":"https:\/\/thekalimba.com\/pt\/wp-json\/wp\/v2\/product_cat?post=23620"},{"taxonomy":"product_tag","embeddable":true,"href":"https:\/\/thekalimba.com\/pt\/wp-json\/wp\/v2\/product_tag?post=23620"}],"curies":[{"name":"wp","href":"https:\/\/api.w.org\/{rel}","templated":true}]}}