{"id":23645,"date":"2023-04-03T23:13:04","date_gmt":"2023-04-03T23:13:04","guid":{"rendered":"https:\/\/thekalimba.com\/kalimba-ocean-phosphorescent-17-21-notes\/"},"modified":"2025-04-07T13:51:02","modified_gmt":"2025-04-07T13:51:02","slug":"kalimba-ocean-phosphorescent-17-21-notes","status":"publish","type":"product","link":"https:\/\/thekalimba.com\/pt\/produto\/kalimba-ocean-phosphorescent-17-21-notes\/","title":{"rendered":"Kalimba oce\u00e2nica fosforescente - 17 &amp; 21 notas"},"content":{"rendered":"<h2>Kalimba fosforescente: para uma experi\u00eancia musical \u00fanica<\/h2>\n<p>Com esta kalimba que brilha no escuro, desfrute dos sons suaves gerados pela vibra\u00e7\u00e3o das l\u00e2minas met\u00e1licas.<\/p>\n<div>\n<h3>Caracter\u00edsticas<\/h3>\n<ul>\n<li>Fosforescente: esta kalimba brilha no escuro para uma experi\u00eancia musical \u00fanica.<\/li>\n<li>Idiofone: o som \u00e9 gerado diretamente pelas l\u00e2minas met\u00e1licas, o que faz desta kalimba um bom exemplo de um instrumento idiofone.<\/li>\n<li>Corpo feito de madeira de faia maci\u00e7a e resina ep\u00f3xi: para um toque superior e uma bela resson\u00e2ncia.<\/li>\n<li>F\u00e1cil de tocar: os autocolantes inclu\u00eddos facilitam a memoriza\u00e7\u00e3o das notas.<\/li>\n<li>Inclui manual de instru\u00e7\u00f5es e partituras para facilitar a aprendizagem.<\/li>\n<li>Saco de armazenamento de tecido, martelo de afina\u00e7\u00e3o e pano de limpeza inclu\u00eddos para f\u00e1cil transporte e manuten\u00e7\u00e3o.<br \/>\n<h2 style=\"text-align: center;\"><strong>Teste de v\u00eddeo<\/strong><\/h2>\n<h3 style=\"font-size: 20.16px;\"><video style=\"background-image: url('img\/object.gif'); color: #555555; text-align: center; font-size: 14.4px;\" src=\"\/\/video.aliexpress-media.com\/play\/u\/ae_sg_item\/2208191889410\/p\/1\/e\/6\/t\/10301\/1100102051150.mp4\" poster=\"\" preload=\"auto\" controls=\"controls\" width=\"100%\" height=\"100%\"><\/video><\/h3>\n<\/li>\n<\/ul>\n<\/div>\n<div>\n<h2 style=\"text-align: center;\"><span style=\"font-size: 20.16px;\">Especifica\u00e7\u00f5es t\u00e9cnicas<\/span><\/h2>\n<ul>\n<li>\ud83c\udfb9 Tipo de instrumento : Percuss\u00e3o - Idiofone - Lamelofone<\/li>\n<li>N\u00famero de l\u00e2minas, chaves ou notas: 17 ou 21<\/li>\n<li>\ud83c\udf32 Caixa de resson\u00e2ncia: N\u00e3o<\/li>\n<li>\ud83c\udf3f Materiais: Corpo em madeira de faia maci\u00e7a e resina ep\u00f3xi, ripas de a\u00e7o<\/li>\n<li>\ud83d\udccf Dimens\u00f5es: 18 x 13 x 3,5 cent\u00edmetros<\/li>\n<li>\ud83d\udce6 Peso: 500 gramas<\/li>\n<li>\ud83c\udfb5 Clave: D\u00f3 maior<\/li>\n<\/ul>\n<\/div>\n<div>\n<h3>Como presente<\/h3>\n<ul>\n<li>Saco de armazenamento em tecido<\/li>\n<li>Martelo de afina\u00e7\u00e3o<\/li>\n<li>Conjunto de autocolantes para colocar nas l\u00e2minas para facilitar a memoriza\u00e7\u00e3o<\/li>\n<li>Pano de limpeza<\/li>\n<li>Instru\u00e7\u00f5es e folheto de partituras<\/li>\n<\/ul>\n<\/div>\n<div>\n<h2 style=\"text-align: center;\"><span style=\"font-size: 20.16px;\">Perguntas mais frequentes<\/span><\/h2>\n<ul>\n<li>P : O que \u00e9 um idiofone?<\/li>\n<li>R : Um idiofone \u00e9 um instrumento musical cujo som \u00e9 gerado diretamente pelos materiais de que \u00e9 feito. A kalimba \u00e9 um bom exemplo de um instrumento idiofone, porque o som \u00e9 produzido pela vibra\u00e7\u00e3o das l\u00e2minas met\u00e1licas.<\/li>\n<li>P : Esta kalimba \u00e9 adequada para principiantes?<\/li>\n<li>R : Sem d\u00favida! A kalimba \u00e9 um instrumento musical f\u00e1cil de aprender e adequado para os principiantes. Os autocolantes inclu\u00eddos tamb\u00e9m facilitam a memoriza\u00e7\u00e3o das notas.<\/li>\n<li>P : A afina\u00e7\u00e3o foi efectuada antes do envio?<\/li>\n<li>R: Sim, afinamos cada kalimba antes de a enviarmos para garantir uma experi\u00eancia musical \u00f3ptima a partir do momento em que recebemos o produto.<\/li>\n<li>P : Como utilizar o martelo de afina\u00e7\u00e3o inclu\u00eddo?<\/li>\n<li>R: O martelo de afina\u00e7\u00e3o \u00e9 utilizado para ajustar as l\u00e2minas de metal e melhorar a qualidade do som da kalimba. As instru\u00e7\u00f5es est\u00e3o inclu\u00eddas no folheto de instru\u00e7\u00f5es e partituras.<\/li>\n<li>P : Como \u00e9 que limpo a kalimba?<\/li>\n<li>R: Basta utilizar o pano de limpeza inclu\u00eddo para limpar suavemente as l\u00e2minas de metal e o corpo de madeira.<\/li>\n<\/ul>\n<\/div>\n<p>&nbsp;<\/p>\n<p><img decoding=\"async\" title=\"Kalimba oce\u00e2nica fosforescente - 17 &amp; 21 notas\" src=\"https:\/\/thekalimba.com\/wp-content\/uploads\/2023\/04\/23645-agcny3.jpg\" alt=\"Kalimba oce\u00e2nica fosforescente - 17 &amp; 21 notas\" \/><img decoding=\"async\" title=\"Kalimba oce\u00e2nica fosforescente - 17 &amp; 21 notas\" src=\"https:\/\/thekalimba.com\/wp-content\/uploads\/2023\/04\/23645-b4jy4u.jpg\" alt=\"Kalimba oce\u00e2nica fosforescente - 17 &amp; 21 notas\" \/> <img decoding=\"async\" title=\"Kalimba oce\u00e2nica fosforescente - 17 &amp; 21 notas\" src=\"https:\/\/thekalimba.com\/wp-content\/uploads\/2023\/04\/23645-agcny3.jpg\" alt=\"Kalimba oce\u00e2nica fosforescente - 17 &amp; 21 notas\" \/> <img decoding=\"async\" title=\"Kalimba oce\u00e2nica fosforescente - 17 &amp; 21 notas\" src=\"https:\/\/thekalimba.com\/wp-content\/uploads\/2023\/04\/23645-fd8suj.jpg\" alt=\"Kalimba oce\u00e2nica fosforescente - 17 &amp; 21 notas\" \/><\/p>","protected":false},"excerpt":{"rendered":"<p>Descubra a kalimba de mogno de 17 notas da Gecko com o seu estojo de alta qualidade, martelo de afina\u00e7\u00e3o e autocolantes f\u00e1ceis de aprender. Desfrute de uma experi\u00eancia musical \u00fanica com esta kalimba que brilha no escuro e tem um som suave.<\/p>","protected":false},"featured_media":23644,"comment_status":"open","ping_status":"closed","template":"","meta":[],"product_brand":[],"product_cat":[83,85],"product_tag":[],"class_list":{"0":"post-23645","1":"product","2":"type-product","3":"status-publish","4":"has-post-thumbnail","6":"product_cat-kalimba-17-notes-kalimba","7":"product_cat-kalimba-haut-de-gamme-kalimba","9":"first","10":"outofstock","11":"sale","12":"taxable","13":"shipping-taxable","14":"purchasable","15":"product-type-variable"},"_links":{"self":[{"href":"https:\/\/thekalimba.com\/pt\/wp-json\/wp\/v2\/product\/23645","targetHints":{"allow":["GET"]}}],"collection":[{"href":"https:\/\/thekalimba.com\/pt\/wp-json\/wp\/v2\/product"}],"about":[{"href":"https:\/\/thekalimba.com\/pt\/wp-json\/wp\/v2\/types\/product"}],"replies":[{"embeddable":true,"href":"https:\/\/thekalimba.com\/pt\/wp-json\/wp\/v2\/comments?post=23645"}],"wp:featuredmedia":[{"embeddable":true,"href":"https:\/\/thekalimba.com\/pt\/wp-json\/wp\/v2\/media\/23644"}],"wp:attachment":[{"href":"https:\/\/thekalimba.com\/pt\/wp-json\/wp\/v2\/media?parent=23645"}],"wp:term":[{"taxonomy":"product_brand","embeddable":true,"href":"https:\/\/thekalimba.com\/pt\/wp-json\/wp\/v2\/product_brand?post=23645"},{"taxonomy":"product_cat","embeddable":true,"href":"https:\/\/thekalimba.com\/pt\/wp-json\/wp\/v2\/product_cat?post=23645"},{"taxonomy":"product_tag","embeddable":true,"href":"https:\/\/thekalimba.com\/pt\/wp-json\/wp\/v2\/product_tag?post=23645"}],"curies":[{"name":"wp","href":"https:\/\/api.w.org\/{rel}","templated":true}]}}